{"id":9832,"date":"2017-02-08T00:30:33","date_gmt":"2017-02-08T00:30:33","guid":{"rendered":"http:\/\/beta.powerarchiver.com\/home-software-2\/"},"modified":"2026-04-15T05:52:18","modified_gmt":"2026-04-15T05:52:18","slug":"home-software-2","status":"publish","type":"page","link":"https:\/\/www.powerarchiver.com\/it\/","title":{"rendered":"Home"},"content":{"rendered":"<p>[vc_section]<br \/>\n[\/vc_section]<\/p>\n<p>[vc_row][vc_column][vc_column_text]<\/p>\n<p>[\/vc_column_text][\/vc_column][\/vc_row][vc_row][vc_column][vc_column_text]<\/p>\n<p>[\/vc_column_text][\/vc_column][\/vc_row][vc_section][vc_row][vc_column][vc_empty_space height=&#8221;50px&#8221;][\/vc_column][\/vc_row][vc_row][vc_column width=&#8221;1\/2&#8243; el_class=&#8221;homepage_f&#8221;][vc_column_text]<\/p>\n<h1 style=\"text-align: center;\">PowerArchiver<\/h1>\n<ul style=\"font-size:18px;\" class=\"hompepage_list_f\">\n<li style=\"list-style-type: disc;\">Comprimere, crittografare, scambiare e fare il backup dei dati.<\/li>\n<li style=\"list-style-type: disc;\">Supporto per oltre 60 formati: ZIP, ZIPX, 7z, RAR, TAR e altri.<\/li>\n<li style=\"list-style-type: disc;\">Compressione pi\u00f9 forte possibile con il formato .PA.<\/li>\n<li style=\"list-style-type: disc;\">FIPS 140-2 validated 256-bit AES encryption!<\/li>\n<\/ul>\n<p>[\/vc_column_text][vc_empty_space height=&#8221;50px&#8221;][vc_row_inner]<\/p>\n<div id=\"pa_2021_std\">\n<p>[vc_column_inner][vc_column_text]<\/p>\n<p style=\"text-align: center;\"><a class=\"btn btn--primary btn--lg type--uppercase\" href='https:\/\/powerarchiverdl.cachefly.net\/2023\/powarc221002.exe' id=\"download_nv\"><img decoding=\"async\" style=\"margin-left:-10px;margin-right:10px;\" src=\"https:\/\/www.powerarchiver.com\/wp-content\/uploads\/2020\/05\/icons8-windows8-24.png\" alt=\"\" \/>DOWNLOAD<\/a><\/p>\n<p style=\"text-align: center;\"><span class=\"block type--fine-print\">Version 22.10.02 \/ Official \/ Windows<\/span><\/p>\n<p>[\/vc_column_text][\/vc_column_inner]<\/p><\/div>\n<div id=\"pa_2021_mac\">\n<p>[vc_column_inner][vc_column_text]<\/p>\n<p style=\"text-align: center;\"><a class=\"btn btn--primary-2 btn--lg type--uppercase\" href='https:\/\/powerarchiverdl.cachefly.net\/macos\/powarc-macos20001.dmg' id=\"download_nv_beta_mac\"><img decoding=\"async\" style=\"margin-left:-10px;margin-right:10px;\" src=\"https:\/\/www.powerarchiver.com\/wp-content\/uploads\/2020\/05\/icons8-apple-logo-24.png\" alt=\"\" \/>Scarica<\/a><\/p>\n<p style=\"text-align: center;\" id=\"pa_2021_std\"><span class=\"block type--fine-print\">PowerArchiver for macOS Version 2.00.01<\/span><\/p>\n<p>[\/vc_column_text][\/vc_column_inner]<\/p><\/div>\n<p>[\/vc_row_inner][\/vc_column][vc_column width=&#8221;1\/2&#8243; el_class=&#8221;homepage_f&#8221;][vc_empty_space height=&#8221;20px&#8221;][vc_raw_html]JTNDZGl2JTIwY2xhc3MlM0QlMjJ3cGJfc2luZ2xlX2ltYWdlJTIwd3BiX2NvbnRlbnRfZWxlbWVudCUyMHZjX2FsaWduX2xlZnQlMjBib3gtc2hhZG93LXdpZGUlMjBzbGlkZXIlMjIlMjBpZCUzRCUyMndpbl9zY3JlZW5zaG90cyUyMiUzRSUwQSUwOSUzQ2ZpZ3VyZSUyMGNsYXNzJTNEJTIyd3BiX3dyYXBwZXIlMjB2Y19maWd1cmUlMjIlM0UlMEElMDklMDklM0NkaXYlMjBjbGFzcyUzRCUyMnZjX3NpbmdsZV9pbWFnZS13cmFwcGVyJTIwJTIwJTIwdmNfYm94X2JvcmRlcl9ncmV5JTIyJTNFJTNDaW1nJTIwJTIwaWQlM0QlMjJoX3NsaWRlciUyMiUyMHdpZHRoJTNEJTIyMTAyNCUyMiUyMGhlaWdodCUzRCUyMjUxMiUyMiUyMHNyYyUzRCUyMmh0dHBzJTNBJTJGJTJGd3d3LnBvd2VyYXJjaGl2ZXIuY29tJTJGd3AtY29udGVudCUyRnVwbG9hZHMlMkYyMDIwJTJGMDYlMkZzMS5qcGclMjIlMjBjbGFzcyUzRCUyMnZjX3NpbmdsZV9pbWFnZS1pbWclMjBhdHRhY2htZW50LWxhcmdlJTIyJTJGJTNFJTNDJTJGZGl2JTNFJTBBJTA5JTNDJTJGZmlndXJlJTNFJTBBJTNDJTJGZGl2JTNFJTBBJTBBJTNDZGl2JTIwY2xhc3MlM0QlMjJ3cGJfc2luZ2xlX2ltYWdlJTIwd3BiX2NvbnRlbnRfZWxlbWVudCUyMHZjX2FsaWduX2xlZnQlMjBib3gtc2hhZG93LXdpZGUlMjBzbGlkZXIlMjIlMjBpZCUzRCUyMm1hY19zY3JlZW5zaG90cyUyMiUzRSUwQSUwOSUzQ2ZpZ3VyZSUyMGNsYXNzJTNEJTIyd3BiX3dyYXBwZXIlMjB2Y19maWd1cmUlMjIlM0UlMEElMDklMDklM0NkaXYlMjBjbGFzcyUzRCUyMnZjX3NpbmdsZV9pbWFnZS13cmFwcGVyJTIwJTIwJTIwdmNfYm94X2JvcmRlcl9ncmV5JTIyJTNFJTNDaW1nJTIwJTIwaWQlM0QlMjJtYWNfc2xpZGVyJTIyJTIwd2lkdGglM0QlMjIxMDI0JTIyJTIwaGVpZ2h0JTNEJTIyNTEyJTIyJTIwc3JjJTNEJTIyaHR0cHMlM0ElMkYlMkZ3d3cucG93ZXJhcmNoaXZlci5jb20lMkZ3cC1jb250ZW50JTJGdXBsb2FkcyUyRjIwMjIlMkYwMSUyRm1hY29zMS5wbmclMjIlMjBjbGFzcyUzRCUyMnZjX3NpbmdsZV9pbWFnZS1pbWclMjBhdHRhY2htZW50LWxhcmdlJTIyJTJGJTNFJTNDJTJGZGl2JTNFJTBBJTA5JTNDJTJGZmlndXJlJTNFJTBBJTNDJTJGZGl2JTNF[\/vc_raw_html][\/vc_column][\/vc_row][vc_row css=&#8221;.vc_custom_1510858649440{padding-top: 0px !important;padding-right: 0px !important;padding-bottom: 0px !important;padding-left: 0px !important;}&#8221;][vc_column][\/vc_column][\/vc_row][vc_row][vc_column][vc_empty_space height=&#8221;10px&#8221;][\/vc_column][\/vc_row][\/vc_section][vc_row][vc_column][vc_column_text]<\/p>\n<p>[\/vc_column_text][\/vc_column][\/vc_row][vc_row equal_height=&#8221;yes&#8221; css=&#8221;.vc_custom_1510845607321{padding-top: 80px !important;padding-bottom: 80px !important;}&#8221;][vc_column width=&#8221;1\/6&#8243;][vc_single_image image=&#8221;10797&#8243; img_size=&#8221;full&#8221; alignment=&#8221;center&#8221;][vc_single_image image=&#8221;10809&#8243; img_size=&#8221;full&#8221; alignment=&#8221;center&#8221;][\/vc_column][vc_column width=&#8221;1\/6&#8243;][vc_single_image image=&#8221;10798&#8243; img_size=&#8221;full&#8221; alignment=&#8221;center&#8221;][vc_single_image image=&#8221;10804&#8243; img_size=&#8221;full&#8221; alignment=&#8221;center&#8221;][\/vc_column][vc_column width=&#8221;1\/6&#8243;][vc_single_image image=&#8221;10799&#8243; img_size=&#8221;full&#8221; alignment=&#8221;center&#8221;][vc_single_image image=&#8221;10805&#8243; img_size=&#8221;full&#8221; alignment=&#8221;center&#8221;][\/vc_column][vc_column width=&#8221;1\/6&#8243;][vc_single_image image=&#8221;10800&#8243; img_size=&#8221;full&#8221; alignment=&#8221;center&#8221;][vc_single_image image=&#8221;10806&#8243; img_size=&#8221;full&#8221; alignment=&#8221;center&#8221;][\/vc_column][vc_column width=&#8221;1\/6&#8243;][vc_single_image image=&#8221;10801&#8243; img_size=&#8221;full&#8221; alignment=&#8221;center&#8221;][vc_single_image image=&#8221;13118&#8243; img_size=&#8221;full&#8221; alignment=&#8221;center&#8221;][\/vc_column][vc_column width=&#8221;1\/6&#8243;][vc_single_image image=&#8221;10802&#8243; img_size=&#8221;full&#8221; alignment=&#8221;center&#8221;][vc_single_image image=&#8221;10808&#8243; img_size=&#8221;full&#8221; alignment=&#8221;center&#8221;][\/vc_column][\/vc_row][vc_row][vc_column][vc_column_text]<\/p>\n<p>[\/vc_column_text][\/vc_column][\/vc_row][vc_section el_class=&#8221;bg&#8211;secondary&#8221;][vc_row][vc_column width=&#8221;1\/6&#8243;][\/vc_column][vc_column width=&#8221;2\/3&#8243;][vc_empty_space height=&#8221;30px&#8221;][vc_column_text]<\/p>\n<h2 style=\"text-align: center;\">Caratteristiche PowerArchiver<\/h2>\n<p class=\"lead\" style=\"text-align: center;\">PowerArchiver combina molti strumenti utili in un unico pacchetto! La gestione dei file pi\u00f9 veloce e ricca di funzionalit\u00e0 oggi! Advanced Codec Pack (.PA) \u00e8 il formato pi\u00f9 avanzato sul mercato.<\/p>\n<p>[\/vc_column_text][\/vc_column][vc_column width=&#8221;1\/6&#8243;][\/vc_column][\/vc_row][vc_row css=&#8221;.vc_custom_1486514058573{padding-top: 100px !important;}&#8221;][vc_column width=&#8221;1\/3&#8243;]\n\t\t\t<div class=\" feature feature-2 boxed boxed--border\">\n\t\t\t    <span class=\"icon icon-Folder-Zip color--primary\"><\/span>\n\t\t\t    <div class=\"feature__body\"><\/p>\n<div class=\"ftre_small\">\n<h5>PowerArchiver Toolbox<\/h5>\n<div class=\"pro_toptxt\">Support for over 60 compression formats! Fastest ZIP\/ZIPX engine ever!<\/div>\n<\/div>\n<p><\/div>\n\t\t\t<\/div><!--end feature-->\n\t\t\n\t\t\t<div class=\" feature feature-2 boxed boxed--border\">\n\t\t\t    <span class=\"icon icon-Folder-Lock color--primary\"><\/span>\n\t\t\t    <div class=\"feature__body\"><\/p>\n<h5>Secure FTP<\/h5>\n<p><span>Secure FTP client with all the features, including FIPS 140-2 validation!<\/span><\/div>\n\t\t\t<\/div><!--end feature-->\n\t\t\n\t\t\t<div class=\" feature feature-2 boxed boxed--border\">\n\t\t\t    <span class=\"icon icon-Windows-Microsoft color--primary\"><\/span>\n\t\t\t    <div class=\"feature__body\"><\/p>\n<h5>Office Plug-In<\/h5>\n<p><span>Automatically compress and encrypt files in Microsoft Office XP-2016.<\/span><\/div>\n\t\t\t<\/div><!--end feature-->\n\t\t[\/vc_column][vc_column width=&#8221;1\/3&#8243;]\n\t\t\t<div class=\" feature feature-2 boxed boxed--border\">\n\t\t\t    <span class=\"icon icon-Security-Check color--primary\"><\/span>\n\t\t\t    <div class=\"feature__body\"><\/p>\n<h5>Encryption Suite<\/h5>\n<p><span>Encrypt, Decrypt, Sign and Verify in various AES and OpenPGP formats. FIPS 140-2 validated!<\/span><\/div>\n\t\t\t<\/div><!--end feature-->\n\t\t\n\t\t\t<div class=\" feature feature-2 boxed boxed--border\">\n\t\t\t    <span class=\"icon icon-Hub color--primary\"><\/span>\n\t\t\t    <div class=\"feature__body\"><\/p>\n<h5>Virtual ISO Drive<\/h5>\n<p><span>Mount ISO images in Virtual Drive without having to burn them!<\/span><br \/>\n<span> <\/span><\/div>\n\t\t\t<\/div><!--end feature-->\n\t\t\n\t\t\t<div class=\" feature feature-2 boxed boxed--border\">\n\t\t\t    <span class=\"icon icon-DVD color--primary\"><\/span>\n\t\t\t    <div class=\"feature__body\"><\/p>\n<h5>Data\/Audio Burner<\/h5>\n<p><span>Burn, Copy, Rip Data and Audio CD\/DVD\/Blu-Ray discs.<\/span><br \/>\n<span> <\/span><\/div>\n\t\t\t<\/div><!--end feature-->\n\t\t[\/vc_column][vc_column width=&#8221;1\/3&#8243;]\n\t\t\t<div class=\" feature feature-2 boxed boxed--border\">\n\t\t\t    <span class=\"icon icon-Chacked-Flag color--primary\"><\/span>\n\t\t\t    <div class=\"feature__body\"><\/p>\n<h5><span>Advanced Codec Pack (.PA)<\/span><\/h5>\n<p><span>Best format with strongest compression, data deduplication and very secure encryption.<\/span><\/div>\n\t\t\t<\/div><!--end feature-->\n\t\t\n\t\t\t<div class=\" feature feature-2 boxed boxed--border\">\n\t\t\t    <span class=\"icon icon-Clock-Back color--primary\"><\/span>\n\t\t\t    <div class=\"feature__body\"><\/p>\n<h5>Backup<\/h5>\n<p>Full Enterprise Backup suite with shadow copy support, logs, network backup and more!<\/div>\n\t\t\t<\/div><!--end feature-->\n\t\t\n\t\t\t<div class=\" feature feature-2 boxed boxed--border\">\n\t\t\t    <span class=\"icon icon-Cloud color--primary\"><\/span>\n\t\t\t    <div class=\"feature__body\"><\/p>\n<h5>Cloud<\/h5>\n<p>Access 6 different cloud services without need to install their software!<\/div>\n\t\t\t<\/div><!--end feature-->\n\t\t[\/vc_column][\/vc_row][vc_row][vc_column][vc_empty_space height=&#8221;70px&#8221;][\/vc_column][\/vc_row][\/vc_section][vc_section el_class=&#8221;bg&#8211;primary&#8221;][vc_row content_placement=&#8221;middle&#8221;][vc_column width=&#8221;1\/2&#8243;][vc_single_image image=&#8221;10796&#8243; img_size=&#8221;full&#8221; el_class=&#8221;box-shadow-wide&#8221;][\/vc_column][vc_column width=&#8221;1\/12&#8243;][\/vc_column][vc_column width=&#8221;5\/12&#8243;][vc_column_text]<\/p>\n<h2>PowerArchiver is Built for Business<\/h2>\n<p>Whether you\u2019re small company, large enterprise or a government entity, PowerArchiver has all of your business file managment needs covered.[\/vc_column_text][vc_empty_space]<ol class=\"process-3 \"><li class=\" process_item\"><div class=\"process__number\"><span><\/span><\/div><div class=\"process__body\"><\/p>\n<h4>Compatible with over 60 archive formats<\/h4>\n<p>PowerArchiver is fully compatible with all archives and encrypted files your business partners might send you &#8211; zip, zipx, 7z, iso, rar, OpenPGP and 60 more formats are supported.<\/p>\n<\/div><\/li><li class=\" process_item\"><div class=\"process__number\"><span><\/span><\/div><div class=\"process__body\"><\/p>\n<h4>FIPS 140-2 validated encryption<\/h4>\n<p>PowerArchiver has FIPS 140-2 validated encryption built in, and is compatible with WinZip, SecureZIP as well as its&#8217; own super-secure PA format.<\/p>\n<\/div><\/li><li class=\" process_item\"><div class=\"process__number\"><span><\/span><\/div><div class=\"process__body\"><\/p>\n<h4>Easy to install and manage<\/h4>\n<p>PowerArchiver is enterprise ready \u2013 easy to install and manage with MSI installations, password policies. Office add-ins, command line version and built-in Secure FTP.<\/p>\n<\/div><\/li><\/ol>[\/vc_column][\/vc_row][vc_row][vc_column][vc_empty_space height=&#8221;70px&#8221;][\/vc_column][\/vc_row][\/vc_section][vc_row equal_height=&#8221;yes&#8221; css=&#8221;.vc_custom_1510845607321{padding-top: 80px !important;padding-bottom: 80px !important;}&#8221;][vc_column width=&#8221;1\/6&#8243;][vc_single_image image=&#8221;10797&#8243; img_size=&#8221;full&#8221;][vc_single_image image=&#8221;10809&#8243; img_size=&#8221;full&#8221;][\/vc_column][vc_column width=&#8221;1\/6&#8243;][vc_single_image image=&#8221;10798&#8243; img_size=&#8221;full&#8221;][vc_single_image image=&#8221;10804&#8243; img_size=&#8221;full&#8221;][\/vc_column][vc_column width=&#8221;1\/6&#8243;][vc_single_image image=&#8221;10799&#8243; img_size=&#8221;full&#8221;][vc_single_image image=&#8221;10805&#8243; img_size=&#8221;full&#8221;][\/vc_column][vc_column width=&#8221;1\/6&#8243;][vc_single_image image=&#8221;10800&#8243; img_size=&#8221;full&#8221;][vc_single_image image=&#8221;10806&#8243; img_size=&#8221;full&#8221;][\/vc_column][vc_column width=&#8221;1\/6&#8243;][vc_single_image image=&#8221;10801&#8243; img_size=&#8221;full&#8221;][vc_single_image image=&#8221;13118&#8243; img_size=&#8221;full&#8221;][\/vc_column][vc_column width=&#8221;1\/6&#8243;][vc_single_image image=&#8221;10802&#8243; img_size=&#8221;full&#8221;][vc_single_image image=&#8221;10808&#8243; img_size=&#8221;full&#8221;][\/vc_column][\/vc_row][vc_row][vc_column][vc_column_text]<\/p>\n<p>[\/vc_column_text][\/vc_column][\/vc_row][vc_row][vc_column][vc_single_image image=&#8221;18565&#8243;][vc_single_image image=&#8221;18575&#8243;][\/vc_column][\/vc_row]<\/p>\n","protected":false},"excerpt":{"rendered":"<p>[vc_section] [\/vc_section] [vc_row][vc_column][vc_column_text] [\/vc_column_text][\/vc_column][\/vc_row][vc_row][vc_column][vc_column_text] [\/vc_column_text][\/vc_column][\/vc_row][vc_section][vc_row][vc_column][vc_empty_space height=&#8221;50px&#8221;][\/vc_column][\/vc_row][vc_row][vc_column width=&#8221;1\/2&#8243; el_class=&#8221;homepage_f&#8221;][vc_column_text] PowerArchiver Comprimere, crittografare, scambiare e fare il backup dei dati. Supporto per oltre 60&#8230;<\/p>\n","protected":false},"author":1,"featured_media":0,"parent":0,"menu_order":0,"comment_status":"closed","ping_status":"closed","template":"","meta":{"footnotes":""},"_links":{"self":[{"href":"https:\/\/www.powerarchiver.com\/it\/wp-json\/wp\/v2\/pages\/9832"}],"collection":[{"href":"https:\/\/www.powerarchiver.com\/it\/wp-json\/wp\/v2\/pages"}],"about":[{"href":"https:\/\/www.powerarchiver.com\/it\/wp-json\/wp\/v2\/types\/page"}],"author":[{"embeddable":true,"href":"https:\/\/www.powerarchiver.com\/it\/wp-json\/wp\/v2\/users\/1"}],"replies":[{"embeddable":true,"href":"https:\/\/www.powerarchiver.com\/it\/wp-json\/wp\/v2\/comments?post=9832"}],"version-history":[{"count":92,"href":"https:\/\/www.powerarchiver.com\/it\/wp-json\/wp\/v2\/pages\/9832\/revisions"}],"predecessor-version":[{"id":25151,"href":"https:\/\/www.powerarchiver.com\/it\/wp-json\/wp\/v2\/pages\/9832\/revisions\/25151"}],"wp:attachment":[{"href":"https:\/\/www.powerarchiver.com\/it\/wp-json\/wp\/v2\/media?parent=9832"}],"curies":[{"name":"wp","href":"https:\/\/api.w.org\/{rel}","templated":true}]}}