{"id":13697,"date":"2018-05-24T11:32:39","date_gmt":"2018-05-24T11:32:39","guid":{"rendered":"https:\/\/www.powerarchiver.com\/?page_id=13697"},"modified":"2018-05-24T11:37:10","modified_gmt":"2018-05-24T11:37:10","slug":"powerarchiver-2018-special-renewal-2","status":"publish","type":"page","link":"https:\/\/www.powerarchiver.com\/it\/powerarchiver-2018-special-renewal-2\/","title":{"rendered":"Offerta Speciale: PowerArchiver 2018 Toolbox!"},"content":{"rendered":"<p>[vc_section][vc_row][vc_column]<div class=\" boxed--lg bg--secondary  boxed boxed--border\" ><div class=\"container\">[vc_column_text css_animation=&#8221;bounceIn&#8221;]<\/p>\n<h2><img decoding=\"async\" loading=\"lazy\" class=\"alignleft wp-image-9160 size-thumbnail\" src=\"http:\/\/beta.powerarchiver.com\/wp-content\/uploads\/2017\/11\/pa2018-toolbox-boxshot-150x150.png\" alt=\"\" width=\"150\" height=\"150\" srcset=\"https:\/\/www.powerarchiver.com\/wp-content\/uploads\/2017\/11\/pa2018-toolbox-boxshot-150x150.png 150w, https:\/\/www.powerarchiver.com\/wp-content\/uploads\/2017\/11\/pa2018-toolbox-boxshot-180x180.png 180w, https:\/\/www.powerarchiver.com\/wp-content\/uploads\/2017\/11\/pa2018-toolbox-boxshot-60x60.png 60w\" sizes=\"(max-width: 150px) 100vw, 150px\" \/>PowerArchiver 2018 Toolbox &#8211; Offerta speciale<\/h2>\n<p>PowerArchiver 2018: la versione pi\u00f9 veloce e piena di funzionalit\u00e0 di PowerArchiver \u00e8 qui! Avete mai desiderato che PowerArchiver iniziato pi\u00f9 veloce? Ottieni PA 2018: \u00e8 incredibilmente veloce! Ma non ci siamo fermati qui e abbiamo aggiunto il supporto per le schede, ridotto l&#8217;utilizzo della memoria, migliorato il formato PA (ancora il pi\u00f9 forte!), Aggiunto un visualizzatore pdf interno e una compressione ZIP migliorata (pi\u00f9 forte, multi-core). L&#8217;interfaccia \u00e8 completamente nuova con bellissime skin incluse, oltre all&#8217;opzione dell&#8217;interfaccia Modern \/ Ribbon. Acquista ora PA 2018 Toolbox, la nostra versione migliore, con offerte speciali a 3 anni e a vita per aggiornamenti futuri! (include tutte le versioni principali e secondarie)[\/vc_column_text]<\/div><\/div>[\/vc_column][\/vc_row][vc_row css=&#8221;.vc_custom_1516850554908{margin-bottom: 10px !important;}&#8221;][vc_column width=&#8221;1\/2&#8243;]\n\t\t\t<div class=\"pricebox2 pricing pricing-1 boxed boxed--lg boxed--border \">\n\t\t\t\t<h3>PowerArchiver 2018 Toolbox<\/h3>\n\t\t\t\t<span class=\"h2\"><strong>\u20ac19,98 con 36 mesi di aggiornamenti<\/strong><\/span>\n\t\t\t\t\n\t\t\t\t<\/p>\n<ul>\n<li><span class=\"checkmark bg--primary-1\"><\/span> 3 anni di aggiornamenti incluso!<\/li>\n<li><span class=\"checkmark bg--primary-1\"><\/span> Licenza perpetua, non scade!<\/li>\n<li><span class=\"checkmark bg--primary-1\"><\/span> La migliore versione di PowerArchiver!<\/li>\n<li><span class=\"checkmark bg--primary-1\"><\/span> Supporto per il nuovo formato .PA!<\/li>\n<li><span class=\"checkmark bg--primary-1\"><\/span> Backup, masterizzatore, FTP, unit\u00e0 virtuale!<\/li>\n<li><span class=\"checkmark bg--primary-1\"><\/span>  Visualizza PDF, Usa schede, Ribbon\/Skins!<\/li>\n<\/ul>\n<p>\n\n\t\t\t\t<a class=\"btn btn--primary\" href=\"\"><\/a>\n\t\t\t<\/div><!--end of pricing-->\n\t\t[vc_row_inner][vc_column_inner][vc_btn title=&#8221;\u20ac19.98 &#8211; Acquista International&#8221; style=&#8221;flat&#8221; shape=&#8221;square&#8221; color=&#8221;vista-blue&#8221; size=&#8221;lg&#8221; align=&#8221;center&#8221; i_icon_fontawesome=&#8221;fa fa-shopping-cart&#8221; button_block=&#8221;true&#8221; add_icon=&#8221;true&#8221; link=&#8221;url:https%3A%2F%2Fwww.powerarchiver.com%2Fl%2Fblack-friday-pa2018-tx-int-3year-select-2|||&#8221;][\/vc_column_inner][\/vc_row_inner][\/vc_column][vc_column width=&#8221;1\/2&#8243;]\n\t\t\t<div class=\"pricebox2 pricing pricing-1 boxed boxed--lg boxed--border boxed--emphasis\">\n\t\t\t\t<h3>PowerArchiver 2018 Toolbox<\/h3>\n\t\t\t\t<span class=\"h2\"><strong>\u20ac49,95 con aggiornamenti a vita<\/strong><\/span>\n\t\t\t\t<span class=\"label\">Lifetime!<\/span>\n\t\t\t\t<\/p>\n<ul>\n<li><span class=\"checkmark bg--primary-1\"><\/span> Aggiornamenti a vita inclusi!<\/li>\n<li><span class=\"checkmark bg--primary-1\"><\/span> Licenza perpetua, non scade!<\/li>\n<li><span class=\"checkmark bg--primary-1\"><\/span> a migliore versione di PowerArchiver!<\/li>\n<li><span class=\"checkmark bg--primary-1\"><\/span> Supporto per il nuovo formato .PA<\/li>\n<li><span class=\"checkmark bg--primary-1\"><\/span> Backup, masterizzatore, FTP, unit\u00e0 virtuale<\/li>\n<li><span class=\"checkmark bg--primary-1\"><\/span> Visualizza PDF, Usa schede, Ribbon\/Skins<\/li>\n<\/ul>\n<p>\n\n\t\t\t\t<a class=\"btn btn--primary-1\" href=\"\"><\/a>\n\t\t\t<\/div><!--end of pricing-->\n\t\t[vc_row_inner][vc_column_inner][vc_btn title=&#8221;\u20ac49.95 &#8211; Acquista International&#8221; style=&#8221;flat&#8221; shape=&#8221;square&#8221; color=&#8221;vista-blue&#8221; size=&#8221;lg&#8221; align=&#8221;center&#8221; i_icon_fontawesome=&#8221;fa fa-shopping-cart&#8221; button_block=&#8221;true&#8221; add_icon=&#8221;true&#8221; link=&#8221;url:https%3A%2F%2Fwww.powerarchiver.com%2Fl%2Fpa2018-tx-int-special-lifetime-offer|||&#8221;][\/vc_column_inner][\/vc_row_inner][\/vc_column][\/vc_row][\/vc_section][vc_row][vc_column][vc_column_text]<\/p>\n<p>[\/vc_column_text][\/vc_column][\/vc_row][vc_row full_width=&#8221;stretch_row&#8221;][vc_column]<ul class=\"accordion accordion-1 accordion--oneopen \">\n\t\t<li class=\"\">\n\t\t\t<div class=\"accordion__title\">\n\t\t\t\t<span class=\"h5\">PowerArchiver Select (Future Upgrades)<\/span>\n\t\t\t<\/div>\n\t\t\t<div class=\"accordion__content\">\n\t\t\t\t<\/p>\n<h5>Qual \u00e8 il piano PowerArchiver Select?<\/h5>\n<p>PowerArchiver Select \u00e8 un piano di assistenza e manutenzione premium con le seguenti funzionalit\u00e0: Upgrade Assurance (aggiornamento gratuito a tutte le versioni principali \/ secondarie), sistema di registrazione in tempo reale che mantiene aggiornato il tuo codice, supporto prioritario incluso telefono (risposta 48 ore), richiesta di priorit\u00e0 , Rilascio di priorit\u00e0 BETA (ottieni una nuova versione BETA prima di chiunque altro!). Il livello di supporto dell&#8217;utente finale in PowerArchiver Select \u00e8 senza precedenti nel settore delle utility software, dove nessuno dei nostri concorrenti offre nemmeno il supporto telefonico, n\u00e9 tanto meno la capacit\u00e0 di influenzare lo sviluppo futuro.<\/p>\n\n\t\t\t<\/div>\n\t\t<\/li>\n\t\n\t\t<li class=\"\">\n\t\t\t<div class=\"accordion__title\">\n\t\t\t\t<span class=\"h5\">Multi-Volume Pricing<\/span>\n\t\t\t<\/div>\n\t\t\t<div class=\"accordion__content\">\n\t\t\t\t<\/p>\n<table class=\"border--round table--alternate-row\">\n<thead>\n<tr>\n<th>\n<p style=\"text-align: center;\">Powerarchiver 2017 STANDARD<\/p>\n<\/th>\n<th>\n<p style=\"text-align: center;\">Powerarchiver 2017 PROFESSIONAL<\/p>\n<\/th>\n<th>\n<p style=\"text-align: center;\">Powerarchiver 2017 TOOLBOX<\/p>\n<\/th>\n<\/tr>\n<\/thead>\n<tbody>\n<tr>\n<td>1 Licenza $22.95<\/td>\n<td>1 Licenza $34.95<\/td>\n<td>1 Licenza $49.95<\/td>\n<\/tr>\n<tr>\n<td>2-9 Licenza $16.00<\/td>\n<td>2-9 Licenza $25.00<\/td>\n<td>2-9 Licenza $35.00<\/td>\n<\/tr>\n<tr>\n<td>10-24 Licenza $13.00<\/td>\n<td>10-24 Licenza $20.00<\/td>\n<td>10-24 Licenza $28.00<\/td>\n<\/tr>\n<tr>\n<td>25-49 Licenza $11.00<\/td>\n<td>25-49 Licenza $17.00<\/td>\n<td>25-49 Licenza $22.00<\/td>\n<\/tr>\n<tr>\n<td>50-99 Licenza $8.50<\/td>\n<td>50-99 Licenza $13.00<\/td>\n<td>50-99 Licenza $16.00<\/td>\n<\/tr>\n<tr>\n<td>100-199 Licenza $6.50<\/td>\n<td>100-199 Licenza $10.00<\/td>\n<td>100-199 Licenza $14.00<\/td>\n<\/tr>\n<tr>\n<td>200-499 Licenza $5.00<\/td>\n<td>200-499 Licenza $7.50<\/td>\n<td>200-499 Licenza $10.50<\/td>\n<\/tr>\n<tr>\n<td>500-999 Licenza $3.50<\/td>\n<td>500-999 Licenza $5.00<\/td>\n<td>500-999 Licenza $7.00<\/td>\n<\/tr>\n<\/tbody>\n<\/table>\n<p>\n\n\t\t\t<\/div>\n\t\t<\/li>\n\t\n\t\t<li class=\"\">\n\t\t\t<div class=\"accordion__title\">\n\t\t\t\t<span class=\"h5\">Compare Features<\/span>\n\t\t\t<\/div>\n\t\t\t<div class=\"accordion__content\">\n\t\t\t\t<\/p>\n<table class=\"border--round table--alternate-row\">\n<thead>\n<tr>\n<th>STANDARD<\/th>\n<th>PROFESSIONAL<\/th>\n<th>TOOLBOX<\/th>\n<\/tr>\n<\/thead>\n<tbody>\n<tr>\n<td>\n<div class=\"odr_proarchv2\">No<\/div>\n<\/td>\n<td>\n<div class=\"odr_proarchv2\">No<\/div>\n<\/td>\n<td>Virtual Drive &#8211; Monta i file ISO come CD \/ DVDdrives con semplici opzioni di clic destro.<\/td>\n<\/tr>\n<tr>\n<td>\n<div class=\"odr_proarchv2\">No<\/div>\n<\/td>\n<td>\n<div class=\"odr_proarchv2\">No<\/div>\n<\/td>\n<td>Bruciatore CD \/ DVD \/ Blu-Ray standalone completo! Le funzioni includono masterizzatore CD \/ DVD, CD Rip Audio, Masterizza CD audio, Copia disco, Masterizza immagine (.iso)<\/td>\n<\/tr>\n<tr>\n<td>\n<div class=\"odr_proarchv2\">No<\/div>\n<\/td>\n<td>\n<div class=\"odr_proarchv2\">No<\/div>\n<\/td>\n<td>Copia i dischi CD \/ DVD in immagini ISO per una conservazione sicura!<\/td>\n<\/tr>\n<tr>\n<td>\n<div class=\"odr_proarchv2\">No<\/div>\n<\/td>\n<td>\n<div class=\"odr_proarchv2\">No<\/div>\n<\/td>\n<td>Secure FTP Client: client FTP \/ SFTP standalone completo con log, coda, gestione intelligente degli archivi e altro ancora. SSL convalidato FIPS 140-2<\/td>\n<\/tr>\n<tr>\n<td>\n<div class=\"odr_proarchv2\">No<\/div>\n<\/td>\n<td>\n<div class=\"odr_proarchv2\">No<\/div>\n<\/td>\n<td>Zip a e-mail &#8211; Plug-in Premium per e-mail per prodotti Windows e Office!<\/td>\n<\/tr>\n<tr>\n<td>\n<div class=\"odr_proarchv2\">No<\/div>\n<\/td>\n<td>\n<div class=\"odr_proarchv2\">No<\/div>\n<\/td>\n<td>Scheda Impostazioni avanzate per Advanced Codec Pack (formato .PA). Regola tutte le opzioni di compressione disponibili per il formato .PA..<\/td>\n<\/tr>\n<tr>\n<td>\n<div class=\"odr_proarchv2\">No<\/div>\n<\/td>\n<td>\n<div class=\"odr_proarchv2\">No<\/div>\n<\/td>\n<td>Creare file immagine ISO avanzati (sia ISO9660 che UDF).<\/td>\n<\/tr>\n<tr>\n<td>\n<div class=\"odr_proarchv2\">No<\/div>\n<\/td>\n<td>PowerArchiver Cloud: supporto completo per Dropbox, Google Drive, SkyDrive, Box.Net, Amazon S3 e Azure. Accedi ai tuoi Cloud da PowerArchiver.<\/td>\n<td>PowerArchiver Cloud: supporto completo per Dropbox, Google Drive, SkyDrive, Box.Net, Amazon S3 e Azure. Accedi ai tuoi Cloud da PowerArchiver.<\/td>\n<\/tr>\n<tr>\n<td>\n<div class=\"odr_proarchv2\">No<\/div>\n<\/td>\n<td>Encryption Suite con pieno supporto per la crittografia AES 256 bit. Crittografia AES convalidata FIPS 140-2.  Criptare\/decriptare centinaia di file allo stesso tempo<\/td>\n<td>Encryption Suite con pieno supporto per la crittografia AES 256 bit. Crittografia AES convalidata FIPS 140-2.  Criptare\/decriptare centinaia di file allo stesso tempo.<\/td>\n<\/tr>\n<tr>\n<td>\n<div class=\"odr_proarchv2\">No<\/div>\n<\/td>\n<td>Funzionalit\u00e0 OpenPGP completa: creare chiavi, crittografare i file, firmare i file, verificare.  Caratteristiche principali di gestione incluse.<\/td>\n<td>Funzionalit\u00e0 OpenPGP completa: creare chiavi, crittografare i file, firmare i file, verificare. . Caratteristiche principali di gestione incluse.<\/td>\n<\/tr>\n<tr>\n<td>\n<div class=\"odr_proarchv2\">No<\/div>\n<\/td>\n<td>Enterprise Class Utility di backup con il supporto di volume shadow Service, orari, registri e la capacit\u00e0 di masterizzare, FTP e copiare i backup fino a 3 posizioni, tutti allo stesso tempo. Molti formati e opzioni disponibili.<\/td>\n<td>Enterprise Class Utility di backup con il supporto di volume shadow Service, orari, registri e la capacit\u00e0 di masterizzare, FTP e copiare i backup fino a 3 posizioni, tutti allo stesso tempo. Molti formati e opzioni disponibili.<\/td>\n<\/tr>\n<tr>\n<td>\n<div class=\"odr_proarchv2\">No<\/div>\n<\/td>\n<td>Copia completa di PowerArchiver Command Line (PACL) inclusa. Utility da riga di comando completa con molte funzionalit\u00e0, supporto per il formato completo e moduli di crittografia convalidati FIPS 140-2.<\/td>\n<td>Copia completa di PowerArchiver Command Line (PACL) inclusa. Utility da riga di comando completa con molte funzionalit\u00e0, supporto per il formato completo e moduli di crittografia convalidati FIPS 140-2.<\/td>\n<\/tr>\n<tr>\n<td>\n<div class=\"odr_proarchv2\">No<\/div>\n<\/td>\n<td>Copia completa di PowerArchiver per componente aggiuntivo Office (PAOP) incluso. Componenti aggiuntivi di Microsoft Outlook, Word ed Excel. Uno dei migliori componenti aggiuntivi di compressione \/ crittografia di Microsoft Outlook sul mercato.<\/td>\n<td>Copia completa di PowerArchiver per componente aggiuntivo Office (PAOP) incluso. Componenti aggiuntivi di Microsoft Outlook, Word ed Excel. Uno dei migliori componenti aggiuntivi di compressione \/ crittografia di Microsoft Outlook sul mercato.<\/td>\n<\/tr>\n<tr>\n<td>Advanced Codec Pack &#8211; Supporto completo per il nuovo formato .pa, comprese le opzioni avanzate. \u00c8 possibile configurare manualmente vari codec, filtri e le rispettive opzioni per la massima velocit\u00e0 \/ compressione.<\/td>\n<td>Advanced Codec Pack &#8211; Supporto completo per il nuovo formato .pa, comprese le opzioni avanzate. \u00c8 possibile configurare manualmente vari codec, filtri e le rispettive opzioni per la massima velocit\u00e0 \/ compressione.<\/td>\n<td>Advanced Codec Pack &#8211; Supporto completo per il nuovo formato .pa, comprese le opzioni avanzate. \u00c8 possibile configurare manualmente vari codec, filtri e le rispettive opzioni per la massima velocit\u00e0 \/ compressione.<\/td>\n<\/tr>\n<tr>\n<td>Motore ZIP \/ ZIPX pi\u00f9 avanzato, solo uno pienamente compatibile con WinZip e SecureZIP. Supporta completamente lo standard ZIPX (lzma, lzma2, ppmd, wavpack e jpeg) per archivi di dimensioni inferiori, archivi ZIP \/ ZIPX di dimensioni illimitate, crittografia AES a 256 bit, lingue Unicode, compressione multicore<\/td>\n<td>Motore ZIP \/ ZIPX pi\u00f9 avanzato, solo uno pienamente compatibile con WinZip e SecureZIP. Supporta completamente lo standard ZIPX (lzma, lzma2, ppmd, wavpack e jpeg) per archivi di dimensioni inferiori, archivi ZIP \/ ZIPX di dimensioni illimitate, crittografia AES a 256 bit, lingue Unicode, compressione multicore<\/td>\n<td>Motore ZIP \/ ZIPX pi\u00f9 avanzato, solo uno pienamente compatibile con WinZip e SecureZIP. Supporta completamente lo standard ZIPX (lzma, lzma2, ppmd, wavpack e jpeg) per archivi di dimensioni inferiori, archivi ZIP \/ ZIPX di dimensioni illimitate, crittografia AES a 256 bit, lingue Unicode, compressione multicore.<\/td>\n<\/tr>\n<tr>\n<td>Supporta completamente la creazione e l&#8217;apertura di: ZIP (multicore), Zipx (multicore), PA (multicore), 7-zip (multicore LZMA e LZMA2), LHA, CAB, tar\/gz\/bz2\/XZ Archives. WinRAR compressione supportata quando WinRAR \u00e8 installato<\/td>\n<td>Supporta completamente la creazione e l&#8217;apertura di: ZIP (multicore), Zipx (multicore), PA (multicore), 7-zip (multicore LZMA e LZMA2), LHA, CAB, tar\/gz\/bz2\/XZ Archives. WinRAR compressione supportata quando WinRAR \u00e8 installato<\/td>\n<td>Supporta completamente la creazione e l&#8217;apertura di: ZIP (multicore), Zipx (multicore), PA (multicore), 7-zip (multicore LZMA e LZMA2), LHA, CAB, tar\/gz\/bz2\/XZ Archives. WinRAR compressione supportata quando WinRAR \u00e8 installato<\/td>\n<\/tr>\n<tr>\n<td>Apre ed estrae: RAR (10% pi\u00f9 veloce di WR 4. x), ISO (ISO9660 e UDF), ACE, ARJ, MSI, ins, chm, DMG, rpm, CPIO, VHD, XAR, LZMA, squashfs, CRAMFS, WIM (oltre 60 formati totali!)<\/td>\n<td>Apre ed estrae: RAR (10% pi\u00f9 veloce di WR 4. x), ISO (ISO9660 e UDF), ACE, ARJ, MSI, ins, chm, DMG, rpm, CPIO, VHD, XAR, LZMA, squashfs, CRAMFS, WIM (oltre 60 formati totali!)<\/td>\n<td>Apre ed estrae: RAR (10% pi\u00f9 veloce di WR 4. x), ISO (ISO9660 e UDF), ACE, ARJ, MSI, ins, chm, DMG, rpm, CPIO, VHD, XAR, LZMA, squashfs, CRAMFS, WIM (oltre 60 formati totali!)<\/td>\n<\/tr>\n<tr>\n<td>Funzionalit\u00e0 esclusive di Windows 7, 8 e 10 come l&#8217;elevazione automatica tramite UAC e il supporto del servizio Shadow Volume per la compressione di file \/ database utilizzati esclusivamente dal sistema.<\/td>\n<td>Funzionalit\u00e0 esclusive di Windows 7, 8 e 10 come l&#8217;elevazione automatica tramite UAC e il supporto del servizio Shadow Volume per la compressione di file \/ database utilizzati esclusivamente dal sistema.<\/td>\n<td>Funzionalit\u00e0 esclusive di Windows 7, 8 e 10 come l&#8217;elevazione automatica tramite UAC e il supporto del servizio Shadow Volume per la compressione di file \/ database utilizzati esclusivamente dal sistema.<\/td>\n<\/tr>\n<tr>\n<td>FIPS 140-2 e convalida HIPAA\/conformit\u00e0 con la crittografia AES nei formati zip\/Zipx e con Secure FTP file Exchange.<\/td>\n<td>FIPS 140-2 e convalida HIPAA\/conformit\u00e0 con la crittografia AES nei formati zip\/Zipx e con Secure FTP file Exchange.<\/td>\n<td>FIPS 140-2 e convalida HIPAA\/conformit\u00e0 con la crittografia AES nei formati zip\/Zipx e con Secure FTP file Exchange.<\/td>\n<\/tr>\n<tr>\n<td>Ha pi\u00f9 di 10 diversi strumenti, supporto di Accodamento, profili, Skin, nastro\/scelta interfaccia classica, crea archivi SFX (zip, 7zip, PAE), aggiornamenti automatici tramite 2 secondo sistema PatchBeam e molto, molto di pi\u00f9!<\/td>\n<td>Ha pi\u00f9 di 10 diversi strumenti, supporto di Accodamento, profili, Skin, nastro\/scelta interfaccia classica, crea archivi SFX (zip, 7zip, PAE), aggiornamenti automatici tramite 2 secondo sistema PatchBeam e molto, molto di pi\u00f9!<\/td>\n<td>Ha pi\u00f9 di 10 diversi strumenti, supporto di Accodamento, profili, Skin, nastro\/scelta interfaccia classica, crea archivi SFX (zip, 7zip, PAE), aggiornamenti automatici tramite 2 secondo sistema PatchBeam e molto, molto di pi\u00f9!<\/td>\n<\/tr>\n<tr>\n<td>Supporto completo per Windows a 64 bit e processori multi-core in formato zip, 7-zip e PA.<\/td>\n<td>Supporto completo per Windows a 64 bit e processori multi-core in formato zip, 7-zip e PA.<\/td>\n<td>Supporto completo per Windows a 64 bit e processori multi-core in formato zip, 7-zip e PA.<\/td>\n<\/tr>\n<tr>\n<td>Advanced Explorer Mode con interfaccia a doppio pannello per semplificare la gestione dei file con supporto anteprima completa e schede multiple per la gestione degli archivi.<\/td>\n<td>Advanced Explorer Mode con interfaccia a doppio pannello per semplificare la gestione dei file con supporto anteprima completa e schede multiple per la gestione degli archivi.<\/td>\n<td>Advanced Explorer Mode con interfaccia a doppio pannello per semplificare la gestione dei file con supporto anteprima completa e schede multiple per la gestione degli archivi.<\/td>\n<\/tr>\n<tr>\n<td>Interfaccia avanzata con supporto skinning completo. 3 stage skin: interfaccia, icone e icone di formato file. Navi con 10 diverse opzioni di skin e pi\u00f9 disponibili sul nostro sito web.<\/td>\n<td>Interfaccia avanzata con supporto skinning completo. 3 stage skin: interfaccia, icone e icone di formato file. Navi con 10 diverse opzioni di skin e pi\u00f9 disponibili sul nostro sito web.<\/td>\n<td>Interfaccia avanzata con supporto skinning completo. 3 stage skin: interfaccia, icone e icone di formato file. Navi con 10 diverse opzioni di skin e pi\u00f9 disponibili sul nostro sito web.<\/td>\n<\/tr>\n<tr>\n<td>Interfaccia Advanced Modern Ribbon con licenza Microsoft. Veloce e guardando esattamente come le applicazioni di Windows nastro (opzionale).<\/td>\n<td>Interfaccia Advanced Modern Ribbon con licenza Microsoft. Veloce e guardando esattamente come le applicazioni di Windows nastro (opzionale).<\/td>\n<td>Interfaccia Advanced Modern Ribbon con licenza Microsoft. Veloce e guardando esattamente come le applicazioni di Windows nastro (opzionale).<\/td>\n<\/tr>\n<tr>\n<td>Finestra di anteprima completamente caratterizzata con supporto per l&#8217;anteprima di molti tipi di file diversi tra cui Fast Native PDF Preview. Non hai bisogno di Visualizzatore di PDF installato-\u00e8 sufficiente fare clic su file PDF in PowerArchiver e si pu\u00f2 vedere o stampare da dentro finestra di anteprima.<\/td>\n<td>Finestra di anteprima completamente caratterizzata con supporto per l&#8217;anteprima di molti tipi di file diversi tra cui Fast Native PDF Preview. Non hai bisogno di Visualizzatore di PDF installato-\u00e8 sufficiente fare clic su file PDF in PowerArchiver e si pu\u00f2 vedere o stampare da dentro finestra di anteprima<\/td>\n<td>Finestra di anteprima completamente caratterizzata con supporto per l&#8217;anteprima di molti tipi di file diversi tra cui Fast Native PDF Preview. Non hai bisogno di Visualizzatore di PDF installato-\u00e8 sufficiente fare clic su file PDF in PowerArchiver e si pu\u00f2 vedere o stampare da dentro finestra di anteprima.<\/td>\n<\/tr>\n<tr>\n<td>Versione completamente portatile che non richiede installazione e non modifica nulla nel sistema (x86 e x64).<\/td>\n<td>Versione completamente portatile che non richiede installazione e non modifica nulla nel sistema (x86 e x64).<\/td>\n<td>Versione completamente portatile che non richiede installazione e non modifica nulla nel sistema (x86 e x64).<\/td>\n<\/tr>\n<\/tbody>\n<\/table>\n<p>\n\n\t\t\t<\/div>\n\t\t<\/li>\n\t<\/ul>[\/vc_column][\/vc_row]<\/p>\n","protected":false},"excerpt":{"rendered":"<p>[vc_section][vc_row][vc_column][\/vc_column][\/vc_row][vc_row css=&#8221;.vc_custom_1516850554908{margin-bottom: 10px !important;}&#8221;][vc_column width=&#8221;1\/2&#8243;][vc_row_inner][vc_column_inner][vc_btn title=&#8221;\u20ac19.98 &#8211; Acquista International&#8221; style=&#8221;flat&#8221; shape=&#8221;square&#8221; color=&#8221;vista-blue&#8221; size=&#8221;lg&#8221; align=&#8221;center&#8221; i_icon_fontawesome=&#8221;fa fa-shopping-cart&#8221; button_block=&#8221;true&#8221; add_icon=&#8221;true&#8221; link=&#8221;url:https%3A%2F%2Fwww.powerarchiver.com%2Fl%2Fblack-friday-pa2018-tx-int-3year-select-2|||&#8221;][\/vc_column_inner][\/vc_row_inner][\/vc_column][vc_column width=&#8221;1\/2&#8243;][vc_row_inner][vc_column_inner][vc_btn title=&#8221;\u20ac49.95 &#8211;&#8230;<\/p>\n","protected":false},"author":1,"featured_media":0,"parent":0,"menu_order":0,"comment_status":"closed","ping_status":"closed","template":"","meta":{"footnotes":""},"_links":{"self":[{"href":"https:\/\/www.powerarchiver.com\/it\/wp-json\/wp\/v2\/pages\/13697"}],"collection":[{"href":"https:\/\/www.powerarchiver.com\/it\/wp-json\/wp\/v2\/pages"}],"about":[{"href":"https:\/\/www.powerarchiver.com\/it\/wp-json\/wp\/v2\/types\/page"}],"author":[{"embeddable":true,"href":"https:\/\/www.powerarchiver.com\/it\/wp-json\/wp\/v2\/users\/1"}],"replies":[{"embeddable":true,"href":"https:\/\/www.powerarchiver.com\/it\/wp-json\/wp\/v2\/comments?post=13697"}],"version-history":[{"count":2,"href":"https:\/\/www.powerarchiver.com\/it\/wp-json\/wp\/v2\/pages\/13697\/revisions"}],"predecessor-version":[{"id":13699,"href":"https:\/\/www.powerarchiver.com\/it\/wp-json\/wp\/v2\/pages\/13697\/revisions\/13699"}],"wp:attachment":[{"href":"https:\/\/www.powerarchiver.com\/it\/wp-json\/wp\/v2\/media?parent=13697"}],"curies":[{"name":"wp","href":"https:\/\/api.w.org\/{rel}","templated":true}]}}