{"id":13075,"date":"2018-04-17T11:42:04","date_gmt":"2018-04-17T11:42:04","guid":{"rendered":"https:\/\/www.powerarchiver.com\/?page_id=13075"},"modified":"2019-12-10T11:42:33","modified_gmt":"2019-12-10T11:42:33","slug":"powerarchiver-per-componenti-aggiuntivi-per-office-paop","status":"publish","type":"page","link":"https:\/\/www.powerarchiver.com\/it\/powerarchiver-per-componenti-aggiuntivi-per-office-paop\/","title":{"rendered":"PowerArchiver per MS Office (PAOP)"},"content":{"rendered":"<p>[vc_row full_width=&#8221;stretch_row&#8221;][vc_column]\n\t\t\t<section class=\"imagebg image--light cover cover-blocks bg--secondary \" >\n\t\t\t\t<div class=\"background-image-holder\"><img width=\"1430\" height=\"610\" src=\"https:\/\/www.powerarchiver.com\/wp-content\/uploads\/2019\/12\/pa-standard.jpg?wsr\" class=\"attachment-full size-full\" alt=\"\" decoding=\"async\" loading=\"lazy\" srcset=\"https:\/\/www.powerarchiver.com\/wp-content\/uploads\/2019\/12\/pa-standard.jpg 1430w, https:\/\/www.powerarchiver.com\/wp-content\/uploads\/2019\/12\/pa-standard-300x128.jpg 300w, https:\/\/www.powerarchiver.com\/wp-content\/uploads\/2019\/12\/pa-standard-768x328.jpg 768w, https:\/\/www.powerarchiver.com\/wp-content\/uploads\/2019\/12\/pa-standard-1024x437.jpg 1024w\" sizes=\"(max-width: 1430px) 100vw, 1430px\" \/><\/div>\n\t\t\t\t<div class=\"container\">\n\t\t\t\t\t<div class=\"row\">\n\t\t\t\t\t\t<div class=\"col-sm-6 col-md-5\">\n\t\t\t\t\t\t\t<div>[vc_column_text el_class=&#8221;headertext1&#8243;]<\/p>\n<h2>PowerArchiver per componenti aggiuntivi per Office (PAOP)<\/h2>\n<p><span><br \/>\nPowerArchiver per Office Add-in viene offerto come componente aggiuntivo gratuito a PowerArchiver Professional e Toolbox. \u00c8 distribuito sotto la stessa licenza e periodo di valutazione come PowerArchiver Professional.<br \/>\n<\/span><\/p>\n<hr class=\"short\" \/>\n<h5>Che cosa \u00e8 incluso:<\/h5>\n<p><span>PowerArchiver Outlook plug-in 3,0 funziona con Microsoft Outlook 2000, XP, 2003, 2007, 2010, 2013 e 2016 (supporto per entrambe le versioni a 32bit e 64bit).<\/span>[\/vc_column_text]<\/div>\n\t\t\t\t\t\t<\/div>\n\t\t\t\t\t<\/div><!--end of row-->\n\t\t\t\t<\/div><!--end of container-->\n\t\t\t\t\n\t\t\t<\/section>\n\t\t[\/vc_column][\/vc_row][vc_row][vc_column][vc_column_text]<\/p>\n<h2 class=\"type--uppercase\" style=\"text-align: center;\">PowerArchiver per componenti aggiuntivi per Office (PAOP)<i class=\"stack-down-dir\"><\/i><\/h2>\n<p>[\/vc_column_text][\/vc_column][\/vc_row][vc_section][vc_row css=&#8221;.vc_custom_1485825445121{margin-bottom: 10px !important;}&#8221;][vc_column width=&#8221;2\/3&#8243;]<div class=\"tabs-container text-center \" data-content-align=\"left\"><ul class=\"tabs section-tabs\">[vc_row_inner ebor_title=&#8221;Details&#8221; ebor_type=&#8221;tab&#8221;][vc_column_inner][vc_column_text]<\/p>\n<h3>PowerArchiver componente aggiuntivo di Microsoft Outlook<\/h3>\n<p class=\"web_scren\"><a class=\"cboxElement\" title=\"PowerArchiver 2013\" href=\"\/\/www.powerarchiver.com\/images\/paop.png\" rel=\"lightbox[4421]\"><img decoding=\"async\" class=\"alignright size-full wp-image-4261\" title=\"PowerArchiver Outlook Plugin (PAOP)\" src=\"\/\/www.powerarchiver.com\/images\/paop-small.gif\" alt=\"PowerArchiver Outlook Plugin (PAOP)\" width=\"260\" \/><\/a><\/p>\n<ul style=\"list-style-type: circle;\">\n<li>Pu\u00f2 essere configurato per funzionare automaticamente senza l&#8217;input dell&#8217;utente.<\/li>\n<li>Comprimi in pi\u00f9 formati (ZIP, ZIPX, 7-Zip, CAB, TAR.GZ) con impostazioni diverse.<\/li>\n<li>Potente supporto per la crittografia a 256-bit con standard ZIP \/ ZIPX AES 256-bit. FIPS 140-2 convalidato.<\/li>\n<li>Creazione di allegati SFX (eseguibili) compressi in formati CAB o zip.<\/li>\n<li>Rinomina automaticamente l&#8217;estensione dell&#8217;allegato per bypassare i filtri di posta.<\/li>\n<li>Esclusioni basate sull&#8217;estensione con le estensioni comunemente usate predefinite.<\/li>\n<li>Nome allegato basato sul primo file e filtro in base alla dimensione minima del file.<\/li>\n<li>Opzione per includere file di aiuto con allegato.<\/li>\n<li>Regole di configurazione semplificate per gli amministratori.<\/li>\n<li>Installazione basata su Windows Installer.<\/li>\n<li>Superba compatibilit\u00e0 con tutte le versioni di Outlook, da Outlook 2000 a Outlook 2016 (sia a 32bit che a 64bit). Nessun crash o Microsoft Outlook appeso.<\/li>\n<li>Supporta sia le versioni a 32bit e 64bit di Microsoft Office, tramite unico installer unificato.<\/li>\n<\/ul>\n<h2>Nuovi componenti aggiuntivi di Microsoft Word ed Excel<\/h2>\n<p>Dalla versione 3.0, abbiamo aggiunto il supporto per Microsoft Word e Microsoft Excel. Una volta installato, un PowerArchiver apparir\u00e0 nei programmi di Office e mostrer\u00e0 le seguenti funzionalit\u00e0: Salva come ZIP, Salva come ZIP protetto, Invia come ZIP e Invia come ZIP protetto. \u00c8 supportata la compressione ZIP, ZIPX, PA e 7-zip. La crittografia \u00e8 protetta AES a 256 bit con convalida FIPS 140-2 (se configurata in PowerArchiver). Permette all&#8217;utente di salvare \/ crittografare \/ inviare rapidamente il proprio documento con un clic di un pulsante.<\/p>\n<h2>Licenze<\/h2>\n<p>PowerArchiver Office Add-in viene offerto come componente aggiuntivo gratuito per PowerArchiver Professional e Toolbox. \u00c8 distribuito sotto la stessa licenza e periodo di valutazione come PowerArchiver Professional e Toolbox. PowerArchiver Office Add-in \u00e8 completamente gratuito per gli utenti registrati di PowerArchiver Professional e Toolbox.<br \/>\n[\/vc_column_text][\/vc_column_inner][\/vc_row_inner][vc_row_inner ebor_title=&#8221;Screenshots&#8221; ebor_type=&#8221;tab&#8221;][vc_column_inner][vc_gallery type=&#8221;image_grid&#8221; images=&#8221;11533,11523,11541,11518,11528&#8243;][\/vc_column_inner][\/vc_row_inner]<\/ul><\/div>[\/vc_column][vc_column width=&#8221;1\/3&#8243;][vc_column_text]<div class=\" boxed--lg bg--secondary  boxed boxed--border\" ><div class=\"container\"><\/p>\n<h3>Scaricare<\/h3>\n<p><a class=\"btn btn--primary\" href=\"https:\/\/www.powerarchiver.com\/download-powerarchiver\/\"><span class=\"btn__text\">Scaricare<\/span><\/a><\/p>\n<h3>Accessibilit\u00e0<\/h3>\n<h4>Sezione 508 conformit\u00e0<\/h4>\n<p>Ogni versione di PAOP \u00e8 conforme alla Sezione 508. Si prega di<a href=\"https:\/\/powerarchiverdl.cachefly.net\/download\/compliance\/powerarchiver-VPAT.pdf\">cliccare qui<\/a> per scaricare VPAT PDF.<\/p>\n<h3>Requisiti di sistema<\/h3>\n<h4>Versioni di Microsoft Office:<\/h4>\n<ul>\n<li>Microsoft Office 2016<\/li>\n<li>Microsoft Office 2013<\/li>\n<li>Microsoft Office 2010<\/li>\n<li>Microsoft Office 2007<\/li>\n<li>Microsoft Office 2003<\/li>\n<li>Microsoft Office XP<\/li>\n<li>Microsoft Office 2000<\/li>\n<\/ul>\n<h4>Sistemi operativi:<\/h4>\n<ul>\n<li>Windows 10<\/li>\n<li>Windows 8.1<\/li>\n<li>Windows 8<\/li>\n<li>Windows 7<\/li>\n<li>Windows Vista<\/li>\n<li>Windows XP<\/li>\n<li>Windows Server 2016<\/li>\n<li>Windows Server 2013<\/li>\n<li>Windows Server 2008<\/li>\n<li>Windows Server 2003<\/li>\n<\/ul>\n<h4>Computer:<\/h4>\n<p>Ogni computer che gestisce uno dei sistemi operativi sopra menzionati ad una velocit\u00e0 ragionevole.<\/p>\n<h4>Requisiti di spazio su disco:<\/h4>\n<p>150 MB per i file di programma pi\u00f9 qualche spazio aggiuntivo per i file di backup (minimo).<\/p>\n<h4>Varie:<\/h4>\n<p>Processore multicore raccomandato per una migliore velocit\u00e0.<\/p>\n<h4>Traduzione<\/h4>\n<p>Catalano, croato, cinese (semplificato), cinese (tradizionale), ceco, danese, olandese, tedesco, estone, inglese (USA), inglese (UK), francese, finlandese, francese, ebraico, ungherese, Indonesiano, italiano, giapponese, norvegese, polacco, portoghese (Brasil), Portoghese (Portogallo), rumeno, russo, Serbo (cirillico, BiH), Serbo (Latino, Serbia), spagnolo (Argentina), spagnolo (Spagna), slovacco, sloveno, svedese, turco, ucraino, lingue coreane.<\/p><\/div>\n<p><\/div><\/div>[\/vc_column_text][vc_column_text]<\/p>\n<p>[vc_row][vc_column width=&#8221;1\/1&#8243;][vc_column_text]<\/p>\n<p>[\/vc_column_text][\/vc_column][\/vc_row][\/vc_section]<\/p>\n","protected":false},"excerpt":{"rendered":"<p>[vc_row full_width=&#8221;stretch_row&#8221;][vc_column][\/vc_column][\/vc_row][vc_row][vc_column][vc_column_text] PowerArchiver per componenti aggiuntivi per Office (PAOP) [\/vc_column_text][\/vc_column][\/vc_row][vc_section][vc_row css=&#8221;.vc_custom_1485825445121{margin-bottom: 10px !important;}&#8221;][vc_column width=&#8221;2\/3&#8243;][\/vc_column][vc_column width=&#8221;1\/3&#8243;][vc_column_text][\/vc_column_text][vc_column_text] [vc_row][vc_column width=&#8221;1\/1&#8243;][vc_column_text] [\/vc_column_text][\/vc_column][\/vc_row][\/vc_section]<\/p>\n","protected":false},"author":3,"featured_media":0,"parent":0,"menu_order":0,"comment_status":"closed","ping_status":"closed","template":"","meta":{"footnotes":""},"_links":{"self":[{"href":"https:\/\/www.powerarchiver.com\/it\/wp-json\/wp\/v2\/pages\/13075"}],"collection":[{"href":"https:\/\/www.powerarchiver.com\/it\/wp-json\/wp\/v2\/pages"}],"about":[{"href":"https:\/\/www.powerarchiver.com\/it\/wp-json\/wp\/v2\/types\/page"}],"author":[{"embeddable":true,"href":"https:\/\/www.powerarchiver.com\/it\/wp-json\/wp\/v2\/users\/3"}],"replies":[{"embeddable":true,"href":"https:\/\/www.powerarchiver.com\/it\/wp-json\/wp\/v2\/comments?post=13075"}],"version-history":[{"count":7,"href":"https:\/\/www.powerarchiver.com\/it\/wp-json\/wp\/v2\/pages\/13075\/revisions"}],"predecessor-version":[{"id":18251,"href":"https:\/\/www.powerarchiver.com\/it\/wp-json\/wp\/v2\/pages\/13075\/revisions\/18251"}],"wp:attachment":[{"href":"https:\/\/www.powerarchiver.com\/it\/wp-json\/wp\/v2\/media?parent=13075"}],"curies":[{"name":"wp","href":"https:\/\/api.w.org\/{rel}","templated":true}]}}