{"id":13067,"date":"2018-03-13T19:25:59","date_gmt":"2018-03-13T19:25:59","guid":{"rendered":"https:\/\/www.powerarchiver.com\/?page_id=13067"},"modified":"2019-12-10T11:44:13","modified_gmt":"2019-12-10T11:44:13","slug":"powerarchiver-command-line-pacl","status":"publish","type":"page","link":"https:\/\/www.powerarchiver.com\/it\/powerarchiver-command-line-pacl\/","title":{"rendered":"PowerArchiver Command Line (PACL)"},"content":{"rendered":"<p>[vc_row full_width=&#8221;stretch_row&#8221;][vc_column]\n\t\t\t<section class=\"imagebg image--light cover cover-blocks bg--secondary \" >\n\t\t\t\t<div class=\"background-image-holder\"><img width=\"1430\" height=\"610\" src=\"https:\/\/www.powerarchiver.com\/wp-content\/uploads\/2019\/12\/pa-standard.jpg?wsr\" class=\"attachment-full size-full\" alt=\"\" decoding=\"async\" loading=\"lazy\" srcset=\"https:\/\/www.powerarchiver.com\/wp-content\/uploads\/2019\/12\/pa-standard.jpg 1430w, https:\/\/www.powerarchiver.com\/wp-content\/uploads\/2019\/12\/pa-standard-300x128.jpg 300w, https:\/\/www.powerarchiver.com\/wp-content\/uploads\/2019\/12\/pa-standard-768x328.jpg 768w, https:\/\/www.powerarchiver.com\/wp-content\/uploads\/2019\/12\/pa-standard-1024x437.jpg 1024w\" sizes=\"(max-width: 1430px) 100vw, 1430px\" \/><\/div>\n\t\t\t\t<div class=\"container\">\n\t\t\t\t\t<div class=\"row\">\n\t\t\t\t\t\t<div class=\"col-sm-6 col-md-5\">\n\t\t\t\t\t\t\t<div>[vc_column_text el_class=&#8221;headertext1&#8243;]<\/p>\n<h2>PowerArchiver Command Line (PACL)<\/h2>\n<p>PACL \u00e8 un&#8217;utility avanzata di archiviazione da riga di comando per ambienti di console Windows. Supporta completamente una serie di formati di file compressi pi\u00f9 popolari, tra cui: zip, 7-zip, PA, CAB, jar, tar, tar. GZ, tar. Bz2, YENC, Base64, CAB SFX e molti altri. PACL utilizza componenti FIPS 140-2 convalidati.<\/p>\n<hr class=\"short\" \/>\n<h5>Che cosa \u00e8 incluso:<\/h5>\n<p>Gli utenti registrati PowerArchiver Professional e Toolbox possono utilizzare PowerArchiver Command Line gratuitamente. Per richiedere un codice di registrazione per PACL, visita il tuo <a href=\"https:\/\/www.conexware.com\/shop\/\">account ConeXware<\/a>.[\/vc_column_text]<\/div>\n\t\t\t\t\t\t<\/div>\n\t\t\t\t\t<\/div><!--end of row-->\n\t\t\t\t<\/div><!--end of container-->\n\t\t\t\t\n\t\t\t<\/section>\n\t\t[\/vc_column][\/vc_row][vc_row][vc_column][vc_empty_space height=&#8221;60px&#8221;][vc_column_text]<\/p>\n<h2 class=\"type--uppercase\" style=\"text-align: center;\">PowerArchiver Command Line<i class=\"stack-down-dir\"><\/i><\/h2>\n<p>[\/vc_column_text][vc_empty_space height=&#8221;20px&#8221;][\/vc_column][\/vc_row][vc_section][vc_row css=&#8221;.vc_custom_1485825445121{margin-bottom: 10px !important;}&#8221;][vc_column width=&#8221;3\/4&#8243;]<div class=\"tabs-container text-center \" data-content-align=\"left\"><ul class=\"tabs section-tabs\">[vc_row_inner ebor_title=&#8221;Details&#8221; ebor_type=&#8221;tab&#8221;][vc_column_inner][vc_column_text]<\/p>\n<h2>PowerArchiver Command Line<\/h2>\n<p>PACL \u00e8 stato progettato per essere un&#8217;applicazione versatile, affidabile e programmabile che pu\u00f2 essere utilizzata in diverse configurazioni e scenari. PACL \u00e8 completamente autonomo e NON richiede alcuna installazione. La copia dei file richiesti \u00e8 tutto ci\u00f2 che l&#8217;amministratore deve fare per iniziare a lavorare.<\/p>\n<h3>Caratteristiche importanti<\/h3>\n<p>PowerArchiver Command Line \u00e8 linea di comando avanzato di classe Enterprise con pi\u00f9 funzioni, tra cui:<\/p>\n<ul style=\"list-style-type: circle;\">\n<li><b>Motore zip con deflettore multicore<\/b> -quasi 16 volte pi\u00f9 veloce rispetto ai sistemi single core su computer quad-core. Il nostro motore multi-core offre la parallelizzazione a livello di byte della compressione, a differenza di altri che sono basati su file. Ci\u00f2 significa che PACL pu\u00f2 utilizzare un numero illimitato di thread per accelerare la compressione di singoli file (ad esempio database di grandi dimensioni), il tutto garantendo una compressione superiore.<\/li>\n<li><b>Velocit\u00e0 e resistenza migliorate<\/b> &#8211; compressione e estrazione zip migliorate in ogni occasione.<\/li>\n<li><b>Supporto completo per il formato Zipx avanzato<\/b> \u2013 LZMA, LZMA2, JPEG, PPMd, BZIP2 e WAVPACK in ZIP\/ZIPX, secondo gli ultimi standard zip. PowerArchiver \u00e8 l&#8217;unica applicazione che supporta completamente i file WinZip, fornendo una compressione pi\u00f9 veloce e pi\u00f9 forte rispetto a WinZip.<\/li>\n<li><b>Supporto completo per un formato zip pi\u00f9 semplice<\/b> -Deflate supporto per codec compatibile con tutti gli archivisti disponibili e con il lettore ZIP Windows XP \/ Vista \/ 7\/8 \/ 8.1 \/ 10 \/ Server integrato. PowerArchiver offre una compressione superiore anche in Deflate codec.<\/li>\n<li><b>Dimensione illimitata dell&#8217;archivio<\/b> &#8211; dimensione illimitato di file all&#8217;interno dell&#8217;archivio e illimitato numero di file all&#8217;interno dell&#8217;archivio.<\/li>\n<li><b>Supporto per Unicode in ZIP<\/b> -leggere e scrivere il supporto per Unicode. Implementato durante l&#8217;applicazione.<\/li>\n<li><b>ZIP\/ZIPX AES supporto per la crittografia<\/b> &#8211; entrambi i PKZIP 5.1 e wz 9.0 standard supportati, sostenendo in tal modo tutte le possibili combinazioni di crittografia zip (caratteristica unica!)-FIPS 140-2 convalidato.<\/li>\n<li><b>Advanced Codec Pack (.PA Format)<\/b> Supporto completo per il formato PA con compressione, velocit\u00e0 e sicurezza molto migliori. Il formato pi\u00f9 avanzato sul mercato che utilizza i componenti convalidati FIPS 140-2. In base alle impostazioni, pu\u00f2 essere sia pi\u00f9 volte forte o pi\u00f9 veloce di compressione zip.<\/li>\n<\/ul>\n<h2>Funzionalit\u00e0 di crittografia e convalida FIPS 140-2<\/h2>\n<p>Elenco completo delle funzionalit\u00e0 di crittografia:<\/p>\n<ul style=\"list-style-type: circle;\">\n<li><b>Formato PA<\/b> \u2013 Crittografia di file e archivi utilizzando componenti convalidati FIPS 140-2 e possibilit\u00e0 di crittografare i nomi dei file. Sicurezza superiore grazie alle funzionalit\u00e0 di formattazione interna.<\/li>\n<li><b>Compatibilit\u00e0 ZIP superiore<\/b> \u2013 solo archiviatore pienamente compatibile con SecureZip, inclusa la lettura di archivi crittografati 3DES e archivi ZIP \/ ZIPX crittografati con certificati digitali.<br \/>\nInoltre completamente compatibile con WinZip e tutte le altre implementazioni di crittografia ZIP.<\/li>\n<li><b>Convalida FIPS 140-2<\/b> \u2013La crittografia PowerArchiver ZIP \/ ZIPX AES non \u00e8 solo standardizzata e compatibile con tutte le soluzioni, \u00e8 anche FIPS 140-2 convalidata e pu\u00f2 essere utilizzata nelle agenzie governative richieste per salvaguardare i dati di protezione con la soluzione convalidata FIPS 140-2.<\/li>\n<\/ul>\n<h2>Supporto VSS<\/h2>\n<p>\u00c8 necessario comprimere database, file .pst di Outlook o altri file utilizzati esclusivamente da alcune applicazioni? Nessun problema per PowerArchiver &#8211; abbiamo il supporto esclusivo per VSS (supporto per l&#8217;ombreggiamento del volume), che viene solitamente utilizzato solo dai backup aziendali per accedere ai dati che non sono accessibili ad altri programmi.<\/p>\n<h2>Supporto di lettura e scrittura:<\/h2>\n<p>ZIP, ZIPX, PA, 7-ZIP, CAB, LHA (LZH), TAR, GZIP, BZIP2, XZ, BH, XXE, UUE, yENC, e MIME (Base 64).<\/p>\n<h2>Leggi ed estrai supporto:<\/h2>\n<p>RAR, ARJ, ARC, ACE, MSI, NSIS, CHM, DMG, RPM, CPIO, VHD, XAR, LZMA, SquashFS, CramFS, ZOO,WIM plus ISO (ISO9660 e UDF) formati di immagine disco e altro (oltre 60 formati supportati)).[\/vc_column_text][\/vc_column_inner][\/vc_row_inner][vc_row_inner ebor_title=&#8221;Screenshots&#8221; ebor_type=&#8221;tab&#8221;][vc_column_inner][vc_gallery type=&#8221;image_grid&#8221; images=&#8221;11907,11902,11897,11892&#8243;][\/vc_column_inner][\/vc_row_inner]<\/ul><\/div>[\/vc_column][vc_column width=&#8221;1\/4&#8243;][vc_column_text]<div class=\"  bg--secondary  boxed boxed--border\" ><div class=\"container\"><\/p>\n<h3>Licenze multiple <span><\/span><\/h3>\n<ul>\n<li>1 Licenza $14.95<\/li>\n<li>2-9 Licenze $9.95<\/li>\n<li>10-24 Licenze $9.95<\/li>\n<li>25-49 Licenze $7.95<\/li>\n<li>50-99 Licenze $5.95<\/li>\n<li>100-199 Licenze $4.95<\/li>\n<li>200-499 Licenze $3.95<\/li>\n<li>500-999 Licenze $2.50<\/li>\n<li><a class=\"btn btn--primary\" href=\"https:\/\/www.conexware.com\/shop\/cart?do=add&item=78&qty=1\">BUY NOW<\/a><\/li>\n<\/ul>\n<h3>System Requirements<\/h3>\n<h4>Operating systems:<\/h4>\n<ul>\n<li>Windows 10<\/li>\n<li>Windows 8.1<\/li>\n<li>Windows 8<\/li>\n<li>Windows 7<\/li>\n<li>Windows Vista<\/li>\n<li>Windows XP<\/li>\n<li>Windows Server 2016<\/li>\n<li>Windows Server 2013<\/li>\n<li>Windows Server 2008<\/li>\n<li>Windows Server 2003<\/li>\n<\/ul>\n<h4>Computer:<\/h4>\n<p>Ogni computer che gestisce uno dei sistemi operativi sopra menzionati ad una velocit\u00e0 ragionevole.<\/p>\n<h4>Requisiti di spazio su disco:<\/h4>\n<p>20 MB per i file di programma pi\u00f9 qualche spazio aggiuntivo per i file di backup (minimo).<\/p>\n<h4>Varie:<\/h4>\n<p>Processore multicore raccomandato per una migliore velocit\u00e0.<\/p>\n<h4>Traduzioni<\/h4>\n<p>Inglese.<\/p>\n<p><\/div><\/div>[\/vc_column_text][vc_row][\/vc_row][vc_column][\/vc_column][vc_column_text]<br \/>\n[\/vc_column_text][\/vc_section]<\/p>\n","protected":false},"excerpt":{"rendered":"<p>[vc_row full_width=&#8221;stretch_row&#8221;][vc_column][\/vc_column][\/vc_row][vc_row][vc_column][vc_empty_space height=&#8221;60px&#8221;][vc_column_text] PowerArchiver Command Line [\/vc_column_text][vc_empty_space height=&#8221;20px&#8221;][\/vc_column][\/vc_row][vc_section][vc_row css=&#8221;.vc_custom_1485825445121{margin-bottom: 10px !important;}&#8221;][vc_column width=&#8221;3\/4&#8243;][\/vc_column][vc_column width=&#8221;1\/4&#8243;][vc_column_text][\/vc_column_text][vc_row][\/vc_row][vc_column][\/vc_column][vc_column_text] [\/vc_column_text][\/vc_section]<\/p>\n","protected":false},"author":3,"featured_media":0,"parent":0,"menu_order":0,"comment_status":"closed","ping_status":"closed","template":"","meta":{"footnotes":""},"_links":{"self":[{"href":"https:\/\/www.powerarchiver.com\/it\/wp-json\/wp\/v2\/pages\/13067"}],"collection":[{"href":"https:\/\/www.powerarchiver.com\/it\/wp-json\/wp\/v2\/pages"}],"about":[{"href":"https:\/\/www.powerarchiver.com\/it\/wp-json\/wp\/v2\/types\/page"}],"author":[{"embeddable":true,"href":"https:\/\/www.powerarchiver.com\/it\/wp-json\/wp\/v2\/users\/3"}],"replies":[{"embeddable":true,"href":"https:\/\/www.powerarchiver.com\/it\/wp-json\/wp\/v2\/comments?post=13067"}],"version-history":[{"count":9,"href":"https:\/\/www.powerarchiver.com\/it\/wp-json\/wp\/v2\/pages\/13067\/revisions"}],"predecessor-version":[{"id":18254,"href":"https:\/\/www.powerarchiver.com\/it\/wp-json\/wp\/v2\/pages\/13067\/revisions\/18254"}],"wp:attachment":[{"href":"https:\/\/www.powerarchiver.com\/it\/wp-json\/wp\/v2\/media?parent=13067"}],"curies":[{"name":"wp","href":"https:\/\/api.w.org\/{rel}","templated":true}]}}