{"id":13061,"date":"2018-04-17T10:27:51","date_gmt":"2018-04-17T10:27:51","guid":{"rendered":"https:\/\/www.powerarchiver.com\/?page_id=13061"},"modified":"2020-11-16T09:28:51","modified_gmt":"2020-11-16T09:28:51","slug":"powerarchiver-enterprise-edition","status":"publish","type":"page","link":"https:\/\/www.powerarchiver.com\/it\/powerarchiver-enterprise-edition\/","title":{"rendered":"PowerArchiver Enterprise Edition"},"content":{"rendered":"<p>[vc_row][vc_column]<div class=\"  bg--secondary  boxed boxed--border\" ><div class=\"container\">[vc_column_text]<\/p>\n<h2>PowerArchiver Enterprise Unlimited Edition<\/h2>\n<p class=\"generic_text_box\">Licenza di tipo illimitata con aggiunte di licenza illimitate gratuite fino a quando la manutenzione \u00e8 attiva. Il conteggio delle licenze non \u00e8 richiesto. Nessuna limitazione del sito o del paese.<br \/>\nSe desideri maggiori informazioni su Powerarchiver Enterprise Unlimited, ti preghiamo di contattarci <a href=\"https:\/\/www.powerarchiver.com\/it\/contact\/\">contattarci .<\/a>[\/vc_column_text]<\/div><\/div>[\/vc_column]<br \/>\n[vc_row]<br \/>\n[vc_column width=&#8221;1\/6&#8243;][vc_single_image image=&#8221;10797&#8243; img_size=&#8221;full&#8221; alignment=&#8221;center&#8221;][vc_single_image image=&#8221;10809&#8243; img_size=&#8221;full&#8221; alignment=&#8221;center&#8221;][\/vc_column][vc_column width=&#8221;1\/6&#8243;][vc_single_image image=&#8221;10798&#8243; img_size=&#8221;full&#8221; alignment=&#8221;center&#8221;][vc_single_image image=&#8221;10804&#8243; img_size=&#8221;full&#8221; alignment=&#8221;center&#8221;][\/vc_column][vc_column width=&#8221;1\/6&#8243;][vc_single_image image=&#8221;10799&#8243; img_size=&#8221;full&#8221; alignment=&#8221;center&#8221;][vc_single_image image=&#8221;10805&#8243; img_size=&#8221;full&#8221; alignment=&#8221;center&#8221;][\/vc_column][vc_column width=&#8221;1\/6&#8243;][vc_single_image image=&#8221;10800&#8243; img_size=&#8221;full&#8221; alignment=&#8221;center&#8221;][vc_single_image image=&#8221;10806&#8243; img_size=&#8221;full&#8221; alignment=&#8221;center&#8221;][\/vc_column][vc_column width=&#8221;1\/6&#8243;][vc_single_image image=&#8221;10801&#8243; img_size=&#8221;full&#8221; alignment=&#8221;center&#8221;][vc_single_image image=&#8221;13118&#8243; img_size=&#8221;full&#8221; alignment=&#8221;center&#8221;][\/vc_column][vc_column width=&#8221;1\/6&#8243;][vc_single_image image=&#8221;10802&#8243; img_size=&#8221;full&#8221; alignment=&#8221;center&#8221;][vc_single_image image=&#8221;10808&#8243; img_size=&#8221;full&#8221; alignment=&#8221;center&#8221;][\/vc_column][\/vc_row][vc_column]<br \/>\n<br \/><div class=\"tabs-container text-center \" data-content-align=\"left\"><ul class=\"tabs section-tabs\">[vc_row_inner el_class=&#8221;remove-column-padding bg&#8211;secondary&#8221; ebor_docs=&#8221;&#8221;][vc_column_inner][vc_table allow_html=&#8221;1&#8243;][align-center]PowerArchiver%20Enterprise%20Edition,[align-center;b]PowerArchiver%20Unlimited%20Silver,[align-center;b]PowerArchiver%20Unlimited%20Gold,[align-center;b]PowerArchiver%20Unlimited%20Platinum|[b]Maximum%20number%20of%20users%20(starting%20point),[align-center]1500,[align-center]5000,[align-center]30%2C000|[b]Includes%20PowerArchiver%20Professional,[align-center]Yes,[align-center]Yes,[align-center]Yes|[b]Includes%20PowerArchiver%20Command%20Line,[align-center]Yes,[align-center]Yes,[align-center]Yes|[b]Includes%20PowerArchiver%20For%20Office,[align-center]Yes,[align-center]Yes,[align-center]Yes|[b]Includes%20Secure%20FTP%20Client,[align-center]No,[align-center]Yes,[align-center]Yes|[b]Includes%20Virtual%20DVD%20Drive,[align-center]No,[align-center]Yes,[align-center]Yes|[b]Includes%20Data%20Burner,[align-center]No,[align-center]Yes,[align-center]Yes|[b]Includes%20Zip%20To%20Email,[align-center]No,[align-center]Yes,[align-center]Yes|[b]Home%20Use%20for%20Employees,[align-center]No,[align-center]Yes,[align-center]Yes|[b]Free%20sponsored%20version%20for%20Partners,[align-center]No,[align-center]Yes,[align-center]Yes|[b]Add%20Unlimited%20licenses%20in%20the%20future,[align-center]Yes,[align-center]Yes,[align-center]Yes|[b]No%20site%2Fcountry%20limitations,[align-center]Yes,[align-center]Yes,[align-center]Yes|[b]12%20months%20maintenance%2Fsupport%20included,[align-center]Yes,[align-center]Yes,[align-center]Yes|[b]Price%20for%20English-Only,[align-center]%244995,[align-center]%2414995,[align-center]%2424995|[b],[align-center]CONTACT%20US,[align-center]CONTACT%20US,[align-center]CONTACT%20US|[b]Price%20for%20Multilingual,[align-center]%E2%82%AC4995,[align-center]%E2%82%AC14995,[align-center]%E2%82%AC24995|,[align-center]CONTACT%20US,[align-center]CONTACT%20US,[align-center]CONTACT%20US[\/vc_table][\/vc_column_inner][\/vc_row_inner]<\/ul><\/div>[vc_row_inner][vc_column_inner]<ul class=\"accordion accordion-1 \">\n\t\t<li class=\"\">\n\t\t\t<div class=\"accordion__title\">\n\t\t\t\t<span class=\"h5\">Contact Us<\/span>\n\t\t\t<\/div>\n\t\t\t<div class=\"accordion__content\">\n\t\t\t\t<p>\nThe best way to contact ConeXware, Inc. is via e-mail or phone.<br \/>\nEmail:\u00a0<a href=\"https:\/\/www.powerarchiver.com\/email.php?email=general:conexware.com\">ordering @ conexware.com<\/a><br \/>\nPhone:\u00a01-888-302-8800<\/p>\n\n\t\t\t<\/div>\n\t\t<\/li>\n\t<\/ul>[\/vc_column_inner][\/vc_row_inner][vc_row_inner][vc_column_inner]<ul class=\"accordion accordion-1 \">\n\t\t<li class=\"\">\n\t\t\t<div class=\"accordion__title\">\n\t\t\t\t<span class=\"h5\">Frequently Asked Questions<\/span>\n\t\t\t<\/div>\n\t\t\t<div class=\"accordion__content\">\n\t\t\t\t<\/p>\n<h3>Qual \u00e8 il &#8220;punto di partenza&#8221; per il numero di utenti contati?<\/h3>\n<p>PowerArchiver Enterprise Unlimited consente di aggiungere un numero illimitato di utenti per un costo fisso predeterminato. Ci\u00f2 significa che per il conteggio iniziale di utenti, contiamo ogni dipendente di avere a quel punto, ed \u00e8 possibile aggiungere un numero illimitato di nuovi dipendenti \/ licenze dopo. Quindi, se al momento hai 3000 dipendenti, e tra due anni aggiungi altri 3000 dipendenti, ci\u00f2 va bene sotto i termini di questa licenza e rimarrai nell&#8217;edizione Enterprise Gold come se avessi ancora meno di 5000 licenze. Fino a quando il piano di manutenzione e supporto \u00e8 attivo, \u00e8 possibile aggiungere un numero illimitato di nuove licenze.<\/p>\n<h3>Che cosa \u00e8 uso domestico per gli impiegati?<\/h3>\n<p>Senza costi aggiuntivi, i dipendenti possono installare PowerArchiver sui loro computer di casa, consentendo un ambiente di lavoro sicuro quando si lavora da casa.<\/p>\n<h3>Cos&#8217;\u00e8 l&#8217;edizione partner?<\/h3>\n<p>I tuoi partner commerciali potranno ricevere una versione gratuita di PowerArchiver Professional, certificata FIPS 140-2, che consente uno scambio di dati sicuro e protetto tra te e i tuoi partner, soddisfacendo tutte le varie normative governative, senza costo extra.<\/p>\n\n\t\t\t<\/div>\n\t\t<\/li>\n\t<\/ul>[\/vc_column_inner][\/vc_row_inner][vc_row_inner][vc_column_inner]<ul class=\"accordion accordion-1 \">\n\t\t<li class=\"\">\n\t\t\t<div class=\"accordion__title\">\n\t\t\t\t<span class=\"h5\">Support and Maintenance \u2013 PowerArchiver Select<\/span>\n\t\t\t<\/div>\n\t\t\t<div class=\"accordion__content\">\n\t\t\t\t<\/p>\n<h3>Supporto e manutenzione \u2013 PowerArchiver Select<\/h3>\n<p>Ogni ordine di PowerArchiver viene fornito con 12 mesi di PowerArchiver Select: supporto premium e piano di manutenzione. Include il supporto telefonico e tutti gli aggiornamenti principali e secondari di PowerArchiver durante questi 12 mesi. PowerArchiver Enterprise richiede che il piano di manutenzione sia attivo per aggiungere nuove licenze \/ computer \/ utenti gratuitamente.<\/p>\n<h3 class=\"ordr_toptxt\">Aggiornamento a 36 mesi di manutenzione a solo il 25% costo aggiuntivo<\/h3>\n<p>\u00c8 possibile aggiornare a 36 mesi di PowerArchiver Select, per solo il 25% in pi\u00f9 sulla parte superiore del vostro ordine. \u00c8 il nostro buy 1 anno, ottenere un altro prezzo speciale anno gratuito per il piano di selezione PowerArchiver.<\/p>\n\n\t\t\t<\/div>\n\t\t<\/li>\n\t<\/ul>[\/vc_column_inner][\/vc_row_inner][\/vc_column][\/vc_row][vc_row full_width=&#8221;stretch_row&#8221;][vc_column]<ul class=\"accordion accordion-1 accordion--oneopen \">\n\t\t<li class=\"\">\n\t\t\t<div class=\"accordion__title\">\n\t\t\t\t<span class=\"h5\">Compare Features<\/span>\n\t\t\t<\/div>\n\t\t\t<div class=\"accordion__content\">\n\t\t\t\t<\/p>\n<table class=\"border--round table--alternate-row\">\n<thead>\n<tr>\n<th>STANDARD<\/th>\n<th>PROFESSIONAL<\/th>\n<th>TOOLBOX<\/th>\n<\/tr>\n<\/thead>\n<tbody>\n<tr>\n<td>No<\/td>\n<td>No<\/td>\n<td>Virtual Drive-Mount file ISO come CD\/DVDdrives con semplici opzioni di clic destro.<\/td>\n<\/tr>\n<tr>\n<td>No<\/td>\n<td>No<\/td>\n<td>Bruciatore CD \/ DVD \/ Blu-Ray standalone completo! Le funzioni includono masterizzatore CD \/ DVD, CD Rip Audio, Masterizza CD audio, Copia disco, Masterizza immagine (.iso)<\/td>\n<\/tr>\n<tr>\n<td>No<\/td>\n<td>No<\/td>\n<td>Copiare i dischi CD\/DVD in immagini ISO per l&#8217;archiviazione sicura!<\/td>\n<\/tr>\n<tr>\n<td>No<\/td>\n<td>No<\/td>\n<td>Secure FTP client-Completo standalone FTP\/SFTP client con tronchi, coda, gestione intelligente degli archivi e altro ancora. FIPS 140-2 validato SSL.<\/td>\n<\/tr>\n<tr>\n<td>No<\/td>\n<td>No<\/td>\n<td>Zip a e-mail &#8211; plugin Email Premium per i prodotti Windows e Office!<\/td>\n<\/tr>\n<tr>\n<td>No<\/td>\n<td>No<\/td>\n<td>Scheda Impostazioni avanzate per Advanced Codec Pack (formato. PA). Regolare tutte le opzioni di compressione disponibili per il formato. PA.<\/td>\n<\/tr>\n<tr>\n<td>No<\/td>\n<td>No<\/td>\n<td>Creare file di immagine ISO avanzati (sia ISO9660 che UDF).<\/td>\n<\/tr>\n<tr>\n<td>No<\/td>\n<td>PowerArchiver Cloud: supporto completo per Dropbox, Google Drive, SkyDrive, Box.Net, Amazon S3 e Azure. Accedi ai tuoi Nuvole dall&#8217;interno PowerArchiver.<\/td>\n<td>PowerArchiver Cloud: supporto completo per Dropbox, Google Drive, SkyDrive, Box.Net, Amazon S3 e Azure. Accedi ai tuoi Nuvole dall&#8217;interno PowerArchiver.<\/td>\n<\/tr>\n<tr>\n<td>No<\/td>\n<td>Suite di crittografia con supporto completo di crittografia AES 256 bit. FIPS 140-2 crittografia AES convalidata. Criptare\/decriptare centinaia di file allo stesso tempo.<\/td>\n<td>Suite di crittografia con supporto completo di crittografia AES 256 bit. FIPS 140-2 crittografia AES convalidata. Criptare\/decriptare centinaia di file allo stesso tempo.<\/td>\n<\/tr>\n<tr>\n<td>No<\/td>\n<td>Funzionalit\u00e0 Full OpenPGP: crea chiavi, cripta file, firma file, verifica. Funzionalit\u00e0 di gestione delle chiavi incluse.<\/td>\n<td>Funzionalit\u00e0 Full OpenPGP: crea chiavi, cripta file, firma file, verifica. Funzionalit\u00e0 di gestione delle chiavi incluse<\/td>\n<\/tr>\n<tr>\n<td>No<\/td>\n<td>Enterprise Class Utility di backup con il supporto di volume shadow Service, orari, registri e la capacit\u00e0 di masterizzare, FTP e copiare i backup fino a 3 posizioni, tutti allo stesso tempo. Molti formati e opzioni disponibili.<\/td>\n<td>Enterprise Class Utility di backup con il supporto di volume shadow Service, orari, registri e la capacit\u00e0 di masterizzare, FTP e copiare i backup fino a 3 posizioni, tutti allo stesso tempo. Molti formati e opzioni disponibili.<\/td>\n<\/tr>\n<tr>\n<td>No<\/td>\n<td>Copia completa della riga di comando di PowerArchiver (PACL) inclusa. Utilit\u00e0 della riga di comando completamente descritta con molte funzioni, supporto Full Format e moduli di crittografia FIPS 140-2 validati.<\/td>\n<td>Copia completa della riga di comando di PowerArchiver (PACL) inclusa. Utilit\u00e0 della riga di comando completamente descritta con molte funzioni, supporto Full Format e moduli di crittografia FIPS 140-2 validati.<\/td>\n<\/tr>\n<tr>\n<td>No<\/td>\n<td>Copia completa di PowerArchiver per Office Add-in (PAOP) incluso. Componenti aggiuntivi di Microsoft Outlook, Word ed Excel. Uno dei migliori componenti aggiuntivi di compressione\/crittografia di Microsoft Outlook sul mercato.<\/td>\n<td>Copia completa di PowerArchiver per Office Add-in (PAOP) incluso. Componenti aggiuntivi di Microsoft Outlook, Word ed Excel. Uno dei migliori componenti aggiuntivi di compressione\/crittografia di Microsoft Outlook sul mercato.<\/td>\n<\/tr>\n<tr>\n<td>Advanced Codec Pack &#8211; Supporto completo per il nuovo formato .pa, comprese le opzioni avanzate. \u00c8 possibile configurare manualmente vari codec, filtri e le rispettive opzioni per la massima velocit\u00e0 \/ compressione.<\/td>\n<td>Advanced Codec Pack &#8211; Supporto completo per il nuovo formato .pa, comprese le opzioni avanzate. \u00c8 possibile configurare manualmente vari codec, filtri e le rispettive opzioni per la massima velocit\u00e0 \/ compressione.<\/td>\n<td>Advanced Codec Pack &#8211; Supporto completo per il nuovo formato .pa, comprese le opzioni avanzate. \u00c8 possibile configurare manualmente vari codec, filtri e le rispettive opzioni per la massima velocit\u00e0 \/ compressione.<\/td>\n<\/tr>\n<tr>\n<td>Motore ZIP \/ ZIPX pi\u00f9 avanzato, solo uno pienamente compatibile con WinZip e SecureZIP. Supporta completamente lo standard ZIPX (lzma, lzma2, ppmd, wavpack e jpeg) per archivi di dimensioni inferiori, archivi ZIP \/ ZIPX di dimensioni illimitate, crittografia AES a 256 bit, lingue Unicode, compressione multicore.<\/td>\n<td>Motore ZIP \/ ZIPX pi\u00f9 avanzato, solo uno pienamente compatibile con WinZip e SecureZIP. Supporta completamente lo standard ZIPX (lzma, lzma2, ppmd, wavpack e jpeg) per archivi di dimensioni inferiori, archivi ZIP \/ ZIPX di dimensioni illimitate, crittografia AES a 256 bit, lingue Unicode, compressione multicore.<\/td>\n<td>Motore ZIP \/ ZIPX pi\u00f9 avanzato, solo uno pienamente compatibile con WinZip e SecureZIP. Supporta completamente lo standard ZIPX (lzma, lzma2, ppmd, wavpack e jpeg) per archivi di dimensioni inferiori, archivi ZIP \/ ZIPX di dimensioni illimitate, crittografia AES a 256 bit, lingue Unicode, compressione multicore.<\/td>\n<\/tr>\n<tr>\n<td>Supporta completamente la creazione e l&#8217;apertura di: ZIP (multicore), ZIPX (multicore), PA (multicore), 7-zip (LZMA multicore e LZMA2), LHA, CAB, archivi TAR \/ GZ \/ BZ2 \/ XZ. Compressione WinRar supportata quando WinRar \u00e8 installato<\/td>\n<td>Supporta completamente la creazione e l&#8217;apertura di: ZIP (multicore), ZIPX (multicore), PA (multicore), 7-zip (LZMA multicore e LZMA2), LHA, CAB, archivi TAR \/ GZ \/ BZ2 \/ XZ. Compressione WinRar supportata quando WinRar \u00e8 installato<\/td>\n<td>Supporta completamente la creazione e l&#8217;apertura di: ZIP (multicore), ZIPX (multicore), PA (multicore), 7-zip (LZMA multicore e LZMA2), LHA, CAB, archivi TAR \/ GZ \/ BZ2 \/ XZ. Compressione WinRar supportata quando WinRar \u00e8 installato<\/td>\n<\/tr>\n<tr>\n<td>Apre ed estrae: RAR (10% pi\u00f9 veloce di WR 4.x), ISO (ISO9660 e UDF), ACE, ARJ, MSI, NSIS, CHM, DMG, RPM, CPIO, VHD, XAR, LZMA, SquashFS, CramFS, WIM (oltre 60 formati in totale!)<\/td>\n<td>Apre ed estrae: RAR (10% pi\u00f9 veloce di WR 4.x), ISO (ISO9660 e UDF), ACE, ARJ, MSI, NSIS, CHM, DMG, RPM, CPIO, VHD, XAR, LZMA, SquashFS, CramFS, WIM (oltre 60 formati in totale!)<\/td>\n<td>Apre ed estrae: RAR (10% pi\u00f9 veloce di WR 4.x), ISO (ISO9660 e UDF), ACE, ARJ, MSI, NSIS, CHM, DMG, RPM, CPIO, VHD, XAR, LZMA, SquashFS, CramFS, WIM (oltre 60 formati in totale!)<\/td>\n<\/tr>\n<tr>\n<td>Funzionalit\u00e0 esclusive di Windows 7, 8 e 10 come l&#8217;elevazione automatica tramite UAC e il supporto del servizio Shadow Volume per la compressione di file \/ database utilizzati esclusivamente dal sistema.<\/td>\n<td>Funzionalit\u00e0 esclusive di Windows 7, 8 e 10 come l&#8217;elevazione automatica tramite UAC e il supporto del servizio Shadow Volume per la compressione di file \/ database utilizzati esclusivamente dal sistema.<\/td>\n<td>Funzionalit\u00e0 esclusive di Windows 7, 8 e 10 come l&#8217;elevazione automatica tramite UAC e il supporto del servizio Shadow Volume per la compressione di file \/ database utilizzati esclusivamente dal sistema.<\/td>\n<\/tr>\n<tr>\n<td>Convalida \/ conformit\u00e0 FIPS 140-2 e HIPAA con crittografia AES in formato ZIP \/ ZIPX e con scambio di file Secure FTP.<\/td>\n<td>Convalida \/ conformit\u00e0 FIPS 140-2 e HIPAA con crittografia AES in formato ZIP \/ ZIPX e con scambio di file Secure FTP.<\/td>\n<td>Convalida \/ conformit\u00e0 FIPS 140-2 e HIPAA con crittografia AES in formato ZIP \/ ZIPX e con scambio di file Secure FTP.<\/td>\n<\/tr>\n<tr>\n<td>Ha pi\u00f9 di 10 diversi strumenti, supporto di Accodamento, profili, Skin, nastro\/scelta interfaccia classica, crea archivi SFX (zip, 7zip, PAE), aggiornamenti automatici tramite 2 secondo sistema PatchBeam e molto, molto di pi\u00f9!<\/td>\n<td>Ha pi\u00f9 di 10 diversi strumenti, supporto di Accodamento, profili, Skin, nastro\/scelta interfaccia classica, crea archivi SFX (zip, 7zip, PAE), aggiornamenti automatici tramite 2 secondo sistema PatchBeam e molto, molto di pi\u00f9!<\/td>\n<td>Ha pi\u00f9 di 10 diversi strumenti, supporto di Accodamento, profili, Skin, nastro\/scelta interfaccia classica, crea archivi SFX (zip, 7zip, PAE), aggiornamenti automatici tramite 2 secondo sistema PatchBeam e molto, molto di pi\u00f9!<\/td>\n<\/tr>\n<tr>\n<td>Supporto completo per Windows a 64 bit e processori multi-core in formato zip, 7-zip e PA.<\/td>\n<td>Supporto completo per Windows a 64 bit e processori multi-core in formato zip, 7-zip e PA.<\/td>\n<td>Supporto completo per Windows a 64 bit e processori multi-core in formato zip, 7-zip e PA.<\/td>\n<\/tr>\n<tr>\n<td>Advanced Explorer Mode con interfaccia a doppio pannello per semplificare la gestione dei file con supporto anteprima completa e schede multiple per la gestione degli archivi.<\/td>\n<td>Advanced Explorer Mode con interfaccia a doppio pannello per semplificare la gestione dei file con supporto anteprima completa e schede multiple per la gestione degli archivi.<\/td>\n<td>Advanced Explorer Mode con interfaccia a doppio pannello per semplificare la gestione dei file con supporto anteprima completa e schede multiple per la gestione degli archivi.<\/td>\n<\/tr>\n<tr>\n<td>Interfaccia avanzata con supporto skinning completo. 3 stage skin: interfaccia, icone e icone di formato file. Navi con 10 diverse opzioni di skin e pi\u00f9 disponibili sul nostro sito web.<\/td>\n<td>Interfaccia avanzata con supporto skinning completo. 3 stage skin: interfaccia, icone e icone di formato file. Navi con 10 diverse opzioni di skin e pi\u00f9 disponibili sul nostro sito web.<\/td>\n<td>Interfaccia avanzata con supporto skinning completo. 3 stage skin: interfaccia, icone e icone di formato file. Navi con 10 diverse opzioni di skin e pi\u00f9 disponibili sul nostro sito web.<\/td>\n<\/tr>\n<tr>\n<td>Advanced moderna Ribbon Interface concesso in licenza da Microsoft. Veloce e guardando esattamente lo stesso come le applicazioni Ribbon di Windows (facoltativo).<\/td>\n<td>Advanced moderna Ribbon Interface concesso in licenza da Microsoft. Veloce e guardando esattamente lo stesso come le applicazioni Ribbon di Windows (facoltativo).<\/td>\n<td>Advanced moderna Ribbon Interface concesso in licenza da Microsoft. Veloce e guardando esattamente lo stesso come le applicazioni Ribbon di Windows (facoltativo).<\/td>\n<\/tr>\n<tr>\n<td>Finestra di anteprima con funzionalit\u00e0 complete con supporto per la visualizzazione in anteprima di diversi tipi di file, inclusa la rapida anteprima PDF nativa. Non hai bisogno di PDF Viewer installato: fai semplicemente clic sul file PDF in PowerArchiver e puoi visualizzarlo o stamparlo dalla finestra di anteprima.<\/td>\n<td>Finestra di anteprima con funzionalit\u00e0 complete con supporto per la visualizzazione in anteprima di diversi tipi di file, inclusa la rapida anteprima PDF nativa. Non hai bisogno di PDF Viewer installato: fai semplicemente clic sul file PDF in PowerArchiver e puoi visualizzarlo o stamparlo dalla finestra di anteprima.<\/td>\n<td>Finestra di anteprima con funzionalit\u00e0 complete con supporto per la visualizzazione in anteprima di diversi tipi di file, inclusa la rapida anteprima PDF nativa. Non hai bisogno di PDF Viewer installato: fai semplicemente clic sul file PDF in PowerArchiver e puoi visualizzarlo o stamparlo dalla finestra di anteprima.<\/td>\n<\/tr>\n<tr>\n<td>Versione completamente portatile che non richiede installazione e non modifica nulla nel sistema (x86 and x64).<\/td>\n<td>Versione completamente portatile che non richiede installazione e non modifica nulla nel sistema (x86 and x64).<\/td>\n<td>Versione completamente portatile che non richiede installazione e non modifica nulla nel sistema(x86 and x64).<\/td>\n<\/tr>\n<\/tbody>\n<\/table>\n<p>\n\n\t\t\t<\/div>\n\t\t<\/li>\n\t<\/ul>[\/vc_column][\/vc_row]<\/p>\n","protected":false},"excerpt":{"rendered":"<p>[vc_row][vc_column][\/vc_column] [vc_row] [vc_column width=&#8221;1\/6&#8243;][vc_single_image image=&#8221;10797&#8243; img_size=&#8221;full&#8221; alignment=&#8221;center&#8221;][vc_single_image image=&#8221;10809&#8243; img_size=&#8221;full&#8221; alignment=&#8221;center&#8221;][\/vc_column][vc_column width=&#8221;1\/6&#8243;][vc_single_image image=&#8221;10798&#8243; img_size=&#8221;full&#8221; alignment=&#8221;center&#8221;][vc_single_image image=&#8221;10804&#8243; img_size=&#8221;full&#8221; alignment=&#8221;center&#8221;][\/vc_column][vc_column width=&#8221;1\/6&#8243;][vc_single_image image=&#8221;10799&#8243; img_size=&#8221;full&#8221; alignment=&#8221;center&#8221;][vc_single_image image=&#8221;10805&#8243;&#8230;<\/p>\n","protected":false},"author":1,"featured_media":0,"parent":0,"menu_order":0,"comment_status":"closed","ping_status":"closed","template":"","meta":{"footnotes":""},"_links":{"self":[{"href":"https:\/\/www.powerarchiver.com\/it\/wp-json\/wp\/v2\/pages\/13061"}],"collection":[{"href":"https:\/\/www.powerarchiver.com\/it\/wp-json\/wp\/v2\/pages"}],"about":[{"href":"https:\/\/www.powerarchiver.com\/it\/wp-json\/wp\/v2\/types\/page"}],"author":[{"embeddable":true,"href":"https:\/\/www.powerarchiver.com\/it\/wp-json\/wp\/v2\/users\/1"}],"replies":[{"embeddable":true,"href":"https:\/\/www.powerarchiver.com\/it\/wp-json\/wp\/v2\/comments?post=13061"}],"version-history":[{"count":11,"href":"https:\/\/www.powerarchiver.com\/it\/wp-json\/wp\/v2\/pages\/13061\/revisions"}],"predecessor-version":[{"id":20826,"href":"https:\/\/www.powerarchiver.com\/it\/wp-json\/wp\/v2\/pages\/13061\/revisions\/20826"}],"wp:attachment":[{"href":"https:\/\/www.powerarchiver.com\/it\/wp-json\/wp\/v2\/media?parent=13061"}],"curies":[{"name":"wp","href":"https:\/\/api.w.org\/{rel}","templated":true}]}}