{"id":13033,"date":"2018-03-07T11:34:48","date_gmt":"2018-03-07T11:34:48","guid":{"rendered":"https:\/\/www.powerarchiver.com\/?page_id=13033"},"modified":"2023-04-19T18:18:51","modified_gmt":"2023-04-19T18:18:51","slug":"powerarchiver-for-goverment-with-fips-140-2-data-protection-certified-for-u-s-government-use","status":"publish","type":"page","link":"https:\/\/www.powerarchiver.com\/it\/powerarchiver-for-goverment-with-fips-140-2-data-protection-certified-for-u-s-government-use\/","title":{"rendered":"PowerArchiver per il governo con FIPS 140-2 Protezione dei dati, certificato per uso governativo negli Stati Uniti"},"content":{"rendered":"<p>[vc_row full_width=&#8221;stretch_row&#8221;][vc_column]\n\t\t\t<section class=\"imagebg image--light cover cover-blocks bg--secondary \" >\n\t\t\t\t<div class=\"background-image-holder\"><img width=\"1430\" height=\"610\" src=\"https:\/\/www.powerarchiver.com\/wp-content\/uploads\/2019\/12\/pa-standard.jpg?wsr\" class=\"attachment-full size-full\" alt=\"\" decoding=\"async\" loading=\"lazy\" srcset=\"https:\/\/www.powerarchiver.com\/wp-content\/uploads\/2019\/12\/pa-standard.jpg 1430w, https:\/\/www.powerarchiver.com\/wp-content\/uploads\/2019\/12\/pa-standard-300x128.jpg 300w, https:\/\/www.powerarchiver.com\/wp-content\/uploads\/2019\/12\/pa-standard-768x328.jpg 768w, https:\/\/www.powerarchiver.com\/wp-content\/uploads\/2019\/12\/pa-standard-1024x437.jpg 1024w\" sizes=\"(max-width: 1430px) 100vw, 1430px\" \/><\/div>\n\t\t\t\t<div class=\"container\">\n\t\t\t\t\t<div class=\"row\">\n\t\t\t\t\t\t<div class=\"col-sm-6 col-md-5\">\n\t\t\t\t\t\t\t<div>[vc_column_text el_class=&#8221;headertext1&#8243;]<\/p>\n<h2>PowerArchiver Professional<\/h2>\n<h1>per il governo<\/h1>\n<p><span>PowerArchiver Professional \u00e8 costruito per uso governativo \/ aziendale.<\/span><\/p>\n<hr class=\"short\" \/>\n<h5>Che cosa \u00e8 incluso:<\/h5>\n<p><span>PowerArchiver Professional \u00e8 progettato per soddisfare tutti i requisiti di trasporto e archiviazione dei dati aperti da parte degli Stati Uniti con la protezione dei dati conforme FIPS 140-2. Comprimi e crittografa i dati dallo storage al trasporto in piena conformit\u00e0 con tutti i requisiti governativi degli Stati Uniti.<\/span>[\/vc_column_text]<\/div>\n\t\t\t\t\t\t<\/div>\n\t\t\t\t\t<\/div><!--end of row-->\n\t\t\t\t<\/div><!--end of container-->\n\t\t\t\t\n\t\t\t<\/section>\n\t\t[\/vc_column][\/vc_row][vc_row][vc_column][vc_empty_space height=&#8221;20px&#8221;][vc_column_text]<\/p>\n<h2 class=\"type--uppercase\" style=\"text-align: center;\">PowerArchiver Professional (per il governo)<i class=\"stack-down-dir\"><\/i><\/h2>\n<p>[\/vc_column_text][vc_empty_space height=&#8221;20px&#8221;][\/vc_column][\/vc_row][vc_section][vc_row css=&#8221;.vc_custom_1485825445121{margin-bottom: 10px !important;}&#8221;][vc_column width=&#8221;3\/4&#8243;]<div class=\"tabs-container text-center \" data-content-align=\"left\"><ul class=\"tabs section-tabs\">[vc_row_inner ebor_title=&#8221;Details&#8221; ebor_type=&#8221;tab&#8221;][vc_column_inner][vc_column_text]<\/p>\n<div class=\"comm-main mt10 clearfix\">\n<div class=\"comm-left\">\n<div class=\"comm-left-top\">\n<p class=\"tab-title-wp\">PowerArchiver <span class=\"ml5\">2023<\/span> <span class=\"ml5\">Professional (per il governo)<\/span><\/p>\n<\/div>\n<div class=\"comm-left-inner\">\n<div class=\"tab-content\">\n<div class=\"item active\">\n<p><!-- webpwr_btm_left --><\/p>\n<div class=\"webpwr_btm_left\">\n<p><!-- webpwr_btm_left_inr --><\/p>\n<div class=\"webpwr_btm_left_inr\">\n<h3 class=\"title\">PowerArchiver Professional \u00e8 costruito per uso governativo \/ aziendale.<\/h3>\n<p class=\"web_scren\"><a class=\"cboxElement\" title=\"PowerArchiver Protezione dati FIPS 140-2\" href=\"http:\/\/beta.powerarchiver.com\/wp-content\/uploads\/2011\/05\/FIPSlogo.gif\" rel=\"lightbox[4421]\"><img decoding=\"async\" loading=\"lazy\" class=\"alignright size-full wp-image-4261\" title=\"PowerArchiver Protezione dati FIPS 140-2\" src=\"https:\/\/www.powerarchiver.com\/wp-content\/uploads\/2011\/05\/FIPSlogo-266x300.gif\" alt=\"PowerArchiver Protezione dati FIPS 140-2\" width=\"202\" height=\"190\" \/><\/a><\/p>\n<p class=\"mt20 mb20\">PowerArchiver Professional \u00e8 progettato per soddisfare tutti i requisiti di trasporto e archiviazione dei dati aperti da parte degli Stati Uniti con la protezione dei dati conforme FIPS 140-2. Comprimi e crittografa i dati dallo storage al trasporto in piena conformit\u00e0 con tutti i requisiti governativi degli Stati Unitis.<\/p>\n<p class=\"mt20 mb20\"><strong>Argomenti importanti sulla conformit\u00e0 FIPS 140-2<strong><\/p>\n<ul style=\"list-style-type: circle;\">\n<li class=\"mt20 mb20\"><strong>Salvaguardare i dati a riposo e archiviazione &#8211;<\/strong> La crittografia ZIP AES 256 viene utilizzata con i moduli convalidati FIPS 140-2. Questo rende i file crittografati in conformit\u00e0 con FIPS 140-2 durante il riposo \/ stoccaggio<\/li>\n<li class=\"mt20 mb20\"><strong>Salvaguardare i dati durante il trasporto<\/strong> &#8211; PowerArchiver Secure FTP utilizza moduli convalidati FIPS 140-2 per la conformit\u00e0 allo standard FIPS 140-2 durante il trasporto dei dati.<\/li>\n<\/ul>\n<h3 class=\"title\">Funzionalit\u00e0 di sicurezza senza pari con conformit\u00e0 FIPS 140-2<\/h3>\n<p>PowerArchiver viene fornito con un livello senza precedenti di caratteristiche di sicurezza. Non solo supporta pienamente lo standard zip 256bit AES, PowerArchiver offre anche diversi strumenti di sicurezza aggiuntivi.<\/p>\n<ul style=\"list-style-type: circle;\">\n<li><img decoding=\"async\" loading=\"lazy\" style=\"float: right; padding-left: 20px; padding-bottom: 20px;\" src=\"\/\/www.powerarchiver.com\/images\/features\/features_encrypt.gif\" alt=\"Encrypt\" width=\"202\" height=\"133\" \/><strong>Supporto completo per la crittografia Zip AES, 128-bit\/192-bit\/256-bit  <\/strong>(supporta: PKZIP 5.1 (Full), Secure zip 8.0 e WinZip 9.0 AE-1 &amp; ae-2). Solo Utility completamente compatibile sia con WinZip che con la crittografia Secure zip. Questo assicura che i file zip\/Zipx inviati tramite PowerArchiver possano essere aperti dal numero massimo di utilit\u00e0 di compressione che supportano gli standard ZIP AES.<\/li>\n<li><strong>Criteri password<\/strong> -Consente di impostare un criterio di password minima\/regola, per costringere gli utenti a inserire le password con la lunghezza pre-configurata e mix di caratteri, in modo che sar\u00e0 pi\u00f9 difficile da craccare. Le opzioni includono: lunghezza minima password, forzatura di minuscolo, maiuscolo, caratteri numerici e simboli, indipendentemente. <a href=\"http:\/\/www.youtube.com\/watch?list=UUPk0HB05SALqigCXJExgFAQ&amp;feature=player_detailpage&amp;v=rK-LgKtYnSg\" target=\"_blank\" rel=\"noopener noreferrer\">Clicca qui per Youtube Tutorial<\/a><\/li>\n<li><strong>Criteri password<\/strong> &#8211; \u00c8 possibile impostare i profili di password e selezionare i profili da un menu a discesa durante l&#8217;immissione della password, consentendo cos\u00ec la produttivit\u00e0. Funziona sia in crittografia che in decrittazione, per tutte le modalit\u00e0 supportate. <a href=\"http:\/\/www.youtube.com\/watch?v=h9nDGXVnyhc&amp;list=UUPk0HB05SALqigCXJExgFAQ&amp;index=3&amp;feature=plcp\" target=\"_blank\" rel=\"noopener noreferrer\">Clicca qui per Youtube Tutorial<\/a>.<\/li>\n<li><strong>File Wipe<\/strong> &#8211; Cancella i file temporanei utilizzando DoD 5220,22-M metodi suggeriti per la cancellazione e sanificazione di informazioni su un supporto scrivibile. \u00c8 possibile selezionare tra 1, 3 e 7 passaggi. <a href=\"http:\/\/www.youtube.com\/watch?list=UUPk0HB05SALqigCXJExgFAQ&amp;feature=player_detailpage&amp;v=rK-LgKtYnSg\" target=\"_blank\" rel=\"noopener noreferrer\">Clicca qui per Youtube Tutorial.<\/a><\/li>\n<\/ul>\n<p><strong>Certificati di convalida FIPS 140-2: per conformit\u00e0 FIPS 140-2, PowerArchiver<\/strong>utilizza il provider Cryptographic Enhanced di Microsoft CryptoAPI, che \u00e8 validato contro FIPS 140-2. Questo \u00e8 un componente di sistema a livello di sistema operativo Windows fornito da Microsoft. I certificati FIPS 140-2 sono i seguenti: Windows 8 (cert. <a href=\"http:\/\/csrc.nist.gov\/groups\/STM\/cmvp\/documents\/140-1\/140sp\/140sp1894.pdf\" target=\"_blank\" rel=\"noopener noreferrer\">#1894<\/a>), Windows 7 (<a href=\"http:\/\/csrc.nist.gov\/groups\/STM\/cmvp\/documents\/140-1\/140crt\/140crt1330.pdf\" target=\"_blank\" rel=\"noopener noreferrer\">cert #1330<\/a>), Windows Vista (cert. #<a href=\"http:\/\/csrc.nist.gov\/groups\/STM\/cmvp\/documents\/140-1\/140crt\/140crt1002.pdf\" target=\"_blank\" rel=\"noopener noreferrer\">1002<\/a>) Windows XP SP3 (cert. #<a href=\"http:\/\/csrc.nist.gov\/groups\/STM\/cmvp\/documents\/140-1\/140crt\/140crt989.pdf\" target=\"_blank\" rel=\"noopener noreferrer\">989<\/a>), Windows Server 2012 (cert. <a href=\"http:\/\/csrc.nist.gov\/groups\/STM\/cmvp\/documents\/140-1\/140sp\/140sp1894.pdf\" target=\"_blank\" rel=\"noopener noreferrer\">#1894<\/a>), Windows Server 2008 R2 (cert. #<a href=\"http:\/\/csrc.nist.gov\/groups\/STM\/cmvp\/documents\/140-1\/140crt\/140crt1337.pdf\" target=\"_blank\" rel=\"noopener noreferrer\">1337<\/a>), Windows Server 2008 (cert. #<a href=\"http:\/\/csrc.nist.gov\/groups\/STM\/cmvp\/documents\/140-1\/140crt\/140crt1010.pdf\" target=\"_blank\" rel=\"noopener noreferrer\">1010<\/a>), Windows Server 2003 (cert. #<a href=\"http:\/\/csrc.nist.gov\/groups\/STM\/cmvp\/documents\/140-1\/140crt\/140crt1012.pdf\" target=\"_blank\" rel=\"noopener noreferrer\">1012<\/a>). Windows 10 and Windows 2016 Server (cert. #<a href=\"https:\/\/csrc.nist.gov\/projects\/cryptographic-module-validation-program\/Certificate\/2937\" target=\"_blank\" rel=\"noopener noreferrer\">2937<\/a>).<\/p>\n<h3 class=\"title\">Facilit\u00e0 di installazione e gestione utente<\/h3>\n<p>PowerArchiver \u00e8 stato utilizzato da alcune delle pi\u00f9 grandi aziende del mondo negli ultimi 16 anni. \u00c8 facile da installare e gestire tramite criteri GPO o varie modalit\u00e0 di gestione delle applicazioni utilizzando il sistema operativo Microsoft Windows. \u00c8 possibile configurare ed eseguire PowerArchiver sul desktop aziendale in meno di 5 minuti con un&#8217;unica chiave di registrazione per tutti i tuoi utenti. L&#8217;installazione silenziosa e l&#8217;eccellente configurazione dell&#8217;interfaccia consentono di rimuovere funzionalit\u00e0 che non si desidera utilizzare. Qualsiasi impostazione di PowerArchiver pu\u00f2 essere forzata \/ bloccata se configurata dall&#8217;amministratore..<\/p>\n<p><strong>Funzioni amministrative pi\u00f9 utilizzate supportate da PowerArchiver<\/strong><\/p>\n<ul style=\"list-style-type: circle;\">\n<li><strong>Installazione di Windows Installer <\/strong>&#8211; Installazione basata su Windows Installer per la massima semplicit\u00e0 d&#8217;uso.<\/li>\n<li><strong>Semplice registrazione tramite chiave di registro- <\/strong>chiave pu\u00f2 essere distribuito tramite GPO o tramite regsvr32 merge prima\/dopo l&#8217;installazione.<\/li>\n<li><strong>Imponi le impostazioni sugli utenti<\/strong> -L&#8217;amministratore pu\u00f2 forzare qualsiasi impostazione sull&#8217;utente. Per esempio, vietare una qualsiasi delle funzionalit\u00e0 online PowerArchiver, applicare la crittografia Zip AES 256 e FIPS 140-2 modalit\u00e0, applicare i criteri di password minima, disabilitare una delle principali caratteristiche individualmente e semplificare l&#8217;interfaccia (FTP, backup, crittografia Suite, Data Burner).<\/li>\n<\/ul>\n<h3 class=\"title\">Include PowerArchiver Outlook Plugin<\/h3>\n<p>Include PowerArchiver Outlook plugin con le seguenti funzionalit\u00e0:<a href=\"https:\/\/www.powerarchiver.com\/images\/paop.png\" target=\"_blank\" rel=\"noopener noreferrer\"><img decoding=\"async\" loading=\"lazy\" class=\"alignnone\" style=\"padding-left: 20px; float: right;\" src=\"\/\/www.powerarchiver.com\/images\/paop.png\" alt=\"Clicca per screenshot\" width=\"240\" height=\"240\" \/><\/a><\/p>\n<ul style=\"list-style-type: circle;\">\n<li>Pu\u00f2 essere configurato per funzionare automaticamente senza l&#8217;input dell&#8217;utente.<\/li>\n<li>Comprimi in pi\u00f9 formati (ZIP, ZIPX, 7-Zip, CAB, TAR.GZ) con impostazioni diverse.<\/li>\n<li>Potente supporto per la crittografia a 256 bit con standard ZIP \/ ZIPX AES256bit. Certificato FIPS 140-2<\/li>\n<li>Creare allegati SFX (eseguibili) compressi nei formati CAB o ZIP.<\/li>\n<li>Rinomina automaticamente l&#8217;estensione dell&#8217;allegato per bypassare i filtri di posta.<\/li>\n<li>Esclusioni basate sull&#8217;estensione con estensioni comunemente utilizzate predefinite.<\/li>\n<li>Nome allegato basato sul primo file e filtro in base alla dimensione minima del file.<\/li>\n<li>Opzione per includere il file della guida con allegato.<\/li>\n<li>Regole di configurazione semplificate per gli amministratori.<\/li>\n<li>Installazione basata su Windows Installer.<\/li>\n<li>Superba compatibilit\u00e0 con tutte le versioni di Outlook, da Outlook 2000 a Outlook 2013 (sia a 32 bit che a 64 bit). Nessun crash o appeso Microsoft Outlook.<\/li>\n<\/ul>\n<h3 class=\"title mt20\">Include PowerArchiver Secure FTP<\/h3>\n<p>PowerArchiver Professional include la funzionalit\u00e0 &#8220;Invia a Secure FTP&#8221; che consente di inviare file in modo rapido e affidabile per proteggere i server FTP. Sono supportati tutti gli standard server FTP conosciuti, tra cui SFTP e FTP su SSL. PowerArchiver Secure FTP \u00e8 completamente certificato FIPS 140-2 e soddisfa gli standard di sicurezza dei dati governativi degli Stati Uniti.<br \/>\n<strong>PowerArchiver Secure FTP utilizza la libreria OpenSSL convalidata FIPS 140-2 per la conformit\u00e0 con FIPS 140-2.<\/strong><\/p>\n<h3 class=\"title mt20\">Include PowerArchiver Command Line (PACL)<\/h3>\n<p><img decoding=\"async\" class=\"ml20\" style=\"float: right;\" src=\"\/\/www.powerarchiver.com\/images\/pacl_120.gif\" alt=\"PACL\" \/>PACL \u00e8 un&#8217;utilit\u00e0 di archiviazione di riga di comando autonoma avanzata per ambienti di console Windows. Supporta pienamente una variet\u00e0 di formati di file compressi pi\u00f9 popolari, tra cui: ZIP, ZIPX, 7-ZIP, CAB, PA, JAR, TAR, TAR.GZ, TAR.BZ2, yENC, Base64, CAB SFX e molti altri. PACL include anche 5 diversi metodi di crittografia.<\/p>\n<p>PACL \u00e8 stato progettato per essere un&#8217;applicazione versatile, affidabile e programmabile che pu\u00f2 essere utilizzata in diverse configurazioni e scenari. \u00c8 certificato FIPS 140-2 e soddisfa pienamente i requisiti del governo degli Stati Uniti per gli standard aperti e la protezione dei dati.\n<\/p><\/div>\n<\/div>\n<div class=\"comm-left-bottom\"><\/div>\n<\/div>\n<\/div>\n<\/div>\n<\/div>\n<p>[\/vc_column_text][\/vc_column_inner][\/vc_row_inner][vc_row_inner ebor_title=&#8221;Screenshots&#8221; ebor_type=&#8221;tab&#8221;][vc_column_inner][vc_gallery type=&#8221;image_grid&#8221; images=&#8221;24984,24977,24928,24921,24914,24907,24900,24888,24881,24874,24867,24860,24853,24846,24949,24956,24963,24942,24970,24935&#8243;][\/vc_column_inner][\/vc_row_inner]<\/ul><\/div>[\/vc_column][vc_column width=&#8221;1\/4&#8243;]<div class=\"  bg--secondary  boxed boxed--border\" ><div class=\"container\">[vc_column_text]<\/p>\n<h4 class=\"web_right_hd\">Licenze multiple<br \/>\n<span>(Inglese)<\/span><\/h4>\n<div class=\"file_rghtlist\">\n<ul>\n<li><span>1 Licenza<\/span> $34.95<\/li>\n<li><span>2-9 Licenza<\/span> $25.00<\/li>\n<li><span>10-24 Licenza<\/span> $20.00<\/li>\n<li><span>25-49 Licenza<\/span> $17.00<\/li>\n<li><span>50-99 Licenza<\/span> $13.00<\/li>\n<li><span>100-199 Licenza<\/span> $10.00<\/li>\n<li><span>200-499 Licenza<\/span> $7.50<\/li>\n<li><span>500-999 Licenza<\/span> $5.00<\/li>\n<\/ul>\n<p><a class=\"btn btn--primary\" href=\"https:\/\/www.powerarchiver.com\/l\/pa2023-pro\"><span class=\"btn__text\">ACQUISTA ORA<\/span><\/a><\/p>\n<\/div>\n<h4><\/h4>\n<h4 class=\"web_right_hd\">Licenze multiple<br \/>\n<span>(Multilingue)<\/span><\/h4>\n<div><\/div>\n<div class=\"file_rghtlist\">\n<ul>\n<li><span>1 Licenza<\/span> \u20ac34.95<\/li>\n<li><span>2-9 Licenza<\/span> \u20ac25.00<\/li>\n<li><span>10-24 Licenza<\/span> \u20ac20.00<\/li>\n<li><span>25-49 Licenza<\/span> \u20ac17.00<\/li>\n<li><span>50-99 Licenza<\/span> \u20ac13.00<\/li>\n<li><span>100-199 Licenza<\/span> \u20ac10.00<\/li>\n<li><span>200-499 Licenza<\/span> \u20ac7.50<\/li>\n<li><span>500-999 Licenza<\/span> \u20ac5.00<\/li>\n<\/ul>\n<p><a class=\"btn btn--primary\" href=\"https:\/\/www.powerarchiver.com\/l\/pa2023-pro-int\"><span class=\"btn__text\">ACQUISTA ORA<\/span><\/a><\/p>\n<h4 class=\"web_right_hd1\">Accessibilit\u00e0<\/h4>\n<h4>Sezione 508 conformit\u00e0<\/h4>\n<div><\/div>\n<p>Ogni versione di PowerArchiver \u00e8 la sezione 508 conforme. Si prega di <a href=\"https:\/\/powerarchiverdl.cachefly.net\/download\/compliance\/powerarchiver-VPAT.pdf\">cliccare qui<\/a> per scaricare VPAT PDF.<\/p>\n<h4 class=\"web_right_hd1\">Requisiti di sistema<\/h4>\n<div><\/div>\n<h4>Sistemi operativi:<\/h4>\n<ul>\n<li>Windows 10<\/li>\n<li>Windows 8.1<\/li>\n<li>Windows 8<\/li>\n<li>Windows 7<\/li>\n<li>Windows Vista<\/li>\n<li>Windows XP<\/li>\n<li>Windows Server 2016<\/li>\n<li>Windows Server 2012<\/li>\n<li>Windows Server 2008<\/li>\n<li>Windows Server 2003<\/li>\n<\/ul>\n<h4>Computer:<\/h4>\n<p>Ogni computer che gestisce uno dei sistemi operativi sopra menzionati ad una velocit\u00e0 ragionevole.<\/p>\n<div><\/div>\n<h4>Requisiti di spazio su disco:<\/h4>\n<p>150 MB per i file di programma pi\u00f9 qualche spazio aggiuntivo per i file di backup (minimo).<\/p>\n<div><\/div>\n<h4>Varie:<\/h4>\n<p>Processore multi-core raccomandato per la migliore velocit\u00e0.<\/p>\n<div><\/div>\n<h4 class=\"web_right_hd1\">Traduzioni<\/h4>\n<div><\/div>\n<p>Catalano, Croato, Cinese (semplificato), Cinese (tradizionale), Ceco, Danese, Olandese, Tedesco, Estone, Inglese (USA), Inglese (Regno Unito), Francese, Finlandese, Francese, Ebraico, Ungherese, Indonesiano, Italiano, Giapponese, Norvegese, Polacco, Portoghese (Brasile), Portoghese (Portogallo), Rumeno, Russo, Serbo (Cyrillic, BiH), Serbo (Latino, Serbia), Spagnolo (Argentina), Spagnolo (Spagna), Slovacco, Sloveno, Svedese, Turco, Lingue Ucraine e Coreane.\n<\/p><\/div>\n<p>[\/vc_column_text]<\/div><\/div>[\/vc_column][\/vc_row][\/vc_section][vc_row][vc_column][vc_column_text]<\/p>\n<p>[\/vc_column_text][\/vc_column][\/vc_row]<\/p>\n","protected":false},"excerpt":{"rendered":"<p>[vc_row full_width=&#8221;stretch_row&#8221;][vc_column][\/vc_column][\/vc_row][vc_row][vc_column][vc_empty_space height=&#8221;20px&#8221;][vc_column_text] PowerArchiver Professional (per il governo) [\/vc_column_text][vc_empty_space height=&#8221;20px&#8221;][\/vc_column][\/vc_row][vc_section][vc_row css=&#8221;.vc_custom_1485825445121{margin-bottom: 10px !important;}&#8221;][vc_column width=&#8221;3\/4&#8243;][\/vc_column][vc_column width=&#8221;1\/4&#8243;][\/vc_column][\/vc_row][\/vc_section][vc_row][vc_column][vc_column_text] [\/vc_column_text][\/vc_column][\/vc_row]<\/p>\n","protected":false},"author":3,"featured_media":0,"parent":0,"menu_order":0,"comment_status":"closed","ping_status":"closed","template":"","meta":{"footnotes":""},"_links":{"self":[{"href":"https:\/\/www.powerarchiver.com\/it\/wp-json\/wp\/v2\/pages\/13033"}],"collection":[{"href":"https:\/\/www.powerarchiver.com\/it\/wp-json\/wp\/v2\/pages"}],"about":[{"href":"https:\/\/www.powerarchiver.com\/it\/wp-json\/wp\/v2\/types\/page"}],"author":[{"embeddable":true,"href":"https:\/\/www.powerarchiver.com\/it\/wp-json\/wp\/v2\/users\/3"}],"replies":[{"embeddable":true,"href":"https:\/\/www.powerarchiver.com\/it\/wp-json\/wp\/v2\/comments?post=13033"}],"version-history":[{"count":18,"href":"https:\/\/www.powerarchiver.com\/it\/wp-json\/wp\/v2\/pages\/13033\/revisions"}],"predecessor-version":[{"id":25017,"href":"https:\/\/www.powerarchiver.com\/it\/wp-json\/wp\/v2\/pages\/13033\/revisions\/25017"}],"wp:attachment":[{"href":"https:\/\/www.powerarchiver.com\/it\/wp-json\/wp\/v2\/media?parent=13033"}],"curies":[{"name":"wp","href":"https:\/\/api.w.org\/{rel}","templated":true}]}}