{"id":9828,"date":"2017-02-08T00:30:33","date_gmt":"2017-02-08T00:30:33","guid":{"rendered":"http:\/\/beta.powerarchiver.com\/home-software-2\/"},"modified":"2023-09-02T06:24:55","modified_gmt":"2023-09-02T06:24:55","slug":"home-software-2","status":"publish","type":"page","link":"https:\/\/www.powerarchiver.com\/fr\/","title":{"rendered":"Home"},"content":{"rendered":"<p>[vc_section]<br \/>\n[\/vc_section]<\/p>\n<p>[vc_row][vc_column][vc_column_text]<\/p>\n<p>[\/vc_column_text][\/vc_column][\/vc_row][vc_row][vc_column][vc_column_text]<\/p>\n<p>[\/vc_column_text][\/vc_column][\/vc_row][vc_section][vc_row][vc_column][vc_empty_space height=\u00a0\u00bb50px\u00a0\u00bb][\/vc_column][\/vc_row][vc_row][vc_column width=\u00a0\u00bb1\/2&Prime; el_class=\u00a0\u00bbhomepage_f\u00a0\u00bb][vc_column_text]<\/p>\n<h1 style=\"text-align: center;\">PowerArchiver 2023<\/h1>\n<ul style=\"font-size:17px;\" class=\"hompepage_list_f\">\n<li style=\"list-style-type: disc;\">Compresse, S\u00e9curise, \u00c9change et Sauvegarde vos donn\u00e9es.<\/li>\n<li style=\"list-style-type: disc;\">L\u2019archiveur le plus compatible qui soit pour ouvrir tous vos fichiers re\u00e7us!<\/li>\n<li style=\"list-style-type: disc;\">Cr\u00e9e des fichiers ZIP, ZIPX, 7Z, PA, RAR, ISO plus de 60 formats.<\/li>\n<li style=\"list-style-type: disc;\">Une compression plus forte et un cryptage AES 256 bits s\u00e9curis\u00e9!<\/li>\n<\/ul>\n<p>[\/vc_column_text][vc_empty_space height=\u00a0\u00bb30px\u00a0\u00bb][vc_row_inner]<\/p>\n<div id=\"pa_2021_std\">\n<p>[vc_column_inner][vc_column_text]<\/p>\n<p style=\"text-align: center;\"><a class=\"btn btn--primary btn--lg type--uppercase\" href='https:\/\/powerarchiverdl.cachefly.net\/2023\/powarc221002.exe' id=\"download_nv\"><img decoding=\"async\" style=\"margin-left:-10px;margin-right:10px;\" src=\"https:\/\/www.powerarchiver.com\/wp-content\/uploads\/2020\/05\/icons8-windows8-24.png\" alt=\"\" \/>DOWNLOAD<\/a><\/p>\n<p style=\"text-align: center;\"><span class=\"block type--fine-print\">Version 22.10.02 \/ Official \/ Windows<\/span><\/p>\n<p>[\/vc_column_text][\/vc_column_inner]<\/p><\/div>\n<div id=\"pa_2021_mac\">\n<p>[vc_column_inner][vc_column_text]<\/p>\n<p style=\"text-align: center;\"><a class=\"btn btn--primary-2 btn--lg type--uppercase\" href='https:\/\/powerarchiverdl.cachefly.net\/macos\/powarc-macos20001.dmg' id=\"download_nv_beta_mac\"><img decoding=\"async\" style=\"margin-left:-10px;margin-right:10px;\" src=\"https:\/\/www.powerarchiver.com\/wp-content\/uploads\/2020\/05\/icons8-apple-logo-24.png\" alt=\"\" \/>T\u00e9l\u00e9charger<\/a><\/p>\n<p style=\"text-align: center;\" id=\"pa_2021_std\"><span class=\"block type--fine-print\">PowerArchiver 2023 for macOS Version 2.00.01<\/span><\/p>\n<p>[\/vc_column_text][\/vc_column_inner]<\/p><\/div>\n<p>[\/vc_row_inner][\/vc_column][vc_column width=\u00a0\u00bb1\/2&Prime; el_class=\u00a0\u00bbhomepage_f\u00a0\u00bb][vc_empty_space height=\u00a0\u00bb20px\u00a0\u00bb][vc_raw_html]JTNDZGl2JTIwY2xhc3MlM0QlMjJ3cGJfc2luZ2xlX2ltYWdlJTIwd3BiX2NvbnRlbnRfZWxlbWVudCUyMHZjX2FsaWduX2xlZnQlMjBib3gtc2hhZG93LXdpZGUlMjBzbGlkZXIlMjIlMjBpZCUzRCUyMndpbl9zY3JlZW5zaG90cyUyMiUzRSUwQSUwOSUzQ2ZpZ3VyZSUyMGNsYXNzJTNEJTIyd3BiX3dyYXBwZXIlMjB2Y19maWd1cmUlMjIlM0UlMEElMDklMDklM0NkaXYlMjBjbGFzcyUzRCUyMnZjX3NpbmdsZV9pbWFnZS13cmFwcGVyJTIwJTIwJTIwdmNfYm94X2JvcmRlcl9ncmV5JTIyJTNFJTNDaW1nJTIwJTIwaWQlM0QlMjJoX3NsaWRlciUyMiUyMHdpZHRoJTNEJTIyMTAyNCUyMiUyMGhlaWdodCUzRCUyMjUxMiUyMiUyMHNyYyUzRCUyMmh0dHBzJTNBJTJGJTJGd3d3LnBvd2VyYXJjaGl2ZXIuY29tJTJGd3AtY29udGVudCUyRnVwbG9hZHMlMkYyMDIwJTJGMDYlMkZzMS5qcGclMjIlMjBjbGFzcyUzRCUyMnZjX3NpbmdsZV9pbWFnZS1pbWclMjBhdHRhY2htZW50LWxhcmdlJTIyJTJGJTNFJTNDJTJGZGl2JTNFJTBBJTA5JTNDJTJGZmlndXJlJTNFJTBBJTNDJTJGZGl2JTNFJTBBJTBBJTNDZGl2JTIwY2xhc3MlM0QlMjJ3cGJfc2luZ2xlX2ltYWdlJTIwd3BiX2NvbnRlbnRfZWxlbWVudCUyMHZjX2FsaWduX2xlZnQlMjBib3gtc2hhZG93LXdpZGUlMjBzbGlkZXIlMjIlMjBpZCUzRCUyMm1hY19zY3JlZW5zaG90cyUyMiUzRSUwQSUwOSUzQ2ZpZ3VyZSUyMGNsYXNzJTNEJTIyd3BiX3dyYXBwZXIlMjB2Y19maWd1cmUlMjIlM0UlMEElMDklMDklM0NkaXYlMjBjbGFzcyUzRCUyMnZjX3NpbmdsZV9pbWFnZS13cmFwcGVyJTIwJTIwJTIwdmNfYm94X2JvcmRlcl9ncmV5JTIyJTNFJTNDaW1nJTIwJTIwaWQlM0QlMjJtYWNfc2xpZGVyJTIyJTIwd2lkdGglM0QlMjIxMDI0JTIyJTIwaGVpZ2h0JTNEJTIyNTEyJTIyJTIwc3JjJTNEJTIyaHR0cHMlM0ElMkYlMkZ3d3cucG93ZXJhcmNoaXZlci5jb20lMkZ3cC1jb250ZW50JTJGdXBsb2FkcyUyRjIwMjIlMkYwMSUyRm1hY29zMS5wbmclMjIlMjBjbGFzcyUzRCUyMnZjX3NpbmdsZV9pbWFnZS1pbWclMjBhdHRhY2htZW50LWxhcmdlJTIyJTJGJTNFJTNDJTJGZGl2JTNFJTBBJTA5JTNDJTJGZmlndXJlJTNFJTBBJTNDJTJGZGl2JTNF[\/vc_raw_html][\/vc_column][\/vc_row][vc_row css=\u00a0\u00bb.vc_custom_1510858649440{padding-top: 0px !important;padding-right: 0px !important;padding-bottom: 0px !important;padding-left: 0px !important;}\u00a0\u00bb][vc_column][\/vc_column][\/vc_row][vc_row][vc_column][vc_empty_space height=\u00a0\u00bb10px\u00a0\u00bb][\/vc_column][\/vc_row][\/vc_section][vc_row][vc_column][vc_column_text]<\/p>\n<p>[\/vc_column_text][\/vc_column][\/vc_row][vc_row equal_height=\u00a0\u00bbyes\u00a0\u00bb css=\u00a0\u00bb.vc_custom_1510845607321{padding-top: 80px !important;padding-bottom: 80px !important;}\u00a0\u00bb][vc_column width=\u00a0\u00bb1\/6&Prime;][vc_single_image image=\u00a0\u00bb11944&Prime; img_size=\u00a0\u00bbfull\u00a0\u00bb alignment=\u00a0\u00bbcenter\u00a0\u00bb][vc_single_image image=\u00a0\u00bb11956&Prime; img_size=\u00a0\u00bbfull\u00a0\u00bb alignment=\u00a0\u00bbcenter\u00a0\u00bb][\/vc_column][vc_column width=\u00a0\u00bb1\/6&Prime;][vc_single_image image=\u00a0\u00bb11945&Prime; img_size=\u00a0\u00bbfull\u00a0\u00bb alignment=\u00a0\u00bbcenter\u00a0\u00bb][vc_single_image image=\u00a0\u00bb11951&Prime; img_size=\u00a0\u00bbfull\u00a0\u00bb alignment=\u00a0\u00bbcenter\u00a0\u00bb][\/vc_column][vc_column width=\u00a0\u00bb1\/6&Prime;][vc_single_image image=\u00a0\u00bb11946&Prime; img_size=\u00a0\u00bbfull\u00a0\u00bb alignment=\u00a0\u00bbcenter\u00a0\u00bb][vc_single_image image=\u00a0\u00bb11952&Prime; img_size=\u00a0\u00bbfull\u00a0\u00bb alignment=\u00a0\u00bbcenter\u00a0\u00bb][\/vc_column][vc_column width=\u00a0\u00bb1\/6&Prime;][vc_single_image image=\u00a0\u00bb11947&Prime; img_size=\u00a0\u00bbfull\u00a0\u00bb alignment=\u00a0\u00bbcenter\u00a0\u00bb][vc_single_image image=\u00a0\u00bb11953&Prime; img_size=\u00a0\u00bbfull\u00a0\u00bb alignment=\u00a0\u00bbcenter\u00a0\u00bb][\/vc_column][vc_column width=\u00a0\u00bb1\/6&Prime;][vc_single_image image=\u00a0\u00bb11948&Prime; img_size=\u00a0\u00bbfull\u00a0\u00bb alignment=\u00a0\u00bbcenter\u00a0\u00bb][vc_single_image image=\u00a0\u00bb13116&Prime; img_size=\u00a0\u00bbfull\u00a0\u00bb alignment=\u00a0\u00bbcenter\u00a0\u00bb][\/vc_column][vc_column width=\u00a0\u00bb1\/6&Prime;][vc_single_image image=\u00a0\u00bb11949&Prime; img_size=\u00a0\u00bbfull\u00a0\u00bb alignment=\u00a0\u00bbcenter\u00a0\u00bb][vc_single_image image=\u00a0\u00bb11955&Prime; img_size=\u00a0\u00bbfull\u00a0\u00bb alignment=\u00a0\u00bbcenter\u00a0\u00bb][\/vc_column][\/vc_row][vc_row][vc_column][vc_column_text]<\/p>\n<p>[\/vc_column_text][\/vc_column][\/vc_row][vc_section el_class=\u00a0\u00bbbg&#8211;secondary\u00a0\u00bb][vc_row][vc_column width=\u00a0\u00bb1\/6&Prime;][\/vc_column][vc_column width=\u00a0\u00bb2\/3&Prime;][vc_empty_space height=\u00a0\u00bb30px\u00a0\u00bb][vc_column_text]<\/p>\n<h2 style=\"text-align: center;\">Toutes les fonctions de PowerArchiver<\/h2>\n<p class=\"lead\" style=\"text-align: center;\">Cr\u00e9ation et ouverture des archives ZIP, PA, ZIPX, 7-zip, LHA, CAB, TAR\/GZ\/BZ2, BH et archives PAE. Support complet de Windows 7 avec \u00e9l\u00e9vation des privil\u00e8ges (UAC \u2013 Contr\u00f4le du compte de l\u2019utilisateur) et Clich\u00e9 Instantan\u00e9 de Volume (VSS)! Compression multi-coeur et extraction plus rapide en format RAR.<\/p>\n<p>[\/vc_column_text][\/vc_column][vc_column width=\u00a0\u00bb1\/6&Prime;][\/vc_column][\/vc_row][vc_row css=\u00a0\u00bb.vc_custom_1486514058573{padding-top: 100px !important;}\u00a0\u00bb][vc_column width=\u00a0\u00bb1\/3&Prime;]\n\t\t\t<div class=\" feature feature-2 boxed boxed--border\">\n\t\t\t    <span class=\"icon icon-Folder-Zip color--primary\"><\/span>\n\t\t\t    <div class=\"feature__body\"><\/p>\n<div class=\"ftre_small\">\n<h5>PowerArchiver Toolbox<\/h5>\n<div class=\"pro_toptxt\">Prise en charge de plus de 60 formats de compression diff\u00e9rents! Le plus rapide des moteurs ZIP \/ ZIPX!<\/div>\n<\/div>\n<p><\/div>\n\t\t\t<\/div><!--end feature-->\n\t\t\n\t\t\t<div class=\" feature feature-2 boxed boxed--border\">\n\t\t\t    <span class=\"icon icon-Folder-Lock color--primary\"><\/span>\n\t\t\t    <div class=\"feature__body\"><\/p>\n<h5>FTP s\u00e9curis\u00e9<\/h5>\n<p><span>Client FTP s\u00e9curis\u00e9 avec toutes les fonctionnalit\u00e9s, y compris la validation FIPS 140-2!<\/span><\/div>\n\t\t\t<\/div><!--end feature-->\n\t\t\n\t\t\t<div class=\" feature feature-2 boxed boxed--border\">\n\t\t\t    <span class=\"icon icon-Windows-Microsoft color--primary\"><\/span>\n\t\t\t    <div class=\"feature__body\"><\/p>\n<h5>Office Add-Ins<\/h5>\n<p><span>Automatiquement compresser et chiffrer des documents dans Microsoft Outlook, Word, Excel XP-2016.<\/span><\/div>\n\t\t\t<\/div><!--end feature-->\n\t\t[\/vc_column][vc_column width=\u00a0\u00bb1\/3&Prime;]\n\t\t\t<div class=\" feature feature-2 boxed boxed--border\">\n\t\t\t    <span class=\"icon icon-Security-Check color--primary\"><\/span>\n\t\t\t    <div class=\"feature__body\"><\/p>\n<h5>Encryption Suite<\/h5>\n<p><span>Chiffrer, d\u00e9chiffrer, signer et v\u00e9rifier dans divers formats AES et OpenPGP. FIPS 140-2 valid\u00e9!<\/span><\/div>\n\t\t\t<\/div><!--end feature-->\n\t\t\n\t\t\t<div class=\" feature feature-2 boxed boxed--border\">\n\t\t\t    <span class=\"icon icon-Hub color--primary\"><\/span>\n\t\t\t    <div class=\"feature__body\"><\/p>\n<h5>Virtual ISO Drive<\/h5>\n<p><span>Monter des images ISO dans Virtual Drive sans avoir \u00e0 les graver!<\/span><br \/>\n<span>\u00a0<\/span><\/div>\n\t\t\t<\/div><!--end feature-->\n\t\t\n\t\t\t<div class=\" feature feature-2 boxed boxed--border\">\n\t\t\t    <span class=\"icon icon-DVD color--primary\"><\/span>\n\t\t\t    <div class=\"feature__body\"><\/p>\n<h5>Data\/Audio Burner<\/h5>\n<p><span>Graver, copier, extraire des donn\u00e9es et des disques CD \/ DVD \/ Blu-Ray audio.<\/span><br \/>\n<span>\u00a0<\/span><\/div>\n\t\t\t<\/div><!--end feature-->\n\t\t[\/vc_column][vc_column width=\u00a0\u00bb1\/3&Prime;]\n\t\t\t<div class=\" feature feature-2 boxed boxed--border\">\n\t\t\t    <span class=\"icon icon-Chacked-Flag color--primary\"><\/span>\n\t\t\t    <div class=\"feature__body\"><\/p>\n<h5><span>Advanced Codec Pack (.PA)<\/span><\/h5>\n<p><span>Meilleur format avec la compression la plus forte, la d\u00e9duplication des donn\u00e9es et le cryptage tr\u00e8s s\u00e9curis\u00e9.<\/span><\/div>\n\t\t\t<\/div><!--end feature-->\n\t\t\n\t\t\t<div class=\" feature feature-2 boxed boxed--border\">\n\t\t\t    <span class=\"icon icon-Clock-Back color--primary\"><\/span>\n\t\t\t    <div class=\"feature__body\"><\/p>\n<h5>Backup<\/h5>\n<p>Suite compl\u00e8te de sauvegarde d&rsquo;entreprise avec support de clich\u00e9s instantan\u00e9s, journaux, sauvegarde r\u00e9seau et plus encore!<\/div>\n\t\t\t<\/div><!--end feature-->\n\t\t\n\t\t\t<div class=\" feature feature-2 boxed boxed--border\">\n\t\t\t    <span class=\"icon icon-Cloud color--primary\"><\/span>\n\t\t\t    <div class=\"feature__body\"><\/p>\n<h5>Cloud<\/h5>\n<p>Acc\u00e9dez \u00e0 6 services cloud diff\u00e9rents sans avoir besoin d&rsquo;installer leur logiciel!<\/div>\n\t\t\t<\/div><!--end feature-->\n\t\t[\/vc_column][\/vc_row][vc_row][vc_column][vc_empty_space height=\u00a0\u00bb70px\u00a0\u00bb][\/vc_column][\/vc_row][\/vc_section][vc_section el_class=\u00a0\u00bbbg&#8211;primary\u00a0\u00bb][vc_row content_placement=\u00a0\u00bbmiddle\u00a0\u00bb][vc_column width=\u00a0\u00bb1\/2&Prime;][vc_single_image image=\u00a0\u00bb11943&Prime; img_size=\u00a0\u00bbfull\u00a0\u00bb el_class=\u00a0\u00bbbox-shadow-wide\u00a0\u00bb][\/vc_column][vc_column width=\u00a0\u00bb1\/12&Prime;][\/vc_column][vc_column width=\u00a0\u00bb5\/12&Prime;][vc_column_text]<\/p>\n<h2>Built for Business<\/h2>\n<p>Que vous soyez une petite entreprise, une grande entreprise ou une entit\u00e9 gouvernementale, PowerArchiver r\u00e9pond \u00e0 tous vos besoins commerciaux.[\/vc_column_text][vc_empty_space]<ol class=\"process-3 \"><li class=\" process_item\"><div class=\"process__number\"><span><\/span><\/div><div class=\"process__body\"><\/p>\n<h4>Compatible avec plus de 60 formats d&rsquo;archives<\/h4>\n<p>PowerArchiver est enti\u00e8rement compatible avec toutes les archives que vos partenaires commerciaux pourraient vous envoyer &#8211; zip, zipx, 7z, iso, rar et 60 autres formats sont support\u00e9s.<\/p>\n<\/div><\/li><li class=\" process_item\"><div class=\"process__number\"><span><\/span><\/div><div class=\"process__body\"><\/p>\n<h4>Cryptage FIPS 140-2 valid\u00e9<\/h4>\n<p>PowerArchiver poss\u00e8de un cryptage FIPS 140-2 int\u00e9gr\u00e9 et compatible avec WinZip, SecureZIP, OpenPGP ainsi que son propre format de PA super s\u00e9curis\u00e9.<\/p>\n<\/div><\/li><li class=\" process_item\"><div class=\"process__number\"><span><\/span><\/div><div class=\"process__body\"><\/p>\n<h4>Facile \u00e0 installer et \u00e0 g\u00e9rer<\/h4>\n<p>PowerArchiver est pr\u00eat pour l&rsquo;entreprise &#8211; facile \u00e0 installer et \u00e0 g\u00e9rer avec les installations MSI, les strat\u00e9gies de mot de passe. Compl\u00e9ments Office, version de ligne de commande et Secure FTP int\u00e9gr\u00e9.<\/p>\n<\/div><\/li><\/ol>[\/vc_column][\/vc_row][vc_row][vc_column][vc_empty_space height=\u00a0\u00bb70px\u00a0\u00bb][\/vc_column][\/vc_row][\/vc_section][vc_row equal_height=\u00a0\u00bbyes\u00a0\u00bb css=\u00a0\u00bb.vc_custom_1510845607321{padding-top: 80px !important;padding-bottom: 80px !important;}\u00a0\u00bb][vc_column width=\u00a0\u00bb1\/6&Prime;][vc_single_image image=\u00a0\u00bb11944&Prime; img_size=\u00a0\u00bbfull\u00a0\u00bb][vc_single_image image=\u00a0\u00bb11956&Prime; img_size=\u00a0\u00bbfull\u00a0\u00bb][\/vc_column][vc_column width=\u00a0\u00bb1\/6&Prime;][vc_single_image image=\u00a0\u00bb11945&Prime; img_size=\u00a0\u00bbfull\u00a0\u00bb][vc_single_image image=\u00a0\u00bb11951&Prime; img_size=\u00a0\u00bbfull\u00a0\u00bb][\/vc_column][vc_column width=\u00a0\u00bb1\/6&Prime;][vc_single_image image=\u00a0\u00bb11946&Prime; img_size=\u00a0\u00bbfull\u00a0\u00bb][vc_single_image image=\u00a0\u00bb11952&Prime; img_size=\u00a0\u00bbfull\u00a0\u00bb][\/vc_column][vc_column width=\u00a0\u00bb1\/6&Prime;][vc_single_image image=\u00a0\u00bb11947&Prime; img_size=\u00a0\u00bbfull\u00a0\u00bb][vc_single_image image=\u00a0\u00bb11953&Prime; img_size=\u00a0\u00bbfull\u00a0\u00bb][\/vc_column][vc_column width=\u00a0\u00bb1\/6&Prime;][vc_single_image image=\u00a0\u00bb11948&Prime; img_size=\u00a0\u00bbfull\u00a0\u00bb][vc_single_image image=\u00a0\u00bb13116&Prime; img_size=\u00a0\u00bbfull\u00a0\u00bb][\/vc_column][vc_column width=\u00a0\u00bb1\/6&Prime;][vc_single_image image=\u00a0\u00bb11949&Prime; img_size=\u00a0\u00bbfull\u00a0\u00bb][vc_single_image image=\u00a0\u00bb11955&Prime; img_size=\u00a0\u00bbfull\u00a0\u00bb][\/vc_column][\/vc_row]<\/p>\n","protected":false},"excerpt":{"rendered":"<p>[vc_section] [\/vc_section] [vc_row][vc_column][vc_column_text] [\/vc_column_text][\/vc_column][\/vc_row][vc_row][vc_column][vc_column_text] [\/vc_column_text][\/vc_column][\/vc_row][vc_section][vc_row][vc_column][vc_empty_space height=\u00a0\u00bb50px\u00a0\u00bb][\/vc_column][\/vc_row][vc_row][vc_column width=\u00a0\u00bb1\/2&Prime; el_class=\u00a0\u00bbhomepage_f\u00a0\u00bb][vc_column_text] PowerArchiver 2023 Compresse, S\u00e9curise, \u00c9change et Sauvegarde vos donn\u00e9es. L\u2019archiveur le plus compatible qui&#8230;<\/p>\n","protected":false},"author":1,"featured_media":0,"parent":0,"menu_order":0,"comment_status":"closed","ping_status":"closed","template":"","meta":{"footnotes":""},"_links":{"self":[{"href":"https:\/\/www.powerarchiver.com\/fr\/wp-json\/wp\/v2\/pages\/9828"}],"collection":[{"href":"https:\/\/www.powerarchiver.com\/fr\/wp-json\/wp\/v2\/pages"}],"about":[{"href":"https:\/\/www.powerarchiver.com\/fr\/wp-json\/wp\/v2\/types\/page"}],"author":[{"embeddable":true,"href":"https:\/\/www.powerarchiver.com\/fr\/wp-json\/wp\/v2\/users\/1"}],"replies":[{"embeddable":true,"href":"https:\/\/www.powerarchiver.com\/fr\/wp-json\/wp\/v2\/comments?post=9828"}],"version-history":[{"count":68,"href":"https:\/\/www.powerarchiver.com\/fr\/wp-json\/wp\/v2\/pages\/9828\/revisions"}],"predecessor-version":[{"id":25032,"href":"https:\/\/www.powerarchiver.com\/fr\/wp-json\/wp\/v2\/pages\/9828\/revisions\/25032"}],"wp:attachment":[{"href":"https:\/\/www.powerarchiver.com\/fr\/wp-json\/wp\/v2\/media?parent=9828"}],"curies":[{"name":"wp","href":"https:\/\/api.w.org\/{rel}","templated":true}]}}