{"id":18263,"date":"2019-12-11T09:23:12","date_gmt":"2019-12-11T09:23:12","guid":{"rendered":"https:\/\/www.powerarchiver.com\/?page_id=18263"},"modified":"2019-12-12T12:44:40","modified_gmt":"2019-12-12T12:44:40","slug":"powerarchiver-command-line-pacl-for-macos","status":"publish","type":"page","link":"https:\/\/www.powerarchiver.com\/fr\/powerarchiver-command-line-pacl-for-macos\/","title":{"rendered":"PowerArchiver Command Line (PACL) for macOS"},"content":{"rendered":"<p>[vc_row full_width=\u00a0\u00bbstretch_row\u00a0\u00bb][vc_column]\n\t\t\t<section class=\"imagebg image--light cover cover-blocks bg--secondary \" >\n\t\t\t\t<div class=\"background-image-holder\"><img width=\"1430\" height=\"610\" src=\"https:\/\/www.powerarchiver.com\/wp-content\/uploads\/2019\/11\/pa-mac.jpg\" class=\"attachment-full size-full\" alt=\"\" decoding=\"async\" loading=\"lazy\" srcset=\"https:\/\/www.powerarchiver.com\/wp-content\/uploads\/2019\/11\/pa-mac.jpg 1430w, https:\/\/www.powerarchiver.com\/wp-content\/uploads\/2019\/11\/pa-mac-300x128.jpg 300w, https:\/\/www.powerarchiver.com\/wp-content\/uploads\/2019\/11\/pa-mac-768x328.jpg 768w, https:\/\/www.powerarchiver.com\/wp-content\/uploads\/2019\/11\/pa-mac-1024x437.jpg 1024w\" sizes=\"(max-width: 1430px) 100vw, 1430px\" \/><\/div>\n\t\t\t\t<div class=\"container\">\n\t\t\t\t\t<div class=\"row\">\n\t\t\t\t\t\t<div class=\"col-sm-6 col-md-5\">\n\t\t\t\t\t\t\t<div>[vc_column_text el_class=\u00a0\u00bbheadertext1&Prime;]<\/p>\n<h2>Ligne de commandes PowerArchiver (PACL) macOS<\/h2>\n<p>Le plus avanc\u00e9 utilitaire de ligne de commande.<\/p>\n<p>PACL est une fonction d\u2019archivage avanc\u00e9e de la console de commandes de l\u2019environnement Windows. Elle supporte totalement une grande vari\u00e9t\u00e9 de formats d\u2019archives, dont ZIP, 7-ZIP, CAB, JAR, TAR, TAR.GZ, TAR.BZ2, yENC, Base64, CAB SFX et beaucoup d\u2019autres. PACL propose \u00e9galement cinq m\u00e9thodes diff\u00e9rentes de chiffrage.<\/p>\n<hr class=\"short\" \/>\n<h5>Ce qui est inclus:<\/h5>\n<p>Les utilisateurs enregistr\u00e9s de PowerArchiver Professional\/Toolbox peuvent utiliser la ligne de commandes PowerArchiver gratuitement. Pour obtenir un code d\u2019enregistrement pour PACL 7, rendez-vous sur <a href=\"https:\/\/www.conexware.com\/shop\/\">Votre compte ConeXware<\/a>.<\/p>\n<div class=\"wpb_wrapper\" style=\"margin-bottom:20px;\">\n<div class=\"vc_btn3-container vc_btn3-center vc_custom_1536424798326\" style=\"border:solid 1px #bbb;\">\n\t<a class=\"vc_general vc_btn3 vc_btn3-size-lg vc_btn3-shape-square vc_btn3-style-flat vc_btn3-block vc_btn3-icon-left vc_btn3-color-white\" href='https:\/\/www.powerarchiver.com\/l\/download-pacl-for-macos' id=\"download_nv\" title=\"\"><i class=\"vc_btn3-icon fa fa-apple\"><\/i> T\u00e9l\u00e9charger<\/a><\/div>\n<\/div>\n<p>[vc_btn title=\u00a0\u00bb$14.95 &#8211; BUY NOW\u00a0\u00bb style=\u00a0\u00bbflat\u00a0\u00bb shape=\u00a0\u00bbsquare\u00a0\u00bb color=\u00a0\u00bbsky\u00a0\u00bb size=\u00a0\u00bblg\u00a0\u00bb align=\u00a0\u00bbcenter\u00a0\u00bb i_icon_fontawesome=\u00a0\u00bbfa fa-shopping-cart\u00a0\u00bb button_block=\u00a0\u00bbtrue\u00a0\u00bb add_icon=\u00a0\u00bbtrue\u00a0\u00bb link=\u00a0\u00bburl:https%3A%2F%2Fwww.conexware.com%2Fshop%2Fcart?do=add&item=337&qty=1|||\u00a0\u00bb]<\/p>\n<p>[\/vc_column_text]<\/div>\n\t\t\t\t\t\t<\/div>\n\t\t\t\t\t<\/div><!--end of row-->\n\t\t\t\t<\/div><!--end of container-->\n\t\t\t\t\n\t\t\t<\/section>\n\t\t[\/vc_column][\/vc_row][vc_row][vc_column][vc_empty_space height=\u00a0\u00bb60px\u00a0\u00bb][vc_column_text]<\/p>\n<h2 class=\"type--uppercase\" style=\"text-align: center;\"> Les fonctions de Ligne de commandes PowerArchiver<i class=\"stack-down-dir\"><\/i><\/h2>\n<p>[\/vc_column_text][vc_empty_space height=\u00a0\u00bb20px\u00a0\u00bb][\/vc_column][\/vc_row][vc_section][vc_row css=\u00a0\u00bb.vc_custom_1485825445121{margin-bottom: 10px !important;}\u00a0\u00bb][vc_column width=\u00a0\u00bb3\/4&Prime;]<div class=\"tabs-container text-center \" data-content-align=\"left\"><ul class=\"tabs section-tabs\">[vc_row_inner ebor_title=\u00a0\u00bbD\u00e9tailss\u00a0\u00bb ebor_type=\u00a0\u00bbtab\u00a0\u00bb][vc_column_inner][vc_column_text]<\/p>\n<p><!-- webpwr_btm_left --><\/p>\n<div class=\"webpwr_btm_left\">\n\t\t\t\t\t\t\t<!-- webpwr_btm_left_inr --><\/p>\n<div class=\"webpwr_btm_left_inr\">\n<div class=\"web_profile_wide\">\n<h2>Ligne de commandes PowerArchiver<\/h2>\n<div class=\"file_txt\">PACL a \u00e9t\u00e9 con\u00e7u pour \u00eatre une application <strong>versatile, s\u00fbre et scriptable<\/strong> pouvant \u00eatre utilis\u00e9e dans diff\u00e9rentes configurations et sc\u00e9narios.<\/div>\n<h3>Caract\u00e9ristiques importantes<\/h3>\n<div class=\"file_txt\">Moteur PowerArchiver ZIP\/ZIPX de derni\u00e8re g\u00e9n\u00e9ration:<\/div>\n<div class=\"vol_list_wide\">\n<ul>\n<li>Moteur de d\u00e9compression multi-coeur, pratiquement quatre fois plus rapide qu&rsquo;un syst\u00e8me simple coeur (trois fois plus rapide que WinZip 15).<\/li>\n<li>Vitesse am\u00e9lior\u00e9e en compression\/extraction.<\/li>\n<li>Support total du format avanc\u00e9 ZIPX \u2013 LZMA, JPEG, PPMd, BZIP2 et WAVPACK dans ZIP\/ZIPX, selon les derniers standards ZIP. PowerArchiver est la seule application supportant Winzip 15 et des fichiers ant\u00e9rieurs, tout en procurant un r\u00e9sultat trois fois plus rapide que WinZip 15 et \u00e0 un meilleur taux de compression. <\/li>\n<li>Support total des formats ZIP plus basiques et compatible avec toutes les applications d&rsquo;archivage du march\u00e9, tout comme avec le lecteur natif de Windows XP\/Vista\/7.<\/li>\n<li>Taille illimit\u00e9e de l&rsquo;archive ainsi que des fichiers encapsul\u00e9s, ceux-ci \u00e9tant \u00e9galement en nombre illimit\u00e9.<\/li>\n<li>Moteur LZMA multi-coeur pour ZIP\/ZIPX.<\/li>\n<li>Supporte l&rsquo;Unicode dans ZIP, en lecture comme en \u00e9criture.<\/li>\n<li>Support du chiffrage ZIP\/ZIPX AES (support des deux formats PkZip 5.1 et WZ 9.0) \u2013 Certification FIPS 140.2.<\/li>\n<\/ul><\/div><\/div><\/div>\n<p>\t\t\t\t\t\t\t<!-- webpwr_btm_left_inr --><br \/>\n\t\t\t\t\t\t\t<!-- webpwr_btm_left_inr --><\/p>\n<div class=\"webpwr_btm_left_inr_btm\">\n<div class=\"web_profile_wide\">\n<h2>Fonctions de chiffrage et certification FIPS 140.2<\/h2>\n<div class=\"file_txt\"> PowerArchiver Outlook Plugin avec les fonctions:<\/div>\n<div class=\"vol_list_wide\">\n<ul>\n<li><strong>Support total du chiffrage ZIP AES<\/strong>, 128-bit\/192-bit\/256-bit (supporte : PKZip 5.1 (totalement), Secure Zip 8.0 et WinZip 9.0 AE-1 et AE-2). <\/li>\n<li><strong>Support PAE<\/strong> \u2013 Chiffrage de fichiers et d&rsquo;archives dans cinq m\u00e9thodes diff\u00e9rentes : Blowfish (128-bit), DES (64-bit), Triple DES (128-bit), AES 128-bit et AES 256-bit. <\/li>\n<li><strong>Compatibilit\u00e9 SecureZip<\/strong> \u2013 le seul archiveur totalement compatible avec SecureZip, incluant la lecture des archives chiffr\u00e9es 3DES et des archives ZIP\/ZIPX chiffr\u00e9es avec certificats digitaux.<\/li>\n<li><strong>Certification FIPS 140.2<\/strong> \u2013 Le chiffrage ZIP\/ZIPX AES de PowerArchiver n&rsquo;est pas seulement standard et compatible avec toutes les solutions : il est \u00e9galement certifi\u00e9 FIPS 140.2 et peut \u00eatre utilis\u00e9 \u00e0 des fins d&rsquo;utilisations institutionnelles n\u00e9cessitant un haut degr\u00e9 de protection. <\/li>\n<\/ul><\/div><\/div><\/div>\n<p>\t\t\t\t\t\t\t<!-- webpwr_btm_left_inr --><br \/>\n\t\t\t\t\t\t\t<!-- webpwr_btm_left_inr --><\/p>\n<div class=\"webpwr_btm_left_inr_btm\">\n<div class=\"web_profile_wide\">\n<h2>Support du Clich\u00e9 Instantan\u00e9 de Volume (VSS)<\/h2>\n<div class=\"file_txt\">Avez-vous besoin de compresser des bases de donn\u00e9es, des fichiers *. pst d&rsquo;Outlook, ou tout autre fichier en cours d&rsquo;utilisation ? Aucun probl\u00e8me pour PowerArchiver \u2013 nous avons le support exclusif du Clich\u00e9 Instantan\u00e9 de Volume (VSS), habituellement utilis\u00e9 en sauvegardes d&rsquo;entreprise afin d&rsquo;acc\u00e9der aux donn\u00e9es non accessibles \u00e0 d&rsquo;autres programmes.<\/div><\/div>\n<div class=\"webpwr_btm_left_inr_btm\">\n<div class=\"web_profile_wide\">\n<h2>Lecture et \u00e9criture de <\/h2>\n<div class=\"file_txt\">ZIP, ZIPX, 7-ZIP, CAB, LHA (LZH), TAR, GZIP, BZIP2, BH, XXE, UUE, yENC, and MIME (Base 64).<\/div><\/div>\n<\/div>\n<div class=\"webpwr_btm_left_inr_btm\">\n<div class=\"web_profile_wide\">\n<h2>Lecture et extraction de :<\/h2>\n<div class=\"file_txt\"> RAR (10% plus rapide qu&rsquo;avec WinRAR 4.x), ARJ, ARC, ACE, MSI, NSIS, CHM, DMG, RPM, CPIO, VHD, XAR, LZMA, SquashFS, CramFS, ZOO, WIM, plus les formats d&rsquo;image disque ISO (ISO9660 et UDF).<\/div><\/div>\n<\/div><\/div>\n<p>\t\t\t\t\t\t\t<!-- webpwr_btm_left_inr -->\n\t\t\t\t\t\t<\/div>\n<p>[\/vc_column_text][\/vc_column_inner][\/vc_row_inner][vc_row_inner ebor_title=\u00a0\u00bbSaisies d\u2019\u00e9cran\u00a0\u00bb ebor_type=\u00a0\u00bbtab\u00a0\u00bb][vc_column_inner][vc_gallery type=\u00a0\u00bbimage_grid\u00a0\u00bb images=\u00a0\u00bb11905,11900,11895,11890&Prime;][\/vc_column_inner][\/vc_row_inner]<\/ul><\/div>[\/vc_column][vc_column width=\u00a0\u00bb1\/4&Prime;][vc_column_text]<div class=\"  bg--secondary  boxed boxed--border\" ><div class=\"container\"><\/p>\n<h3>Licences multiple (Anglais) <span><\/span><\/h3>\n<ul>\n<li>1 License $14.95<\/li>\n<li>2-9 License $9.95<\/li>\n<li>10-24 Licenses $9.95<\/li>\n<li>25-49 Licenses $7.95<\/li>\n<li>50-99 Licenses $5.95<\/li>\n<li>100-199 Licenses $4.95<\/li>\n<li>200-499 Licenses $3.95<\/li>\n<li>500-999 Licenses $2.50<\/li>\n<li><a class=\"btn btn--primary\" href=\"https:\/\/www.conexware.com\/shop\/cart?do=add&item=337&qty=1\">ACHETER<\/a><\/li>\n<\/ul>\n<h3>Conditions<\/h3>\n<h4>Syst\u00e8mes d\u2019exploitation:<\/h4>\n<ul>\n<li>macOS<\/li>\n<\/ul>\n<h4>Ordinateur:<\/h4>\n<p>Tout ordinateur fonctionnant avec les syst\u00e8mes ci-dessus \u00e0 une vitesse correcte.<\/p>\n<h4>Espace disque:<\/h4>\n<p>20 MB for the program files plus some additional space for backup files (minimal).<\/p>\n<h4>Divers:<\/h4>\n<p>Les processeurs multi-coeur sont support\u00e9s et recommand\u00e9s.<\/p>\n<h4>Traductions<\/h4>\n<p>Anglais.<\/p>\n<p> \t<\/div><\/div>[\/vc_column_text][vc_row][\/vc_row][vc_column][\/vc_column][vc_column_text]<br \/>\n[\/vc_column_text][\/vc_section]<\/p>\n","protected":false},"excerpt":{"rendered":"<p>[vc_row full_width=\u00a0\u00bbstretch_row\u00a0\u00bb][vc_column][\/vc_column][\/vc_row][vc_row][vc_column][vc_empty_space height=\u00a0\u00bb60px\u00a0\u00bb][vc_column_text] Les fonctions de Ligne de commandes PowerArchiver [\/vc_column_text][vc_empty_space height=\u00a0\u00bb20px\u00a0\u00bb][\/vc_column][\/vc_row][vc_section][vc_row css=\u00a0\u00bb.vc_custom_1485825445121{margin-bottom: 10px !important;}\u00a0\u00bb][vc_column width=\u00a0\u00bb3\/4&Prime;][\/vc_column][vc_column width=\u00a0\u00bb1\/4&Prime;][vc_column_text][\/vc_column_text][vc_row][\/vc_row][vc_column][\/vc_column][vc_column_text] [\/vc_column_text][\/vc_section]<\/p>\n","protected":false},"author":1,"featured_media":0,"parent":0,"menu_order":0,"comment_status":"closed","ping_status":"closed","template":"","meta":{"footnotes":""},"_links":{"self":[{"href":"https:\/\/www.powerarchiver.com\/fr\/wp-json\/wp\/v2\/pages\/18263"}],"collection":[{"href":"https:\/\/www.powerarchiver.com\/fr\/wp-json\/wp\/v2\/pages"}],"about":[{"href":"https:\/\/www.powerarchiver.com\/fr\/wp-json\/wp\/v2\/types\/page"}],"author":[{"embeddable":true,"href":"https:\/\/www.powerarchiver.com\/fr\/wp-json\/wp\/v2\/users\/1"}],"replies":[{"embeddable":true,"href":"https:\/\/www.powerarchiver.com\/fr\/wp-json\/wp\/v2\/comments?post=18263"}],"version-history":[{"count":4,"href":"https:\/\/www.powerarchiver.com\/fr\/wp-json\/wp\/v2\/pages\/18263\/revisions"}],"predecessor-version":[{"id":18279,"href":"https:\/\/www.powerarchiver.com\/fr\/wp-json\/wp\/v2\/pages\/18263\/revisions\/18279"}],"wp:attachment":[{"href":"https:\/\/www.powerarchiver.com\/fr\/wp-json\/wp\/v2\/media?parent=18263"}],"curies":[{"name":"wp","href":"https:\/\/api.w.org\/{rel}","templated":true}]}}