{"id":18076,"date":"2019-11-29T12:08:28","date_gmt":"2019-11-29T12:08:28","guid":{"rendered":"https:\/\/www.powerarchiver.com\/?page_id=18076"},"modified":"2019-11-29T14:56:02","modified_gmt":"2019-11-29T14:56:02","slug":"powerarchiver-2019-toolbox-encryption-suite-pro-2019-special-black-friday-offer","status":"publish","type":"page","link":"https:\/\/www.powerarchiver.com\/fr\/powerarchiver-2019-toolbox-encryption-suite-pro-2019-special-black-friday-offer\/","title":{"rendered":"PowerArchiver 2019 Toolbox + Encryption Suite Pro 2019 Special Black Friday Offer"},"content":{"rendered":"<p>[vc_section][vc_row disable_element=\u00a0\u00bbyes\u00a0\u00bb][vc_column]<div class=\" boxed--lg bg--secondary  boxed boxed--border\" ><div class=\"container\">[vc_column_text css_animation=\u00a0\u00bbbounceIn\u00a0\u00bb]<\/p>\n<p>[\/vc_column_text]<\/div><\/div>[\/vc_column][\/vc_row][\/vc_section][vc_row][vc_column][vc_row_inner gap=\u00a0\u00bb20&Prime;][vc_column_inner css=\u00a0\u00bb.vc_custom_1571903897785{margin-right: 10px !important;margin-left: 10px !important;}\u00a0\u00bb]\n\t\t\t<div class=\" pricing pricing-1 boxed boxed--lg boxed--border boxed--emphasis\">\n\t\t\t\t<h3>PowerArchiver + Encryption Suite<\/h3>\n\t\t\t\t<span class=\"h2\"><strong>$29.96 for Super Bundle for Black Friday!<\/strong><\/span>\n\t\t\t\t<span class=\"label\">SUPER BUNDLE<\/span>\n\t\t\t\t<\/p>\n<p><img decoding=\"async\" loading=\"lazy\" src=\"https:\/\/www.powerarchiver.com\/wp-content\/uploads\/2018\/11\/bf-150.png\" alt=\"\" width=\"150\" height=\"181\" class=\"alignleft size-full wp-image-15711\" \/><img decoding=\"async\" loading=\"lazy\" src=\"https:\/\/www.powerarchiver.com\/wp-content\/uploads\/2019\/06\/es10pa10bundle-1.png\" alt=\"\" width=\"300\" height=\"258\" class=\"alignleft size-full wp-image-17229\" \/><\/p>\n<ul>\n<li><span class=\"checkmark bg--primary-1\"><\/span> <strong>PowerArchiver 2019 Toolbox<\/strong> with 36 months of free upgrades and support &#8211; best version!<\/li>\n<li><span class=\"checkmark bg--primary-1\"><\/span> <strong>Encryption Suite Pro 2019<\/strong>  with 36 months of free upgrades and support &#8211; best version!<\/li>\n<li><span class=\"checkmark bg--primary-1\"><\/span> <strong>Includes free upgrade to upcoming PowerArchiver 2020 Toolbox<\/strong><\/li>\n<\/ul>\n<p>\n\n\t\t\t\t<a class=\"btn btn--primary-1\" href=\"\"><\/a>\n\t\t\t<\/div><!--end of pricing-->\n\t\t[vc_btn title=\u00a0\u00bb<del>$153.85<\/del> $29.96 &#8211; BUY English Only\u00a0\u00bb style=\u00a0\u00bbflat\u00a0\u00bb shape=\u00a0\u00bbsquare\u00a0\u00bb color=\u00a0\u00bbsky\u00a0\u00bb size=\u00a0\u00bblg\u00a0\u00bb align=\u00a0\u00bbcenter\u00a0\u00bb i_icon_fontawesome=\u00a0\u00bbfa fa-shopping-cart\u00a0\u00bb button_block=\u00a0\u00bbtrue\u00a0\u00bb add_icon=\u00a0\u00bbtrue\u00a0\u00bb id=\u00a0\u00bbsuperbundle_en\u00a0\u00bb link=\u00a0\u00bburl:https%3A%2F%2Fwww.conexware.com%2Fspecial-3years-select-offer-en.html|||\u00a0\u00bb el_id=\u00a0\u00bbsuperbundle_en\u00a0\u00bb][vc_btn title=\u00a0\u00bb<del>\u20ac153.85<\/del> \u20ac29.96 &#8211; BUY International\u00a0\u00bb style=\u00a0\u00bbflat\u00a0\u00bb shape=\u00a0\u00bbsquare\u00a0\u00bb color=\u00a0\u00bbvista-blue\u00a0\u00bb size=\u00a0\u00bblg\u00a0\u00bb align=\u00a0\u00bbcenter\u00a0\u00bb i_icon_fontawesome=\u00a0\u00bbfa fa-shopping-cart\u00a0\u00bb button_block=\u00a0\u00bbtrue\u00a0\u00bb add_icon=\u00a0\u00bbtrue\u00a0\u00bb link=\u00a0\u00bburl:https%3A%2F%2Fwww.conexware.com%2Fspecial-3years-select-offer-int.html|||\u00a0\u00bb el_id=\u00a0\u00bbsuperbundle_int\u00a0\u00bb][\/vc_column_inner][\/vc_row_inner][vc_column_text]<\/p>\n<p>[\/vc_column_text][vc_empty_space][vc_separator][\/vc_column][\/vc_row]<\/p>\n<p>[vc_row full_width=\u00a0\u00bbstretch_row\u00a0\u00bb][vc_column]<ul class=\"accordion accordion-1 accordion--oneopen \">\n\t\t<li class=\"\">\n\t\t\t<div class=\"accordion__title\">\n\t\t\t\t<span class=\"h5\">PowerArchiver Select (Future Upgrades)<\/span>\n\t\t\t<\/div>\n\t\t\t<div class=\"accordion__content\">\n\t\t\t\t<\/p>\n<h5>Was ist der PowerArchiver Select-Plan?<\/h5>\n<p>PowerArchiver Select ist ein Premium-Support- und Wartungsplan mit folgenden Funktionen:Upgrade Assurance (kostenloses Upgrade f\u00fcr alle Major \/ Minor-Versionen),Live-Registrierungssystem, das Ihren Registrierungscode auf dem neuesten Stand h\u00e4lt, Priority Support einschlie\u00dflich Telefonunterst\u00fctzung (48-Stunden-Antwort)Priority Feature Anfragen, Priorit\u00e4t BETA-Releases (Holen Sie sich neue BETA-Releases vor allen anderen!). Ebene der Endbenutzer-Unterst\u00fctzung in PowerArchiver Select ist beispiellos in der Software-Utilities-Industrie, wo keiner unserer Konkurrenten bieten sogar Telefon-Support, geschweige denn F\u00e4higkeit, zuk\u00fcnftige Entwicklung zu beeinflussen.<\/p>\n\n\t\t\t<\/div>\n\t\t<\/li>\n\t\n\t\t<li class=\"\">\n\t\t\t<div class=\"accordion__title\">\n\t\t\t\t<span class=\"h5\">Multi-Volume Pricing<\/span>\n\t\t\t<\/div>\n\t\t\t<div class=\"accordion__content\">\n\t\t\t\t<\/p>\n<table class=\"border--round table--alternate-row\">\n<thead>\n<tr>\n<th>\n<p style=\"text-align: center;\">Powerarchiver 2018 STANDARD<\/p>\n<\/th>\n<th>\n<p style=\"text-align: center;\">Powerarchiver 2018 PROFESSIONAL<\/p>\n<\/th>\n<th>\n<p style=\"text-align: center;\">Powerarchiver 2018 TOOLBOX<\/p>\n<\/th>\n<\/tr>\n<\/thead>\n<tbody>\n<tr>\n<td>1 Lizenz \u20ac22.95<\/td>\n<td>1 Lizenz \u20ac34.95<\/td>\n<td>1 Lizenz \u20ac49.95<\/td>\n<\/tr>\n<tr>\n<td>2-9 Lizenzen \u20ac16.00<\/td>\n<td>2-9 Lizenzen \u20ac25.00<\/td>\n<td>2-9 Lizenzen \u20ac35.00<\/td>\n<\/tr>\n<tr>\n<td>10-24 Lizenzen \u20ac13.00<\/td>\n<td>10-24 Lizenzen \u20ac20.00<\/td>\n<td>10-24 Lizenzen \u20ac28.00<\/td>\n<\/tr>\n<tr>\n<td>25-49 Lizenzen \u20ac11.00<\/td>\n<td>25-49 Lizenzen \u20ac17.00<\/td>\n<td>25-49 Lizenzen \u20ac22.00<\/td>\n<\/tr>\n<tr>\n<td>50-99 Lizenzen \u20ac8.50<\/td>\n<td>50-99 Lizenzen \u20ac13.00<\/td>\n<td>50-99 Lizenzen \u20ac16.00<\/td>\n<\/tr>\n<tr>\n<td>100-199 Lizenzen \u20ac6.50<\/td>\n<td>100-199 Lizenzen \u20ac10.00<\/td>\n<td>100-199 Lizenzen \u20ac14.00<\/td>\n<\/tr>\n<tr>\n<td>200-499 Lizenzen \u20ac5.00<\/td>\n<td>200-499 Lizenzen \u20ac7.50<\/td>\n<td>200-499 Lizenzen \u20ac10.50<\/td>\n<\/tr>\n<tr>\n<td>500-999 Lizenzen \u20ac3.50<\/td>\n<td>500-999 Lizenzen \u20ac5.00<\/td>\n<td>500-999 Lizenzen \u20ac7.00<\/td>\n<\/tr>\n<\/tbody>\n<\/table>\n<p>\n\n\t\t\t<\/div>\n\t\t<\/li>\n\t\n\t\t<li class=\"\">\n\t\t\t<div class=\"accordion__title\">\n\t\t\t\t<span class=\"h5\">Merkmale vergleichen<\/span>\n\t\t\t<\/div>\n\t\t\t<div class=\"accordion__content\">\n\t\t\t\t<\/p>\n<table class=\"border--round table--alternate-row\">\n<thead>\n<tr>\n<th>STANDARD<\/th>\n<th>PROFESSIONAL<\/th>\n<th>TOOLBOX<\/th>\n<\/tr>\n<\/thead>\n<tbody>\n<tr>\n<td>No<\/td>\n<td>No<\/td>\n<td>Virtual Drive &#8211; Mount ISO-Dateien als CD \/ DVD-Laufwerke mit einfachen Rechtsklick-Optionen.<\/td>\n<\/tr>\n<tr>\n<td>No<\/td>\n<td>No<\/td>\n<td>Vollst\u00e4ndiger Standalone-CD\/DVD\/Blu-ray-Brenner! Features geh\u00f6ren CD\/DVD-Brenner, Rip Audio-CD, Audio-CD brennen, Disc kopieren, Image brennen (.ISO).<\/td>\n<\/tr>\n<tr>\n<td>No<\/td>\n<td>No<\/td>\n<td>Kopieren Sie CD\/DVD-Discs in ISO-Images f\u00fcr sichere Speicherung!<\/td>\n<\/tr>\n<tr>\n<td>No<\/td>\n<td>No<\/td>\n<td>Secure FTP Client-vollst\u00e4ndiger Standalone FTP\/SFTP Client mit Protokollen, Queue, Smart Handling von Archiven und mehr. FIPS 140-2 validiertes SSL.<\/td>\n<\/tr>\n<tr>\n<td>No<\/td>\n<td>No<\/td>\n<td>Zip zu E-Mail &#8211; Premium E-Mail-Plugin f\u00fcr Windows und Office-Produkte!<\/td>\n<\/tr>\n<tr>\n<td>No<\/td>\n<td>No<\/td>\n<td>Registerkarte Erweiterte Einstellungen f\u00fcr Advanced Codec Pack ( (.PA-Format). Passen Sie alle Komprimierungsoptionen f\u00fcr das .PA-Format an.<\/td>\n<\/tr>\n<tr>\n<td>No<\/td>\n<td>No<\/td>\n<td>Erweiterte ISO-Image-Dateien erstellen (ISO9660 und UDF).<\/td>\n<\/tr>\n<tr>\n<td>No<\/td>\n<td>PowerArchiver Cloud &#8211; Volle Unterst\u00fctzung f\u00fcr Dropbox, Google Drive, SkyDrive, Box.Net, Amazon S3 und Azure. Greifen Sie von PowerArchiver aus auf Ihre Clouds zu.<\/td>\n<td>PowerArchiver Cloud &#8211; Volle Unterst\u00fctzung f\u00fcr Dropbox, Google Drive, SkyDrive, Box.Net, Amazon S3 und Azure. Greifen Sie von PowerArchiver aus auf Ihre Clouds zu.<\/td>\n<\/tr>\n<tr>\n<td>No<\/td>\n<td>Encryption Suite mit voller AES 256 Bit Verschl\u00fcsselung. FIPS 140-2 validierte AES-Verschl\u00fcsselung. Verschl\u00fcsseln \/ Entschl\u00fcsseln Sie Hunderte von Dateien gleichzeitig.<\/td>\n<td>Encryption Suite mit voller AES 256 Bit Verschl\u00fcsselung. FIPS 140-2 validierte AES-Verschl\u00fcsselung. Verschl\u00fcsseln \/ Entschl\u00fcsseln Sie Hunderte von Dateien gleichzeitig.<\/td>\n<\/tr>\n<tr>\n<td>No<\/td>\n<td>Volle OpenPGP-Funktionalit\u00e4t: Schl\u00fcssel erstellen, Dateien verschl\u00fcsseln, Dateien signieren, verifizieren. Key-Management-Funktionen enthalten.<\/td>\n<td>Volle OpenPGP-Funktionalit\u00e4t: Schl\u00fcssel erstellen, Dateien verschl\u00fcsseln, Dateien signieren, verifizieren. Key-Management-Funktionen enthalten.<\/td>\n<\/tr>\n<tr>\n<td>No<\/td>\n<td>Enterprise Class Backup Utility mit Volume Shadow Service Support, Zeitpl\u00e4ne, Protokolle und die F\u00e4higkeit zu brennen, FTP-und Kopier-Backups bis zu 3 Standorte, alle zur gleichen Zeit. Viele Formate und Optionen zur Verf\u00fcgung.<\/td>\n<td>Enterprise Class Backup Utility mit Volume Shadow Service Support, Zeitpl\u00e4ne, Protokolle und die F\u00e4higkeit zu brennen, FTP-und Kopier-Backups bis zu 3 Standorte, alle zur gleichen Zeit. Viele Formate und Optionen zur Verf\u00fcgung.<\/td>\n<\/tr>\n<tr>\n<td>No<\/td>\n<td>Vollst\u00e4ndige Kopie der PowerArchiver-Befehlszeile (PACL) enthalten. Voll funktionsf\u00e4higes Befehlszeilenprogramm mit vielen Funktionen, voller Formatunterst\u00fctzung und FIPS 140-2-validierten Verschl\u00fcsselungsmodulen.<\/td>\n<td>Vollst\u00e4ndige Kopie der PowerArchiver-Befehlszeile (PACL) enthalten. Voll funktionsf\u00e4higes Befehlszeilenprogramm mit vielen Funktionen, voller Formatunterst\u00fctzung und FIPS 140-2-validierten Verschl\u00fcsselungsmodulen.<\/td>\n<\/tr>\n<tr>\n<td>No<\/td>\n<td>Vollst\u00e4ndige Kopie von PowerArchiver f\u00fcr Office-Add-In (PAOP) enthalten. Microsoft Outlook, Word und Excel Add-Ins. Eines der besten Microsoft Outlook Komprimierungs- \/ Verschl\u00fcsselungs-Add-Ins auf dem Markt.<\/td>\n<td>Vollst\u00e4ndige Kopie von PowerArchiver f\u00fcr Office-Add-In (PAOP) enthalten. Microsoft Outlook, Word und Excel Add-Ins. Eines der besten Microsoft Outlook Komprimierungs- \/ Verschl\u00fcsselungs-Add-Ins auf dem Markt.<\/td>\n<\/tr>\n<tr>\n<td>Advanced Codec Pack &#8211; Volle Unterst\u00fctzung f\u00fcr das neue .pa-Format, einschlie\u00dflich erweiterter Optionen. Sie k\u00f6nnen verschiedene Codecs, Filter und deren Optionen f\u00fcr maximale Geschwindigkeit \/ Komprimierung manuell konfigurieren.<\/td>\n<td>Advanced Codec Pack &#8211; Volle Unterst\u00fctzung f\u00fcr das neue .pa-Format, einschlie\u00dflich erweiterter Optionen. Sie k\u00f6nnen verschiedene Codecs, Filter und deren Optionen f\u00fcr maximale Geschwindigkeit \/ Komprimierung manuell konfigurieren.<\/td>\n<td>Advanced Codec Pack &#8211; Volle Unterst\u00fctzung f\u00fcr das neue .pa-Format, einschlie\u00dflich erweiterter Optionen. Sie k\u00f6nnen verschiedene Codecs, Filter und deren Optionen f\u00fcr maximale Geschwindigkeit \/ Komprimierung manuell konfigurieren.<\/td>\n<\/tr>\n<tr>\n<td>Die fortschrittlichste Zip\/ZIPX-Engine, nur eine vollst\u00e4ndig kompatibel mit WinZip und SecureZIP. Unterst\u00fctzt voll ZIPX Standard (lzma, lzma2, PPMD, WavPack und JPEG) f\u00fcr Archive der niedrigsten Gr\u00f6\u00dfe, unbegrenzt gro\u00dfe ZIP\/ZIPX-Archive, AES-256bit-Verschl\u00fcsselung, Unicode-Sprachen, Multicore-Komprimierung.<\/td>\n<td>Die fortschrittlichste Zip\/ZIPX-Engine, nur eine vollst\u00e4ndig kompatibel mit WinZip und SecureZIP. Unterst\u00fctzt voll ZIPX Standard (lzma, lzma2, PPMD, WavPack und JPEG) f\u00fcr Archive der niedrigsten Gr\u00f6\u00dfe, unbegrenzt gro\u00dfe ZIP\/ZIPX-Archive, AES-256bit-Verschl\u00fcsselung, Unicode-Sprachen, Multicore-Komprimierung.<\/td>\n<td>Die fortschrittlichste Zip\/ZIPX-Engine, nur eine vollst\u00e4ndig kompatibel mit WinZip und SecureZIP. Unterst\u00fctzt voll ZIPX Standard (lzma, lzma2, PPMD, WavPack und JPEG) f\u00fcr Archive der niedrigsten Gr\u00f6\u00dfe, unbegrenzt gro\u00dfe ZIP\/ZIPX-Archive, AES-256bit-Verschl\u00fcsselung, Unicode-Sprachen, Multicore-Komprimierung.<\/td>\n<\/tr>\n<tr>\n<td>Unterst\u00fctzt das Erstellen und \u00d6ffnen von: ZIP (Multicore), ZIPX (Multicore), PA (Multicore), 7-Zip (Multicore LZMA und LZMA2), LHA, CAB, TAR \/ GZ \/ BZ2 \/ XZ-Archiven. WinRar-Komprimierung wird unterst\u00fctzt, wenn WinRar installiert ist.<\/td>\n<td>Unterst\u00fctzt das Erstellen und \u00d6ffnen von: ZIP (Multicore), ZIPX (Multicore), PA (Multicore), 7-Zip (Multicore LZMA und LZMA2), LHA, CAB, TAR \/ GZ \/ BZ2 \/ XZ-Archiven. WinRar-Komprimierung wird unterst\u00fctzt, wenn WinRar installiert ist.<\/td>\n<td>Unterst\u00fctzt das Erstellen und \u00d6ffnen von: ZIP (Multicore), ZIPX (Multicore), PA (Multicore), 7-Zip (Multicore LZMA und LZMA2), LHA, CAB, TAR \/ GZ \/ BZ2 \/ XZ-Archiven. WinRar-Komprimierung wird unterst\u00fctzt, wenn WinRar installiert ist.<\/td>\n<\/tr>\n<tr>\n<td>\u00d6ffnet und extrahiert: RAR (10% schneller als WR 4.x), ISO (ISO9660 und UDF), ACE, ARJ, MSI, NSIS, CHM, DMG, RPM, CPIO, VHD, XAR, LZMA, SquashFS, CramFS, WIM (\u00fcber 60 Formate insgesamt!).<\/td>\n<td>\u00d6ffnet und extrahiert: RAR (10% schneller als WR 4.x), ISO (ISO9660 und UDF), ACE, ARJ, MSI, NSIS, CHM, DMG, RPM, CPIO, VHD, XAR, LZMA, SquashFS, CramFS, WIM (\u00fcber 60 Formate insgesamt!).<\/td>\n<td>\u00d6ffnet und extrahiert: RAR (10% schneller als WR 4.x), ISO (ISO9660 und UDF), ACE, ARJ, MSI, NSIS, CHM, DMG, RPM, CPIO, VHD, XAR, LZMA, SquashFS, CramFS, WIM (\u00fcber 60 Formate insgesamt!).<\/td>\n<\/tr>\n<tr>\n<td>Exklusive Windows 7-, 8- und 10-Funktionen wie automatische Erh\u00f6hung \u00fcber UAC und Volume Shadow Service-Unterst\u00fctzung f\u00fcr die Komprimierung von Dateien \/ Datenbanken, die ausschlie\u00dflich vom System verwendet werden.<\/td>\n<td>Exklusive Windows 7-, 8- und 10-Funktionen wie automatische Erh\u00f6hung \u00fcber UAC und Volume Shadow Service-Unterst\u00fctzung f\u00fcr die Komprimierung von Dateien \/ Datenbanken, die ausschlie\u00dflich vom System verwendet werden.<\/td>\n<td>Exklusive Windows 7-, 8- und 10-Funktionen wie automatische Erh\u00f6hung \u00fcber UAC und Volume Shadow Service-Unterst\u00fctzung f\u00fcr die Komprimierung von Dateien \/ Datenbanken, die ausschlie\u00dflich vom System verwendet werden.<\/td>\n<\/tr>\n<tr>\n<td>FIPS 140-2 und HIPAA-Validierung \/ Einhaltung der AES-Verschl\u00fcsselung in ZIP \/ ZIPX-Formaten und mit Secure FTP-Dateiaustausch.<\/td>\n<td>FIPS 140-2 und HIPAA-Validierung \/ Einhaltung der AES-Verschl\u00fcsselung in ZIP \/ ZIPX-Formaten und mit Secure FTP-Dateiaustausch.<\/td>\n<td>FIPS 140-2 und HIPAA-Validierung \/ Einhaltung der AES-Verschl\u00fcsselung in ZIP \/ ZIPX-Formaten und mit Secure FTP-Dateiaustausch.<\/td>\n<\/tr>\n<tr>\n<td>Hat mehr als 10 verschiedene Werkzeuge, Queuing-Unterst\u00fctzung, Profile, Skins, Ribbon \/ klassische Schnittstelle Wahl, erstellt sfx-Archive (zip, 7zip, pae), automatische Updates \u00fcber 2 Sekunden Patchbeam-System und vieles, vieles mehr!<\/td>\n<td>Hat mehr als 10 verschiedene Werkzeuge, Queuing-Unterst\u00fctzung, Profile, Skins, Ribbon \/ klassische Schnittstelle Wahl, erstellt sfx-Archive (zip, 7zip, pae), automatische Updates \u00fcber 2 Sekunden Patchbeam-System und vieles, vieles mehr!<\/td>\n<td>Hat mehr als 10 verschiedene Werkzeuge, Queuing-Unterst\u00fctzung, Profile, Skins, Ribbon \/ klassische Schnittstelle Wahl, erstellt sfx-Archive (zip, 7zip, pae), automatische Updates \u00fcber 2 Sekunden Patchbeam-System und vieles, vieles mehr!<\/td>\n<\/tr>\n<tr>\n<td>Volle Unterst\u00fctzung f\u00fcr 64-Bit-Windows und Multi-Core-Prozessoren in ZIP-, 7-Zip- und PA-Formaten.<\/td>\n<td>Volle Unterst\u00fctzung f\u00fcr 64-Bit-Windows und Multi-Core-Prozessoren in ZIP-, 7-Zip- und PA-Formaten.<\/td>\n<td>Volle Unterst\u00fctzung f\u00fcr 64-Bit-Windows und Multi-Core-Prozessoren in ZIP-, 7-Zip- und PA-Formaten.<\/td>\n<\/tr>\n<tr>\n<td>Erweiterter Explorer-Modus mit Dual-Panel-Schnittstelle f\u00fcr einfachere Dateiverwaltung mit voller Vorschau-Unterst\u00fctzung und mehreren Registerkarten f\u00fcr die Archiv Bearbeitung.<\/td>\n<td>Erweiterter Explorer-Modus mit Dual-Panel-Schnittstelle f\u00fcr einfachere Dateiverwaltung mit voller Vorschau-Unterst\u00fctzung und mehreren Registerkarten f\u00fcr die Archiv Bearbeitung.<\/td>\n<td>Erweiterter Explorer-Modus mit Dual-Panel-Schnittstelle f\u00fcr einfachere Dateiverwaltung mit voller Vorschau-Unterst\u00fctzung und mehreren Registerkarten f\u00fcr die Archiv Bearbeitung.<\/td>\n<\/tr>\n<tr>\n<td>Erweiterte Schnittstelle mit vollst\u00e4ndiger Skinning-Unterst\u00fctzung. 3 Phasen Skinning: Schnittstelle, Ikonen und Akte Format Ikonen. Mit 10 verschiedenen Skins und mehr auf unserer Website erh\u00e4ltlich.<\/td>\n<td>Erweiterte Schnittstelle mit vollst\u00e4ndiger Skinning-Unterst\u00fctzung. 3 Phasen Skinning: Schnittstelle, Ikonen und Akte Format Ikonen. Mit 10 verschiedenen Skins und mehr auf unserer Website erh\u00e4ltlich.<\/td>\n<td>Erweiterte Schnittstelle mit vollst\u00e4ndiger Skinning-Unterst\u00fctzung. 3 Phasen Skinning: Schnittstelle, Ikonen und Akte Format Ikonen. Mit 10 verschiedenen Skins und mehr auf unserer Website erh\u00e4ltlich.<\/td>\n<\/tr>\n<tr>\n<td>Advanced Modern Ribbon Schnittstelle von Microsoft lizenziert. Schnell und genauso aussehend wie Ihre Windows-Multifunktionsleisten-Anwendungen (optional).<\/td>\n<td>Advanced Modern Ribbon Schnittstelle von Microsoft lizenziert. Schnell und genauso aussehend wie Ihre Windows-Multifunktionsleisten-Anwendungen (optional).<\/td>\n<td>Advanced Modern Ribbon Schnittstelle von Microsoft lizenziert. Schnell und genauso aussehend wie Ihre Windows-Multifunktionsleisten-Anwendungen (optional).<\/td>\n<\/tr>\n<tr>\n<td>Voll funktionsf\u00e4higes Vorschaufenster mit Unterst\u00fctzung f\u00fcr die Vorschau vieler verschiedener Dateitypen einschlie\u00dflich schneller nativer PDF-Vorschau. Sie brauchen keinen PDF-Viewer installiert zu haben &#8211; klicken Sie einfach auf PDF-Datei in PowerArchiver, und Sie k\u00f6nnen sie im Vorschaufenster anzeigen oder ausdrucken.<\/td>\n<td>Voll funktionsf\u00e4higes Vorschaufenster mit Unterst\u00fctzung f\u00fcr die Vorschau vieler verschiedener Dateitypen einschlie\u00dflich schneller nativer PDF-Vorschau. Sie brauchen keinen PDF-Viewer installiert zu haben &#8211; klicken Sie einfach auf PDF-Datei in PowerArchiver, und Sie k\u00f6nnen sie im Vorschaufenster anzeigen oder ausdrucken.<\/td>\n<td>Voll funktionsf\u00e4higes Vorschaufenster mit Unterst\u00fctzung f\u00fcr die Vorschau vieler verschiedener Dateitypen einschlie\u00dflich schneller nativer PDF-Vorschau. Sie brauchen keinen PDF-Viewer installiert zu haben &#8211; klicken Sie einfach auf PDF-Datei in PowerArchiver, und Sie k\u00f6nnen sie im Vorschaufenster anzeigen oder ausdrucken.<\/td>\n<\/tr>\n<tr>\n<td>Voll portable Version, die keine Installation erfordert und nichts im System \u00e4ndert (x86 und x64).<\/td>\n<td>Voll portable Version, die keine Installation erfordert und nichts im System \u00e4ndert (x86 und x64).<\/td>\n<td>Voll portable Version, die keine Installation erfordert und nichts im System \u00e4ndert (x86 und x64).<\/td>\n<\/tr>\n<\/tbody>\n<\/table>\n<p>\n\n\t\t\t<\/div>\n\t\t<\/li>\n\t<\/ul>[\/vc_column][\/vc_row]<\/p>\n","protected":false},"excerpt":{"rendered":"<p>[vc_section][vc_row disable_element=\u00a0\u00bbyes\u00a0\u00bb][vc_column][\/vc_column][\/vc_row][\/vc_section][vc_row][vc_column][vc_row_inner gap=\u00a0\u00bb20&Prime;][vc_column_inner css=\u00a0\u00bb.vc_custom_1571903897785{margin-right: 10px !important;margin-left: 10px !important;}\u00a0\u00bb][vc_btn title=\u00a0\u00bb$153.85 $29.96 &#8211; BUY English Only\u00a0\u00bb style=\u00a0\u00bbflat\u00a0\u00bb shape=\u00a0\u00bbsquare\u00a0\u00bb color=\u00a0\u00bbsky\u00a0\u00bb size=\u00a0\u00bblg\u00a0\u00bb align=\u00a0\u00bbcenter\u00a0\u00bb i_icon_fontawesome=\u00a0\u00bbfa fa-shopping-cart\u00a0\u00bb button_block=\u00a0\u00bbtrue\u00a0\u00bb&#8230;<\/p>\n","protected":false},"author":1,"featured_media":0,"parent":0,"menu_order":0,"comment_status":"closed","ping_status":"closed","template":"","meta":{"footnotes":""},"_links":{"self":[{"href":"https:\/\/www.powerarchiver.com\/fr\/wp-json\/wp\/v2\/pages\/18076"}],"collection":[{"href":"https:\/\/www.powerarchiver.com\/fr\/wp-json\/wp\/v2\/pages"}],"about":[{"href":"https:\/\/www.powerarchiver.com\/fr\/wp-json\/wp\/v2\/types\/page"}],"author":[{"embeddable":true,"href":"https:\/\/www.powerarchiver.com\/fr\/wp-json\/wp\/v2\/users\/1"}],"replies":[{"embeddable":true,"href":"https:\/\/www.powerarchiver.com\/fr\/wp-json\/wp\/v2\/comments?post=18076"}],"version-history":[{"count":12,"href":"https:\/\/www.powerarchiver.com\/fr\/wp-json\/wp\/v2\/pages\/18076\/revisions"}],"predecessor-version":[{"id":18146,"href":"https:\/\/www.powerarchiver.com\/fr\/wp-json\/wp\/v2\/pages\/18076\/revisions\/18146"}],"wp:attachment":[{"href":"https:\/\/www.powerarchiver.com\/fr\/wp-json\/wp\/v2\/media?parent=18076"}],"curies":[{"name":"wp","href":"https:\/\/api.w.org\/{rel}","templated":true}]}}