{"id":12066,"date":"2018-02-08T12:40:57","date_gmt":"2018-02-08T12:40:57","guid":{"rendered":"http:\/\/beta.powerarchiver.com\/?page_id=12066"},"modified":"2020-06-09T06:56:16","modified_gmt":"2020-06-09T06:56:16","slug":"support","status":"publish","type":"page","link":"https:\/\/www.powerarchiver.com\/fr\/support\/","title":{"rendered":"PowerArchiver &#8211; Support"},"content":{"rendered":"<p>[vc_row][vc_column]<div class=\" boxed--lg bg--secondary  boxed boxed--border\" ><div class=\"container\">[vc_column_text]<\/p>\n<h4>Support pour votre commande PowerArchiver<\/h4>\n<p>PowerArchiver 2019 utilise de nouveaux codes d\u2019enregistrement.  Il vous faudra acc\u00e9der \u00e0 votre <a href=\"https:\/\/www.conexware.com\/shop\/\">page ConeXware Account <\/a> cliquer sur le bouton \u201cRenvoyer les codes\u201d pour recevoir vos identifiants. En cas de perte de ceux-ci, visitez <a href=\"https:\/\/www.conexware.com\/shop\/\">ConeXware Account<\/a>.[\/vc_column_text]<\/div><\/div>[\/vc_column][\/vc_row][vc_section content_placement=\u00a0\u00bbtop\u00a0\u00bb][vc_row equal_height=\u00a0\u00bbyes\u00a0\u00bb content_placement=\u00a0\u00bbtop\u00a0\u00bb css=\u00a0\u00bb.vc_custom_1511269213952{margin-bottom: 30px !important;}\u00a0\u00bb][vc_column width=\u00a0\u00bb2\/5&Prime;]<div class=\" boxed--lg bg--secondary  boxed boxed--border\" ><div class=\"container\">[vc_column_text]<\/p>\n<h4>Support technique de PowerArchiver<\/h4>\n<p>Le support technique est disponible pour tous les utilisateurs de PowerArchiver, gratuitement, mais les utilisateurs enregistr\u00e9s recevrons un support Premium. Avant de nous contacter, essayez s\u2019il vous plait de trouver une r\u00e9ponse en utilisant les: <a href=\"https:\/\/forums.powerarchiver.com\">PowerArchiver Forums<\/a>, <a href=\"http:\/\/wiki.powerarchiver.com\">PowerArchiver Wiki<\/a>.<\/p>\n<p>Sans r\u00e9ponse \u00e0 votre probl\u00e8me, contactez l\u2019\u00e9quipe de support de PowerArchiver en remplissant le formulaire. [\/vc_column_text]<\/div><\/div>[\/vc_column][vc_column width=\u00a0\u00bb1\/2&Prime; css=\u00a0\u00bb.vc_custom_1511269152722{margin-top: 0px !important;border-top-width: 0px !important;padding-top: 0px !important;}\u00a0\u00bb][vc_column_text]<\/p>\n<div style=\"margin-left:25px;\">\n<script type=\"text\/javascript\">\n(function(d, src, c) { var t=d.scripts[d.scripts.length - 1],s=d.createElement('script');s.id='la_x2s6df8d';s.async=true;s.src=src;s.onload=s.onreadystatechange=function(){var rs=this.readyState;if(rs&&(rs!='complete')&&(rs!='loaded')){return;}c(this);};t.parentElement.insertBefore(s,t.nextSibling);})(document,\n'https:\/\/support.powerarchiver.com\/scripts\/track.js',\nfunction(e){ LiveAgent.createForm('a3d0238a', e); });\n<\/script>\n<\/div>\n<p>[\/vc_column_text][\/vc_column][\/vc_row][\/vc_section]<\/p>\n","protected":false},"excerpt":{"rendered":"<p>[vc_row][vc_column][\/vc_column][\/vc_row][vc_section content_placement=\u00a0\u00bbtop\u00a0\u00bb][vc_row equal_height=\u00a0\u00bbyes\u00a0\u00bb content_placement=\u00a0\u00bbtop\u00a0\u00bb css=\u00a0\u00bb.vc_custom_1511269213952{margin-bottom: 30px !important;}\u00a0\u00bb][vc_column width=\u00a0\u00bb2\/5&Prime;][\/vc_column][vc_column width=\u00a0\u00bb1\/2&Prime; css=\u00a0\u00bb.vc_custom_1511269152722{margin-top: 0px !important;border-top-width: 0px !important;padding-top: 0px !important;}\u00a0\u00bb][vc_column_text] [\/vc_column_text][\/vc_column][\/vc_row][\/vc_section]<\/p>\n","protected":false},"author":1,"featured_media":0,"parent":0,"menu_order":0,"comment_status":"closed","ping_status":"closed","template":"","meta":{"footnotes":""},"_links":{"self":[{"href":"https:\/\/www.powerarchiver.com\/fr\/wp-json\/wp\/v2\/pages\/12066"}],"collection":[{"href":"https:\/\/www.powerarchiver.com\/fr\/wp-json\/wp\/v2\/pages"}],"about":[{"href":"https:\/\/www.powerarchiver.com\/fr\/wp-json\/wp\/v2\/types\/page"}],"author":[{"embeddable":true,"href":"https:\/\/www.powerarchiver.com\/fr\/wp-json\/wp\/v2\/users\/1"}],"replies":[{"embeddable":true,"href":"https:\/\/www.powerarchiver.com\/fr\/wp-json\/wp\/v2\/comments?post=12066"}],"version-history":[{"count":6,"href":"https:\/\/www.powerarchiver.com\/fr\/wp-json\/wp\/v2\/pages\/12066\/revisions"}],"predecessor-version":[{"id":19373,"href":"https:\/\/www.powerarchiver.com\/fr\/wp-json\/wp\/v2\/pages\/12066\/revisions\/19373"}],"wp:attachment":[{"href":"https:\/\/www.powerarchiver.com\/fr\/wp-json\/wp\/v2\/media?parent=12066"}],"curies":[{"name":"wp","href":"https:\/\/api.w.org\/{rel}","templated":true}]}}