{"id":12052,"date":"2018-02-08T11:24:28","date_gmt":"2018-02-08T11:24:28","guid":{"rendered":"http:\/\/beta.powerarchiver.com\/?page_id=12052"},"modified":"2018-02-08T11:31:13","modified_gmt":"2018-02-08T11:31:13","slug":"contact","status":"publish","type":"page","link":"https:\/\/www.powerarchiver.com\/fr\/contact\/","title":{"rendered":"PowerArchiver &#8211; Contact Us"},"content":{"rendered":"<p>[vc_row][vc_column width=\u00a0\u00bb1\/2&Prime;]<div class=\"  bg--secondary  boxed boxed--border\" ><div class=\"container\">[vc_column_text]<\/p>\n<h2>Contacter ConeXware<\/h2>\n<p>La meilleure fa\u00e7on de nous contacter est le m\u00e9l. Nous ferons de notre mieux pour vous r\u00e9pondre sous 24 heures. Pour nous joindre par t\u00e9l\u00e9phone ou t\u00e9l\u00e9copie, nous contacter pr\u00e9alablement par messagerie pour plus d\u2019informations.<\/p>\n<p><em>Noter que pour copier\/coller l\u2019adresse m\u00e9l ci-dessous, il vous faudra enlever les espaces entourant le \u201c@\u201d.<\/em><\/p>\n<p><strong>Questions sur les commandes:<\/strong> <a href=\"\/email.php?email=ordering:conexware.com\">ordering @ conexware.com<br \/>\n<\/a><strong>Support:<\/strong> <a href=\"<?php echo get_permalink(icl_object_id(962, 'page', true)) ?>\">PowerArchiver Support<br \/>\n<\/a><strong>Autres questions:<\/strong> <a href=\"\/email.php?email=general:conexware.com\">general @ conexware.com<\/a><\/p>\n<p><strong>Appelez-nous (ventes ou support): <\/strong> 1-888-302-8800<\/p>\n<p>[\/vc_column_text]<\/div><\/div><div class=\"  bg--secondary  boxed boxed--border\" ><div class=\"container\">[vc_column_text]<\/p>\n<h2>Remises de volume ou \u00e9ducationnelles<\/h2>\n<p>Cherchez-vous une remise de volume pour PowerArchiver ? Nous offrons des tarifs de licence sp\u00e9ciaux pour le d\u00e9ploiement en nombre de PowerArchiver \u00e0 grande \u00e9chelle (1000 licences ou plus). Contact: <a href=\"\/email.php?email=ordering:conexware.com\">ordering @ conexware.com<\/a> pour plus d\u2019informations.<\/p>\n<p>Les institutions \u00e9ducationnelles b\u00e9n\u00e9ficient \u00e9galement de remises. Contact: <a href=\"\/email.php?email=ordering:conexware.com\">ordering @ conexware.com<\/a> pour plus d\u2019informations.<\/p>\n<p>[\/vc_column_text]<\/div><\/div>[\/vc_column][vc_column width=\u00a0\u00bb1\/2&Prime;]<div class=\"  bg--secondary  boxed boxed--border\" ><div class=\"container\">[vc_column_text]<\/p>\n<div style=\"padding-top: 15px;\"><script type=\"text\/javascript\">\n(function(d, src, c) { var t=d.scripts[d.scripts.length - 1],s=d.createElement('script');s.id='la_x2s6df8d';s.async=true;s.src=src;s.onload=s.onreadystatechange=function(){var rs=this.readyState;if(rs&&(rs!='complete')&&(rs!='loaded')){return;}c(this);};t.parentElement.insertBefore(s,t.nextSibling);})(document,\n'https:\/\/support.powerarchiver.com\/scripts\/track.js',\nfunction(e){ LiveAgent.createForm('5afa3749', e); });\n<\/script><br \/>\n[\/vc_column_text]<\/div><\/div><div class=\"  bg--secondary  boxed boxed--border\" ><div class=\"container\">[vc_column_text]<\/p>\n<h2>\u00cates-vous un revendeur ?<\/h2>\n<p>Des remises sp\u00e9ciales existent pour les revendeurs de logiciels. Vous pouvez adh\u00e9rer \u00e0 notre programme Premium Revendeurs, qui offre de grosses remises pour les revendeurs achetant de gros volumes.<\/p>\n<p>Contact <a href=\"\/email.php?email=resellers:conexware.com\">resellers @ conexware.com<\/a> si vous \u00eates un revendeur d\u00e9sireux de proposer PowerArchiver.<\/p>\n<p>[\/vc_column_text]<\/div><\/div><div class=\"  bg--secondary  boxed boxed--border\" ><div class=\"container\">[vc_column_text]<\/p>\n<h2>Office<\/h2>\n<p><span style=\"font-size: 1rem;\">Nous sommes \u00e0 l\u2019adresse suivante:<\/span><\/p>\n<p><span style=\"font-size: 1rem;\">ConeXware, Inc.<br \/>\n<\/span><span style=\"font-size: 1rem;\">11654 Plaza America Dr. #350<br \/>\n<\/span><span style=\"font-size: 1rem;\">Reston, VA 20190<br \/>\n<\/span><span style=\"font-size: 1rem;\">USA<\/span><br \/>\n[\/vc_column_text]<\/div><\/div>[\/vc_column][\/vc_row]<\/p>\n","protected":false},"excerpt":{"rendered":"<p>[vc_row][vc_column width=\u00a0\u00bb1\/2&Prime;][\/vc_column][vc_column width=\u00a0\u00bb1\/2&Prime;][\/vc_column][\/vc_row]<\/p>\n","protected":false},"author":1,"featured_media":0,"parent":0,"menu_order":0,"comment_status":"closed","ping_status":"closed","template":"","meta":{"footnotes":""},"_links":{"self":[{"href":"https:\/\/www.powerarchiver.com\/fr\/wp-json\/wp\/v2\/pages\/12052"}],"collection":[{"href":"https:\/\/www.powerarchiver.com\/fr\/wp-json\/wp\/v2\/pages"}],"about":[{"href":"https:\/\/www.powerarchiver.com\/fr\/wp-json\/wp\/v2\/types\/page"}],"author":[{"embeddable":true,"href":"https:\/\/www.powerarchiver.com\/fr\/wp-json\/wp\/v2\/users\/1"}],"replies":[{"embeddable":true,"href":"https:\/\/www.powerarchiver.com\/fr\/wp-json\/wp\/v2\/comments?post=12052"}],"version-history":[{"count":5,"href":"https:\/\/www.powerarchiver.com\/fr\/wp-json\/wp\/v2\/pages\/12052\/revisions"}],"predecessor-version":[{"id":12059,"href":"https:\/\/www.powerarchiver.com\/fr\/wp-json\/wp\/v2\/pages\/12052\/revisions\/12059"}],"wp:attachment":[{"href":"https:\/\/www.powerarchiver.com\/fr\/wp-json\/wp\/v2\/media?parent=12052"}],"curies":[{"name":"wp","href":"https:\/\/api.w.org\/{rel}","templated":true}]}}