{"id":12031,"date":"2018-02-08T10:32:29","date_gmt":"2018-02-08T10:32:29","guid":{"rendered":"http:\/\/beta.powerarchiver.com\/?page_id=12031"},"modified":"2019-12-10T11:42:24","modified_gmt":"2019-12-10T11:42:24","slug":"powerarchiver-for-outlook-plugin-paop","status":"publish","type":"page","link":"https:\/\/www.powerarchiver.com\/fr\/powerarchiver-for-outlook-plugin-paop\/","title":{"rendered":"PowerArchiver for Office Add-ins(PAOP)"},"content":{"rendered":"<p>[vc_row full_width=\u00a0\u00bbstretch_row\u00a0\u00bb][vc_column]\n\t\t\t<section class=\"imagebg image--light cover cover-blocks bg--secondary \" >\n\t\t\t\t<div class=\"background-image-holder\"><img width=\"1430\" height=\"610\" src=\"https:\/\/www.powerarchiver.com\/wp-content\/uploads\/2019\/12\/pa-standard.jpg\" class=\"attachment-full size-full\" alt=\"\" decoding=\"async\" loading=\"lazy\" srcset=\"https:\/\/www.powerarchiver.com\/wp-content\/uploads\/2019\/12\/pa-standard.jpg 1430w, https:\/\/www.powerarchiver.com\/wp-content\/uploads\/2019\/12\/pa-standard-300x128.jpg 300w, https:\/\/www.powerarchiver.com\/wp-content\/uploads\/2019\/12\/pa-standard-768x328.jpg 768w, https:\/\/www.powerarchiver.com\/wp-content\/uploads\/2019\/12\/pa-standard-1024x437.jpg 1024w\" sizes=\"(max-width: 1430px) 100vw, 1430px\" \/><\/div>\n\t\t\t\t<div class=\"container\">\n\t\t\t\t\t<div class=\"row\">\n\t\t\t\t\t\t<div class=\"col-sm-6 col-md-5\">\n\t\t\t\t\t\t\t<div>[vc_column_text el_class=\u00a0\u00bbheadertext1&Prime;]<\/p>\n<h2>PowerArchiver Office Add-ins (PAOP)<\/h2>\n<p><span><br \/>\nLe plug-in Outlook de PowerArchiver est une extension gratuite de PowerArchiver Professional. Il est distribu\u00e9 sous la m\u00eame licence et pour la m\u00eame p\u00e9riode d\u2019\u00e9valuation que PowerArchiver Professional.<\/p>\n<p>PAOP est con\u00e7u pour vous offrir les fonctions de PowerArchiver dans votre client de messagerie Microsoft Outlook\u00ae. Il s\u2019int\u00e9grera de fa\u00e7on transparente dans Outlook et compressera vos pi\u00e8ces jointes selon les options que vous aurez s\u00e9lectionn\u00e9. Ce plug-in est une extension et ne fonctionnera que si PowerArchiver est d\u00e9j\u00e0 install\u00e9<br \/>\n<br \/>\n<\/span><\/p>\n<hr class=\"short\" \/>\n<h5>Ce qui est inclus:<\/h5>\n<p><span>Le plug-in Outlook 2.0 fonctionne avec Microsoft Outlook 2000, XP, 2003 et 2007, tout comme avec Windows 7 et Outlook 2010 (Nouveau : support des deux versions 32bit et 64bit de Microsoft Office).<\/span>[\/vc_column_text]<\/div>\n\t\t\t\t\t\t<\/div>\n\t\t\t\t\t<\/div><!--end of row-->\n\t\t\t\t<\/div><!--end of container-->\n\t\t\t\t\n\t\t\t<\/section>\n\t\t[\/vc_column][\/vc_row][vc_row][vc_column][vc_column_text]<\/p>\n<h2 class=\"type--uppercase\" style=\"text-align: center;\"> Toutes les fonctions de PowerArchiver pour le plug-in Outlook:<i class=\"stack-down-dir\"><\/i><\/h2>\n<p>[\/vc_column_text][\/vc_column][\/vc_row][vc_section][vc_row css=\u00a0\u00bb.vc_custom_1485825445121{margin-bottom: 10px !important;}\u00a0\u00bb][vc_column width=\u00a0\u00bb2\/3&Prime;]<div class=\"tabs-container text-center \" data-content-align=\"left\"><ul class=\"tabs section-tabs\">[vc_row_inner ebor_title=\u00a0\u00bbDs\u00e9tails\u00a0\u00bb ebor_type=\u00a0\u00bbtab\u00a0\u00bb][vc_column_inner][vc_column_text]<\/p>\n<p><!-- webpwr_btm_left --><\/p>\n<div class=\"webpwr_btm_left\">\n\t\t\t\t\t\t\t<!-- webpwr_btm_left_inr --><\/p>\n<div class=\"webpwr_btm_left_inr\">\n<div class=\"web_profile_wide\">\n<h3>Plug-in Outlook de PowerArchiver<\/h3>\n<div class=\"file_txt\">\n<p class=\"web_scren\"><a class=\"cboxElement\" title=\"PowerArchiver 2013\" href=\"\/\/www.powerarchiver.com\/images\/paop.png\" rel=\"lightbox[4421]\"><img decoding=\"async\" class=\"alignright size-full wp-image-4261\" width=\"260\" src=\"\/\/www.powerarchiver.com\/images\/paop-small.gif\" alt=\"PowerArchiver Outlook Plugin (PAOP)\" title=\"PowerArchiver Outlook Plugin (PAOP)\"><\/img><\/a><\/p>\n<ul>\n<li>Peut \u00eatre configur\u00e9 pour fonctionner sans intervention<br \/>\n        de l&rsquo;utilisateur.<\/li>\n<li>Compresse dans des formats multiples (ZIP, ZIPX, 7-Zip,<br \/>\n        CAB, TAR.GZ) avec plusieurs r\u00e9glages possibles.<\/li>\n<li>Chiffrage puissant 256-bit avec les standards AES 256bit<br \/>\n        ZIP\/ZIPX. Certifi\u00e9 FIPS 140.2.<\/li>\n<li>Cr\u00e9ation de pi\u00e8ces jointes ex\u00e9cutables SFX<br \/>\n        compress\u00e9es en formats CAB ou ZIP.<\/li>\n<li>Renommage de l&rsquo;extension des pi\u00e8ces jointes pour passer<br \/>\n        outre les filtres de messagerie.<\/li>\n<li>Exclusions bas\u00e9es sur des extensions communes<br \/>\n        pr\u00e9d\u00e9finies.<\/li>\n<li>Nom de la pi\u00e8ce jointe bas\u00e9e sur le nom du premier<br \/>\n        fichier et filtre bas\u00e9 sur une taille minimale de<br \/>\n        fichier.<\/li>\n<li>Option pour inclure un fichier d&rsquo;aide avec la pi\u00e8ce<br \/>\n        jointe.<\/li>\n<li>Facilement param\u00e9trable par les administrateurs.<\/li>\n<li>Installation de type Windows Installer.<\/li>\n<li>Compatible avec toutes les versions Outlook, de Outlook<br \/>\n        XP \u00e0 Outlook 2010. Pas de plantage de Microsoft Outlook.\n    <\/li>\n<li>Support des versions 32bit et 64bit de Microsoft Office,<br \/>\n        par un installateur unique.<\/li>\n<\/ul>\n<\/p><\/div><\/div><\/div>\n<p>\t\t\t\t\t\t\t<!-- webpwr_btm_left_inr --><br \/>\n\t\t\t\t\t\t\t<!-- webpwr_btm_left_inr --><\/p>\n<div class=\"webpwr_btm_left_inr_btm\">\n<div class=\"web_profile_wide\">\n<h2>Information de licence<\/h2>\n<div  class=\"file_txt\">\n\t\t\t\t\t\t\t\t\tLe plug-in Outlook de PowerArchiver est une extension gratuite<br \/>\nde PowerArchiver Professional. Il est distribu\u00e9 sous la m\u00eame<br \/>\nlicence et pour la m\u00eame p\u00e9riode d&rsquo;\u00e9valuation que PowerArchiver<br \/>\nProfessional. Le plug-in Outlook de PowerArchiver est<br \/>\ntotalement gratuit pour les utilisateurs enregistr\u00e9s de<br \/>\nPowerArchiver Professional.\n\t\t\t\t\t\t\t\t\t<\/div><\/div><\/div>\n<div class=\"webpwr_btm_left_inr_btm\">\n<div class=\"web_profile_wide\">\n<h2>Obtention de licence<\/h2>\n<div  class=\"file_txt\">\n\t\t\t\t\t\t\t\t\tLe plug-in Outlook de PowerArchiver (PAOP) n&rsquo;est distribu\u00e9<br \/>\nque comme partie de PowerArchiver Professional. Il est totalement<br \/>\ngratuit pour les utilisateurs enregistr\u00e9s de PowerArchiver<br \/>\nProfessional, pour une m\u00eame licence. Contactez-nous pour plus<br \/>\nd&rsquo;informations ou achetez PowerArchiver Professional.\n\t\t\t\t\t\t\t\t\t<\/div><\/div><\/div>\n<p>\t\t\t\t\t\t\t<!-- webpwr_btm_left_inr --><br \/>\n\t\t\t\t\t\t\t<!-- webpwr_btm_left_inr --><\/p>\n<div class=\"webpwr_btm_left_inr_btm\">\n<div class=\"web_profile_wide\">\n<h2>T\u00e9l\u00e9chargement<\/h2>\n<div class=\"file_txt\"> Pour t\u00e9l\u00e9charger le plug-in Outlook version 2.2, visitez la <a\nhref=\"https:\/\/www.powerarchiver.com\/fr\/download-powerarchiver\/\">page<br \/>\ndes t\u00e9l\u00e9chargements<\/a> <\/div><\/div><\/div>\n<p>\t\t\t\t\t\t\t<!-- webpwr_btm_left_inr -->\n\t\t\t\t\t\t<\/div>\n<p>\t\t\t\t\t\t<!-- webpwr_btm_left --><\/p>\n<p>[\/vc_column_text][\/vc_column_inner][\/vc_row_inner][vc_row_inner ebor_title=\u00a0\u00bbSaisies d\u2019\u00e9cran\u00a0\u00bb ebor_type=\u00a0\u00bbtab\u00a0\u00bb][vc_column_inner][vc_gallery type=\u00a0\u00bbimage_grid\u00a0\u00bb images=\u00a0\u00bb11531,11521,11539,11516,11526&Prime;][\/vc_column_inner][\/vc_row_inner]<\/ul><\/div>[\/vc_column][vc_column width=\u00a0\u00bb1\/3&Prime;][vc_column_text]<div class=\" boxed--lg bg--secondary  boxed boxed--border\" ><div class=\"container\"><\/p>\n<h3>T\u00e9l\u00e9charger<\/h3>\n<p><a class=\"btn btn--primary\" href=\"https:\/\/www.powerarchiver.com\/download-powerarchiver\/\"><span class=\"btn__text\">T\u00e9l\u00e9charger<\/span><\/a><\/p>\n<h3>Accessibilit\u00e9<\/h3>\n<h4>Conformit\u00e9 Section 508<\/h4>\n<p>Chaque version de PowerArchiver 2012 est conforme Section 508. Please <a href=\"https:\/\/powerarchiverdl.cachefly.net\/download\/compliance\/powerarchiver-VPAT.pdf\"> Cliquez ici pour t\u00e9l\u00e9charger VPAT PDF.<\/a><\/p>\n<h3>Conditions<\/h3>\n<h4>Microsoft Office:<\/h4>\n<ul>\n<li>Microsoft Office 2016<\/li>\n<li>Microsoft Office 2013<\/li>\n<li>Microsoft Office 2010<\/li>\n<li>Microsoft Office 2007<\/li>\n<li>Microsoft Office 2003<\/li>\n<li>Microsoft Office XP<\/li>\n<li>Microsoft Office 2000<\/li>\n<\/ul>\n<h4>Operating systems:<\/h4>\n<ul>\n<li>Windows 10<\/li>\n<li>Windows 8.1<\/li>\n<li>Windows 8<\/li>\n<li>Windows 7<\/li>\n<li>Windows Vista<\/li>\n<li>Windows XP<\/li>\n<li>Windows Server 2016<\/li>\n<li>Windows Server 2013<\/li>\n<li>Windows Server 2008<\/li>\n<li>Windows Server 2003<\/li>\n<\/ul>\n<h4>Ordinateur:<\/h4>\n<p>Tout ordinateur fonctionnant avec les syst\u00e8mes ci-dessus \u00e0 une vitesse correcte.<\/p>\n<h4>Espace disque:<\/h4>\n<p>10 MB pour le programme plus l\u2019espace (minimal) pour les fichiers sauvegard\u00e9s<\/p>\n<h4>Divers:<\/h4>\n<p>Les processeurs multi-coeur sont support\u00e9s et recommand\u00e9s.<\/p>\n<h4>Traductions<\/h4>\n<p>Anglais, Allemand.<\/p><\/div>\n<p><\/div><\/div>[\/vc_column_text][vc_column_text]<\/p>\n<p>[vc_row][vc_column width=\u00a0\u00bb1\/1&Prime;][vc_column_text]<\/p>\n<p>[\/vc_column_text][\/vc_column][\/vc_row][\/vc_section]<\/p>\n","protected":false},"excerpt":{"rendered":"<p>[vc_row full_width=\u00a0\u00bbstretch_row\u00a0\u00bb][vc_column][\/vc_column][\/vc_row][vc_row][vc_column][vc_column_text] Toutes les fonctions de PowerArchiver pour le plug-in Outlook: [\/vc_column_text][\/vc_column][\/vc_row][vc_section][vc_row css=\u00a0\u00bb.vc_custom_1485825445121{margin-bottom: 10px !important;}\u00a0\u00bb][vc_column width=\u00a0\u00bb2\/3&Prime;][\/vc_column][vc_column width=\u00a0\u00bb1\/3&Prime;][vc_column_text][\/vc_column_text][vc_column_text] [vc_row][vc_column width=\u00a0\u00bb1\/1&Prime;][vc_column_text] [\/vc_column_text][\/vc_column][\/vc_row][\/vc_section]<\/p>\n","protected":false},"author":1,"featured_media":0,"parent":0,"menu_order":0,"comment_status":"closed","ping_status":"closed","template":"","meta":{"footnotes":""},"_links":{"self":[{"href":"https:\/\/www.powerarchiver.com\/fr\/wp-json\/wp\/v2\/pages\/12031"}],"collection":[{"href":"https:\/\/www.powerarchiver.com\/fr\/wp-json\/wp\/v2\/pages"}],"about":[{"href":"https:\/\/www.powerarchiver.com\/fr\/wp-json\/wp\/v2\/types\/page"}],"author":[{"embeddable":true,"href":"https:\/\/www.powerarchiver.com\/fr\/wp-json\/wp\/v2\/users\/1"}],"replies":[{"embeddable":true,"href":"https:\/\/www.powerarchiver.com\/fr\/wp-json\/wp\/v2\/comments?post=12031"}],"version-history":[{"count":9,"href":"https:\/\/www.powerarchiver.com\/fr\/wp-json\/wp\/v2\/pages\/12031\/revisions"}],"predecessor-version":[{"id":18247,"href":"https:\/\/www.powerarchiver.com\/fr\/wp-json\/wp\/v2\/pages\/12031\/revisions\/18247"}],"wp:attachment":[{"href":"https:\/\/www.powerarchiver.com\/fr\/wp-json\/wp\/v2\/media?parent=12031"}],"curies":[{"name":"wp","href":"https:\/\/api.w.org\/{rel}","templated":true}]}}