{"id":7687,"date":"2016-08-05T08:49:00","date_gmt":"2016-08-05T07:49:00","guid":{"rendered":"http:\/\/www.powerarchiver.com\/?page_id=7687"},"modified":"2016-08-05T08:49:00","modified_gmt":"2016-08-05T07:49:00","slug":"thank-you-for-feedback-3","status":"publish","type":"page","link":"https:\/\/www.powerarchiver.com\/en-us\/thank-you-for-feedback-3\/","title":{"rendered":"Thank You For Feedback"},"content":{"rendered":"<p><!-- middle --><\/p>\n<div id=\"middle\">\n<div class=\"center\">\n<div>\n<\/div>\n<div style=\"clear:both;height:1px;padding:0px;margin:0px;\" id=\"offer_clear1\"><\/div>\n<div class=\"generic_title_box\">\n<h2>Feedback!<\/h2>\n<\/div>\n<div  style=\"width:82%;float:left;margin-left:55px;margin-top:15px;\">\n<h4 class=\"widget-sub-title\">Ihre Meinung ist uns wichtig!<\/h4>\n<p class=\"widget-text\">Teilen Sie uns bitte mit, weshalb Sie PowerArchiver deinstalliert haben, damit wir an der Verbesserung und Behebung dieser Fehler arbeiten k\u00f6nnen. Ihr Feedback ist uns a\u00fc\u00dferst wichtig und wir werden m\u00f6glicherweise Kontakt mit Ihnen aufnehmen, um mehr \u00fcber die Probleme zu erfahren, mit denen Sie bei der Verwendung von PowerArchiver konfrontiert wurden.<\/p>\n<p class=\"widget-text\"> Vielen Dank im Voraus.<\/p>\n<p class=\"widget-text\">Ihr PowerArchiver-Team!<\/p>\n<p><a name=\"akm-contact-form\"><\/a><\/p>\n<div class=\"akm-contact-form\">\n<span class=\"akm-tk\"><\/span>\n<\/div>\n<div style=\"height:100px;width:70%;\">&nbsp;<\/div>\n<\/div>\n<\/div>\n<div style=\"clear:both;height:1px;padding:0px;margin:0px;\" id=\"offer_clear\"><\/div>\n<\/div>\n<\/div>\n<\/div>\n","protected":false},"excerpt":{"rendered":"<p>Feedback! Ihre Meinung ist uns wichtig! Teilen Sie uns bitte mit, weshalb Sie PowerArchiver deinstalliert haben, damit wir an der Verbesserung und&#8230;<\/p>\n","protected":false},"author":1,"featured_media":0,"parent":0,"menu_order":0,"comment_status":"open","ping_status":"open","template":"","meta":{"footnotes":""},"_links":{"self":[{"href":"https:\/\/www.powerarchiver.com\/en-us\/wp-json\/wp\/v2\/pages\/7687"}],"collection":[{"href":"https:\/\/www.powerarchiver.com\/en-us\/wp-json\/wp\/v2\/pages"}],"about":[{"href":"https:\/\/www.powerarchiver.com\/en-us\/wp-json\/wp\/v2\/types\/page"}],"author":[{"embeddable":true,"href":"https:\/\/www.powerarchiver.com\/en-us\/wp-json\/wp\/v2\/users\/1"}],"replies":[{"embeddable":true,"href":"https:\/\/www.powerarchiver.com\/en-us\/wp-json\/wp\/v2\/comments?post=7687"}],"version-history":[{"count":0,"href":"https:\/\/www.powerarchiver.com\/en-us\/wp-json\/wp\/v2\/pages\/7687\/revisions"}],"wp:attachment":[{"href":"https:\/\/www.powerarchiver.com\/en-us\/wp-json\/wp\/v2\/media?parent=7687"}],"curies":[{"name":"wp","href":"https:\/\/api.w.org\/{rel}","templated":true}]}}