{"id":11422,"date":"2018-02-01T13:18:42","date_gmt":"2018-02-01T13:18:42","guid":{"rendered":"http:\/\/beta.powerarchiver.com\/?page_id=11422"},"modified":"2018-02-01T13:18:42","modified_gmt":"2018-02-01T13:18:42","slug":"powerarchiver-2016-giveaway-only-for-chip-magazine","status":"publish","type":"page","link":"https:\/\/www.powerarchiver.com\/en-us\/powerarchiver-2016-giveaway-only-for-chip-magazine\/","title":{"rendered":"PowerArchiver 2016 Giveaway only for CHIP Magazine!"},"content":{"rendered":"<p><script type=\"text\/javascript\"> <\/p>\n<p>function validateForm(form) {\nif (form.fname.value == \"\") {\n   alert(\"Please enter your first name.\");\n   form.fname.focus( );\n   return false;\n   }<\/p>\n<p>if (form.lname.value == \"\") {\n   alert(\"Please enter your last name.\");\n   form.lname.focus( );\n   return false;\n   }\nif (form.email.value == \"\") {\n   alert(\"Please enter your e-mail address.\");\n   form.email.focus( );\n   return false;\n   }\nif (form.prog.value == \"\") {\n   alert(\"Please select the program causing problems.\");\n   form.prog.focus( );\n   return false;\n   }\nif (form.vNum.value == \"\") \nif (form.prog.value ==\"PowerArchiver\") {\n   alert(\"Please select the PowerArchiver version you are running.\");\n   form.vNum.focus( );\n   return false;\n   }\nif (form.wVer2.value == \"\") {\n   alert(\"Please select your version of Windows.\");\n   form.wVer2.focus( );\n   return false;\n   }\nif (form.aRam.value == \"\") {\n   alert(\"Please enter your amount of RAM.\");\n   form.aRam.focus( );\n   return false;\n   }\nif (form.tProblem.value == \"\") {\n   alert(\"Please enter a brief description of your problem.\");\n   form.tProblem.focus( );\n   return false;\n   }\nif (form.tRepro.value == \"\") {\n   alert(\"Please explain how to reproduce your problem.\");\n   form.tRepro.focus( );\n   return false;\n   }\nif (form.tError.value == \"\") {\n   alert(\"Please enter any error messages you saw.\");\n   form.tError.focus( );\n   return false;\n   }\n}\n <\/script> <\/p>\n<style>\n.first_col{width:780px important!;     white-space: nowrap;}\n<\/style>\n<div id=\"middle\">\n<div class=\"center\">\n<div id=\"contentarea\">\n<div class=\"widecolumn\">\n<div class=\"generic_title_box\">\n<h2>PowerArchiver 2016 Giveaway only for CHIP Magazine! <\/h2>\n<\/div>\n<div class=\"generic_wide_text_box\">\n<div class=\"right\">\n<script language=\"javascript\" src=\"https:\/\/www.conexware.com\/phplive\/js\/status_image.php?base_url=https:\/\/www.conexware.com\/phplive&#038;l=conexware&#038;x=1&#038;deptid=2&#038;\">\n<\/script><\/div>\n<div class=\"supportform\">\n<form action=\"https:\/\/www.conexware.com\/shop\/giveaway.php\" method=\"post\" onsubmit=\"return validateForm(this)\">\n<div style=\"float:left;width:50%;\">\n<h3 style=\"text-align:center; font-size:17px;\">Get PowerArchiver 2016 International for Free!<\/h3>\n<table style=\"float:left;\">\n<tr>\n<td class=\"first_col\">Jm\u00e9no:<\/td>\n<td><input name=\"fname\" size=\"30\" maxlength=\"60\" \/><\/td>\n<\/tr>\n<tr>\n<td class=\"first_col\">P\u0159\u00edjmen\u00ed:<\/td>\n<td><input name=\"lname\" size=\"30\" maxlength=\"60\" \/><\/td>\n<\/tr>\n<tr>\n<td class=\"first_col\">V\u00e1\u0161 e-mail <strong><\/strong>:<\/td>\n<td><input name=\"email\" size=\"30\" maxlength=\"60\" \/><\/td>\n<\/tr>\n<tr>\n<td class=\"first_col\">Zem\u011b:<\/td>\n<td><select name=\"country\" class=\"widefield\" id=\"customer_country\" selected=\"\"><option VALUE=\"\"> &#8212; Select Country * &#8212;<\/option><!-- COUNTRY LIST GOES HERE --><option label=\"Czech Republic\" value=\"Czech Republic\" selected=\"true\">Czech Republic<\/option><option label=\"Slovakia\" value=\"Slovakia\">Slovakia<\/option><option label=\"United States of America\" value=\"USA\">United States of America<\/option><option label=\"Canada\" value=\"Canada\">Canada<\/option><option label=\"Afghanistan\" value=\"Afghanistan\">Afghanistan<\/option><option label=\"Albania\" value=\"Albania\">Albania<\/option><option label=\"Algeria\" value=\"Algeria\">Algeria<\/option><option label=\"American Samoa\" value=\"American Samoa\">American Samoa<\/option><option label=\"Andorra\" value=\"Andorra\">Andorra<\/option><option label=\"Angola\" value=\"Angola\">Angola<\/option><option label=\"Anguilla\" value=\"Anguilla\">Anguilla<\/option><option label=\"Antaractica\" value=\"Antaractica\">Antaractica<\/option><option label=\"Antigua and Brabuda\" value=\"Antigua and Brabuda\">Antigua and Brabuda<\/option><option label=\"Argentina\" value=\"Argentina\">Argentina<\/option><option label=\"Armenia\" value=\"Armenia\">Armenia<\/option><option label=\"Aruba\" value=\"Aruba\">Aruba<\/option><option label=\"Australia\" value=\"Australia\">Australia<\/option><option label=\"Austria\" value=\"Austria\">Austria<\/option><option label=\"Azerbaidjan\" value=\"Azerbaidjan\">Azerbaidjan<\/option><option label=\"Bahamas\" value=\"Bahamas\">Bahamas<\/option><option label=\"Bahrain\" value=\"Bahrain\">Bahrain<\/option><option label=\"Bangladesh\" value=\"Bangladesh\">Bangladesh<\/option><option label=\"Barbados\" value=\"Barbados\">Barbados<\/option><option label=\"Belarus\" value=\"Belarus\">Belarus<\/option><option label=\"Belgium\" value=\"Belgium\">Belgium<\/option><option label=\"Belize\" value=\"Belize\">Belize<\/option><option label=\"Benin\" value=\"Benin\">Benin<\/option><option label=\"Bermuda\" value=\"Bermuda\">Bermuda<\/option><option label=\"Bhutan\" value=\"Bhutan\">Bhutan<\/option><option label=\"Bolivia\" value=\"Bolivia\">Bolivia<\/option><option label=\"Bosnia-Herzegovina\" value=\"Bosnia-Herzegovina\">Bosnia-Herzegovina<\/option><option label=\"Botswana\" value=\"Botswana\">Botswana<\/option><option label=\"Brazil\" value=\"Brazil\">Brazil<\/option><option label=\"Brunei Darussalam\" value=\"Brunei Darussalam\">Brunei Darussalam<\/option><option label=\"Bulgaria\" value=\"Bulgaria\">Bulgaria<\/option><option label=\"Burkina Faso\" value=\"Burkina Faso\">Burkina Faso<\/option><option label=\"Burundi\" value=\"Burundi\">Burundi<\/option><option label=\"Cambodia\" value=\"Cambodia\">Cambodia<\/option><option label=\"Cameroon\" value=\"Cameroon\">Cameroon<\/option><option label=\"Cape Verde\" value=\"Cape Verde\">Cape Verde<\/option><option label=\"Cayman Isalnds\" value=\"Cayman Isalnds\">Cayman Isalnds<\/option><option label=\"Central African Republic\" value=\"Central African Republic\">Central African Republic<\/option><option label=\"Chad\" value=\"Chad\">Chad<\/option><option label=\"Chile\" value=\"Chile\">Chile<\/option><option label=\"China\" value=\"China\">China<\/option><option label=\"Colombia\" value=\"Colombia\">Colombia<\/option><option label=\"Comoros\" value=\"Comoros\">Comoros<\/option><option label=\"Congo\" value=\"Congo\">Congo<\/option><option label=\"Costa Rica\" value=\"Costa Rica\">Costa Rica<\/option><option label=\"Croatia\" value=\"Croatia\">Croatia<\/option><option label=\"Cuba\" value=\"Cuba\">Cuba<\/option><option label=\"Cyprus\" value=\"Cyprus\">Cyprus<\/option><option label=\"Denmark\" value=\"Denmark\">Denmark<\/option><option label=\"Djibouti\" value=\"Djibouti\">Djibouti<\/option><option label=\"Dominica\" value=\"Dominica\">Dominica<\/option><option label=\"Dominican Republic\" value=\"Dominican Republic\">Dominican Republic<\/option><option label=\"East Timor\" value=\"East Timor\">East Timor<\/option><option label=\"Ecuador\" value=\"Ecuador\">Ecuador<\/option><option label=\"Egypt\" value=\"Egypt\">Egypt<\/option><option label=\"El Salvador\" value=\"El Salvador\">El Salvador<\/option><option label=\"Equatorial Guinea\" value=\"Equatorial Guinea\">Equatorial Guinea<\/option><option label=\"Eritrea\" value=\"Eritrea\">Eritrea<\/option><option label=\"Estonia\" value=\"Estonia\">Estonia<\/option><option label=\"Ethiopia\" value=\"Ethiopia\">Ethiopia<\/option><option label=\"Fiji\" value=\"Fiji\">Fiji<\/option><option label=\"Finland\" value=\"Finland\">Finland<\/option><option label=\"France\" value=\"France\">France<\/option><option label=\"French Guyana\" value=\"French Guyana\">French Guyana<\/option><option label=\"Gabon\" value=\"Gabon\">Gabon<\/option><option label=\"Gambia\" value=\"Gambia\">Gambia<\/option><option label=\"Georgia\" value=\"Georgia\">Georgia<\/option><option label=\"Germany\" value=\"Germany\">Germany<\/option><option label=\"Ghana\" value=\"Ghana\">Ghana<\/option><option label=\"Gibraltar\" value=\"Gibraltar\">Gibraltar<\/option><option label=\"Greece\" value=\"Greece\">Greece<\/option><option label=\"Greenland\" value=\"Greenland\">Greenland<\/option><option label=\"Grenada\" value=\"Grenada\">Grenada<\/option><option label=\"Guam (USA)\" value=\"Guam (USA)\">Guam (USA)<\/option><option label=\"Guatemala\" value=\"Guatemala\">Guatemala<\/option><option label=\"Guinea\" value=\"Guinea\">Guinea<\/option><option label=\"Guinea Bissau\" value=\"Guinea Bissau\">Guinea Bissau<\/option><option label=\"Guyana\" value=\"Guyana\">Guyana<\/option><option label=\"Haiti\" value=\"Haiti\">Haiti<\/option><option label=\"Honduras\" value=\"Honduras\">Honduras<\/option><option label=\"Hong Kong\" value=\"Hong Kong\">Hong Kong<\/option><option label=\"Hungary\" value=\"Hungary\">Hungary<\/option><option label=\"Iceland\" value=\"Iceland\">Iceland<\/option><option label=\"India\" value=\"India\">India<\/option><option label=\"Indonesia\" value=\"Indonesia\">Indonesia<\/option><option label=\"Invory Coast\" value=\"Invory Coast\">Invory Coast<\/option><option label=\"Iran\" value=\"Iran\">Iran<\/option><option label=\"Iraq\" value=\"Iraq\">Iraq<\/option><option label=\"Ireland\" value=\"Ireland\">Ireland<\/option><option label=\"Israel\" value=\"Israel\">Israel<\/option><option label=\"Italy\" value=\"Italy\">Italy<\/option><option label=\"Jamaica\" value=\"Jamaica\">Jamaica<\/option><option label=\"Japan\" value=\"Japan\">Japan<\/option><option label=\"Jordan\" value=\"Jordan\">Jordan<\/option><option label=\"Kazakhstan\" value=\"Kazakhstan\">Kazakhstan<\/option><option label=\"Kenya\" value=\"Kenya\">Kenya<\/option><option label=\"Kiribati\" value=\"Kiribati\">Kiribati<\/option><option label=\"Kuwait\" value=\"Kuwait\">Kuwait<\/option><option label=\"Kyrgyzstan\" value=\"Kyrgyzstan\">Kyrgyzstan<\/option><option label=\"Laos\" value=\"Laos\">Laos<\/option><option label=\"Latvia\" value=\"Latvia\">Latvia<\/option><option label=\"Lebanon\" value=\"Lebanon\">Lebanon<\/option><option label=\"Lesotho\" value=\"Lesotho\">Lesotho<\/option><option label=\"Liberia\" value=\"Liberia\">Liberia<\/option><option label=\"Libya\" value=\"Libya\">Libya<\/option><option label=\"Liechtenstein\" value=\"Liechtenstein\">Liechtenstein<\/option><option label=\"Lithuania\" value=\"Lithuania\">Lithuania<\/option><option label=\"Luxembourg\" value=\"Luxembourg\">Luxembourg<\/option><option label=\"Macau\" value=\"Macau\">Macau<\/option><option label=\"Macedonia\" value=\"Macedonia\">Macedonia<\/option><option label=\"Madagascar\" value=\"Madagascar\">Madagascar<\/option><option label=\"Malawi\" value=\"Malawi\">Malawi<\/option><option label=\"Malaysia\" value=\"Malaysia\">Malaysia<\/option><option label=\"Maldives\" value=\"Maldives\">Maldives<\/option><option label=\"Mali\" value=\"Mali\">Mali<\/option><option label=\"Malta\" value=\"Malta\">Malta<\/option><option label=\"Mauritania\" value=\"Mauritania\">Mauritania<\/option><option label=\"Mauritius\" value=\"Mauritius\">Mauritius<\/option><option label=\"Mayotte\" value=\"Mayotte\">Mayotte<\/option><option label=\"Mexico\" value=\"Mexico\">Mexico<\/option><option label=\"Micronesia\" value=\"Micronesia\">Micronesia<\/option><option label=\"Moldavia\" value=\"Moldavia\">Moldavia<\/option><option label=\"Mongolia\" value=\"Mongolia\">Mongolia<\/option><option label=\"Montserrat\" value=\"Montserrat\">Montserrat<\/option><option label=\"Morocco\" value=\"Morocco\">Morocco<\/option><option label=\"Mozambique\" value=\"Mozambique\">Mozambique<\/option><option label=\"Myanmar\" value=\"Myanmar\">Myanmar<\/option><option label=\"Namibia\" value=\"Namibia\">Namibia<\/option><option label=\"Nauru\" value=\"Nauru\">Nauru<\/option><option label=\"Nepal\" value=\"Nepal\">Nepal<\/option><option label=\"Netherlands\" value=\"Netherlands\">Netherlands<\/option><option label=\"New Zealand\" value=\"New Zealand\">New Zealand<\/option><option label=\"Nicaragua\" value=\"Nicaragua\">Nicaragua<\/option><option label=\"Niger\" value=\"Niger\">Niger<\/option><option label=\"Nigeria\" value=\"Nigeria\">Nigeria<\/option><option label=\"Niue\" value=\"Niue\">Niue<\/option><option label=\"North Korea\" value=\"North Korea\">North Korea<\/option><option label=\"Norway\" value=\"Norway\">Norway<\/option><option label=\"Oman\" value=\"Oman\">Oman<\/option><option label=\"Pakistan\" value=\"Pakistan\">Pakistan<\/option><option label=\"Palau\" value=\"Palau\">Palau<\/option><option label=\"Panama\" value=\"Panama\">Panama<\/option><option label=\"Papua New Guinea\" value=\"Papua New Guinea\">Papua New Guinea<\/option><option label=\"Paraguay\" value=\"Paraguay\">Paraguay<\/option><option label=\"Peru\" value=\"Peru\">Peru<\/option><option label=\"Philippines\" value=\"Philippines\">Philippines<\/option><option label=\"Pitcairn Island\" value=\"Pitcairn Island\">Pitcairn Island<\/option><option label=\"Poland\" value=\"Poland\">Poland<\/option><option label=\"Polynesia (French)\" value=\"Polynesia (French)\">Polynesia (French)<\/option><option label=\"Portugal\" value=\"Portugal\">Portugal<\/option><option label=\"Puerto Rico\" value=\"Puerto Rico\">Puerto Rico<\/option><option label=\"Qatar\" value=\"Qatar\">Qatar<\/option><option label=\"Romania\" value=\"Romania\">Romania<\/option><option label=\"Russian Federation\" value=\"Russian Federation\">Russian Federation<\/option><option label=\"Rwanda\" value=\"Rwanda\">Rwanda<\/option><option label=\"Saint Helena\" value=\"Saint Helena\">Saint Helena<\/option><option label=\"Saint Kitts &amp; Nevis Anguilla\" value=\"Saint Kitts &amp; Nevis Anguilla\">Saint Kitts &amp; Nevis Anguilla<\/option><option label=\"Saint Lucia\" value=\"Saint Lucia\">Saint Lucia<\/option><option label=\"Saint Pierre and Miquelon\" value=\"Saint Pierre and Miquelon\">Saint Pierre and Miquelon<\/option><option label=\"Saint Tome (Sao Tome) and Principe\" value=\"Saint Tome (Sao Tome) and Principe\">Saint Tome (Sao Tome) and Principe<\/option><option label=\"Saint Vincent &amp; Grenadines\" value=\"Saint Vincent &amp; Grenadines\">Saint Vincent &amp; Grenadines<\/option><option label=\"Samoa\" value=\"Samoa\">Samoa<\/option><option label=\"San Marino\" value=\"San Marino\">San Marino<\/option><option label=\"Saudi Arabia\" value=\"Saudi Arabia\">Saudi Arabia<\/option><option label=\"Senegal\" value=\"Senegal\">Senegal<\/option><option label=\"Serbia and Montenegro\" value=\"Serbia and Montenegro\">Serbia and Montenegro<\/option><option label=\"Seychelles\" value=\"Seychelles\">Seychelles<\/option><option label=\"Sierra Leone\" value=\"Sierra Leone\">Sierra Leone<\/option><option label=\"Singapore\" value=\"Singapore\">Singapore<\/option><option label=\"Slovenia\" value=\"Slovenia\">Slovenia<\/option><option label=\"Solomon Islands\" value=\"Solomon Islands\">Solomon Islands<\/option><option label=\"Somalia\" value=\"Somalia\">Somalia<\/option><option label=\"South Africa\" value=\"South Africa\">South Africa<\/option><option label=\"South Korea\" value=\"South Korea\">South Korea<\/option><option label=\"Spain\" value=\"Spain\">Spain<\/option><option label=\"Sri Lanka\" value=\"Sri Lanka\">Sri Lanka<\/option><option label=\"Sudan\" value=\"Sudan\">Sudan<\/option><option label=\"Suriname\" value=\"Suriname\">Suriname<\/option><option label=\"Swaziland\" value=\"Swaziland\">Swaziland<\/option><option label=\"Sweden\" value=\"Sweden\">Sweden<\/option><option label=\"Switzerland\" value=\"Switzerland\">Switzerland<\/option><option label=\"Syria\" value=\"Syria\">Syria<\/option><option label=\"Tadjikistan\" value=\"Tadjikistan\">Tadjikistan<\/option><option label=\"Taiwan\" value=\"Taiwan\">Taiwan<\/option><option label=\"Tanzania\" value=\"Tanzania\">Tanzania<\/option><option label=\"Thailand\" value=\"Thailand\">Thailand<\/option><option label=\"Togo\" value=\"Togo\">Togo<\/option><option label=\"Tokelau\" value=\"Tokelau\">Tokelau<\/option><option label=\"Tonga\" value=\"Tonga\">Tonga<\/option><option label=\"Trinidad and Tobago\" value=\"Trinidad and Tobago\">Trinidad and Tobago<\/option><option label=\"Tunisia\" value=\"Tunisia\">Tunisia<\/option><option label=\"Turkey\" value=\"Turkey\">Turkey<\/option><option label=\"Turkmenistan\" value=\"Turkmenistan\">Turkmenistan<\/option><option label=\"Tuvalu\" value=\"Tuvalu\">Tuvalu<\/option><option label=\"Uganda\" value=\"Uganda\">Uganda<\/option><option label=\"Ukraine\" value=\"Ukraine\">Ukraine<\/option><option label=\"United Arab Emirates\" value=\"United Arab Emirates\">United Arab Emirates<\/option><option label=\"United Kingdom\" value=\"United Kingdom\">United Kingdom<\/option><option label=\"Uruguay\" value=\"Uruguay\">Uruguay<\/option><option label=\"Uzbekistan\" value=\"Uzbekistan\">Uzbekistan<\/option><option label=\"Vanuatu\" value=\"Vanuatu\">Vanuatu<\/option><option label=\"Vatican City State\" value=\"Vatican City State\">Vatican City State<\/option><option label=\"Venezuela\" value=\"Venezuela\">Venezuela<\/option><option label=\"Vietnam\" value=\"Vietnam\">Vietnam<\/option><option label=\"Virgin Islands\" value=\"Virgin Islands\">Virgin Islands<\/option><option label=\"Western Sahara\" value=\"Western Sahara\">Western Sahara<\/option><option label=\"Yemen\" value=\"Yemen\">Yemen<\/option><option label=\"Zaire\" value=\"Zaire\">Zaire<\/option><option label=\"Zambia\" value=\"Zambia\">Zambia<\/option><option label=\"Zimbabwe\" value=\"Zimbabwe\">Zimbabwe<\/option><\/select><\/td>\n<\/tr>\n<tr>\n<td class=\"first_col\">PowerArchiver k\u00f3d <strong><\/strong>:<\/td>\n<td><input name=\"giveaway_code\" size=\"30\" maxlength=\"100\" \/><\/td>\n<\/tr>\n<tr>\n<td colspan=\"2\">\n<div style=\"font-size:10px;word-spacing: 0px !important;margin-top:-10px;\">*** ConeXware za \u017e\u00e1dn\u00fdch okolnost\u00ed a nep\u0159ed\u00e1 va\u0161\u00ed e-mailovou adresu \u017e\u00e1dn\u00e9 t\u0159et\u00ed stran\u011b. <br \/><a href=\"https:\/\/www.powerarchiver.com\/powerarchiver-privacy\/\">Na\u0161e z\u00e1sady ochrany osobn\u00edch \u00fadaj\u016f.<br \/>\n <\/a>.<\/div>\n<\/td>\n<\/tr>\n<tr>\n<td class=\"first_col\" style=\"width:100px;padding-top:15px;\">&nbsp;<\/td>\n<td><input type=\"submit\" value=\"Send Giveaway Request!\" class=\"submit\" id=\"submit\" style=\"background-color:#0072bc\" \/><\/td>\n<\/tr>\n<tr>\n<td colspan=\"2\">\n<div style=\"font-size:14px;word-spacing: 0px !important;border:1px solid #bbb;background-color:#f7f7f7;margin-top:20px;text-align:left; margin-top:15px;padding:8px;\"><b>Instructions<\/b><br \/>\nVypl\u0148te sv\u00e9 \u00fadaje a do posledn\u00edho pol\u00ed\u010dka vlo\u017ete v\u00e1\u0161 PowerArchiver k\u00f3d z Chip DVD. Obratem v\u00e1m doraz\u00ed dva e-maily. Jeden obsahuje p\u0159\u00edstupov\u00e9 \u00fadaje na e-shop tohoto serveru, druh\u00fd obsahuje ov\u011b\u0159ovac\u00ed (confirmation) odkaz. Na n\u011bj klikn\u011bte a v n\u00e1sleduj\u00edc\u00edm e-mailu ji\u017e najdete va\u0161i licenci (Registration Name and Code).<br \/>\n<span style=\"color:red;font-weight:bold;\">D\u016fle\u017eit\u00e9!<\/span><br \/>\nSt\u00e1hn\u011bte si aktualizovan\u00e1 instala\u010dn\u00ed data: <a href=\"https:\/\/powerarchiver.cachefly.net\/2016\/powarc161024.exe\">https:\/\/powerarchiver.cachefly.net\/2016\/powarc161024.exe<\/a><br \/>\nPokud jste ji\u017e instalovali z p\u016fvodn\u00edch instala\u010dn\u00edch dat, prove\u010fte odinstalaci a novou instalaci programu.\n<\/div>\n<\/td>\n<tr>\n<td colspan=\"2\">\n<div style=\"font-size:14px;word-spacing: 0px !important;border:1px solid #bbb;background-color:#f7f7f7;margin-top:20px; text-align:left; margin-top:15px;padding:8px;\"><b>About this Giveaway<\/b><br \/>This giveaway has been made possible by our partner <a href=\"http:\/\/www.chip.cz\/\">CHIP Magazine in Czech Republic and Slovakia<\/a>. To get the giveaway code, you need to purchase Chip 01\/2018.<\/div>\n<\/td>\n<\/tr>\n<\/tr>\n<\/table>\n<\/div>\n<div style=\"float:right;width:30%;padding-top:20px;\">\n<p><a href=\"https:\/\/www.powerarchiver.com\/wp-content\/uploads\/2016\/01\/Xobalka02_GOB_1-212x300.png\"><img decoding=\"async\" loading=\"lazy\" src=\"https:\/\/www.powerarchiver.com\/wp-content\/uploads\/2016\/01\/Xobalka02_GOB_1-212x300.png\" alt=\"Xobalka02_GOB_(1)\" width=\"212\" height=\"300\" class=\"alignnone size-medium wp-image-7152\" \/><\/a><\/p>\n<div style=\"width:99%;margin-top:20px;\">\n<img decoding=\"async\" src=\"https:\/\/powerarchiver.cachefly.net\/mainsite\/images\/2016\/pa2016std.png\" style=\"height:90px;\"\/><\/p>\n<div style=\"font-size:19px;font-weight:bold;color:#666;z-index:100;margin-top:-40px;margin-right:-100px;text-align:right;margin-right:80px;\">Value: \u20ac19.95<\/div>\n<\/div>\n<\/div>\n<\/form><\/div>\n<\/div>\n<\/div>\n<\/div>\n<\/div>\n","protected":false},"excerpt":{"rendered":"<p>PowerArchiver 2016 Giveaway only for CHIP Magazine! Get PowerArchiver 2016 International for Free! Jm\u00e9no: P\u0159\u00edjmen\u00ed: V\u00e1\u0161 e-mail : Zem\u011b: &#8212; Select Country&#8230;<\/p>\n","protected":false},"author":1,"featured_media":0,"parent":0,"menu_order":0,"comment_status":"closed","ping_status":"closed","template":"","meta":{"footnotes":""},"_links":{"self":[{"href":"https:\/\/www.powerarchiver.com\/en-us\/wp-json\/wp\/v2\/pages\/11422"}],"collection":[{"href":"https:\/\/www.powerarchiver.com\/en-us\/wp-json\/wp\/v2\/pages"}],"about":[{"href":"https:\/\/www.powerarchiver.com\/en-us\/wp-json\/wp\/v2\/types\/page"}],"author":[{"embeddable":true,"href":"https:\/\/www.powerarchiver.com\/en-us\/wp-json\/wp\/v2\/users\/1"}],"replies":[{"embeddable":true,"href":"https:\/\/www.powerarchiver.com\/en-us\/wp-json\/wp\/v2\/comments?post=11422"}],"version-history":[{"count":1,"href":"https:\/\/www.powerarchiver.com\/en-us\/wp-json\/wp\/v2\/pages\/11422\/revisions"}],"predecessor-version":[{"id":11423,"href":"https:\/\/www.powerarchiver.com\/en-us\/wp-json\/wp\/v2\/pages\/11422\/revisions\/11423"}],"wp:attachment":[{"href":"https:\/\/www.powerarchiver.com\/en-us\/wp-json\/wp\/v2\/media?parent=11422"}],"curies":[{"name":"wp","href":"https:\/\/api.w.org\/{rel}","templated":true}]}}