{"id":23198,"date":"2021-11-29T08:13:36","date_gmt":"2021-11-29T08:13:36","guid":{"rendered":"https:\/\/www.powerarchiver.com\/?page_id=23198"},"modified":"2021-11-30T08:49:28","modified_gmt":"2021-11-30T08:49:28","slug":"powerarchiver-2022-toolbox-special-cyber-monday-sale","status":"publish","type":"page","link":"https:\/\/www.powerarchiver.com\/de\/powerarchiver-2022-toolbox-special-cyber-monday-sale\/","title":{"rendered":"PowerArchiver 2023 Toolbox &#8211; Special Cyber Week Sale"},"content":{"rendered":"<p>[vc_row][vc_column width=&#8220;2\/3&#8243; padding=&#8220;boxed&#8211;lg&#8220; background=&#8220;bg&#8211;secondary&#8220; shadow=&#8220;no-shadow&#8220;][vc_column_text css_animation=&#8220;bounceIn&#8220;]<\/p>\n<div style=\"background-image:url('https:\/\/www.powerarchiver.com\/wp-content\/uploads\/2020\/11\/21951839-2.jpg');padding:5%;padding-top:7%;padding-bottom:70px;\">\n<h2>Cyber Week mit PowerArchiver &#8211; Sparen Sie 63% auf Lifetime-Lizenzen und SUPER Bundle!<\/h2>\n<p >F\u00fcr den Cyber Week haben wir lebenslange Lizenzen von PowerArchiver Toolbox 2022 vorbereitet. Als besonderes Angebot bieten wir ein spezielles SUPER-Bundle an, das sowohl <b>PowerArchiver Toolbox<\/b> als auch <b>PowerArchiver Pro f\u00fcr macOS<\/b> enth\u00e4lt.<\/p>\n<\/div>\n<p>[\/vc_column_text][\/vc_column][vc_column width=&#8220;1\/3&#8243;][vc_empty_space height=&#8220;55px&#8220;][vc_single_image image=&#8220;23161&#8243; img_size=&#8220;full&#8220; css_animation=&#8220;slideInLeft&#8220;][\/vc_column][\/vc_row][vc_section][vc_row][vc_column][vc_column_inner width=&#8220;1\/2&#8243;][vc_empty_space height=&#8220;15px&#8220;]\n\t\t\t<div class=\"priceboxes2 pricing pricing-1 boxed boxed--lg boxed--border boxed--emphasis\">\n\t\t\t\t<h3>PowerArchiver 2023 Toolbox + PowerArchiver 2022 Pro for macOS<\/h3>\n\t\t\t\t<span class=\"h2\"><strong>\u20ac29.64 mit 36 Monaten Upgrades<\/strong><\/span>\n\t\t\t\t<span class=\"label\">Super-Bundle!<\/span>\n\t\t\t\t<\/p>\n<p style=\"margin-top:-20px;\"><img decoding=\"async\" src=\"https:\/\/powerarchiver.cachefly.net\/wp-content\/uploads\/2021\/11\/bundle2022-1.png\" alt=\"\" height=\"279\" class=\"aligncenter size-medium wp-image-16236\" \/><\/p>\n<ul style=\"margin-top:-10px;font-size:13px;font-weight:bold;\">\n<li><span class=\"checkmark bg--primary-1\"><\/span> Beinhaltet lebenslange Upgrades von PowerArchiver<\/li>\n<li><span class=\"checkmark bg--primary-1\"><\/span> Enth\u00e4lt PowerArchiver 2023 Toolbox for Windows<\/li>\n<li><span class=\"checkmark bg--primary-1\"><\/span> Enth\u00e4lt PowerArchiver 2023 Professional for macOS<\/li>\n<\/ul>\n<\/ul>\n<p>\n\n\t\t\t\t<a class=\"btn btn--primary-1\" href=\"\"><\/a>\n\t\t\t<\/div><!--end of pricing-->\n\t\t[vc_btn title=&#8220;<del>\u20ac130.74<\/del> \u20ac29.71  &#8211; BUY International&#8220; style=&#8220;flat&#8220; shape=&#8220;square&#8220; color=&#8220;vista-blue&#8220; size=&#8220;lg&#8220; align=&#8220;center&#8220; i_icon_fontawesome=&#8220;fa fa-shopping-cart&#8220; button_block=&#8220;true&#8220; add_icon=&#8220;true&#8220; link=&#8220;url:https%3A%2F%2Fwww.conexware.com%2Fcyber-monday-super-budle-int.html|||&#8220;][\/vc_column_inner][vc_column_inner width=&#8220;1\/2&#8243;][vc_empty_space height=&#8220;15px&#8220;]\n\t\t\t<div class=\"priceboxes2 pricing pricing-1 boxed boxed--lg boxed--border boxed--emphasis\">\n\t\t\t\t<h3>PowerArchiver 2023 Toolbox + PowerArchiver 2022 Pro for macOS<\/h3>\n\t\t\t\t<span class=\"h2\"><strong>\u20ac69.60 mit lebenslangen Upgrades<\/strong><\/span>\n\t\t\t\t<span class=\"label\">Lebenslanges Super-Bundle!<\/span>\n\t\t\t\t<\/p>\n<p style=\"margin-top:-20px;\"><img decoding=\"async\" src=\"https:\/\/powerarchiver.cachefly.net\/wp-content\/uploads\/2021\/11\/bundle2022-1.png\" alt=\"\" height=\"279\" class=\"aligncenter size-medium wp-image-16236\" \/><\/p>\n<ul style=\"margin-top:-10px; font-size:13px;font-weight:bold;\">\n<li><span class=\"checkmark bg--primary-1\"><\/span> Beinhaltet lebenslange Upgrades von PowerArchiver<\/li>\n<li><span class=\"checkmark bg--primary-1\"><\/span> Enth\u00e4lt PowerArchiver 2023 Toolbox for Windows<\/li>\n<li><span class=\"checkmark bg--primary-1\"><\/span> Enth\u00e4lt PowerArchiver 2023 Professional for macOS<\/li>\n<\/ul>\n<\/ul>\n<p>\n\n\t\t\t\t<a class=\"btn btn--primary-1\" href=\"\"><\/a>\n\t\t\t<\/div><!--end of pricing-->\n\t\t[vc_btn title=&#8220;<del>\u20ac191.03<\/del> \u20ac69.60 &#8211; BUY International&#8220; style=&#8220;flat&#8220; shape=&#8220;square&#8220; color=&#8220;vista-blue&#8220; size=&#8220;lg&#8220; align=&#8220;center&#8220; i_icon_fontawesome=&#8220;fa fa-shopping-cart&#8220; button_block=&#8220;true&#8220; add_icon=&#8220;true&#8220; link=&#8220;url:https%3A%2F%2Fwww.conexware.com%2Fcyber-monday-super-budle-lifetime-int.html|||&#8220;][\/vc_column_inner][\/vc_column][\/vc_row][\/vc_section][vc_row][\/vc_row][vc_column][\/vc_column][vc_column_text]<\/p>\n<p>[\/vc_column_text][vc_row][vc_column][vc_empty_space height=&#8220;52px&#8220;][\/vc_column][\/vc_row][vc_row full_width=&#8220;stretch_row&#8220;][vc_column]<ul class=\"accordion accordion-1 accordion--oneopen \">\n\t\t<li class=\"\">\n\t\t\t<div class=\"accordion__title\">\n\t\t\t\t<span class=\"h5\">PowerArchiver Select  (zuk\u00fcnftige Upgrades)<\/span>\n\t\t\t<\/div>\n\t\t\t<div class=\"accordion__content\">\n\t\t\t\t<\/p>\n<h5>Was ist der PowerArchiver Select-Plan?<\/h5>\n<p>Bei jedem Kauf von PowerArchiver erhalten Sie mindestens 12 Monate PowerArchiver Select kostenlos. PowerArchiver Select ist ein Premium-Support- und Wartungsplan mit den folgenden Funktionen: Upgrade Assurance (kostenloses Upgrade auf alle Haupt- und Nebenversionen), Live-Registrierungssystem, das Ihren Registrierungscode auf dem neuesten Stand h\u00e4lt, Priorit\u00e4ts-Support einschlie\u00dflich Telefonsupport, Priorit\u00e4ts-Feature Requests, Priorit\u00e4ts-BETA-Versionen. Das Niveau des Endbenutzer-Supports in PowerArchiver Select ist beispiellos in der Softwarebranche, wo keiner unserer Mitbewerber auch nur telefonischen Support anbietet, geschweige denn die M\u00f6glichkeit, die zuk\u00fcnftige Entwicklung zu beeinflussen. <strong>Verl\u00e4ngerungen sind zu deutlich reduzierten Preisen erh\u00e4ltlich &#8211; 73% Rabatt f\u00fcr 1-Jahres-Verl\u00e4ngerungen und ein noch gr\u00f6\u00dferer Rabatt f\u00fcr 3-Jahres-Verl\u00e4ngerungen!<\/strong><\/p>\n<p>\n\n\t\t\t<\/div>\n\t\t<\/li>\n\t<\/ul>[\/vc_column][\/vc_row]<\/p>\n","protected":false},"excerpt":{"rendered":"<p>[vc_row][vc_column width=&#8220;2\/3&#8243; padding=&#8220;boxed&#8211;lg&#8220; background=&#8220;bg&#8211;secondary&#8220; shadow=&#8220;no-shadow&#8220;][vc_column_text css_animation=&#8220;bounceIn&#8220;] Cyber Week mit PowerArchiver &#8211; Sparen Sie 63% auf Lifetime-Lizenzen und SUPER Bundle! F\u00fcr den Cyber&#8230;<\/p>\n","protected":false},"author":1,"featured_media":0,"parent":0,"menu_order":0,"comment_status":"closed","ping_status":"closed","template":"","meta":{"footnotes":""},"_links":{"self":[{"href":"https:\/\/www.powerarchiver.com\/de\/wp-json\/wp\/v2\/pages\/23198"}],"collection":[{"href":"https:\/\/www.powerarchiver.com\/de\/wp-json\/wp\/v2\/pages"}],"about":[{"href":"https:\/\/www.powerarchiver.com\/de\/wp-json\/wp\/v2\/types\/page"}],"author":[{"embeddable":true,"href":"https:\/\/www.powerarchiver.com\/de\/wp-json\/wp\/v2\/users\/1"}],"replies":[{"embeddable":true,"href":"https:\/\/www.powerarchiver.com\/de\/wp-json\/wp\/v2\/comments?post=23198"}],"version-history":[{"count":8,"href":"https:\/\/www.powerarchiver.com\/de\/wp-json\/wp\/v2\/pages\/23198\/revisions"}],"predecessor-version":[{"id":23223,"href":"https:\/\/www.powerarchiver.com\/de\/wp-json\/wp\/v2\/pages\/23198\/revisions\/23223"}],"wp:attachment":[{"href":"https:\/\/www.powerarchiver.com\/de\/wp-json\/wp\/v2\/media?parent=23198"}],"curies":[{"name":"wp","href":"https:\/\/api.w.org\/{rel}","templated":true}]}}