{"id":23026,"date":"2021-11-24T08:11:32","date_gmt":"2021-11-24T08:11:32","guid":{"rendered":"https:\/\/www.powerarchiver.com\/?page_id=23026"},"modified":"2021-11-24T10:12:46","modified_gmt":"2021-11-24T10:12:46","slug":"powerarchiver-2022-toolbox-black-friday-sonderangebot","status":"publish","type":"page","link":"https:\/\/www.powerarchiver.com\/de\/powerarchiver-2022-toolbox-black-friday-sonderangebot\/","title":{"rendered":"PowerArchiver 2023 Toolbox &#8211; Black Friday Sonderangebot"},"content":{"rendered":"<p>[vc_section][vc_row][vc_column]<div class=\" boxed--lg bg--secondary  boxed boxed--border\" ><div class=\"background-image-holder\"><img width=\"1150\" height=\"396\" src=\"https:\/\/www.powerarchiver.com\/wp-content\/uploads\/2020\/11\/1801540562128003-3.jpg?wsr\" class=\"attachment-full size-full\" alt=\"\" decoding=\"async\" loading=\"lazy\" srcset=\"https:\/\/www.powerarchiver.com\/wp-content\/uploads\/2020\/11\/1801540562128003-3.jpg 1150w, https:\/\/www.powerarchiver.com\/wp-content\/uploads\/2020\/11\/1801540562128003-3-300x103.jpg 300w, https:\/\/www.powerarchiver.com\/wp-content\/uploads\/2020\/11\/1801540562128003-3-1024x353.jpg 1024w, https:\/\/www.powerarchiver.com\/wp-content\/uploads\/2020\/11\/1801540562128003-3-768x264.jpg 768w\" sizes=\"(max-width: 1150px) 100vw, 1150px\" \/><\/div><div class=\"container\">[vc_column_text css_animation=&#8220;bounceIn&#8220;]<\/p>\n<h2 style=\"width:99%;margin-top:60px;\" class=\"big_display_only\"><img decoding=\"async\" class=\"alignleft wp-image-9160 size-thumbnail\" src=\"https:\/\/www.powerarchiver.com\/wp-content\/uploads\/2021\/11\/tbx2022.png\" alt=\"\" width=\"240\" \/><\/h2>\n<h2 style=\"color:#fff;font-weight:bold;width:99%;font-size:35px;\">PowerArchiver 2023 Toolbox<br \/>Black Friday Angebot!<\/h2>\n<p style=\"color:#fff;font-weight:bold;\">PowerArchiver 2023 &#8211; volle Unterst\u00fctzung f\u00fcr Windows 11, einschlie\u00dflich Docking-Unterst\u00fctzung, neues High-Dpi-Skin mit automatischem Skin-Wechsel (dunkel\/hell), komplett neue Windows 11 Shell-Erweiterungen (erscheinen im ersten Men\u00fc), Ribbon-Kontextmen\u00fc und vieles mehr!<\/p>\n<p>[\/vc_column_text][vc_empty_space]<\/div><\/div>[\/vc_column][\/vc_row][vc_row css=&#8220;.vc_custom_1516850554908{margin-bottom: 10px !important;}&#8220;][vc_column width=&#8220;1\/2&#8243;]\n\t\t\t<div class=\"priceboxes2de pricing pricing-1 boxed boxed--lg boxed--border \">\n\t\t\t\t<h3>PowerArchiver 2023 Toolbox<\/h3>\n\t\t\t\t<span class=\"h2\"><strong>\u20ac19.98 mit 36 Monaten Upgrades<\/strong><\/span>\n\t\t\t\t\n\t\t\t\t<\/p>\n<ul>\n<img decoding=\"async\" loading=\"lazy\" src=\"https:\/\/www.powerarchiver.com\/wp-content\/uploads\/2021\/11\/tbx2022bf.png\" alt=\"\" width=\"300\" height=\"279\" class=\"aligncenter size-medium wp-image-16236\" \/><\/p>\n<ul style=\"margin-top:-35px;\">\n<li><span class=\"checkmark\"><\/span> <strong>Beinhaltet 3 Jahre Updates und Support.<\/strong><\/li>\n<li><i class=\"checkmark\"><\/i> Alle Funktionen von PowerArchiver Standard und Professional.<\/li>\n<li><i class=\"checkmark\"><\/i> PowerArchiver Virtual ISO Drive &#8211; ISO-Dateien als CD\/DVD einbinden!<\/li>\n<li><i class=\"checkmark\"><\/i> Vollst\u00e4ndiger PowerArchiver Burner mit Datenbrenner, DVD zu ISO, ISO brennen und sogar Audio Brenner.<\/li>\n<li><i class=\"checkmark\"><\/i> Vollst\u00e4ndiger PowerArchiver Secure FTP-Client mit FIPS 140-2-Validierung und intelligenter Archivverwaltung.<br \/>\n&nbsp;<\/li>\n<\/ul>\n<p>\n\n\t\t\t\t<a class=\"btn btn--primary\" href=\"\"><\/a>\n\t\t\t<\/div><!--end of pricing-->\n\t\t[vc_row_inner][vc_column_inner][vc_btn title=&#8220;<del>\u20ac76.92<\/del> \u20ac19.98 &#8211; KAUFEN International&#8220; style=&#8220;flat&#8220; shape=&#8220;square&#8220; color=&#8220;vista-blue&#8220; size=&#8220;lg&#8220; align=&#8220;center&#8220; i_icon_fontawesome=&#8220;fa fa-shopping-cart&#8220; button_block=&#8220;true&#8220; add_icon=&#8220;true&#8220; link=&#8220;url:https%3A%2F%2Fwww.powerarchiver.com%2Fl%2Fpa2023-tx-int-3year-select|||&#8220;][\/vc_column_inner][\/vc_row_inner][\/vc_column][vc_column width=&#8220;1\/2&#8243;]\n\t\t\t<div class=\"priceboxes2de pricing pricing-1 boxed boxed--lg boxed--border boxed--emphasis\">\n\t\t\t\t<h3>PowerArchiver 2023 Toolbox<\/h3>\n\t\t\t\t<span class=\"h2\"><strong>\u20ac49.95 mit Lifetime-Upgrades<\/strong><\/span>\n\t\t\t\t<span class=\"label\">Lebenslang!<\/span>\n\t\t\t\t<\/p>\n<p><img decoding=\"async\" loading=\"lazy\" src=\"https:\/\/www.powerarchiver.com\/wp-content\/uploads\/2021\/11\/tbx2022bf.png\" alt=\"\" width=\"300\" height=\"279\" class=\"aligncenter size-medium wp-image-16236\" \/><\/p>\n<ul style=\"margin-top:-43px;\">\n<li><span class=\"checkmark\"><\/span>  <strong>Beinhaltet LIFETIME Updates von PowerArchiver &#8211; (z.B. PA 2030)<\/li>\n<li><i class=\"checkmark\"><\/i> Alle Funktionen von PowerArchiver Standard und Professional.<\/li>\n<li><i class=\"checkmark\"><\/i> PowerArchiver Virtual ISO Drive &#8211; ISO-Dateien als CD\/DVD einbinden!<\/li>\n<li><i class=\"checkmark\"><\/i> Vollst\u00e4ndiger PowerArchiver Burner mit Datenbrenner, DVD zu ISO, ISO brennen und sogar Audio Brenner.<\/li>\n<li><i class=\"checkmark\"><\/i> Vollst\u00e4ndiger PowerArchiver Secure FTP-Client mit FIPS 140-2-Validierung und intelligenter Archivverwaltung.<br \/>\n&nbsp;<\/li>\n<\/ul>\n<p>\n\n\t\t\t\t<a class=\"btn btn--primary-1\" href=\"\"><\/a>\n\t\t\t<\/div><!--end of pricing-->\n\t\t[vc_row_inner][vc_column_inner][vc_btn title=&#8220;<del>\u20ac112.39<\/del> \u20ac49.95 &#8211; KAUFEN International&#8220; style=&#8220;flat&#8220; shape=&#8220;square&#8220; color=&#8220;vista-blue&#8220; size=&#8220;lg&#8220; align=&#8220;center&#8220; i_icon_fontawesome=&#8220;fa fa-shopping-cart&#8220; button_block=&#8220;true&#8220; add_icon=&#8220;true&#8220; link=&#8220;url:https%3A%2F%2Fwww.powerarchiver.com%2Fl%2Fpa2023-tx-int-special-lifetime-offer|||&#8220;][\/vc_column_inner][\/vc_row_inner][\/vc_column][\/vc_row][vc_row gap=&#8220;35&#8243; css=&#8220;.vc_custom_1637568599768{margin-bottom: 10px !important;}&#8220;][vc_column width=&#8220;1\/2&#8243;][vc_column_text]<\/p>\n<p><img decoding=\"async\" src=\"https:\/\/www.powerarchiver.com\/wp-content\/uploads\/2021\/11\/bundle2022bf.png\" alt=\"\" width=\"450\" class=\"aligncenter size-medium wp-image-16236\" style=\"margin-top:170px;margin-left:-5%;\" \/><\/p>\n<p>[\/vc_column_text][\/vc_column][vc_column width=&#8220;1\/2&#8243;]\n\t\t\t<div class=\"priceboxss pricing pricing-1 boxed boxed--lg boxed--border boxed--emphasis\">\n\t\t\t\t<h3>PowerArchiver 2023 Toolbox +<br \/>\nPowerArchiver 2022 Pro for macOS<\/h3>\n\t\t\t\t<span class=\"h2\"><strong>\u20ac69.60 mit Lifetime-Upgrades<\/strong><\/span>\n\t\t\t\t<span class=\"label\">Lifetime-Bundle!<\/span>\n\t\t\t\t<\/p>\n<ul>\n<ul style=\"margin-top:35px;\">\n<li><span class=\"checkmark\"><\/span> <strong>Beinhaltet lebenslange Updates und Support.<\/strong><\/li>\n<li><i class=\"checkmark\"><\/i> Alle Funktionen von PowerArchiver Standard und Professional.<\/li>\n<li><i class=\"checkmark\"><\/i> PowerArchiver Virtual ISO Drive &#8211; ISO-Dateien als CD\/DVD einbinden!<\/li>\n<li><i class=\"checkmark\"><\/i> Vollst\u00e4ndiger PowerArchiver Burner mit Datenbrenner, DVD zu ISO, ISO brennen und sogar Audio Brenner.<\/li>\n<li><i class=\"checkmark\"><\/i> Vollst\u00e4ndiger PowerArchiver Secure FTP-Client mit FIPS 140-2-Validierung und intelligenter Archivverwaltung.<br \/>\n&nbsp;<\/li>\n<\/ul>\n<p>\n\n\t\t\t\t<a class=\"btn btn--primary-1\" href=\"\"><\/a>\n\t\t\t<\/div><!--end of pricing-->\n\t\t[vc_empty_space height=&#8220;12px&#8220;][vc_row_inner][vc_column_inner][vc_btn title=&#8220;<del>\u20ac191.03<\/del> \u20ac69.60 &#8211; KAUFEN International&#8220; style=&#8220;flat&#8220; shape=&#8220;square&#8220; color=&#8220;vista-blue&#8220; size=&#8220;lg&#8220; align=&#8220;center&#8220; i_icon_fontawesome=&#8220;fa fa-shopping-cart&#8220; button_block=&#8220;true&#8220; add_icon=&#8220;true&#8220; link=&#8220;url:https%3A%2F%2Fwww.conexware.com%2Fpowerarchiver-2022-special-lifetime-offer-int.html|||&#8220; el_class=&#8220;widerbutton&#8220;][\/vc_column_inner][\/vc_row_inner][\/vc_column][\/vc_row][vc_row][vc_column][vc_empty_space][\/vc_column][\/vc_row][\/vc_section]<\/p>\n","protected":false},"excerpt":{"rendered":"<p>[vc_section][vc_row][vc_column][\/vc_column][\/vc_row][vc_row css=&#8220;.vc_custom_1516850554908{margin-bottom: 10px !important;}&#8220;][vc_column width=&#8220;1\/2&#8243;][vc_row_inner][vc_column_inner][vc_btn title=&#8220;\u20ac76.92 \u20ac19.98 &#8211; KAUFEN International&#8220; style=&#8220;flat&#8220; shape=&#8220;square&#8220; color=&#8220;vista-blue&#8220; size=&#8220;lg&#8220; align=&#8220;center&#8220; i_icon_fontawesome=&#8220;fa fa-shopping-cart&#8220; button_block=&#8220;true&#8220; add_icon=&#8220;true&#8220; link=&#8220;url:https%3A%2F%2Fwww.powerarchiver.com%2Fl%2Fpa2023-tx-int-3year-select|||&#8220;][\/vc_column_inner][\/vc_row_inner][\/vc_column][vc_column width=&#8220;1\/2&#8243;][vc_row_inner][vc_column_inner][vc_btn title=&#8220;\u20ac112.39&#8230;<\/p>\n","protected":false},"author":1,"featured_media":0,"parent":0,"menu_order":0,"comment_status":"closed","ping_status":"closed","template":"","meta":{"footnotes":""},"_links":{"self":[{"href":"https:\/\/www.powerarchiver.com\/de\/wp-json\/wp\/v2\/pages\/23026"}],"collection":[{"href":"https:\/\/www.powerarchiver.com\/de\/wp-json\/wp\/v2\/pages"}],"about":[{"href":"https:\/\/www.powerarchiver.com\/de\/wp-json\/wp\/v2\/types\/page"}],"author":[{"embeddable":true,"href":"https:\/\/www.powerarchiver.com\/de\/wp-json\/wp\/v2\/users\/1"}],"replies":[{"embeddable":true,"href":"https:\/\/www.powerarchiver.com\/de\/wp-json\/wp\/v2\/comments?post=23026"}],"version-history":[{"count":13,"href":"https:\/\/www.powerarchiver.com\/de\/wp-json\/wp\/v2\/pages\/23026\/revisions"}],"predecessor-version":[{"id":23042,"href":"https:\/\/www.powerarchiver.com\/de\/wp-json\/wp\/v2\/pages\/23026\/revisions\/23042"}],"wp:attachment":[{"href":"https:\/\/www.powerarchiver.com\/de\/wp-json\/wp\/v2\/media?parent=23026"}],"curies":[{"name":"wp","href":"https:\/\/api.w.org\/{rel}","templated":true}]}}