{"id":21313,"date":"2021-03-26T08:21:30","date_gmt":"2021-03-26T08:21:30","guid":{"rendered":"https:\/\/www.powerarchiver.com\/?page_id=21313"},"modified":"2021-03-30T06:43:43","modified_gmt":"2021-03-30T06:43:43","slug":"powerarchiver-2021-toolbox-special-offer-happy-easter-day","status":"publish","type":"page","link":"https:\/\/www.powerarchiver.com\/de\/powerarchiver-2021-toolbox-special-offer-happy-easter-day\/","title":{"rendered":"PowerArchiver 2021 Toolbox &#8211; Sonderangebot &#8211; Frohe Ostern!"},"content":{"rendered":"<p>[vc_section][vc_row][vc_column]<div class=\"  bg--secondary  boxed boxed--border\" ><div class=\"background-image-holder\"><img width=\"597\" height=\"196\" src=\"https:\/\/www.powerarchiver.com\/wp-content\/uploads\/2021\/03\/1041585649899428-1.gif\" class=\"attachment-full size-full\" alt=\"\" decoding=\"async\" loading=\"lazy\" \/><\/div><div class=\"container\">[vc_column_text css_animation=&#8220;bounceIn&#8220;]<\/p>\n<h2 style=\"color:#444;font-weight:bold;\"><img decoding=\"async\" loading=\"lazy\" class=\"alignleft wp-image-9160 size-thumbnail\" src=\"https:\/\/www.powerarchiver.com\/wp-content\/uploads\/2020\/03\/bluebox-tbx-2021.png\" alt=\"\" width=\"230\" height=\"230\" \/>PowerArchiver 2021 Toolbox &#8211; Sonderangebot!<\/h2>\n<p style=\"color:#333;\">PowerArchiver 2021 &#8211; der intelligenteste PowerArchiver ist da! PowerArchiver 2021 kommt mit SmartAI, einer neuen Funktion, die Ihr System intelligent \u00fcberwacht und die PowerArchiver-Optionen daran anpasst &#8211; Umschalten in den dunklen Modus, Energiesparmodus, Touch-Modus, Gestenunterst\u00fctzung und das Beste von allem &#8211; die neue vereinfachte Ribbon UI von Office! Unsere Version sieht nicht nur gro\u00dfartig aus, sie bietet auch volle Unterst\u00fctzung f\u00fcr Skins und hat eine Win10-\u00e4hnliche Leiste an der Seite f\u00fcr Anwendungen! Vollst\u00e4ndig anpassbar auch! Wir haben auch die Unterst\u00fctzung f\u00fcr Bildschirmleser verbessert und unsere neue ZIP-Engine ist so schnell wie nie zuvor.  Holen Sie sich jetzt die PA 2021 Toolbox, unsere bisher beste Version, mit speziellen 3-Jahres- und Lifetime-Angeboten f\u00fcr zuk\u00fcnftige Upgrades! (beinhaltet alle Haupt- und Nebenversionen)<\/p>\n<p>[\/vc_column_text][vc_empty_space]<\/div><\/div>[\/vc_column][\/vc_row][vc_row css=&#8220;.vc_custom_1516850554908{margin-bottom: 10px !important;}&#8220;][vc_column width=&#8220;1\/2&#8243;]\n\t\t\t<div class=\"priceboxes2uh pricing pricing-1 boxed boxed--lg boxed--border \">\n\t\t\t\t<h3>PowerArchiver 2021 Toolbox<\/h3>\n\t\t\t\t<span class=\"h2\"><strong>$19.98 mit 36 Monaten Upgrades<\/strong><\/span>\n\t\t\t\t\n\t\t\t\t<\/p>\n<ul>\n<img decoding=\"async\" loading=\"lazy\" src=\"https:\/\/www.powerarchiver.com\/wp-content\/uploads\/2021\/03\/21121585650426370.png\" alt=\"\" width=\"100\" height=\"100\" class=\"alignright\" style=\"margin-top:-60px !important;\"\/><img decoding=\"async\" loading=\"lazy\" src=\"https:\/\/www.powerarchiver.com\/wp-content\/uploads\/2020\/03\/bluebox-tbx-2021.png\" alt=\"\" width=\"300\" height=\"279\" class=\"aligncenter size-medium wp-image-16236\" \/><\/p>\n<ul style=\"margin-top:-30px !important;\">\n<li><span class=\"checkmark bg--primary-1\"><\/span> <strong>Beinhaltet 3 Jahre Updates und Support.<\/strong><\/li>\n<li><i class=\"checkmark bg--primary-1\"><\/i> <strong>Alle Funktionen von PowerArchiver Standard und Professional.<\/strong><\/li>\n<li><i class=\"checkmark bg--primary-1\"><\/i> <strong>PowerArchiver Virtual ISO Drive &#8211; ISO-Dateien als CD\/DVD einbinden!<\/strong><\/li>\n<li><i class=\"checkmark bg--primary-1\"><\/i> <strong>Voller PowerArchiver-Brenner mit Datenbrenner, DVD zu ISO, ISO brennen und sogar Audio-Brenner.<\/strong><\/li>\n<li><i class=\"checkmark bg--primary-1\"><\/i> <strong>Vollst\u00e4ndiger PowerArchiver Secure FTP-Client mit FIPS 140-2-Validierung und intelligenter Archivverwaltung.<\/strong><\/li>\n<\/ul>\n<p>\n\n\t\t\t\t<a class=\"btn btn--primary\" href=\"\"><\/a>\n\t\t\t<\/div><!--end of pricing-->\n\t\t[vc_row_inner][vc_column_inner][vc_btn title=&#8220;<del>\u20ac76.92<\/del> \u20ac19.98 &#8211; KAUFEN International&#8220; style=&#8220;flat&#8220; shape=&#8220;square&#8220; color=&#8220;vista-blue&#8220; size=&#8220;lg&#8220; align=&#8220;center&#8220; i_icon_fontawesome=&#8220;fa fa-shopping-cart&#8220; button_block=&#8220;true&#8220; add_icon=&#8220;true&#8220; link=&#8220;url:https%3A%2F%2Fwww.powerarchiver.com%2Fl%2Fpa2021-tx-int-3year-select|||&#8220;][\/vc_column_inner][\/vc_row_inner][\/vc_column][vc_column width=&#8220;1\/2&#8243;]\n\t\t\t<div class=\"priceboxes2uh pricing pricing-1 boxed boxed--lg boxed--border boxed--emphasis\">\n\t\t\t\t<h3>PowerArchiver 2021 Toolbox<\/h3>\n\t\t\t\t<span class=\"h2\"><strong>$49.95 mit lebenslangen Upgrades<\/strong><\/span>\n\t\t\t\t<span class=\"label\">Lebensdauer!<\/span>\n\t\t\t\t<\/p>\n<p><img decoding=\"async\" loading=\"lazy\" src=\"https:\/\/www.powerarchiver.com\/wp-content\/uploads\/2021\/03\/21121585650426370.png\" alt=\"\" width=\"100\" height=\"100\" class=\"alignright\" style=\"margin-top:-60px !important;\"\/><br \/>\n<img decoding=\"async\" loading=\"lazy\" src=\"https:\/\/www.powerarchiver.com\/wp-content\/uploads\/2020\/03\/bluebox-tbx-2021.png\" alt=\"\" width=\"300\" height=\"279\" class=\"aligncenter size-medium wp-image-16236\" \/><\/p>\n<ul style=\"margin-top:-40px !important;\">\n<li><span class=\"checkmark bg--primary-1\"><\/span> <strong style=\"color:red;\">Beinhaltet LIFETIME Updates von PowerArchiver!<\/strong><\/li>\n<li><i class=\"checkmark bg--primary-1\"><\/i> <strong>Alle Funktionen von PowerArchiver Standard und Professional.<\/strong><\/li>\n<li><i class=\"checkmark bg--primary-1\"><\/i> <strong>PowerArchiver Virtual ISO Drive &#8211; ISO-Dateien als CD\/DVD einbinden!<\/strong><\/li>\n<li><i class=\"checkmark bg--primary-1\"><\/i> <strong>Voller PowerArchiver-Brenner mit Datenbrenner, DVD zu ISO, ISO brennen und sogar Audio-Brenner.<\/strong><\/li>\n<li><i class=\"checkmark bg--primary-1\"><\/i> <strong>Vollst\u00e4ndiger PowerArchiver Secure FTP-Client mit FIPS 140-2-Validierung und intelligenter Archivverwaltung.<\/strong><\/li>\n<\/ul>\n<p>\n\n\t\t\t\t<a class=\"btn btn--primary-1\" href=\"\"><\/a>\n\t\t\t<\/div><!--end of pricing-->\n\t\t[vc_row_inner][vc_column_inner][vc_btn title=&#8220;<del>\u20ac112.39<\/del> \u20ac49.95 &#8211; KAUFEN International&#8220; style=&#8220;flat&#8220; shape=&#8220;square&#8220; color=&#8220;vista-blue&#8220; size=&#8220;lg&#8220; align=&#8220;center&#8220; i_icon_fontawesome=&#8220;fa fa-shopping-cart&#8220; button_block=&#8220;true&#8220; add_icon=&#8220;true&#8220; link=&#8220;url:https%3A%2F%2Fwww.powerarchiver.com%2Fl%2Fpa2021-tx-int-special-lifetime-offer|||&#8220;][\/vc_column_inner][\/vc_row_inner][\/vc_column][\/vc_row][vc_row][vc_column][vc_empty_space][\/vc_column][\/vc_row][\/vc_section]<\/p>\n","protected":false},"excerpt":{"rendered":"<p>[vc_section][vc_row][vc_column][\/vc_column][\/vc_row][vc_row css=&#8220;.vc_custom_1516850554908{margin-bottom: 10px !important;}&#8220;][vc_column width=&#8220;1\/2&#8243;][vc_row_inner][vc_column_inner][vc_btn title=&#8220;\u20ac76.92 \u20ac19.98 &#8211; KAUFEN International&#8220; style=&#8220;flat&#8220; shape=&#8220;square&#8220; color=&#8220;vista-blue&#8220; size=&#8220;lg&#8220; align=&#8220;center&#8220; i_icon_fontawesome=&#8220;fa fa-shopping-cart&#8220; button_block=&#8220;true&#8220; add_icon=&#8220;true&#8220; link=&#8220;url:https%3A%2F%2Fwww.powerarchiver.com%2Fl%2Fpa2021-tx-int-3year-select|||&#8220;][\/vc_column_inner][\/vc_row_inner][\/vc_column][vc_column width=&#8220;1\/2&#8243;][vc_row_inner][vc_column_inner][vc_btn title=&#8220;\u20ac112.39&#8230;<\/p>\n","protected":false},"author":1,"featured_media":0,"parent":0,"menu_order":0,"comment_status":"closed","ping_status":"closed","template":"","meta":{"footnotes":""},"_links":{"self":[{"href":"https:\/\/www.powerarchiver.com\/de\/wp-json\/wp\/v2\/pages\/21313"}],"collection":[{"href":"https:\/\/www.powerarchiver.com\/de\/wp-json\/wp\/v2\/pages"}],"about":[{"href":"https:\/\/www.powerarchiver.com\/de\/wp-json\/wp\/v2\/types\/page"}],"author":[{"embeddable":true,"href":"https:\/\/www.powerarchiver.com\/de\/wp-json\/wp\/v2\/users\/1"}],"replies":[{"embeddable":true,"href":"https:\/\/www.powerarchiver.com\/de\/wp-json\/wp\/v2\/comments?post=21313"}],"version-history":[{"count":11,"href":"https:\/\/www.powerarchiver.com\/de\/wp-json\/wp\/v2\/pages\/21313\/revisions"}],"predecessor-version":[{"id":21393,"href":"https:\/\/www.powerarchiver.com\/de\/wp-json\/wp\/v2\/pages\/21313\/revisions\/21393"}],"wp:attachment":[{"href":"https:\/\/www.powerarchiver.com\/de\/wp-json\/wp\/v2\/media?parent=21313"}],"curies":[{"name":"wp","href":"https:\/\/api.w.org\/{rel}","templated":true}]}}