{"id":21061,"date":"2020-11-29T16:59:09","date_gmt":"2020-11-29T16:59:09","guid":{"rendered":"https:\/\/www.powerarchiver.com\/?page_id=21061"},"modified":"2020-11-29T17:00:03","modified_gmt":"2020-11-29T17:00:03","slug":"powerarchiver-2021-toolbox-cyber-monday-business-bundle","status":"publish","type":"page","link":"https:\/\/www.powerarchiver.com\/de\/powerarchiver-2021-toolbox-cyber-monday-business-bundle\/","title":{"rendered":"PowerArchiver 2021 Toolbox -Cyber Monday Business Bundle!"},"content":{"rendered":"<p>[vc_row][vc_column width=&#8220;2\/3&#8243; padding=&#8220;boxed&#8211;lg&#8220; background=&#8220;bg&#8211;secondary&#8220; shadow=&#8220;no-shadow&#8220;][vc_column_text css_animation=&#8220;bounceIn&#8220;]<\/p>\n<div style=\"background-image:url('https:\/\/www.powerarchiver.com\/wp-content\/uploads\/2020\/11\/21951839-2.jpg');padding:5%;padding-top:7%;\">\n<h2>Cyber Monday mit PowerArchiver &#8211; Sparen Sie 80% bei Lifetime-Lizenzen und SUPER Bundle!<\/h2>\n<p>F\u00fcr den Cybermontag haben wir lebenslange Lizenzen der PowerArchiver Toolbox 2021 vorbereitet. Als Sonderangebot bieten wir ein spezielles SUPER-Paket an, das sowohl PowerArchiver Toolbox und PowerArchiver Pro f\u00fcr MacOS als auch Encryption Suite enth\u00e4lt. Das ist ein enormer Wert, denn Sie sparen viel gegen\u00fcber dem Listenpreis dieser 3 Produkte!<\/p>\n<\/div>\n<p>[\/vc_column_text][\/vc_column][vc_column width=&#8220;1\/3&#8243;][vc_empty_space height=&#8220;55px&#8220;][vc_single_image image=&#8220;20974&#8243; img_size=&#8220;full&#8220; css_animation=&#8220;slideInLeft&#8220;][\/vc_column][\/vc_row]<div class=\"tabs-container text-center \" data-content-align=\"left\"><ul class=\"tabs section-tabs\">[vc_row_inner gap=&#8220;20&#8243; ebor_title=&#8220;Cyber Monday Business Bundle!&#8220; ebor_type=&#8220;tab&#8220;][vc_section][vc_row][vc_column][vc_column_inner width=&#8220;1\/2&#8243;][vc_empty_space height=&#8220;15px&#8220;]\n\t\t\t<div class=\"priceboxes3 pricing pricing-1 boxed boxed--lg boxed--border boxed--emphasis\">\n\t\t\t\t<h3>PowerArchiver 2021 Toolbox + PowerArchiver 2021 Pro for macOS + Encryption Suite Pro 2019<\/h3>\n\t\t\t\t<span class=\"h2\"><strong>$129.20 f\u00fcr 10 Lizenzen mit lebenslangen Upgrades<\/strong><\/span>\n\t\t\t\t<span class=\"label\">Lifetime Business Bundle!<\/span>\n\t\t\t\t<\/p>\n<p style=\"margin-top:-12px;\"><img decoding=\"async\" src=\"https:\/\/www.powerarchiver.com\/wp-content\/uploads\/2020\/11\/SuperBundle.jpg\" alt=\"\" height=\"279\" class=\"aligncenter size-medium wp-image-16236\" \/><\/p>\n<ul style=\"margin-top:-10px\">\n<li><span class=\"checkmark bg--primary-1\"><\/span><strong>  Enth\u00e4lt LIFETIME-Updates von PowerArchiver \u2013 (z. B. PA 2030), PowerArchiver 2021 Pro f\u00fcr MacOS und Encryption Suite Pro 2019!<\/strong><\/li>\n<li><span class=\"checkmark bg--primary-1\"><\/span> <strong>Beste Version von PowerArchiver, mit allen Komprimierungsfunktionen einschlie\u00dflich .pa-Format, vollst\u00e4ndigem Backup-Client, sicherem FTP-Client, Verschl\u00fcsselungssuite mit FIPS 140-2-Verschl\u00fcsselung, vollst\u00e4ndigem CD\/DVD-Brenner mit virtuellem ISO-Laufwerk und voller Cloud-Unterst\u00fctzung f\u00fcr 6 verschiedene Cloud-Services.<\/strong><\/li>\n<\/ul>\n<p>\n\n\t\t\t\t<a class=\"btn btn--primary-1\" href=\"\"><\/a>\n\t\t\t<\/div><!--end of pricing-->\n\t\t[vc_btn title=&#8220;<del>\u20ac1710.00<\/del> \u20ac129.20  &#8211; KAUFEN International&#8220; style=&#8220;flat&#8220; shape=&#8220;square&#8220; color=&#8220;vista-blue&#8220; size=&#8220;lg&#8220; align=&#8220;center&#8220; i_icon_fontawesome=&#8220;fa fa-shopping-cart&#8220; button_block=&#8220;true&#8220; add_icon=&#8220;true&#8220; link=&#8220;url:https%3A%2F%2Fwww.conexware.com%2Fcyber-monday-super-budle-lifetime-int-10.html|||&#8220;][\/vc_column_inner][vc_column_inner width=&#8220;1\/2&#8243;][vc_empty_space height=&#8220;15px&#8220;]\n\t\t\t<div class=\"priceboxes3 pricing pricing-1 boxed boxed--lg boxed--border boxed--emphasis\">\n\t\t\t\t<h3>PowerArchiver 2021 Toolbox + PowerArchiver 2021 Pro for macOS + Encryption Suite Pro 2019<\/h3>\n\t\t\t\t<span class=\"h2\"><strong>$197.60 f\u00fcr 20 Lizenzen mit lebenslangen Upgrades<\/strong><\/span>\n\t\t\t\t<span class=\"label\">Lifetime Business Bundle!<\/span>\n\t\t\t\t<\/p>\n<p style=\"margin-top:-12px;\"><img decoding=\"async\" src=\"https:\/\/www.powerarchiver.com\/wp-content\/uploads\/2020\/11\/SuperBundle.jpg\" alt=\"\" height=\"279\" class=\"aligncenter size-medium wp-image-16236\" \/><\/p>\n<ul style=\"margin-top:-10px\">\n<li><span class=\"checkmark bg--primary-1\"><\/span><strong> Enth\u00e4lt LIFETIME-Updates von PowerArchiver \u2013 (z. B. PA 2030), PowerArchiver 2021 Pro f\u00fcr MacOS und Encryption Suite Pro 2019!<\/strong><\/li>\n<li><span class=\"checkmark bg--primary-1\"><\/span> <strong>Beste Version von PowerArchiver, mit allen Komprimierungsfunktionen einschlie\u00dflich .pa-Format, vollst\u00e4ndigem Backup-Client, sicherem FTP-Client, Verschl\u00fcsselungssuite mit FIPS 140-2-Verschl\u00fcsselung, vollst\u00e4ndigem CD\/DVD-Brenner mit virtuellem ISO-Laufwerk und voller Cloud-Unterst\u00fctzung f\u00fcr 6 verschiedene Cloud-Services.<\/strong><\/li>\n<\/ul>\n<p>\n\n\t\t\t\t<a class=\"btn btn--primary-1\" href=\"\"><\/a>\n\t\t\t<\/div><!--end of pricing-->\n\t\t[vc_btn title=&#8220;<del>\u20ac3420.00<\/del> \u20ac197.60 &#8211; KAUFEN International&#8220; style=&#8220;flat&#8220; shape=&#8220;square&#8220; color=&#8220;vista-blue&#8220; size=&#8220;lg&#8220; align=&#8220;center&#8220; i_icon_fontawesome=&#8220;fa fa-shopping-cart&#8220; button_block=&#8220;true&#8220; add_icon=&#8220;true&#8220; link=&#8220;url:https%3A%2F%2Fwww.conexware.com%2Fcyber-monday-super-budle-lifetime-int-20.html|||&#8220;][\/vc_column_inner][\/vc_column][\/vc_row][\/vc_section][vc_row][\/vc_row][vc_column][\/vc_column][vc_column_text]<\/p>\n<p>[\/vc_column_text][\/vc_row_inner][vc_row_inner gap=&#8220;20&#8243; ebor_title=&#8220;Cyber Monday Super Bundle!&#8220; ebor_type=&#8220;tab&#8220;][vc_section][vc_row][vc_column][vc_column_inner width=&#8220;1\/2&#8243;][vc_empty_space height=&#8220;15px&#8220;]\n\t\t\t<div class=\"priceboxes3 pricing pricing-1 boxed boxed--lg boxed--border boxed--emphasis\">\n\t\t\t\t<h3>PowerArchiver 2021 Toolbox + PowerArchiver 2021 Pro for macOS + Encryption Suite Pro 2019<\/h3>\n\t\t\t\t<span class=\"h2\"><strong>$29.64 mit Upgrades \u00fcber 36 Monate<\/strong><\/span>\n\t\t\t\t<span class=\"label\">Super Bundle!<\/span>\n\t\t\t\t<\/p>\n<p style=\"margin-top:-12x;\"><img decoding=\"async\" src=\"https:\/\/www.powerarchiver.com\/wp-content\/uploads\/2020\/11\/SuperBundle.jpg\" alt=\"\" height=\"279\" class=\"aligncenter size-medium wp-image-16236\" \/><\/p>\n<ul style=\"margin-top:-10px\">\n<li><span class=\"checkmark bg--primary-1\"><\/span> <strong>Enth\u00e4lt 36 Monate lang Upgrades von PowerArchiver &#8211; (z. B. PA 2030), PowerArchiver 2021 Pro f\u00fcr MacOS und Encryption Suite Pro 2019!<\/strong><\/li>\n<li><span class=\"checkmark bg--primary-1\"><\/span> <strong>Beste Version von PowerArchiver, mit allen Komprimierungsfunktionen einschlie\u00dflich .pa-Format, vollst\u00e4ndigem Backup-Client, sicherem FTP-Client, Verschl\u00fcsselungssuite mit FIPS 140-2-Verschl\u00fcsselung, vollst\u00e4ndigem CD\/DVD-Brenner mit virtuellem ISO-Laufwerk und voller Cloud-Unterst\u00fctzung f\u00fcr 6 verschiedene Cloud-Services.<\/strong><\/li>\n<\/ul>\n<p>\n\n\t\t\t\t<a class=\"btn btn--primary-1\" href=\"\"><\/a>\n\t\t\t<\/div><!--end of pricing-->\n\t\t[vc_btn title=&#8220;<del>\u20ac207.66<\/del> \u20ac29.64  &#8211; KAUFEN International&#8220; style=&#8220;flat&#8220; shape=&#8220;square&#8220; color=&#8220;vista-blue&#8220; size=&#8220;lg&#8220; align=&#8220;center&#8220; i_icon_fontawesome=&#8220;fa fa-shopping-cart&#8220; button_block=&#8220;true&#8220; add_icon=&#8220;true&#8220; link=&#8220;url:https%3A%2F%2Fwww.conexware.com%2Fcyber-monday-super-budle-int.html|||&#8220;][\/vc_column_inner][vc_column_inner width=&#8220;1\/2&#8243;][vc_empty_space height=&#8220;15px&#8220;]\n\t\t\t<div class=\"priceboxes3 pricing pricing-1 boxed boxed--lg boxed--border boxed--emphasis\">\n\t\t\t\t<h3>PowerArchiver 2021 Toolbox + PowerArchiver 2021 Pro for macOS + Encryption Suite Pro 2019<\/h3>\n\t\t\t\t<span class=\"h2\"><strong>$59.31 Mit lebenslangen Upgrades<\/strong><\/span>\n\t\t\t\t<span class=\"label\">Lifetime Super Bundle!<\/span>\n\t\t\t\t<\/p>\n<p style=\"margin-top:-12px;\"><img decoding=\"async\" src=\"https:\/\/www.powerarchiver.com\/wp-content\/uploads\/2020\/11\/SuperBundle.jpg\" alt=\"\" height=\"279\" class=\"aligncenter size-medium wp-image-16236\" \/><\/p>\n<ul style=\"margin-top:-10px\">\n<li><span class=\"checkmark bg--primary-1\"><\/span><strong>  Enth\u00e4lt LIFETIME-Updates von PowerArchiver \u2013 (z. B. PA 2030), PowerArchiver 2021 Pro f\u00fcr MacOS und Encryption Suite Pro 2019!<\/strong><\/li>\n<li><span class=\"checkmark bg--primary-1\"><\/span> <strong>Beste Version von PowerArchiver, mit allen Komprimierungsfunktionen einschlie\u00dflich .pa-Format, vollst\u00e4ndigem Backup-Client, sicherem FTP-Client, Verschl\u00fcsselungssuite mit FIPS 140-2-Verschl\u00fcsselung, vollst\u00e4ndigem CD\/DVD-Brenner mit virtuellem ISO-Laufwerk und voller Cloud-Unterst\u00fctzung f\u00fcr 6 verschiedene Cloud-Services.<\/strong><\/li>\n<\/ul>\n<p>\n\n\t\t\t\t<a class=\"btn btn--primary-1\" href=\"\"><\/a>\n\t\t\t<\/div><!--end of pricing-->\n\t\t[vc_btn title=&#8220;<del>\u20ac303.42<\/del> \u20ac59.31 &#8211; KAUFEN International&#8220; style=&#8220;flat&#8220; shape=&#8220;square&#8220; color=&#8220;vista-blue&#8220; size=&#8220;lg&#8220; align=&#8220;center&#8220; i_icon_fontawesome=&#8220;fa fa-shopping-cart&#8220; button_block=&#8220;true&#8220; add_icon=&#8220;true&#8220; link=&#8220;url:https%3A%2F%2Fconexware.com%2Fcyber-monday-super-budle-lifetime-int.html|||&#8220;][\/vc_column_inner][\/vc_column][\/vc_row][\/vc_section][vc_row][\/vc_row][vc_column][\/vc_column][vc_column_text]<\/p>\n<p>[\/vc_column_text][\/vc_row_inner]<\/ul><\/div>[vc_row][vc_column][vc_empty_space height=&#8220;52px&#8220;][\/vc_column][\/vc_row][vc_row full_width=&#8220;stretch_row&#8220;][vc_column]<ul class=\"accordion accordion-1 accordion--oneopen \">\n\t\t<li class=\"\">\n\t\t\t<div class=\"accordion__title\">\n\t\t\t\t<span class=\"h5\">PowerArchiver Select (Zuk\u00fcnftige Upgrades)<\/span>\n\t\t\t<\/div>\n\t\t\t<div class=\"accordion__content\">\n\t\t\t\t<\/p>\n<h5>Was ist der PowerArchiver Select-Plan?<\/h5>\n<p>Bei jedem Kauf von PowerArchiver erhalten Sie mindestens 12 Monate PowerArchiver Select gratis dazu. PowerArchiver Select ist ein Premium-Support- und Wartungsplan mit folgenden Funktionen: Upgrade-Garantie (kostenloses Upgrade auf alle Haupt-\/Nebenversionen), Live-Registrierungssystem, das Ihren Registrierungscode auf dem neuesten Stand h\u00e4lt, Priority Support einschlie\u00dflich telefonischem Support, Priority Feature Requests, Priority BETA Releases. Das Niveau des Endbenutzer-Supports in PowerArchiver Select ist beispiellos in der Softwarebranche, wo keiner unserer Mitbewerber auch nur telefonischen Support anbietet, geschweige denn die M\u00f6glichkeit, die zuk\u00fcnftige Entwicklung zu beeinflussen. Die Verl\u00e4ngerung ist zu erheblich reduzierten Preisen erh\u00e4ltlich &#8211; 73% Rabatt bei einer Verl\u00e4ngerung um 1 Jahr und noch gr\u00f6\u00dferer Rabatt bei einer Verl\u00e4ngerung um 3 Jahre!<\/p>\n<p>\n\n\t\t\t<\/div>\n\t\t<\/li>\n\t<\/ul>[\/vc_column][\/vc_row]<\/p>\n","protected":false},"excerpt":{"rendered":"<p>[vc_row][vc_column width=&#8220;2\/3&#8243; padding=&#8220;boxed&#8211;lg&#8220; background=&#8220;bg&#8211;secondary&#8220; shadow=&#8220;no-shadow&#8220;][vc_column_text css_animation=&#8220;bounceIn&#8220;] Cyber Monday mit PowerArchiver &#8211; Sparen Sie 80% bei Lifetime-Lizenzen und SUPER Bundle! F\u00fcr den Cybermontag&#8230;<\/p>\n","protected":false},"author":1,"featured_media":0,"parent":0,"menu_order":0,"comment_status":"closed","ping_status":"closed","template":"","meta":{"footnotes":""},"_links":{"self":[{"href":"https:\/\/www.powerarchiver.com\/de\/wp-json\/wp\/v2\/pages\/21061"}],"collection":[{"href":"https:\/\/www.powerarchiver.com\/de\/wp-json\/wp\/v2\/pages"}],"about":[{"href":"https:\/\/www.powerarchiver.com\/de\/wp-json\/wp\/v2\/types\/page"}],"author":[{"embeddable":true,"href":"https:\/\/www.powerarchiver.com\/de\/wp-json\/wp\/v2\/users\/1"}],"replies":[{"embeddable":true,"href":"https:\/\/www.powerarchiver.com\/de\/wp-json\/wp\/v2\/comments?post=21061"}],"version-history":[{"count":2,"href":"https:\/\/www.powerarchiver.com\/de\/wp-json\/wp\/v2\/pages\/21061\/revisions"}],"predecessor-version":[{"id":21063,"href":"https:\/\/www.powerarchiver.com\/de\/wp-json\/wp\/v2\/pages\/21061\/revisions\/21063"}],"wp:attachment":[{"href":"https:\/\/www.powerarchiver.com\/de\/wp-json\/wp\/v2\/media?parent=21061"}],"curies":[{"name":"wp","href":"https:\/\/api.w.org\/{rel}","templated":true}]}}