{"id":20627,"date":"2020-10-28T08:48:56","date_gmt":"2020-10-28T08:48:56","guid":{"rendered":"https:\/\/www.powerarchiver.com\/?page_id=20627"},"modified":"2020-10-28T09:01:10","modified_gmt":"2020-10-28T09:01:10","slug":"powerarchiver-2021-toolbox-halloween-special-offer","status":"publish","type":"page","link":"https:\/\/www.powerarchiver.com\/de\/powerarchiver-2021-toolbox-halloween-special-offer\/","title":{"rendered":"PowerArchiver 2021 Toolbox \u2013 Halloween Special Offer!"},"content":{"rendered":"<p>[vc_section][vc_row][vc_column]<div class=\" boxed--lg bg--secondary  boxed boxed--border\" ><div class=\"background-image-holder\"><img width=\"892\" height=\"752\" src=\"https:\/\/www.powerarchiver.com\/wp-content\/uploads\/2020\/10\/82571572011522517-1.png\" class=\"attachment-full size-full\" alt=\"\" decoding=\"async\" loading=\"lazy\" srcset=\"https:\/\/www.powerarchiver.com\/wp-content\/uploads\/2020\/10\/82571572011522517-1.png 892w, https:\/\/www.powerarchiver.com\/wp-content\/uploads\/2020\/10\/82571572011522517-1-300x253.png 300w, https:\/\/www.powerarchiver.com\/wp-content\/uploads\/2020\/10\/82571572011522517-1-768x647.png 768w\" sizes=\"(max-width: 892px) 100vw, 892px\" \/><\/div><div class=\"container\">[vc_column_text css_animation=&#8220;bounceIn&#8220;]<\/p>\n<h2 style=\"width:99%;margin-top:240px;\" class=\"big_display_only\"><img decoding=\"async\" loading=\"lazy\" class=\"alignleft wp-image-9160 size-thumbnail\" src=\"https:\/\/www.powerarchiver.com\/wp-content\/uploads\/2020\/03\/bluebox-tbx-2021.png\" alt=\"\" width=\"190\" height=\"190\" \/><\/h2>\n<h2 style=\"color:#fff;font-weight:bold;width:99%;font-size:28px;\">PowerArchiver 2021 Toolbox &#8211; Halloween Special Offer!<\/h2>\n<p style=\"color:#fff;\">PowerArchiver 2021 \u2013 der intelligenteste PowerArchiver ist da! Der PowerArchiver 2021 wird mit SmartAI geliefert. Diese neue Funktion \u00fcberwacht Ihr System auf intelligente Weise und passt die Optionen des PowerArchivers an \u2013 Dunkelmodusumschaltung, Energiesparmodus, Touchmodus, Gestenunterst\u00fctzung und das Beste von allem \u2013 die neue vereinfachte Multifunktionsleiste von Office! Unsere Version sieht nicht nur gut aus, sie bietet auch volle Unterst\u00fctzung f\u00fcr Skins und verf\u00fcgt \u00fcber eine Win10-Leiste an der Seite f\u00fcr Anwendungen! Auch komplett anpassbar! Wir haben auch den Screenreader-Support verbessert und unsere neue ZIP-Engine ist am schnellsten. Holen Sie sich jetzt die PA 2021 Toolbox, unsere bisher beste Version, mit speziellen 3-Jahres- und Lifetime-Angeboten f\u00fcr zuk\u00fcnftige Upgrades! (beinhaltet alle Haupt- und Nebenversionen).<\/p>\n<p>[\/vc_column_text][vc_empty_space]<\/div><\/div>[\/vc_column][\/vc_row][vc_row css=&#8220;.vc_custom_1516850554908{margin-bottom: 10px !important;}&#8220;][vc_column width=&#8220;1\/2&#8243;]\n\t\t\t<div class=\" pricing pricing-1 boxed boxed--lg boxed--border \">\n\t\t\t\t<h3>PowerArchiver 2021 Toolbox<\/h3>\n\t\t\t\t<span class=\"h2\"><strong>19.98 mit 3 Jahre Updates<\/strong><\/span>\n\t\t\t\t\n\t\t\t\t<\/p>\n<p><img decoding=\"async\" loading=\"lazy\" src=\"https:\/\/powerarchiver.cachefly.net\/wp-content\/uploads\/2020\/10\/bluebox-tbx-2021-1.png\" alt=\"\" width=\"300\" height=\"279\" class=\"aligncenter size-medium wp-image-16238\" \/><\/p>\n<ul>\n<li><i class=\"checkmark\"><\/i> <strong>Beinhaltet 3 Jahre Updates und Support.<\/strong><\/li>\n<li><i class=\"checkmark\"><\/i> Enth\u00e4lt alle Funktionen von PowerArchiver Standard und Professional<\/li>\n<li><i class=\"checkmark\"><\/i> PowerArchiver Virtuelles ISO-Laufwerk &#8211; Mount ISO-Dateien als CD \/ DVD!<\/li>\n<li><i class=\"checkmark\"><\/i> Vollst\u00e4ndiger PowerArchiver Burner mit Daten Burner, DVD zu ISO, Burn ISO und sogar Audio Brenner.<\/li>\n<li><i class=\"checkmark\"><\/i> Vollst\u00e4ndiger PowerArchiver Secure FTP-Client mit FIPS 140-2-Validierung und intelligenter Archivverarbeitung<\/li>\n<\/ul>\n<p>\n\n\t\t\t\t<a class=\"btn btn--primary\" href=\"\"><\/a>\n\t\t\t<\/div><!--end of pricing-->\n\t\t[vc_row_inner][vc_column_inner][vc_btn title=&#8220;<del>\u20ac76.92<\/del> \u20ac19.98 &#8211; BUY International&#8220; style=&#8220;flat&#8220; shape=&#8220;square&#8220; color=&#8220;vista-blue&#8220; size=&#8220;lg&#8220; align=&#8220;center&#8220; i_icon_fontawesome=&#8220;fa fa-shopping-cart&#8220; button_block=&#8220;true&#8220; add_icon=&#8220;true&#8220; link=&#8220;url:https%3A%2F%2Fwww.powerarchiver.com%2Fl%2Fpa2021-tx-int-3year-select|||&#8220;][\/vc_column_inner][\/vc_row_inner][\/vc_column][vc_column width=&#8220;1\/2&#8243;]\n\t\t\t<div class=\" pricing pricing-1 boxed boxed--lg boxed--border boxed--emphasis\">\n\t\t\t\t<h3>PowerArchiver 2021 Toolbox<\/h3>\n\t\t\t\t<span class=\"h2\"><strong>49.95 mit LIFETIME-Updates<\/strong><\/span>\n\t\t\t\t<span class=\"label\">Lifetime!<\/span>\n\t\t\t\t<\/p>\n<p><img decoding=\"async\" loading=\"lazy\" src=\"https:\/\/powerarchiver.cachefly.net\/wp-content\/uploads\/2020\/10\/bluebox-tbx-2021-1.png\" alt=\"\" width=\"300\" height=\"279\" class=\"aligncenter size-medium wp-image-16238\" \/><\/p>\n<ul>\n<li><i class=\"checkmark\"><\/i><strong>Enth\u00e4lt LIFETIME-Updates von PowerArchiver<\/strong><\/li>\n<li><i class=\"checkmark\"><\/i> Enth\u00e4lt alle Funktionen von PowerArchiver Standard und Professional<\/li>\n<li><i class=\"checkmark\"><\/i> PowerArchiver Virtuelles ISO-Laufwerk &#8211; Mount ISO-Dateien als CD \/ DVD!<\/li>\n<li><i class=\"checkmark\"><\/i> Vollst\u00e4ndiger PowerArchiver Burner mit Daten Burner, DVD zu ISO, Burn ISO und sogar Audio Brenner.<\/li>\n<li><i class=\"checkmark\"><\/i> Vollst\u00e4ndiger PowerArchiver Secure FTP-Client mit FIPS 140-2-Validierung und intelligenter Archivverarbeitung<\/li>\n<\/ul>\n<p>\n\n\t\t\t\t<a class=\"btn btn--primary-1\" href=\"\"><\/a>\n\t\t\t<\/div><!--end of pricing-->\n\t\t[vc_row_inner][vc_column_inner][vc_btn title=&#8220;<del>\u20ac112.39<\/del> \u20ac49.95 &#8211; BUY International&#8220; style=&#8220;flat&#8220; shape=&#8220;square&#8220; color=&#8220;vista-blue&#8220; size=&#8220;lg&#8220; align=&#8220;center&#8220; i_icon_fontawesome=&#8220;fa fa-shopping-cart&#8220; button_block=&#8220;true&#8220; add_icon=&#8220;true&#8220; link=&#8220;url:https%3A%2F%2Fwww.powerarchiver.com%2Fl%2Fpa2021-tx-int-special-lifetime-offer|||&#8220;][\/vc_column_inner][\/vc_row_inner][\/vc_column][\/vc_row][\/vc_section]<\/p>\n","protected":false},"excerpt":{"rendered":"<p>[vc_section][vc_row][vc_column][\/vc_column][\/vc_row][vc_row css=&#8220;.vc_custom_1516850554908{margin-bottom: 10px !important;}&#8220;][vc_column width=&#8220;1\/2&#8243;][vc_row_inner][vc_column_inner][vc_btn title=&#8220;\u20ac76.92 \u20ac19.98 &#8211; BUY International&#8220; style=&#8220;flat&#8220; shape=&#8220;square&#8220; color=&#8220;vista-blue&#8220; size=&#8220;lg&#8220; align=&#8220;center&#8220; i_icon_fontawesome=&#8220;fa fa-shopping-cart&#8220; button_block=&#8220;true&#8220; add_icon=&#8220;true&#8220; link=&#8220;url:https%3A%2F%2Fwww.powerarchiver.com%2Fl%2Fpa2021-tx-int-3year-select|||&#8220;][\/vc_column_inner][\/vc_row_inner][\/vc_column][vc_column width=&#8220;1\/2&#8243;][vc_row_inner][vc_column_inner][vc_btn title=&#8220;\u20ac112.39&#8230;<\/p>\n","protected":false},"author":1,"featured_media":0,"parent":0,"menu_order":0,"comment_status":"closed","ping_status":"closed","template":"","meta":{"footnotes":""},"_links":{"self":[{"href":"https:\/\/www.powerarchiver.com\/de\/wp-json\/wp\/v2\/pages\/20627"}],"collection":[{"href":"https:\/\/www.powerarchiver.com\/de\/wp-json\/wp\/v2\/pages"}],"about":[{"href":"https:\/\/www.powerarchiver.com\/de\/wp-json\/wp\/v2\/types\/page"}],"author":[{"embeddable":true,"href":"https:\/\/www.powerarchiver.com\/de\/wp-json\/wp\/v2\/users\/1"}],"replies":[{"embeddable":true,"href":"https:\/\/www.powerarchiver.com\/de\/wp-json\/wp\/v2\/comments?post=20627"}],"version-history":[{"count":4,"href":"https:\/\/www.powerarchiver.com\/de\/wp-json\/wp\/v2\/pages\/20627\/revisions"}],"predecessor-version":[{"id":20631,"href":"https:\/\/www.powerarchiver.com\/de\/wp-json\/wp\/v2\/pages\/20627\/revisions\/20631"}],"wp:attachment":[{"href":"https:\/\/www.powerarchiver.com\/de\/wp-json\/wp\/v2\/media?parent=20627"}],"curies":[{"name":"wp","href":"https:\/\/api.w.org\/{rel}","templated":true}]}}