{"id":18265,"date":"2019-12-11T09:24:13","date_gmt":"2019-12-11T09:24:13","guid":{"rendered":"https:\/\/www.powerarchiver.com\/?page_id=18265"},"modified":"2019-12-12T12:46:00","modified_gmt":"2019-12-12T12:46:00","slug":"powerarchiver-command-line-pacl-for-macos","status":"publish","type":"page","link":"https:\/\/www.powerarchiver.com\/de\/powerarchiver-command-line-pacl-for-macos\/","title":{"rendered":"PowerArchiver Command Line (PACL) for macOS"},"content":{"rendered":"<p>[vc_row full_width=&#8220;stretch_row&#8220;][vc_column]\n\t\t\t<section class=\"imagebg image--light cover cover-blocks bg--secondary \" >\n\t\t\t\t<div class=\"background-image-holder\"><img width=\"1430\" height=\"610\" src=\"https:\/\/www.powerarchiver.com\/wp-content\/uploads\/2019\/11\/pa-mac.jpg\" class=\"attachment-full size-full\" alt=\"\" decoding=\"async\" loading=\"lazy\" srcset=\"https:\/\/www.powerarchiver.com\/wp-content\/uploads\/2019\/11\/pa-mac.jpg 1430w, https:\/\/www.powerarchiver.com\/wp-content\/uploads\/2019\/11\/pa-mac-300x128.jpg 300w, https:\/\/www.powerarchiver.com\/wp-content\/uploads\/2019\/11\/pa-mac-768x328.jpg 768w, https:\/\/www.powerarchiver.com\/wp-content\/uploads\/2019\/11\/pa-mac-1024x437.jpg 1024w\" sizes=\"(max-width: 1430px) 100vw, 1430px\" \/><\/div>\n\t\t\t\t<div class=\"container\">\n\t\t\t\t\t<div class=\"row\">\n\t\t\t\t\t\t<div class=\"col-sm-6 col-md-5\">\n\t\t\t\t\t\t\t<div>[vc_column_text el_class=&#8220;headertext1&#8243;]<\/p>\n<h2>PowerArchiver Command Line (PACL) for macOS<\/h2>\n<p>PowerArchiver-Kommandozeile ist eine moderne Kommandozeile f\u00fcr Archivierung f\u00fcr Windows \u2013Konsole \u2013 Umgebung.  Es unterst\u00fctzt viele bekannte komprimierte Dateiformate, einschlie\u00dflich: ZIP, 7-ZIP, PA, CAB, JAR, TAR, TAR.GZ, TAR.BZ2, yENC, Base64, CAB SFX und viele andere. PACL verwendet FIPS 140-2 validierte Komponenten.<\/p>\n<hr class=\"short\" \/>\n<h5>Was ist enthalten:<\/h5>\n<p>Registrierte PowerArchiver Professional und Toolbox Benutzer k\u00f6nnen PowerArchiver- Kommandozeile kostenlos verwenden.Um den Registrierungscode f\u00fcr PACL 7 anzufordern, besuchen Sie bitte Ihren <a href=\"https:\/\/www.conexware.com\/shop\/\">ConeXware Account<\/a>. <\/p>\n<div class=\"wpb_wrapper\" style=\"margin-bottom:20px;\">\n<div class=\"vc_btn3-container vc_btn3-center vc_custom_1536424798326\" style=\"border:solid 1px #bbb;\">\n\t<a class=\"vc_general vc_btn3 vc_btn3-size-lg vc_btn3-shape-square vc_btn3-style-flat vc_btn3-block vc_btn3-icon-left vc_btn3-color-white\" href='https:\/\/www.powerarchiver.com\/l\/download-pacl-for-macos' id=\"download_nv\" title=\"\"><i class=\"vc_btn3-icon fa fa-apple\"><\/i> DOWNLOAD<\/a><\/div>\n<\/div>\n<p>[vc_btn title=&#8220;$14.95 &#8211; BUY NOW&#8220; style=&#8220;flat&#8220; shape=&#8220;square&#8220; color=&#8220;sky&#8220; size=&#8220;lg&#8220; align=&#8220;center&#8220; i_icon_fontawesome=&#8220;fa fa-shopping-cart&#8220; button_block=&#8220;true&#8220; add_icon=&#8220;true&#8220; link=&#8220;url:https%3A%2F%2Fwww.conexware.com%2Fshop%2Fcart?do=add&item=337&qty=1|||&#8220;]<\/p>\n<p>[\/vc_column_text]<\/div>\n\t\t\t\t\t\t<\/div>\n\t\t\t\t\t<\/div><!--end of row-->\n\t\t\t\t<\/div><!--end of container-->\n\t\t\t\t\n\t\t\t<\/section>\n\t\t[\/vc_column][\/vc_row][vc_row][vc_column][vc_empty_space height=&#8220;60px&#8220;][vc_column_text]<\/p>\n<h2 class=\"type--uppercase\" style=\"text-align: center;\">PowerArchiver Command Line<i class=\"stack-down-dir\"><\/i><\/h2>\n<p>[\/vc_column_text][vc_empty_space height=&#8220;20px&#8220;][\/vc_column][\/vc_row][vc_section][vc_row css=&#8220;.vc_custom_1485825445121{margin-bottom: 10px !important;}&#8220;][vc_column width=&#8220;3\/4&#8243;]<div class=\"tabs-container text-center \" data-content-align=\"left\"><ul class=\"tabs section-tabs\">[vc_row_inner ebor_title=&#8220;Einzelheiten&#8220; ebor_type=&#8220;tab&#8220;][vc_column_inner][vc_column_text]<\/p>\n<h2>PowerArchiver Command Line<\/h2>\n<p>PACL ist eine vielseitige, zuverl\u00e4ssige und scriptable Applikation, die in verschiedenen Konfigurationen und Szenarien betrieben werden kann. PACL ist v\u00f6llig eigenst\u00e4ndige und erfordert keine Installation.  Das Kopieren der erforderlichen Dateien ist alles, was der Administrator tun muss, um mit der Arbeit zu beginnen.<\/p>\n<h3>Wichtige Funktionen<br \/>\n<\/h3>\n<p>PowerArchiver Command Line ist ein leistungsf\u00e4higes Enterprise-Class Kommandozeile- Tool mit zahlreichen Funktionen:<\/p>\n<ul style=\"list-style-type: circle;\">\n<li><b>Multicore deflate zip engine<\/b> &#8211; fast 16x schneller als Single Core Systeme auf Quad Core Computern. Unsere Multi-Core-Engine bietet Byte-Level-Parallelisierung der Kompression, im Gegensatz zu anderen, die Datei basiert. Dies bedeutet, dass PACL eine unbegrenzte Anzahl von Threads verwenden kann, um die Komprimierung einzelner Dateien (z. B. gro\u00dfe Datenbanken) zu beschleunigen und gleichzeitig eine bessere Komprimierung zu gew\u00e4hrleisten.<\/li>\n<li><b>Verbesserte Geschwindigkeit und St\u00e4rke<\/b> &#8211; Verbesserte Zip-Kompression und Extraktion bei jeder Gelegenheit.<\/li>\n<li><b>Volle Unterst\u00fctzung f\u00fcr erweitertes ZIPX Format<\/b> \u2013 LZMA, LZMA2, JPEG, PPMd, BZIP2 und WAVPACK in ZIP\/ZIPX, nach den neuesten ZIP Standards. PowerArchiver ist die einzige Anwendung, die Winzip-Dateien vollst\u00e4ndig unterst\u00fctzt und gleichzeitig eine schnellere und st\u00e4rkere Komprimierung als WinZip bietet.<\/li>\n<li><b>Volle Unterst\u00fctzung f\u00fcr einfacheres ZIP Format<\/b> -Deflate Codec-Unterst\u00fctzung, die mit allen Archiver da drau\u00dfen kompatibel ist, sowie die integrierte Windows XP \/ Vista \/ 7\/8 \/ 8.1 \/ 10 \/ Server ZIP- Reader. Powerarchiver bietet \u00fcberlegene Kompression auch in Deflate-Codec.<\/li>\n<li><b>Unbegrenzte Archivgr\u00f6\u00dfe<\/b> &#8211; unbegrenzte Dateigr\u00f6\u00dfe, und unbegrenzte Anzahl der Dateien in Archiven.<\/li>\n<li><b>Unterst\u00fctzung f\u00fcr Unicode in ZIP<\/b> &#8211; beim Lesen und Schreiben. Implementiert in der ganzen Anwendung.<\/li>\n<li><b>ZIP\/ZIPX AES Verschl\u00fcsselungsunterst\u00fctzung <\/b> &#8211; beide PkZip 5,1 und WZ 9,0 Standards unterst\u00fctzt, so unterst\u00fctzt alle m\u00f6glichen Zip-Verschl\u00fcsselung Kombinationen (Unique Feature!)-FIPS 140-2 validiert.<\/li>\n<li><b>Advanced Codec Pack (.PA Format)<\/b> Volle Unterst\u00fctzung f\u00fcr PA-Format mit vielen besseren Kompression, Geschwindigkeit und Sicherheit. Fortschrittlichstes Format auf dem Markt, das FIPS 140-2 validierte Komponenten verwendet.  Basierend auf Einstellungen, kann es sowohl mehrmals stark oder schneller als ZIP-Komprimierung sein .<\/li>\n<\/ul>\n<h2>Verschl\u00fcsselungsfunktionen und FIPS 140.2 Zertifizierung<\/h2>\n<p>Vollst\u00e4ndige Liste der Verschl\u00fcsselungsfunktionen:<\/p>\n<ul style=\"list-style-type: circle;\">\n<li><b>PA-Format<\/b> \u2013 Verschl\u00fcsselung von Dateien und Archiven mit FIPS 140-2-validierten Komponenten und der F\u00e4higkeit, Dateinamen zu verschl\u00fcsseln. \u00dcberlegene Sicherheit durch interne Format Funktionen.<\/li>\n<li><b>\u00dcberlegene Zip-Kompatibilit\u00e4t<\/b> \u2013 nur Archiver voll kompatibel mit SecureZip, einschlie\u00dflich des Lesens von 3DES-verschl\u00fcsselten Archiven und ZIP\/ZIPX-Archiven, die mit digitalen Zertifikaten verschl\u00fcsselt sind.<br \/>\n Auch voll kompatibel mit WinZip und allen anderen ZIP-Verschl\u00fcsselungs Implementierungen.<\/li>\n<li><b>FIPS 140-2 Validierung <\/b> \u2013 PowerArchiver ZIP\/ZIPX AES Verschl\u00fcsselung ist nicht nur standardbasiert und kompatibel mit allen L\u00f6sungen, es ist auch FIPS 140.2 zertifiziert und kann in staatlichen Beh\u00f6rden verwendet werden.<\/li>\n<\/ul>\n<h2>VSS support<\/h2>\n<p>Brauchen Sie Datenbanken zu komprimieren, Outlook .pst Dateien, oder irgendeine Datei, die nur von einer bestimmten Anwendung verwendet werden kann? Kein Problem f\u00fcr PowerArchiver \u2013 wir haben exklusive Unterst\u00fctzung f\u00fcr VSS (Volume Shadow Support), die \u00fcblicherweise nur von Enterpreise Backups verwendet wird, um auf Daten zu zugreifen, die anderen Programmen nicht zug\u00e4nglich sind.<\/p>\n<h2>Lesen und Schreiben Unterst\u00fctzung:<\/h2>\n<p>ZIP, ZIPX, PA, 7-ZIP, CAB, LHA (LZH), TAR, GZIP, BZIP2, XZ, BH, XXE, UUE, yENC, und MIME (Base 64).<\/p>\n<h2>Lesen und Extrahieren Unterst\u00fctzung:<\/h2>\n<p>RAR, ARJ, ARC, ACE, MSI, NSIS, CHM, DMG, RPM, CPIO, VHD, XAR, LZMA, SquashFS, CramFS, ZOO, WIM plus ISO (ISO9660 and UDF) disc image formats und mehr (\u00fcber 60 Formate unterst\u00fctzt).[\/vc_column_text][\/vc_column_inner][\/vc_row_inner][vc_row_inner ebor_title=&#8220;Screenshots&#8220; ebor_type=&#8220;tab&#8220;][vc_column_inner][vc_gallery type=&#8220;image_grid&#8220; images=&#8220;11906,11901,11896,11891&#8243;][\/vc_column_inner][\/vc_row_inner]<\/ul><\/div>[\/vc_column][vc_column width=&#8220;1\/4&#8243;][vc_column_text]<div class=\"  bg--secondary  boxed boxed--border\" ><div class=\"container\"><\/p>\n<h3>Mehrere Lizenz <span><\/span><\/h3>\n<ul>\n<li>1 Lizenz $14.95<\/li>\n<li>2-9 Lizenz $9.95<\/li>\n<li>10-24 Lizenz $9.95<\/li>\n<li>25-49 Lizenz $7.95<\/li>\n<li>50-99 Lizenz $5.95<\/li>\n<li>100-199 Lizenz $4.95<\/li>\n<li>200-499 Lizenz $3.95<\/li>\n<li>500-999 Lizenz $2.50<\/li>\n<li><a class=\"btn btn--primary\" href=\"https:\/\/www.conexware.com\/shop\/cart?do=add&item=337&qty=1\">JETZT KAUFEN<\/a><\/li>\n<\/ul>\n<h3>Systemanforderungen<\/h3>\n<h4>Betriebssysteme:<\/h4>\n<ul>\n<li>macOS<\/li>\n<\/ul>\n<h4>Computer:<\/h4>\n<p>Jeder Computer, der einen von oben angef\u00fchrten Systemen in angemessener Geschwindigkeit benutzt..<\/p>\n<h4>Festplatten-Anforderungen:<\/h4>\n<p>20 MB f\u00fcr Programmdateien und zus\u00e4tzlicher Platz f\u00fcr Backup-Dateien (Minimum)..<\/p>\n<h4>Verschiedenes:<\/h4>\n<p>Multicore-Prozessor empfohlen f\u00fcr beste Geschwindigkeit.<\/p>\n<h4>\u00dcbersetzungen<\/h4>\n<p>Englisch.<\/p>\n<p> \t<\/div><\/div>[\/vc_column_text][\/vc_column][\/vc_row][\/vc_section]<\/p>\n","protected":false},"excerpt":{"rendered":"<p>[vc_row full_width=&#8220;stretch_row&#8220;][vc_column][\/vc_column][\/vc_row][vc_row][vc_column][vc_empty_space height=&#8220;60px&#8220;][vc_column_text] PowerArchiver Command Line [\/vc_column_text][vc_empty_space height=&#8220;20px&#8220;][\/vc_column][\/vc_row][vc_section][vc_row css=&#8220;.vc_custom_1485825445121{margin-bottom: 10px !important;}&#8220;][vc_column width=&#8220;3\/4&#8243;][\/vc_column][vc_column width=&#8220;1\/4&#8243;][vc_column_text][\/vc_column_text][\/vc_column][\/vc_row][\/vc_section]<\/p>\n","protected":false},"author":1,"featured_media":0,"parent":0,"menu_order":0,"comment_status":"closed","ping_status":"closed","template":"","meta":{"footnotes":""},"_links":{"self":[{"href":"https:\/\/www.powerarchiver.com\/de\/wp-json\/wp\/v2\/pages\/18265"}],"collection":[{"href":"https:\/\/www.powerarchiver.com\/de\/wp-json\/wp\/v2\/pages"}],"about":[{"href":"https:\/\/www.powerarchiver.com\/de\/wp-json\/wp\/v2\/types\/page"}],"author":[{"embeddable":true,"href":"https:\/\/www.powerarchiver.com\/de\/wp-json\/wp\/v2\/users\/1"}],"replies":[{"embeddable":true,"href":"https:\/\/www.powerarchiver.com\/de\/wp-json\/wp\/v2\/comments?post=18265"}],"version-history":[{"count":4,"href":"https:\/\/www.powerarchiver.com\/de\/wp-json\/wp\/v2\/pages\/18265\/revisions"}],"predecessor-version":[{"id":18281,"href":"https:\/\/www.powerarchiver.com\/de\/wp-json\/wp\/v2\/pages\/18265\/revisions\/18281"}],"wp:attachment":[{"href":"https:\/\/www.powerarchiver.com\/de\/wp-json\/wp\/v2\/media?parent=18265"}],"curies":[{"name":"wp","href":"https:\/\/api.w.org\/{rel}","templated":true}]}}