{"id":16371,"date":"2019-01-10T11:04:33","date_gmt":"2019-01-10T11:04:33","guid":{"rendered":"https:\/\/www.powerarchiver.com\/?page_id=16371"},"modified":"2019-01-10T11:10:08","modified_gmt":"2019-01-10T11:10:08","slug":"order-powerarchiver-2018-toolbox","status":"publish","type":"page","link":"https:\/\/www.powerarchiver.com\/de\/order-powerarchiver-2018-toolbox\/","title":{"rendered":"Order PowerArchiver 2018 Toolbox"},"content":{"rendered":"<p>[vc_row]<div class=\" boxed--lg bg--secondary  boxed boxed--border\" ><div class=\"container\">[vc_column_text css_animation=&#8220;bounceIn&#8220;]<\/p>\n<h2><img decoding=\"async\" loading=\"lazy\" src=\"https:\/\/powerarchiver.cachefly.net\/wp-content\/uploads\/2017\/11\/pa2018-toolbox-boxshot-150x150.png\" alt=\"\" width=\"150\" height=\"139\" class=\"alignleft size-full wp-image-15386\" \/>PowerArchiver 2018 Toolbox &#8211; Sonderangebot &#8211; $62 Rabatt!<\/h2>\n<p>Holen Sie sich die  PowerArchiver 2018 Toolbox mit allen verf\u00fcgbaren Funktionen, jetzt mit speziellen Lifetime-Angeboten, die alle zuk\u00fcnftigen gr\u00f6\u00dferen und kleineren Upgrades sicherstellen. Ihre Lizenz f\u00fcr die Encryption Suite Pro Lifetime sichert den Priorit\u00e4ts- (Telefon- \/ E-Mail- \/ Webchat-) Support, priorisiert Ihre Feature-Anfragen und bietet einen fr\u00fchen Beta-Zugang zu aufregenden kommenden Versionen, alle mit einem einmaligen Lizenzkauf, ohne dass es n\u00f6tig ist, zu erneuern .<\/p>\n<p>[\/vc_column_text]<\/div><\/div>[\/vc_row][vc_row][vc_column]<div class=\"tabs-container text-center \" data-content-align=\"left\"><ul class=\"tabs section-tabs\">[vc_row_inner equal_height=&#8220;yes&#8220; gap=&#8220;20&#8243; ebor_title=&#8220;Special Offer! (expires soon)&#8220; ebor_type=&#8220;tab&#8220;][vc_column_inner width=&#8220;1\/2&#8243; height=&#8220;20px&#8220;]\n\t\t\t<div class=\"priceboxes2 pricing pricing-1 boxed boxed--lg boxed--border boxed--emphasis\">\n\t\t\t\t<h3>PowerArchiver 2018 Toolbox<\/h3>\n\t\t\t\t<span class=\"h2\"><strong>49.95 mit Lifetime Upgrades<\/strong><\/span>\n\t\t\t\t<span class=\"label\">Lifetime!<\/span>\n\t\t\t\t<\/p>\n<ul>\n<li><span class=\"checkmark bg--primary-1\"><\/span> LIFETIME Upgrades inklusive!<\/li>\n<li><span class=\"checkmark bg--primary-1\"><\/span> Ewige Lizenz, l\u00e4uft nicht ab!<\/li>\n<li><span class=\"checkmark bg--primary-1\"><\/span> Enth\u00e4lt alle Funktionen von PowerArchiver Standard.<\/li>\n<li><span class=\"checkmark bg--primary-1\"><\/span> Beste Version von PowerArchiver!<\/li>\n<li><span class=\"checkmark bg--primary-1\"><\/span> Unterst\u00fctzung f\u00fcr neues .PA-Format!<\/li>\n<li><span class=\"checkmark bg--primary-1\"><\/span> Backup, Brenner, FTP, virtuelles Laufwerk!<\/li>\n<li><span class=\"checkmark bg--primary-1\"><\/span> PDFs anzeigen, Tabs, Ribbon \/ Skins verwenden!<\/li>\n<li><span class=\"checkmark bg--primary-1\"><\/span> PowerArchiver Command Line-v\u00f6llig eigenst\u00e4ndige.<\/li>\n<li><span class=\"checkmark bg--primary-1\"><\/span> PowerArchiver f\u00fcr Office-Add-Ins (PAOP). Outlook, Word, Excel.<\/li>\n<\/ul>\n<p>\n\n\t\t\t\t<a class=\"btn btn--primary-1\" href=\"\"><\/a>\n\t\t\t<\/div><!--end of pricing-->\n\t\t[\/vc_column_inner][vc_column_inner width=&#8220;1\/2&#8243;][vc_single_image image=&#8220;16365&#8243; img_size=&#8220;full&#8220; alignment=&#8220;center&#8220; css_animation=&#8220;slideInDown&#8220;][vc_btn title=&#8220;<del>\u20ac112.39<\/del> \u20ac49.95 &#8211; KAUFEN International&#8220; style=&#8220;flat&#8220; shape=&#8220;square&#8220; color=&#8220;vista-blue&#8220; size=&#8220;lg&#8220; align=&#8220;center&#8220; i_icon_fontawesome=&#8220;fa fa-shopping-cart&#8220; button_block=&#8220;true&#8220; add_icon=&#8220;true&#8220; link=&#8220;url:https%3A%2F%2Fwww.powerarchiver.com%2Fl%2Fpa2018-tx-int-special-lifetime-offer|||&#8220;][\/vc_column_inner][\/vc_row_inner][vc_row_inner gap=&#8220;20&#8243; disable_element=&#8220;yes&#8220; ebor_title=&#8220;Educational Discount (-50%)&#8220; ebor_type=&#8220;tab&#8220;][vc_empty_space height=&#8220;20px&#8220;][vc_column_inner width=&#8220;1\/2&#8243;]\n\t\t\t<div class=\"pricebox2 pricing pricing-1 boxed boxed--lg boxed--border boxed--emphasis\">\n\t\t\t\t<h3>PowerArchiver 2018 Toolbox<\/h3>\n\t\t\t\t<span class=\"h2\"><strong>49.95 mit LIFETIME Upgrades<\/strong><\/span>\n\t\t\t\t<span class=\"label\">Lifetime!<\/span>\n\t\t\t\t<\/p>\n<ul>\n<li><span class=\"checkmark bg--primary-1\"><\/span> Create virtual hard drives with secure encryption &#8211; 256-bit AES and OpenPGP available. Use them as regular drives in Windows and with any other application without having to enter password each time. It will transparently encrypt all the contents of the drive.<\/li>\n<li><span class=\"checkmark bg--primary-1\"><\/span> Smart features include automatic startup with Windows, automatic log-out after xx minutes and more.<\/li>\n<li><span class=\"checkmark bg--primary-1\"><\/span> Encrypt your files with FIPS 140-2 validated encryption and send them to friends and colleagues in several secure formats: ZIP, OpenPGP and more.<\/li>\n<li><span class=\"checkmark bg--primary-1\"><\/span> Encrypt your Office Documents in their own native secure encryption format &#8211; Word, Excel, PowerPoint, PDF and more.<\/li>\n<li><span class=\"checkmark bg--primary-1\"><\/span> Beautiful interface with full skinning support, shell extensions, system tray app and more!<\/li>\n<\/ul>\n<p>\n\n\t\t\t\t<a class=\"btn btn--primary-1\" href=\"\"><\/a>\n\t\t\t<\/div><!--end of pricing-->\n\t\t[vc_btn title=&#8220;\u20ac49.95 &#8211; BUY International&#8220; style=&#8220;flat&#8220; shape=&#8220;square&#8220; color=&#8220;vista-blue&#8220; size=&#8220;lg&#8220; align=&#8220;center&#8220; i_icon_fontawesome=&#8220;fa fa-shopping-cart&#8220; button_block=&#8220;true&#8220; add_icon=&#8220;true&#8220; link=&#8220;url:https%3A%2F%2Fwww.powerarchiver.com%2Fl%2Fpa2018-tx-int|||&#8220;][vc_btn title=&#8220;$49.95 &#8211; BUY English-Only&#8220; style=&#8220;flat&#8220; shape=&#8220;square&#8220; color=&#8220;sky&#8220; size=&#8220;lg&#8220; align=&#8220;center&#8220; i_icon_fontawesome=&#8220;fa fa-shopping-cart&#8220; button_block=&#8220;true&#8220; add_icon=&#8220;true&#8220; link=&#8220;url:https%3A%2F%2Fwww.powerarchiver.com%2Fl%2Fpa2018-tx|||&#8220;][\/vc_column_inner][vc_column_inner width=&#8220;1\/2&#8243;]\n\t\t\t<div class=\"pricebox2 pricing pricing-1 boxed boxed--lg boxed--border \">\n\t\t\t\t<h3>PowerArchiver 2018 Toolbox<\/h3>\n\t\t\t\t<span class=\"h2\"><strong>$24.97 with 12 months of upgrades<\/strong><\/span>\n\t\t\t\t\n\t\t\t\t<\/p>\n<ul>\n<li><span class=\"checkmark bg--primary-1\"><\/span> Create virtual hard drives with secure encryption &#8211; 256-bit AES and OpenPGP available. Use them as regular drives in Windows and with any other application without having to enter password each time. It will transparently encrypt all the contents of the drive.<\/li>\n<li><span class=\"checkmark bg--primary-1\"><\/span> Smart features include automatic startup with Windows, automatic log-out after xx minutes and more.<\/li>\n<li><span class=\"checkmark bg--primary-1\"><\/span> Encrypt your files with FIPS 140-2 validated encryption and send them to friends and colleagues in several secure formats: ZIP, OpenPGP and more.<\/li>\n<li><span class=\"checkmark bg--primary-1\"><\/span> Encrypt your Office Documents in their own native secure encryption format &#8211; Word, Excel, PowerPoint, PDF and more.<\/li>\n<li><span class=\"checkmark bg--primary-1\"><\/span> Beautiful interface with full skinning support, shell extensions, system tray app and more!<\/li>\n<\/ul>\n<p>[vc_empty_space height=&#8220;20px&#8220;]<\/p>\n\n\t\t\t\t<a class=\"btn btn--primary\" href=\"\"><\/a>\n\t\t\t<\/div><!--end of pricing-->\n\t\t[vc_btn title=&#8220;\u20ac34.95 &#8211; BUY International&#8220; style=&#8220;flat&#8220; shape=&#8220;square&#8220; color=&#8220;vista-blue&#8220; size=&#8220;lg&#8220; align=&#8220;center&#8220; i_icon_fontawesome=&#8220;fa fa-shopping-cart&#8220; button_block=&#8220;true&#8220; add_icon=&#8220;true&#8220; link=&#8220;url:https%3A%2F%2Fwww.powerarchiver.com%2Fl%2Fpa2018-pro-int|||&#8220;][vc_btn title=&#8220;$34.95 &#8211; BUY English-Only&#8220; style=&#8220;flat&#8220; shape=&#8220;square&#8220; color=&#8220;sky&#8220; size=&#8220;lg&#8220; align=&#8220;center&#8220; i_icon_fontawesome=&#8220;fa fa-shopping-cart&#8220; button_block=&#8220;true&#8220; add_icon=&#8220;true&#8220; link=&#8220;url:https%3A%2F%2Fwww.powerarchiver.com%2Fl%2Fpa2018-pro|||&#8220;][\/vc_column_inner][\/vc_row_inner][vc_row_inner gap=&#8220;20&#8243; disable_element=&#8220;yes&#8220; ebor_title=&#8220;Gift (-50%)&#8220; ebor_type=&#8220;tab&#8220;][vc_empty_space height=&#8220;20px&#8220;][vc_column_inner width=&#8220;1\/2&#8243;]\n\t\t\t<div class=\"pricebox2 pricing pricing-1 boxed boxed--lg boxed--border boxed--emphasis\">\n\t\t\t\t<h3>PowerArchiver 2018 Toolbox<\/h3>\n\t\t\t\t<span class=\"h2\"><strong>49.95 with Lifetime Upgrades<\/strong><\/span>\n\t\t\t\t<span class=\"label\">Lifetime!<\/span>\n\t\t\t\t<\/p>\n<ul>\n<li><span class=\"checkmark bg--primary-1\"><\/span> Create virtual hard drives with secure encryption &#8211; 256-bit AES and OpenPGP available. Use them as regular drives in Windows and with any other application without having to enter password each time. It will transparently encrypt all the contents of the drive.<\/li>\n<li><span class=\"checkmark bg--primary-1\"><\/span> Smart features include automatic startup with Windows, automatic log-out after xx minutes and more.<\/li>\n<li><span class=\"checkmark bg--primary-1\"><\/span> Encrypt your files with FIPS 140-2 validated encryption and send them to friends and colleagues in several secure formats: ZIP, OpenPGP and more.<\/li>\n<li><span class=\"checkmark bg--primary-1\"><\/span> Encrypt your Office Documents in their own native secure encryption format &#8211; Word, Excel, PowerPoint, PDF and more.<\/li>\n<li><span class=\"checkmark bg--primary-1\"><\/span> Beautiful interface with full skinning support, shell extensions, system tray app and more!<\/li>\n<\/ul>\n<p>\n\n\t\t\t\t<a class=\"btn btn--primary-1\" href=\"\"><\/a>\n\t\t\t<\/div><!--end of pricing-->\n\t\t[vc_btn title=&#8220;\u20ac49.95 &#8211; BUY International&#8220; style=&#8220;flat&#8220; shape=&#8220;square&#8220; color=&#8220;vista-blue&#8220; size=&#8220;lg&#8220; align=&#8220;center&#8220; i_icon_fontawesome=&#8220;fa fa-shopping-cart&#8220; button_block=&#8220;true&#8220; add_icon=&#8220;true&#8220; link=&#8220;url:https%3A%2F%2Fwww.powerarchiver.com%2Fl%2Fpa2018-tx-int|||&#8220;][vc_btn title=&#8220;$49.95 &#8211; BUY English-Only&#8220; style=&#8220;flat&#8220; shape=&#8220;square&#8220; color=&#8220;sky&#8220; size=&#8220;lg&#8220; align=&#8220;center&#8220; i_icon_fontawesome=&#8220;fa fa-shopping-cart&#8220; button_block=&#8220;true&#8220; add_icon=&#8220;true&#8220; link=&#8220;url:https%3A%2F%2Fwww.powerarchiver.com%2Fl%2Fpa2018-tx|||&#8220;][\/vc_column_inner][vc_column_inner width=&#8220;1\/2&#8243;]\n\t\t\t<div class=\"pricebox2 pricing pricing-1 boxed boxed--lg boxed--border \">\n\t\t\t\t<h3>PowerArchiver 2018 Toolbox<\/h3>\n\t\t\t\t<span class=\"h2\"><strong>$24.97 with 12 months of upgrades<\/strong><\/span>\n\t\t\t\t\n\t\t\t\t<\/p>\n<ul>\n<li><span class=\"checkmark bg--primary-1\"><\/span> Create virtual hard drives with secure encryption &#8211; 256-bit AES and OpenPGP available. Use them as regular drives in Windows and with any other application without having to enter password each time. It will transparently encrypt all the contents of the drive.<\/li>\n<li><span class=\"checkmark bg--primary-1\"><\/span> Smart features include automatic startup with Windows, automatic log-out after xx minutes and more.<\/li>\n<li><span class=\"checkmark bg--primary-1\"><\/span> Encrypt your files with FIPS 140-2 validated encryption and send them to friends and colleagues in several secure formats: ZIP, OpenPGP and more.<\/li>\n<li><span class=\"checkmark bg--primary-1\"><\/span> Encrypt your Office Documents in their own native secure encryption format &#8211; Word, Excel, PowerPoint, PDF and more.<\/li>\n<li><span class=\"checkmark bg--primary-1\"><\/span> Beautiful interface with full skinning support, shell extensions, system tray app and more!<\/li>\n<\/ul>\n<p>[vc_empty_space height=&#8220;20px&#8220;]<\/p>\n\n\t\t\t\t<a class=\"btn btn--primary\" href=\"\"><\/a>\n\t\t\t<\/div><!--end of pricing-->\n\t\t[vc_btn title=&#8220;\u20ac34.95 &#8211; BUY International&#8220; style=&#8220;flat&#8220; shape=&#8220;square&#8220; color=&#8220;vista-blue&#8220; size=&#8220;lg&#8220; align=&#8220;center&#8220; i_icon_fontawesome=&#8220;fa fa-shopping-cart&#8220; button_block=&#8220;true&#8220; add_icon=&#8220;true&#8220; link=&#8220;url:https%3A%2F%2Fwww.powerarchiver.com%2Fl%2Fpa2018-pro-int|||&#8220;][vc_btn title=&#8220;$34.95 &#8211; BUY English-Only&#8220; style=&#8220;flat&#8220; shape=&#8220;square&#8220; color=&#8220;sky&#8220; size=&#8220;lg&#8220; align=&#8220;center&#8220; i_icon_fontawesome=&#8220;fa fa-shopping-cart&#8220; button_block=&#8220;true&#8220; add_icon=&#8220;true&#8220; link=&#8220;url:https%3A%2F%2Fwww.powerarchiver.com%2Fl%2Fpa2018-pro|||&#8220;][\/vc_column_inner][\/vc_row_inner]<\/ul><\/div>[\/vc_column][\/vc_row][vc_row full_width=&#8220;stretch_row&#8220;][vc_column]<ul class=\"accordion accordion-1 accordion--oneopen \">\n\t\t<li class=\"\">\n\t\t\t<div class=\"accordion__title\">\n\t\t\t\t<span class=\"h5\">PowerArchiver Select (zuk\u00fcnftige Upgrades)<\/span>\n\t\t\t<\/div>\n\t\t\t<div class=\"accordion__content\">\n\t\t\t\t<\/p>\n<h5>Was ist der PowerArchiver Select-Plan?<\/h5>\n<p>PowerArchiver Select ist ein Premium-Support- und Wartungsplan mit folgenden Funktionen:Upgrade Assurance (kostenloses Upgrade f\u00fcr alle Major \/ Minor-Versionen),Live-Registrierungssystem, das Ihren Registrierungscode auf dem neuesten Stand h\u00e4lt, Priority Support einschlie\u00dflich Telefonunterst\u00fctzung (48-Stunden-Antwort)Priority Feature Anfragen, Priorit\u00e4t BETA-Releases (Holen Sie sich neue BETA-Releases vor allen anderen!). Ebene der Endbenutzer-Unterst\u00fctzung in PowerArchiver Select ist beispiellos in der Software-Utilities-Industrie, wo keiner unserer Konkurrenten bieten sogar Telefon-Support, geschweige denn F\u00e4higkeit, zuk\u00fcnftige Entwicklung zu beeinflussen.<\/p>\n<p>\n\n\t\t\t<\/div>\n\t\t<\/li>\n\t\n\t\t<li class=\"\">\n\t\t\t<div class=\"accordion__title\">\n\t\t\t\t<span class=\"h5\">Mehrplatzlizenzen<\/span>\n\t\t\t<\/div>\n\t\t\t<div class=\"accordion__content\">\n\t\t\t\t<\/p>\n<table class=\"border--round table--alternate-row\">\n<thead>\n<tr>\n<th>\n<p style=\"text-align: center;\">PowerArchiver 2018 Toolbox International<br \/>\n(per license)<\/th>\n<th>\n<p style=\"text-align: center;\">PowerArchiver 2018 Toolbox English<br \/>\n(per license)<\/th>\n<\/tr>\n<\/thead>\n<tbody>\n<tr>\n<td>1 License \u20ac49.95<\/td>\n<td>1 License $49.95<\/td>\n<\/tr>\n<tr>\n<td>2-9 License \u20ac35.00<\/td>\n<td>2-9 License $35.00<\/td>\n<\/tr>\n<tr>\n<td>10-24 License \u20ac28.00<\/td>\n<td>10-24 License $28.00<\/td>\n<\/tr>\n<tr>\n<td>25-49 License \u20ac22.00<\/td>\n<td>25-49 License $22.00<\/td>\n<\/tr>\n<tr>\n<td>50-99 License \u20ac16.00<\/td>\n<td>50-99 License $16.00<\/td>\n<\/tr>\n<tr>\n<td>100-199 License \u20ac14.00<\/td>\n<td>100-199 License $14.00<\/td>\n<\/tr>\n<tr>\n<td>200-499 License \u20ac10.50<\/td>\n<td>200-499 License $10.50<\/td>\n<\/tr>\n<tr>\n<td>500-999 License \u20ac7.00<\/td>\n<td>500-999 License $7.00<\/td>\n<\/tr>\n<\/tbody>\n<\/table>\n<p>\n\n\t\t\t<\/div>\n\t\t<\/li>\n\t<\/ul>[\/vc_column][\/vc_row]<\/p>\n","protected":false},"excerpt":{"rendered":"<p>[vc_row][\/vc_row][vc_row][vc_column][\/vc_column][\/vc_row][vc_row full_width=&#8220;stretch_row&#8220;][vc_column][\/vc_column][\/vc_row]<\/p>\n","protected":false},"author":1,"featured_media":0,"parent":0,"menu_order":0,"comment_status":"closed","ping_status":"closed","template":"","meta":{"footnotes":""},"_links":{"self":[{"href":"https:\/\/www.powerarchiver.com\/de\/wp-json\/wp\/v2\/pages\/16371"}],"collection":[{"href":"https:\/\/www.powerarchiver.com\/de\/wp-json\/wp\/v2\/pages"}],"about":[{"href":"https:\/\/www.powerarchiver.com\/de\/wp-json\/wp\/v2\/types\/page"}],"author":[{"embeddable":true,"href":"https:\/\/www.powerarchiver.com\/de\/wp-json\/wp\/v2\/users\/1"}],"replies":[{"embeddable":true,"href":"https:\/\/www.powerarchiver.com\/de\/wp-json\/wp\/v2\/comments?post=16371"}],"version-history":[{"count":5,"href":"https:\/\/www.powerarchiver.com\/de\/wp-json\/wp\/v2\/pages\/16371\/revisions"}],"predecessor-version":[{"id":16376,"href":"https:\/\/www.powerarchiver.com\/de\/wp-json\/wp\/v2\/pages\/16371\/revisions\/16376"}],"wp:attachment":[{"href":"https:\/\/www.powerarchiver.com\/de\/wp-json\/wp\/v2\/media?parent=16371"}],"curies":[{"name":"wp","href":"https:\/\/api.w.org\/{rel}","templated":true}]}}