{"id":15838,"date":"2018-11-23T14:07:32","date_gmt":"2018-11-23T14:07:32","guid":{"rendered":"https:\/\/www.powerarchiver.com\/?page_id=15838"},"modified":"2018-12-10T14:25:02","modified_gmt":"2018-12-10T14:25:02","slug":"encryption-suite-pro-2019","status":"publish","type":"page","link":"https:\/\/www.powerarchiver.com\/de\/encryption-suite-pro-2019\/","title":{"rendered":"Encryption Suite Pro 2019"},"content":{"rendered":"<p>[vc_row full_width=&#8220;stretch_row&#8220;][vc_column]\n\t\t\t<section class=\"imagebg image--light cover cover-blocks bg--secondary \" >\n\t\t\t\t<div class=\"background-image-holder\"><img width=\"1430\" height=\"610\" src=\"https:\/\/www.powerarchiver.com\/wp-content\/uploads\/2018\/10\/pa-2019-a-1.jpg?wsr\" class=\"attachment-full size-full\" alt=\"\" decoding=\"async\" loading=\"lazy\" srcset=\"https:\/\/www.powerarchiver.com\/wp-content\/uploads\/2018\/10\/pa-2019-a-1.jpg 1430w, https:\/\/www.powerarchiver.com\/wp-content\/uploads\/2018\/10\/pa-2019-a-1-300x128.jpg 300w, https:\/\/www.powerarchiver.com\/wp-content\/uploads\/2018\/10\/pa-2019-a-1-768x328.jpg 768w, https:\/\/www.powerarchiver.com\/wp-content\/uploads\/2018\/10\/pa-2019-a-1-1024x437.jpg 1024w\" sizes=\"(max-width: 1430px) 100vw, 1430px\" \/><\/div>\n\t\t\t\t<div class=\"container\">\n\t\t\t\t\t<div class=\"row\">\n\t\t\t\t\t\t<div class=\"col-sm-6 col-md-5\">\n\t\t\t\t\t\t\t<div>[vc_column_text]<\/p>\n<h1 style=\"color:black;\">Encryption Suite Professional 2019<\/h1>\n<h1><\/h1>\n<p><span style=\"color:#083a8c;\">Verschl\u00fcsseln Sie Dateien, Dokumente, virtuelle Laufwerke in einem umfassenden Tool.<\/span><\/p>\n<hr class=\"short\" \/>\n<h5 style=\"color:black;\">Was ist inklusive:<\/h5>\n<p style=\"color:#083a8c;\">Encryption Suite enth\u00e4lt drei Hauptkomponenten-File Encryption erm\u00f6glicht es Ihnen, jede Datei in mehreren Formaten zu verschl\u00fcsseln (ZIP, OpenPGP und mehr), die Verschl\u00fcsselung von Dokumenten mit ihrer eigenen eingebauten Verschl\u00fcsselung-DOCX, PDF (und mehr &#8230;), w\u00e4hrend Secure Mit der Speicherung k\u00f6nnen Sie verschl\u00fcsselte virtuelle Laufwerke erstellen, die einfach \u00fcber Windows Explorer zu bedienen sind.<\/p>\n<p>[\/vc_column_text][vc_row_inner equal_height=&#8220;yes&#8220; content_placement=&#8220;middle&#8220;][vc_column_inner]<\/p>\n<div class=\"wpb_wrapper\">\n<div class=\"vc_btn3-container vc_btn3-center vc_custom_1536424798326\"  style=\"border:solid 1px #bbb;\">\n\t<a class=\"vc_general vc_btn3 vc_btn3-size-lg vc_btn3-shape-square vc_btn3-style-flat vc_btn3-block vc_btn3-icon-left vc_btn3-color-white\" href='' id=\"download_nv\" title=\"\"><i class=\"vc_btn3-icon fa fa-windows\"><\/i> DOWNLOAD<\/a><\/div>\n<\/div>\n<p>[vc_btn title=&#8220;\u20ac49.95 &#8211; KAUFEN International&#8220; style=&#8220;flat&#8220; shape=&#8220;square&#8220; color=&#8220;vista-blue&#8220; size=&#8220;lg&#8220; align=&#8220;center&#8220; i_icon_fontawesome=&#8220;fa fa-shopping-cart&#8220; button_block=&#8220;true&#8220; add_icon=&#8220;true&#8220; link=&#8220;url:https%3A%2F%2Fwww.powerarchiver.com%2Fl%2Fencryption-suite-pro-2019-int|||&#8220;][\/vc_column_inner][\/vc_row_inner]<\/div>\n\t\t\t\t\t\t<\/div>\n\t\t\t\t\t<\/div><!--end of row-->\n\t\t\t\t<\/div><!--end of container-->\n\t\t\t\t\n\t\t\t<\/section>\n\t\t[\/vc_column][\/vc_row][vc_row][vc_column][vc_empty_space height=&#8220;20px&#8220;][vc_column_text]<\/p>\n<h3 class=\"type--uppercase\" style=\"text-align: center;\">Mehr Infos zu Encryption Suite Pro<\/h2>\n<p>[\/vc_column_text][vc_empty_space height=&#8220;20px&#8220;][\/vc_column][\/vc_row][vc_section][vc_row css=&#8220;.vc_custom_1536172991694{margin-bottom: 10px !important;}&#8220;][vc_column width=&#8220;3\/4&#8243;]<div class=\"tabs-container text-center \" data-content-align=\"left\"><ul class=\"tabs section-tabs\">[vc_row_inner ebor_title=&#8220;Details&#8220; ebor_type=&#8220;tab&#8220;][vc_column_inner][vc_column_text]<\/p>\n<h3>Encryption Suite mit 3 umfassenden Sicherheits-Tools:<\/h3>\n<p><a href=\"https:\/\/www.powerarchiver.com\/wp-content\/uploads\/2018\/09\/icons8-binary-file-48.png\"><img decoding=\"async\" loading=\"lazy\" src=\"https:\/\/www.powerarchiver.com\/wp-content\/uploads\/2018\/09\/icons8-binary-file-48.png\" alt=\"\" width=\"48\" height=\"48\" class=\"alignleft size-full wp-image-15235\" \/><\/a><\/p>\n<h3>Dateiverschl\u00fcsselung<\/h3>\n<ul style=\"list-style-type: circle;\">\n<li><b>ZIP \/ ZIPX AES 256-Bit-Verschl\u00fcsselung \/ Entschl\u00fcsselung<\/b> &#8211; Volle Unterst\u00fctzung f\u00fcr Industriestandard-ZIP\/ZIPX 256-Bit AES Encryption, voll kompatibel mit offenen Datenstandards und allen wichtigen Kompressionsorten. Encryption Suite Pro verf\u00fcgt \u00fcber die fortschrittlichste Unterst\u00fctzung f\u00fcr das \u00d6ffnen verschiedener verschl\u00fcsselter ZIP-Archive, die mit allen Optionen in WinZip und SecureZip kompatibel sind.<\/li>\n<li><b>Verschl\u00fcsseln \/ Entschl\u00fcsseln von Dateien mit dem OpenPGP-Standard<\/b> &#8211; Erstellen und \u00d6ffnen Sie verschl\u00fcsselte OpenPGP-Dateien mit verschiedenen Verschl\u00fcsselungsoptionen. Voll vorgestellten!<\/li>\n<li><b>OpenPGP Key Manager<\/b> &#8211; Erstellen, Hinzuf\u00fcgen neuen OpenPGP Key Manager \u00fcber voll funktionsf\u00e4higen OpenPGP Key Manager.<\/li>\n<li><b>FIPS 140-2 zertifiziert<\/b> &#8211; Encryption Suite verwendet f\u00fcr die AES-Verschl\u00fcsselung FIPS 140-2-zertifizierte Komponenten.<\/li>\n<li><b>Unterst\u00fctzung f\u00fcr PA-Format <\/b>&#8211; Volle Unterst\u00fctzung f\u00fcr die Verschl\u00fcsselung des PA-Formats mit Dateinamen-Verschl\u00fcsselung, 256-Bit-AES-Verschl\u00fcsselung, mit FIPS 140-2 validierten Verschl\u00fcsselungsmodulen. Durch einzigartige Formatfunktionen ist es sicherer als die Verschl\u00fcsselung von ZIP und 7-zip AES.<\/li>\n<li><b>Unterst\u00fctzung f\u00fcr PAE und 7-zip-Formate<\/b> &#8211; Volle Unterst\u00fctzung f\u00fcr PAE und 7-zip AES Verschl\u00fcsselungsformate.<\/li>\n<li><b>Mehrere \/ Batch File Verschl\u00fcsseln und Entschl\u00fcsseln<\/b> &#8211; Encryption Suite unterst\u00fctzt Hunderte von Dateien gleichzeitig verschl\u00fcsseln und zu entschl\u00fcsseln.<\/li>\n<li><b>Passwortpolitik<\/b> &#8211; Setzen Sie die Mindestfestigkeit des Passworts, die Ihre Benutzer eingeben m\u00fcssen.<\/li>\n<li><b>Passwortmanager<\/b> &#8211; Speichern Sie Passw\u00f6rter f\u00fcr eine bequeme Handhabung von verschl\u00fcsselten Dateien verwendet.<\/li>\n<li><b>Passwortprofile<\/b> &#8211; Vordefinieren Ihre Passw\u00f6rter und verwenden Sie sie bequem.<\/li>\n<li><b>Dateien signieren<\/b> &#8211; Dateien mit OpenPGP-Format signieren.<b> Sch\u00f6ne Schnittstelle mit voller Skinning-Unterst\u00fctzung, Shell-Erweiterungen, taskleiste App und mehr!<\/b><\/ul>\n<p><a href=\"https:\/\/www.powerarchiver.com\/wp-content\/uploads\/2018\/09\/icons8-documents-48.png\"><img decoding=\"async\" loading=\"lazy\" src=\"https:\/\/www.powerarchiver.com\/wp-content\/uploads\/2018\/09\/icons8-documents-48.png\" alt=\"\" width=\"48\" height=\"48\" class=\"alignleft size-full wp-image-15230\" \/><\/a><\/p>\n<h3>Dokumentverschl\u00fcsselung<\/h3>\n<ul style=\"list-style-type: circle;\">\n<li><b>Office-Verschl\u00fcsselung und Entschl\u00fcsselung<\/b> &#8211; Verschl\u00fcsseln und Entschl\u00fcsseln von Office-Dateien mit sicherer Verschl\u00fcsselung!<\/li>\n<li><b>PDF-Verschl\u00fcsselung<\/b> &#8211; Verschl\u00fcsseln Sie PDF-Dateien mit sicherer Verschl\u00fcsselung!<\/li>\n<li><b> Office Sign &#038; Verify<\/b> &#8211; Signieren und \u00fcberpr\u00fcfen Sie Microsoft Office- und Open Office-Dateien.<\/li>\n<\/ul>\n<p><a href=\"https:\/\/www.powerarchiver.com\/wp-content\/uploads\/2018\/09\/icons8-c-drive-48.png\"><img decoding=\"async\" loading=\"lazy\" src=\"https:\/\/www.powerarchiver.com\/wp-content\/uploads\/2018\/09\/icons8-c-drive-48.png\" alt=\"\" width=\"48\" height=\"48\" class=\"alignleft size-full wp-image-15225\" \/><\/a><\/p>\n<h3>Sicherer Speicher<\/h3>\n<ul style=\"list-style-type: circle;\">\n<li><b>Virtuell verschl\u00fcsseltes Laufwerk<\/b> &#8211; Mit Secure Storage k\u00f6nnen Sie verschl\u00fcsselte virtuelle Laufwerke erstellen, die in unserer Explorer-Anwendung verwendet oder als Laufwerk in Windows bereitgestellt werden k\u00f6nnen. Wenn Sie als Laufwerk angemeldet sind, wird ein sicheres Laufwerk als D: \\ (oder einen anderen Laufwerksbuchstaben, den Sie bei der Erstellung ausw\u00e4hlen) angezeigt. Sie k\u00f6nnen es \u00fcber jede Windows-Anwendung wie jedes andere normale Laufwerk verwenden! Dies macht seine Verwendung wesentlich bequemer als das st\u00e4ndige Hinzuf\u00fcgen und \/ oder Extrahieren von Dateien aus Ihrem verschl\u00fcsselten Archiv<br \/>\n.<\/li>\n<li><b>256-Bit-AES-Verschl\u00fcsselung<\/b> &#8211; Dateien werden mit sicherer 256-Bit-AES-Verschl\u00fcsselung verschl\u00fcsselt!<\/li>\n<li><b>OpenPGP-Verschl\u00fcsselung<\/b> &#8211; Sicherer Speicher unterst\u00fctzt auch OpenPGP-Verschl\u00fcsselung.<\/li>\n<li><b>Intelligente Features<\/b> &#8211; geh\u00f6rt die automatische Starten von Windows, die automatischen Log-out nach xx Minuten und mehr.<\/li>\n<li><b>Automatisches Startup<\/b> &#8211; W\u00e4hlen Sie Ihr Laufwerk aus, das automatisch montiert wird, wenn Windows startet.\n<li><b>Legen Sie die Auslaufzeit f\u00fcr Ihre Secure Drive fest<\/b> &#8211; Automatische Demontage Ihres Secure Storage Drive nach einem vorgegebenen Zeitraum.<\/ul>\n<p>[\/vc_column_text][\/vc_column_inner][\/vc_row_inner][vc_row_inner ebor_title=&#8220;Screenshots&#8220; ebor_type=&#8220;tab&#8220;][vc_column_inner][vc_gallery type=&#8220;image_grid&#8220; images=&#8220;15755,15735,15740,15745,15750,15780,15730,15760,15765,15770,15775,15795,15785,15790&#8243; img_size=&#8220;medium&#8220;][\/vc_column_inner][\/vc_row_inner]<\/ul><\/div>[\/vc_column][vc_column width=&#8220;1\/4&#8243;]<div class=\"  bg--secondary  boxed boxed--border\" ><div class=\"container\">[vc_column_text]<\/p>\n<h4 class=\"web_right_hd\">Mehrere Lizenzen<\/p>\n<p><span>(multilingual)<\/span><\/h4>\n<div><\/div>\n<div class=\"file_rghtlist\">\n<ul>\n<li>1 Lizenz \u20ac49.95<\/li>\n<li>2-9 Lizenz \u20ac35.00<\/li>\n<li>10-24 Lizenz \u20ac28.00<\/li>\n<li>25-49 Lizenz \u20ac22.00<\/li>\n<li>50-99 Lizenz \u20ac17.00<\/li>\n<li>100-199 Lizenz \u20ac14.00<\/li>\n<li>200-499 Lizenz \u20ac10.50<\/li>\n<li>500-999 Lizenz \u20ac7.00<\/li>\n<\/ul>\n<p><a class=\"btn btn--primary\" href=\"https:\/\/www.powerarchiver.com\/l\/encryption-suite-pro-2019-int\"><span class=\"btn__text\">BUY NOW<\/span><\/a><\/div>\n<h4><\/h4>\n<h4 class=\"web_right_hd1\">Accessibility<\/h4>\n<h5>Section 508 Compliance<\/h5>\n<div><\/div>\n<p>Every version of PowerArchiver 2018 is Section 508 Compliant. Please <a href=\"https:\/\/powerarchiverdl.cachefly.net\/download\/compliance\/powerarchiver-VPAT.pdf\">click here<\/a> to download VPAT PDF.<\/p>\n<h4 class=\"web_right_hd1\">System Requirements<\/h4>\n<div><\/div>\n<h4>Operating systems:<\/h4>\n<ul>\n<li>Windows 10<\/li>\n<li>Windows 8.1<\/li>\n<li>Windows 8<\/li>\n<li>Windows 7<\/li>\n<li>Windows Vista<\/li>\n<li>Windows XP<\/li>\n<li>Windows Server 2016<\/li>\n<li>Windows Server 2012<\/li>\n<li>Windows Server 2008<\/li>\n<li>Windows Server 2003<\/li>\n<\/ul>\n<h4>Computer:<\/h4>\n<p>Jeder Computer, der eines der oben genannten Betriebssysteme mit einer angemessenen Geschwindigkeit ausf\u00fchrt.<\/p>\n<div><\/div>\n<h4>Disk Space Requirements:<\/h4>\n<p>150 MB f\u00fcr die Programmdateien plus zus\u00e4tzlichen Speicherplatz f\u00fcr Backup-Dateien (minimal).<\/p>\n<div><\/div>\n<h4>Miscellaneous:<\/h4>\n<p>Multi-Core-Prozessor empfohlen f\u00fcr beste Geschwindigkeit.<\/p>\n<div><\/div>\n<h4 class=\"web_right_hd1\">Translations<\/h4>\n<div><\/div>\n<p>Catalan, Croatian, Chinese (Simplified), Chinese (Traditional), Czech, Danish, Dutch, <strong>Deutsche<\/strong>, Estonian, English (USA), English (UK), French, Finnish, French, Hebrew, Hungarian, Indonesian, Italian, Japanese, Norwegian, Polish, Portuguese (Brasil), Portuguese (Portugal), Romanian, Russian, Serbian (Cyrillic, BiH), Serbian (Latin, Serbia), Spanish (Argentina), Spanish (Spain), Slovak, Slovenian, Swedish, Turkish, Ukrainian, Korean languages.<\/div>\n<p>[\/vc_column_text]<\/div><\/div>[\/vc_column][\/vc_row][\/vc_section]<\/p>\n","protected":false},"excerpt":{"rendered":"<p>[vc_row full_width=&#8220;stretch_row&#8220;][vc_column][\/vc_column][\/vc_row][vc_row][vc_column][vc_empty_space height=&#8220;20px&#8220;][vc_column_text] Mehr Infos zu Encryption Suite Pro [\/vc_column_text][vc_empty_space height=&#8220;20px&#8220;][\/vc_column][\/vc_row][vc_section][vc_row css=&#8220;.vc_custom_1536172991694{margin-bottom: 10px !important;}&#8220;][vc_column width=&#8220;3\/4&#8243;][\/vc_column][vc_column width=&#8220;1\/4&#8243;][\/vc_column][\/vc_row][\/vc_section]<\/p>\n","protected":false},"author":3,"featured_media":0,"parent":0,"menu_order":0,"comment_status":"closed","ping_status":"closed","template":"","meta":{"footnotes":""},"_links":{"self":[{"href":"https:\/\/www.powerarchiver.com\/de\/wp-json\/wp\/v2\/pages\/15838"}],"collection":[{"href":"https:\/\/www.powerarchiver.com\/de\/wp-json\/wp\/v2\/pages"}],"about":[{"href":"https:\/\/www.powerarchiver.com\/de\/wp-json\/wp\/v2\/types\/page"}],"author":[{"embeddable":true,"href":"https:\/\/www.powerarchiver.com\/de\/wp-json\/wp\/v2\/users\/3"}],"replies":[{"embeddable":true,"href":"https:\/\/www.powerarchiver.com\/de\/wp-json\/wp\/v2\/comments?post=15838"}],"version-history":[{"count":9,"href":"https:\/\/www.powerarchiver.com\/de\/wp-json\/wp\/v2\/pages\/15838\/revisions"}],"predecessor-version":[{"id":16119,"href":"https:\/\/www.powerarchiver.com\/de\/wp-json\/wp\/v2\/pages\/15838\/revisions\/16119"}],"wp:attachment":[{"href":"https:\/\/www.powerarchiver.com\/de\/wp-json\/wp\/v2\/media?parent=15838"}],"curies":[{"name":"wp","href":"https:\/\/api.w.org\/{rel}","templated":true}]}}