{"id":15411,"date":"2018-10-23T14:52:39","date_gmt":"2018-10-23T14:52:39","guid":{"rendered":"https:\/\/www.powerarchiver.com\/?page_id=15411"},"modified":"2018-10-23T15:08:57","modified_gmt":"2018-10-23T15:08:57","slug":"powerarchiver-2018-encryption-suite-sonderangebot","status":"publish","type":"page","link":"https:\/\/www.powerarchiver.com\/de\/powerarchiver-2018-encryption-suite-sonderangebot\/","title":{"rendered":"PowerArchiver 2018 Encryption Suite &#8211; Sonderangebot!"},"content":{"rendered":"<p>[vc_row]<div class=\" boxed--lg bg--secondary  boxed boxed--border\" ><div class=\"container\">[vc_column_text css_animation=&#8220;bounceIn&#8220;]<\/p>\n<h2><img decoding=\"async\" loading=\"lazy\" src=\"https:\/\/www.powerarchiver.com\/wp-content\/uploads\/2018\/10\/bluebox-150px.png\" alt=\"\" width=\"150\" height=\"139\" class=\"alignleft size-full wp-image-15386\" \/>Encryption Suite Pro 2019 &#8211; Sonderangebot &#8211; \u20ac62 Rabatt!<\/h2>\n<p>Holen Sie sich die Encryption Suite Pro 2019 mit allen verf\u00fcgbaren Funktionen, jetzt mit speziellen Lifetime-Angeboten, die alle zuk\u00fcnftigen gr\u00f6\u00dferen und kleineren Upgrades sicherstellen. Ihre Lizenz f\u00fcr die Encryption Suite Pro Lifetime sichert den Priorit\u00e4ts- (Telefon- \/ E-Mail- \/ Webchat-) Support, priorisiert Ihre Feature-Anfragen und bietet einen fr\u00fchen Beta-Zugang zu aufregenden kommenden Versionen, alle mit einem einmaligen Lizenzkauf, ohne dass es n\u00f6tig ist, zu erneuern.<\/p>\n<p>[\/vc_column_text]<\/div><\/div>[\/vc_row][vc_row][vc_column]<div class=\"tabs-container text-center \" data-content-align=\"left\"><ul class=\"tabs section-tabs\">[vc_row_inner gap=&#8220;20&#8243; ebor_title=&#8220;Sonderangebot (l\u00e4uft bald ab!)&#8220; ebor_type=&#8220;tab&#8220;][vc_empty_space height=&#8220;20px&#8220;][vc_column_inner width=&#8220;1\/2&#8243;]\n\t\t\t<div class=\"priceboxes3de pricing pricing-1 boxed boxed--lg boxed--border boxed--emphasis\">\n\t\t\t\t<h3>Encryption Suite Pro 2019<\/h3>\n\t\t\t\t<span class=\"h2\"><strong>\u20ac49,95 mit Lifetime-Upgrades<\/strong><\/span>\n\t\t\t\t<span class=\"label\">Lifetime!<\/span>\n\t\t\t\t<\/p>\n<ul>\n<li><span class=\"checkmark bg--primary-1\"><\/span> Verschl\u00fcsseln Sie mehrere Dateien mit FIPS 140-2-validierter Verschl\u00fcsselung und senden Sie sie an Freunde und Kollegen in verschiedenen sicheren Formaten: ZIP, OpenPGP, 7z, PA und mehr.<\/li>\n<li><span class=\"checkmark bg--primary-1\"><\/span> Entschl\u00fcsseln Sie mehrere Dateien gleichzeitig in verschiedenen Formaten: ZIP, ZIPX, 7z, OpenPGP, PA, PAE und mehr.<\/li>\n<li><span class=\"checkmark bg--primary-1\"><\/span> Verschl\u00fcsseln Sie Ihre Office-Dokumente in ihrem eigenen sicheren Verschl\u00fcsselungsformat &#8211; Word, Excel, PowerPoint, PDF und mehr.<\/li>\n<li><span class=\"checkmark bg--primary-1\"><\/span> UnterSchreiben\/verifizieren Sie Dateien \u00fcber OpenPGP. PDF-Format verschl\u00fcsseln & Sign!<\/li>\n<li><span class=\"checkmark bg--primary-1\"><\/span> Erstellen Sie virtuelle Festplatten mit sicherer Verschl\u00fcsselung &#8211; 256-Bit-AES und OpenPGP verf\u00fcgbar. Verwenden Sie sie als normale Laufwerke in Windows und mit jeder anderen Anwendung, ohne jedes Mal ein neues Passwort eingeben zu m\u00fcssen. Es wird transparent den gesamten Inhalt des Laufwerks verschl\u00fcsseln.<\/li>\n<li><span class=\"checkmark bg--primary-1\"><\/span>  Zu den intelligenten Funktionen geh\u00f6ren das automatische Starten mit Windows, Laufwerke mit variabler Gr\u00f6\u00dfe, Komprimierung, automatische Abmeldung nach # Minuten und mehr.<\/li>\n<li><span class=\"checkmark bg--primary-1\"><\/span> Sch\u00f6ne Schnittstelle mit voller Haut Unterst\u00fctzung, Shell-Erweiterungen, System-Tray-App und vieles mehr!<\/li>\n<\/ul>\n<p>\n\n\t\t\t\t<a class=\"btn btn--primary-1\" href=\"\"><\/a>\n\t\t\t<\/div><!--end of pricing-->\n\t\t[vc_btn title=&#8220;<del>\u20ac112.39<\/del> \u20ac49.95 -KAUFEN International&#8220; style=&#8220;flat&#8220; shape=&#8220;square&#8220; color=&#8220;vista-blue&#8220; size=&#8220;lg&#8220; align=&#8220;center&#8220; i_icon_fontawesome=&#8220;fa fa-shopping-cart&#8220; button_block=&#8220;true&#8220; add_icon=&#8220;true&#8220; link=&#8220;url:https%3A%2F%2Fwww.powerarchiver.com%2Fl%2Fencryption-suite-pro-2019-int-lifetime-select|||&#8220;][\/vc_column_inner][vc_column_inner width=&#8220;1\/2&#8243;]\n\t\t\t<div class=\"priceboxes3de pricing pricing-1 boxed boxed--lg boxed--border \">\n\t\t\t\t<h3>Encryption Suite Pro 2019<\/h3>\n\t\t\t\t<span class=\"h2\"><strong>\u20ac24,97 mit 12 Monaten Upgrades<\/strong><\/span>\n\t\t\t\t\n\t\t\t\t<\/p>\n<ul>\n<li><span class=\"checkmark bg--primary-1\"><\/span> Verschl\u00fcsseln Sie mehrere Dateien mit FIPS 140-2-validierter Verschl\u00fcsselung und senden Sie sie an Freunde und Kollegen in verschiedenen sicheren Formaten: ZIP, OpenPGP, 7z, PA und mehr.<\/li>\n<li><span class=\"checkmark bg--primary-1\"><\/span>  Entschl\u00fcsseln Sie mehrere Dateien gleichzeitig in verschiedenen Formaten: ZIP, ZIPX, 7z, OpenPGP, PA, PAE und mehr.<\/li>\n<li><span class=\"checkmark bg--primary-1\"><\/span> Verschl\u00fcsseln Sie Ihre Office-Dokumente in ihrem eigenen sicheren Verschl\u00fcsselungsformat &#8211; Word, Excel, PowerPoint, PDF und mehr.<\/li>\n<li><span class=\"checkmark bg--primary-1\"><\/span> UnterSchreiben\/verifizieren Sie Dateien \u00fcber OpenPGP. PDF-Format verschl\u00fcsseln & Sign!!<\/li>\n<li><span class=\"checkmark bg--primary-1\"><\/span> Erstellen Sie virtuelle Festplatten mit sicherer Verschl\u00fcsselung &#8211; 256-Bit-AES und OpenPGP verf\u00fcgbar. Verwenden Sie sie als normale Laufwerke in Windows und mit jeder anderen Anwendung, ohne jedes Mal ein neues Passwort eingeben zu m\u00fcssen. Es wird transparent den gesamten Inhalt des Laufwerks verschl\u00fcsseln.<\/li>\n<li><span class=\"checkmark bg--primary-1\"><\/span> Zu den intelligenten Funktionen geh\u00f6ren das automatische Starten mit Windows, Laufwerke mit variabler Gr\u00f6\u00dfe, Komprimierung, automatische Abmeldung nach # Minuten und mehr.<\/li>\n<li><span class=\"checkmark bg--primary-1\"><\/span> Sch\u00f6ne Schnittstelle mit voller Haut Unterst\u00fctzung, Shell-Erweiterungen, System-Tray-App und vieles mehr!<\/li>\n<\/ul>\n<p>[vc_empty_space height=&#8220;20px&#8220;]<\/p>\n\n\t\t\t\t<a class=\"btn btn--primary\" href=\"\"><\/a>\n\t\t\t<\/div><!--end of pricing-->\n\t\t[vc_btn title=&#8220;<del>\u20ac63.44<\/del> \u20ac24.97 &#8211; KAUFEN International&#8220; style=&#8220;flat&#8220; shape=&#8220;square&#8220; color=&#8220;vista-blue&#8220; size=&#8220;lg&#8220; align=&#8220;center&#8220; i_icon_fontawesome=&#8220;fa fa-shopping-cart&#8220; button_block=&#8220;true&#8220; add_icon=&#8220;true&#8220; link=&#8220;url:https%3A%2F%2Fwww.powerarchiver.com%2Fl%2Fencryption-suite-pro-2019-int-special-offer|||&#8220;][\/vc_column_inner][\/vc_row_inner]<\/ul><\/div>[\/vc_column][\/vc_row][vc_row full_width=&#8220;stretch_row&#8220;][vc_column]<ul class=\"accordion accordion-1 accordion--oneopen \">\n\t\t<li class=\"\">\n\t\t\t<div class=\"accordion__title\">\n\t\t\t\t<span class=\"h5\">PowerArchiver Select (zuk\u00fcnftige Upgrades)<\/span>\n\t\t\t<\/div>\n\t\t\t<div class=\"accordion__content\">\n\t\t\t\t<\/p>\n<h5>Was ist der PowerArchiver Select Plan?<\/h5>\n<p>Jeder Verschl\u00fcsselungs-Suite pro-Kauf kommt mindestens mit kostenlosen 12 Monaten Lifetime PowerArchiver SELECT. PowerArchiver SELECT ist ein Premium-Support-und Wartungsplan mit folgenden Funktionen: Upgrade-Versicherung (Kostenloses Upgrade auf alle wichtigen\/kleineren Versionen der Verschl\u00fcsselungs Suite pro), Live-Registrierungssystem, das Ihren Registrierungscode auf dem neuesten Stand h\u00e4lt, vorrangige UnterSt\u00fctzung inklusive Telefonunterst\u00fctzung, Priority-Feature-Anfragen, Priority-BETA-Releases. Das Niveau der Endverbraucher-Unterst\u00fctzung in PowerArchiver SELECT ist beispiellos in der Software-Industrie, wo keiner unserer Konkurrenten sogar telefonische Unterst\u00fctzung anbietet, geschweige denn die F\u00e4higkeit, die zuk\u00fcnftige Entwicklung zu beeinflussen.<\/p>\n<p>\n\n\t\t\t<\/div>\n\t\t<\/li>\n\t\n\t\t<li class=\"\">\n\t\t\t<div class=\"accordion__title\">\n\t\t\t\t<span class=\"h5\">Multi-Volumen Pricing<\/span>\n\t\t\t<\/div>\n\t\t\t<div class=\"accordion__content\">\n\t\t\t\t<\/p>\n<table class=\"border--round table--alternate-row\">\n<thead>\n<tr>\n<th>\n<p style=\"text-align: center;\">Encryption Suite Pro 2019 International<br \/>\n(pro Lizenz)<\/th>\n<th>\n<p style=\"text-align: center;\">Encryption Suite Pro 2019 Englisch<br \/>\n(pro Lizenz)<\/th>\n<\/tr>\n<\/thead>\n<tbody>\n<tr>\n<td>1 Lizenz \u20ac49.95<\/td>\n<td>1 Lizenz $49.95<\/td>\n<\/tr>\n<tr>\n<td>2-9 Lizenz \u20ac35.00<\/td>\n<td>2-9 Lizenz $35.00<\/td>\n<\/tr>\n<tr>\n<td>10-24 Lizenz \u20ac28.00<\/td>\n<td>10-24 Lizenz $28.00<\/td>\n<\/tr>\n<tr>\n<td>25-49 Lizenz \u20ac22.00<\/td>\n<td>25-49 Lizenz $22.00<\/td>\n<\/tr>\n<tr>\n<td>50-99 Lizenz \u20ac16.00<\/td>\n<td>50-99 Lizenz $16.00<\/td>\n<\/tr>\n<tr>\n<td>100-199 Lizenz \u20ac14.00<\/td>\n<td>100-199 Lizenz $14.00<\/td>\n<\/tr>\n<tr>\n<td>200-499 Lizenz \u20ac10.50<\/td>\n<td>200-499 Lizenz $10.50<\/td>\n<\/tr>\n<tr>\n<td>500-999 Lizenz \u20ac7.00<\/td>\n<td>500-999 Lizenz $7.00<\/td>\n<\/tr>\n<\/tbody>\n<\/table>\n<p>\n\n\t\t\t<\/div>\n\t\t<\/li>\n\t<\/ul>[\/vc_column][\/vc_row]<\/p>\n","protected":false},"excerpt":{"rendered":"<p>[vc_row][\/vc_row][vc_row][vc_column][\/vc_column][\/vc_row][vc_row full_width=&#8220;stretch_row&#8220;][vc_column][\/vc_column][\/vc_row]<\/p>\n","protected":false},"author":3,"featured_media":0,"parent":0,"menu_order":0,"comment_status":"closed","ping_status":"closed","template":"","meta":{"footnotes":""},"_links":{"self":[{"href":"https:\/\/www.powerarchiver.com\/de\/wp-json\/wp\/v2\/pages\/15411"}],"collection":[{"href":"https:\/\/www.powerarchiver.com\/de\/wp-json\/wp\/v2\/pages"}],"about":[{"href":"https:\/\/www.powerarchiver.com\/de\/wp-json\/wp\/v2\/types\/page"}],"author":[{"embeddable":true,"href":"https:\/\/www.powerarchiver.com\/de\/wp-json\/wp\/v2\/users\/3"}],"replies":[{"embeddable":true,"href":"https:\/\/www.powerarchiver.com\/de\/wp-json\/wp\/v2\/comments?post=15411"}],"version-history":[{"count":12,"href":"https:\/\/www.powerarchiver.com\/de\/wp-json\/wp\/v2\/pages\/15411\/revisions"}],"predecessor-version":[{"id":15456,"href":"https:\/\/www.powerarchiver.com\/de\/wp-json\/wp\/v2\/pages\/15411\/revisions\/15456"}],"wp:attachment":[{"href":"https:\/\/www.powerarchiver.com\/de\/wp-json\/wp\/v2\/media?parent=15411"}],"curies":[{"name":"wp","href":"https:\/\/api.w.org\/{rel}","templated":true}]}}