{"id":13692,"date":"2018-05-24T11:27:08","date_gmt":"2018-05-24T11:27:08","guid":{"rendered":"https:\/\/www.powerarchiver.com\/?page_id=13692"},"modified":"2018-07-19T11:30:59","modified_gmt":"2018-07-19T11:30:59","slug":"powerarchiver-2018-special-renewal-2","status":"publish","type":"page","link":"https:\/\/www.powerarchiver.com\/de\/powerarchiver-2018-special-renewal-2\/","title":{"rendered":"Upgrade auf PowerArchiver 2018 &#8211; Sonderangebot"},"content":{"rendered":"<p>[vc_section][vc_row][vc_column]<div class=\" boxed--lg bg--secondary  boxed boxed--border\" ><div class=\"container\">[vc_column_text css_animation=&#8220;bounceIn&#8220;]<\/p>\n<h2><img decoding=\"async\" loading=\"lazy\" class=\"alignleft wp-image-9160 size-thumbnail\" src=\"http:\/\/beta.powerarchiver.com\/wp-content\/uploads\/2017\/11\/pa2018-toolbox-boxshot-150x150.png\" alt=\"\" width=\"150\" height=\"150\" srcset=\"https:\/\/www.powerarchiver.com\/wp-content\/uploads\/2017\/11\/pa2018-toolbox-boxshot-150x150.png 150w, https:\/\/www.powerarchiver.com\/wp-content\/uploads\/2017\/11\/pa2018-toolbox-boxshot-180x180.png 180w, https:\/\/www.powerarchiver.com\/wp-content\/uploads\/2017\/11\/pa2018-toolbox-boxshot-60x60.png 60w\" sizes=\"(max-width: 150px) 100vw, 150px\" \/>Upgrade auf PowerArchiver 2018 &#8211; Sonderangebot mit 74% Rabatt<\/h2>\n<p>PowerArchiver 2018 &#8211; die schnellste, funktionsreichste Version von PowerArchiver ist da! Haben Sie sich jemals gew\u00fcnscht, dass PowerArchiver schneller gestartet ist? Holen Sie sich PA 2018 &#8211; es ist unglaublich schnell! Aber wir haben nicht damit aufgeh\u00f6rt und haben Unterst\u00fctzung f\u00fcr Tabs hinzugef\u00fcgt, den Speicherverbrauch gesenkt, das PA-Format verbessert (immer noch das st\u00e4rkste!), Einen internen PDF-Viewer und eine verbesserte ZIP-Komprimierung (st\u00e4rker, Multi-Core) hinzugef\u00fcgt. Interface ist komplett neu mit sch\u00f6nen Skins und der Option Modern \/ Ribbon. Holen Sie sich jetzt PA 2018 Toolbox, unsere beste Version, mit speziellen 3-Jahres- und Lifetime-Angeboten f\u00fcr zuk\u00fcnftige Upgrades! (beinhaltet alle Haupt- und Nebenversionen)[\/vc_column_text]<\/div><\/div>[\/vc_column][\/vc_row][vc_row css=&#8220;.vc_custom_1516850554908{margin-bottom: 10px !important;}&#8220;][vc_column width=&#8220;1\/2&#8243;]\n\t\t\t<div class=\"pricebox2 pricing pricing-1 boxed boxed--lg boxed--border \">\n\t\t\t\t<h3>PowerArchiver 2018 Toolbox<\/h3>\n\t\t\t\t<span class=\"h2\"><strong>\u20ac19.98 mit 36 Monaten Upgrades<\/strong><\/span>\n\t\t\t\t\n\t\t\t\t<\/p>\n<ul>\n<li><span class=\"checkmark bg--primary-1\"><\/span><strong>3 Jahre Upgrades inklusive<\/strong>!<\/li>\n<li><span class=\"checkmark bg--primary-1\"><\/span> Neues Advanced Codec Pack (.PA) mit \u00fcberlegener Kompression.<\/li>\n<li><span class=\"checkmark bg--primary-1\"><\/span> Smart-Interface, Schnellstart, Skins, Ribbon-Interface und mehr.<\/li>\n<li><span class=\"checkmark bg--primary-1\"><\/span> Encryption Suite mit voller AES 256 Bit Verschl\u00fcsselung.<\/li>\n<li><span class=\"checkmark bg--primary-1\"><\/span> PowerArchiver Backup mit Enterprise Grade Backup-Funktionen.<\/li>\n<li><span class=\"checkmark bg--primary-1\"><\/span> PowerArchiver Command Line-v\u00f6llig eigenst\u00e4ndige.<\/li>\n<li><span class=\"checkmark bg--primary-1\"><\/span> PowerArchiver f\u00fcr Office-Add-Ins (PAOP). Outlook, Word, Excel.<\/li>\n<li><span class=\"checkmark bg--primary-1\"><\/span> Virtuelles ISO-Laufwerk &#8211; Mount ISO-Dateien als DVD!<\/li>\n<li><span class=\"checkmark bg--primary-1\"><\/span> Vollst\u00e4ndiger PowerArchiver Burner mit Daten Burner, DVD zu ISO, Burn ISO und sogar Audio Brenner.<\/li>\n<li><span class=\"checkmark bg--primary-1\"><\/span> Vollst\u00e4ndiger PowerArchiver Secure FTP-Client mit FIPS 140-2-Validierung und intelligenter Archivverarbeitung<\/li>\n<\/ul>\n<p>\n\n\t\t\t\t<a class=\"btn btn--primary\" href=\"\"><\/a>\n\t\t\t<\/div><!--end of pricing-->\n\t\t[vc_row_inner][vc_column_inner][vc_btn title=&#8220;<del>\u20ac76.92<\/del> \u20ac19.98 &#8211; JETZT KAUFEN&#8220; style=&#8220;flat&#8220; shape=&#8220;square&#8220; color=&#8220;vista-blue&#8220; size=&#8220;lg&#8220; align=&#8220;center&#8220; i_icon_fontawesome=&#8220;fa fa-shopping-cart&#8220; button_block=&#8220;true&#8220; add_icon=&#8220;true&#8220; link=&#8220;url:https%3A%2F%2Fwww.powerarchiver.com%2Fl%2Fblack-friday-pa2018-tx-int-3year-select-2|||&#8220;][\/vc_column_inner][\/vc_row_inner][\/vc_column][vc_column width=&#8220;1\/2&#8243;]\n\t\t\t<div class=\"pricebox2 pricing pricing-1 boxed boxed--lg boxed--border boxed--emphasis\">\n\t\t\t\t<h3>PowerArchiver 2018 Toolbox<\/h3>\n\t\t\t\t<span class=\"h2\"><strong>\u20ac49.95 mit LIFETIME Upgrades<\/strong><\/span>\n\t\t\t\t<span class=\"label\">Lifetime!<\/span>\n\t\t\t\t<\/p>\n<ul>\n<li><span class=\"checkmark bg--primary-1\"><\/span><strong>LIFETIME Upgrades inklusive! (Beispiel: PA 2020, PA 2025)<\/strong><\/li>\n<li><span class=\"checkmark bg--primary-1\"><\/span> Neues Advanced Codec Pack (.PA) mit \u00fcberlegener Kompression.<\/li>\n<li><span class=\"checkmark bg--primary-1\"><\/span> Smart-Interface, Schnellstart, Skins, Ribbon-Interface und mehr.<\/li>\n<li><span class=\"checkmark bg--primary-1\"><\/span> Encryption Suite mit voller AES 256 Bit Verschl\u00fcsselung.<\/li>\n<li><span class=\"checkmark bg--primary-1\"><\/span> PowerArchiver Backup mit Enterprise Grade Backup-Funktionen.<\/li>\n<li><span class=\"checkmark bg--primary-1\"><\/span> PowerArchiver Command Line-v\u00f6llig eigenst\u00e4ndige.<\/li>\n<li><span class=\"checkmark bg--primary-1\"><\/span> PowerArchiver f\u00fcr Office-Add-Ins (PAOP). Outlook, Word, Excel.<\/li>\n<li><span class=\"checkmark bg--primary-1\"><\/span> Virtuelles ISO-Laufwerk &#8211; Mount ISO-Dateien als DVD!<\/li>\n<li><span class=\"checkmark bg--primary-1\"><\/span> Vollst\u00e4ndiger PowerArchiver Burner mit Daten Burner, DVD zu ISO, Burn ISO und sogar Audio Brenner.<\/li>\n<li><span class=\"checkmark bg--primary-1\"><\/span> Vollst\u00e4ndiger PowerArchiver Secure FTP-Client mit FIPS 140-2-Validierung und intelligenter Archivverarbeitung<\/li>\n<\/ul>\n<p>\n\n\t\t\t\t<a class=\"btn btn--primary-1\" href=\"\"><\/a>\n\t\t\t<\/div><!--end of pricing-->\n\t\t[vc_row_inner][vc_column_inner][vc_btn title=&#8220;<del>\u20ac112.39<\/del> \u20ac49.95 &#8211; JETZT KAUFEN&#8220; style=&#8220;flat&#8220; shape=&#8220;square&#8220; color=&#8220;vista-blue&#8220; size=&#8220;lg&#8220; align=&#8220;center&#8220; i_icon_fontawesome=&#8220;fa fa-shopping-cart&#8220; button_block=&#8220;true&#8220; add_icon=&#8220;true&#8220; link=&#8220;url:https%3A%2F%2Fwww.powerarchiver.com%2Fl%2Fpa2018-tx-int-special-lifetime-offer-de|||&#8220;][\/vc_column_inner][\/vc_row_inner][\/vc_column][\/vc_row][\/vc_section][vc_row][vc_column][vc_column_text]<\/p>\n<p>[\/vc_column_text][\/vc_column][\/vc_row][vc_row full_width=&#8220;stretch_row&#8220;][vc_column]<ul class=\"accordion accordion-1 accordion--oneopen \">\n\t\t<li class=\"\">\n\t\t\t<div class=\"accordion__title\">\n\t\t\t\t<span class=\"h5\">PowerArchiver Select (Future Upgrades)<\/span>\n\t\t\t<\/div>\n\t\t\t<div class=\"accordion__content\">\n\t\t\t\t<\/p>\n<h5>Was ist der PowerArchiver Select-Plan?<\/h5>\n<p>PowerArchiver Select ist ein Premium-Support- und Wartungsplan mit folgenden Funktionen:Upgrade Assurance (kostenloses Upgrade f\u00fcr alle Major \/ Minor-Versionen),Live-Registrierungssystem, das Ihren Registrierungscode auf dem neuesten Stand h\u00e4lt, Priority Support einschlie\u00dflich Telefonunterst\u00fctzung (48-Stunden-Antwort)Priority Feature Anfragen, Priorit\u00e4t BETA-Releases (Holen Sie sich neue BETA-Releases vor allen anderen!). Ebene der Endbenutzer-Unterst\u00fctzung in PowerArchiver Select ist beispiellos in der Software-Utilities-Industrie, wo keiner unserer Konkurrenten bieten sogar Telefon-Support, geschweige denn F\u00e4higkeit, zuk\u00fcnftige Entwicklung zu beeinflussen.<\/p>\n<p>\n\n\t\t\t<\/div>\n\t\t<\/li>\n\t\n\t\t<li class=\"\">\n\t\t\t<div class=\"accordion__title\">\n\t\t\t\t<span class=\"h5\">Mehrplatzlizenzen<\/span>\n\t\t\t<\/div>\n\t\t\t<div class=\"accordion__content\">\n\t\t\t\t<\/p>\n<table class=\"border--round table--alternate-row\">\n<thead>\n<tr>\n<th>\n<p style=\"text-align: center;\">Powerarchiver 2018 STANDARD<\/p>\n<\/th>\n<th>\n<p style=\"text-align: center;\">Powerarchiver 2018 PROFESSIONAL<\/p>\n<\/th>\n<th>\n<p style=\"text-align: center;\">Powerarchiver 2018 TOOLBOX<\/p>\n<\/th>\n<\/tr>\n<\/thead>\n<tbody>\n<tr>\n<td>1 Lizenz \u20ac22.95<\/td>\n<td>1 Lizenz \u20ac34.95<\/td>\n<td>1 Lizenz \u20ac49.95<\/td>\n<\/tr>\n<tr>\n<td>2-9 Lizenzen \u20ac16.00<\/td>\n<td>2-9 Lizenzen \u20ac25.00<\/td>\n<td>2-9 Lizenzen \u20ac35.00<\/td>\n<\/tr>\n<tr>\n<td>10-24 Lizenzen \u20ac13.00<\/td>\n<td>10-24 Lizenzen \u20ac20.00<\/td>\n<td>10-24 Lizenzen \u20ac28.00<\/td>\n<\/tr>\n<tr>\n<td>25-49 Lizenzen \u20ac11.00<\/td>\n<td>25-49 Lizenzen \u20ac17.00<\/td>\n<td>25-49 Lizenzen \u20ac22.00<\/td>\n<\/tr>\n<tr>\n<td>50-99 Lizenzen \u20ac8.50<\/td>\n<td>50-99 Lizenzen \u20ac13.00<\/td>\n<td>50-99 Lizenzen \u20ac16.00<\/td>\n<\/tr>\n<tr>\n<td>100-199 Lizenzen \u20ac6.50<\/td>\n<td>100-199 Lizenzen \u20ac10.00<\/td>\n<td>100-199 Lizenzen \u20ac14.00<\/td>\n<\/tr>\n<tr>\n<td>200-499 Lizenzen \u20ac5.00<\/td>\n<td>200-499 Lizenzen \u20ac7.50<\/td>\n<td>200-499 Lizenzen \u20ac10.50<\/td>\n<\/tr>\n<tr>\n<td>500-999 Lizenzen \u20ac3.50<\/td>\n<td>500-999 Lizenzen \u20ac5.00<\/td>\n<td>500-999 Lizenzen \u20ac7.00<\/td>\n<\/tr>\n<\/tbody>\n<\/table>\n<p>\n\n\t\t\t<\/div>\n\t\t<\/li>\n\t\n\t\t<li class=\"\">\n\t\t\t<div class=\"accordion__title\">\n\t\t\t\t<span class=\"h5\">Compare Features<\/span>\n\t\t\t<\/div>\n\t\t\t<div class=\"accordion__content\">\n\t\t\t\t<\/p>\n<table class=\"border--round table--alternate-row\">\n<thead>\n<tr>\n<th>STANDARD<\/th>\n<th>PROFESSIONAL<\/th>\n<th>TOOLBOX<\/th>\n<\/tr>\n<\/thead>\n<tbody>\n<tr>\n<td>No<\/td>\n<td>No<\/td>\n<td>Virtual Drive &#8211; Mount ISO-Dateien als CD \/ DVD-Laufwerke mit einfachen Rechtsklick-Optionen.<\/td>\n<\/tr>\n<tr>\n<td>No<\/td>\n<td>No<\/td>\n<td>Vollst\u00e4ndiger Standalone-CD\/DVD\/Blu-ray-Brenner! Features geh\u00f6ren CD\/DVD-Brenner, Rip Audio-CD, Audio-CD brennen, Disc kopieren, Image brennen (.ISO).<\/td>\n<\/tr>\n<tr>\n<td>No<\/td>\n<td>No<\/td>\n<td>Kopieren Sie CD\/DVD-Discs in ISO-Images f\u00fcr sichere Speicherung!<\/td>\n<\/tr>\n<tr>\n<td>No<\/td>\n<td>No<\/td>\n<td>Secure FTP Client-vollst\u00e4ndiger Standalone FTP\/SFTP Client mit Protokollen, Queue, Smart Handling von Archiven und mehr. FIPS 140-2 validiertes SSL.<\/td>\n<\/tr>\n<tr>\n<td>No<\/td>\n<td>No<\/td>\n<td>Zip zu E-Mail &#8211; Premium E-Mail-Plugin f\u00fcr Windows und Office-Produkte!<\/td>\n<\/tr>\n<tr>\n<td>No<\/td>\n<td>No<\/td>\n<td>Registerkarte Erweiterte Einstellungen f\u00fcr Advanced Codec Pack ( (.PA-Format). Passen Sie alle Komprimierungsoptionen f\u00fcr das .PA-Format an.<\/td>\n<\/tr>\n<tr>\n<td>No<\/td>\n<td>No<\/td>\n<td>Erweiterte ISO-Image-Dateien erstellen (ISO9660 und UDF).<\/td>\n<\/tr>\n<tr>\n<td>No<\/td>\n<td>PowerArchiver Cloud &#8211; Volle Unterst\u00fctzung f\u00fcr Dropbox, Google Drive, SkyDrive, Box.Net, Amazon S3 und Azure. Greifen Sie von PowerArchiver aus auf Ihre Clouds zu.<\/td>\n<td>PowerArchiver Cloud &#8211; Volle Unterst\u00fctzung f\u00fcr Dropbox, Google Drive, SkyDrive, Box.Net, Amazon S3 und Azure. Greifen Sie von PowerArchiver aus auf Ihre Clouds zu.<\/td>\n<\/tr>\n<tr>\n<td>No<\/td>\n<td>Encryption Suite mit voller AES 256 Bit Verschl\u00fcsselung. FIPS 140-2 validierte AES-Verschl\u00fcsselung. Verschl\u00fcsseln \/ Entschl\u00fcsseln Sie Hunderte von Dateien gleichzeitig.<\/td>\n<td>Encryption Suite mit voller AES 256 Bit Verschl\u00fcsselung. FIPS 140-2 validierte AES-Verschl\u00fcsselung. Verschl\u00fcsseln \/ Entschl\u00fcsseln Sie Hunderte von Dateien gleichzeitig.<\/td>\n<\/tr>\n<tr>\n<td>No<\/td>\n<td>Volle OpenPGP-Funktionalit\u00e4t: Schl\u00fcssel erstellen, Dateien verschl\u00fcsseln, Dateien signieren, verifizieren. Key-Management-Funktionen enthalten.<\/td>\n<td>Volle OpenPGP-Funktionalit\u00e4t: Schl\u00fcssel erstellen, Dateien verschl\u00fcsseln, Dateien signieren, verifizieren. Key-Management-Funktionen enthalten.<\/td>\n<\/tr>\n<tr>\n<td>No<\/td>\n<td>Enterprise Class Backup Utility mit Volume Shadow Service Support, Zeitpl\u00e4ne, Protokolle und die F\u00e4higkeit zu brennen, FTP-und Kopier-Backups bis zu 3 Standorte, alle zur gleichen Zeit. Viele Formate und Optionen zur Verf\u00fcgung.<\/td>\n<td>Enterprise Class Backup Utility mit Volume Shadow Service Support, Zeitpl\u00e4ne, Protokolle und die F\u00e4higkeit zu brennen, FTP-und Kopier-Backups bis zu 3 Standorte, alle zur gleichen Zeit. Viele Formate und Optionen zur Verf\u00fcgung.<\/td>\n<\/tr>\n<tr>\n<td>No<\/td>\n<td>Vollst\u00e4ndige Kopie der PowerArchiver-Befehlszeile (PACL) enthalten. Voll funktionsf\u00e4higes Befehlszeilenprogramm mit vielen Funktionen, voller Formatunterst\u00fctzung und FIPS 140-2-validierten Verschl\u00fcsselungsmodulen.<\/td>\n<td>Vollst\u00e4ndige Kopie der PowerArchiver-Befehlszeile (PACL) enthalten. Voll funktionsf\u00e4higes Befehlszeilenprogramm mit vielen Funktionen, voller Formatunterst\u00fctzung und FIPS 140-2-validierten Verschl\u00fcsselungsmodulen.<\/td>\n<\/tr>\n<tr>\n<td>No<\/td>\n<td>Vollst\u00e4ndige Kopie von PowerArchiver f\u00fcr Office-Add-In (PAOP) enthalten. Microsoft Outlook, Word und Excel Add-Ins. Eines der besten Microsoft Outlook Komprimierungs- \/ Verschl\u00fcsselungs-Add-Ins auf dem Markt.<\/td>\n<td>Vollst\u00e4ndige Kopie von PowerArchiver f\u00fcr Office-Add-In (PAOP) enthalten. Microsoft Outlook, Word und Excel Add-Ins. Eines der besten Microsoft Outlook Komprimierungs- \/ Verschl\u00fcsselungs-Add-Ins auf dem Markt.<\/td>\n<\/tr>\n<tr>\n<td>Advanced Codec Pack &#8211; Volle Unterst\u00fctzung f\u00fcr das neue .pa-Format, einschlie\u00dflich erweiterter Optionen. Sie k\u00f6nnen verschiedene Codecs, Filter und deren Optionen f\u00fcr maximale Geschwindigkeit \/ Komprimierung manuell konfigurieren.<\/td>\n<td>Advanced Codec Pack &#8211; Volle Unterst\u00fctzung f\u00fcr das neue .pa-Format, einschlie\u00dflich erweiterter Optionen. Sie k\u00f6nnen verschiedene Codecs, Filter und deren Optionen f\u00fcr maximale Geschwindigkeit \/ Komprimierung manuell konfigurieren.<\/td>\n<td>Advanced Codec Pack &#8211; Volle Unterst\u00fctzung f\u00fcr das neue .pa-Format, einschlie\u00dflich erweiterter Optionen. Sie k\u00f6nnen verschiedene Codecs, Filter und deren Optionen f\u00fcr maximale Geschwindigkeit \/ Komprimierung manuell konfigurieren.<\/td>\n<\/tr>\n<tr>\n<td>Die fortschrittlichste Zip\/ZIPX-Engine, nur eine vollst\u00e4ndig kompatibel mit WinZip und SecureZIP. Unterst\u00fctzt voll ZIPX Standard (lzma, lzma2, PPMD, WavPack und JPEG) f\u00fcr Archive der niedrigsten Gr\u00f6\u00dfe, unbegrenzt gro\u00dfe ZIP\/ZIPX-Archive, AES-256bit-Verschl\u00fcsselung, Unicode-Sprachen, Multicore-Komprimierung.<\/td>\n<td>Die fortschrittlichste Zip\/ZIPX-Engine, nur eine vollst\u00e4ndig kompatibel mit WinZip und SecureZIP. Unterst\u00fctzt voll ZIPX Standard (lzma, lzma2, PPMD, WavPack und JPEG) f\u00fcr Archive der niedrigsten Gr\u00f6\u00dfe, unbegrenzt gro\u00dfe ZIP\/ZIPX-Archive, AES-256bit-Verschl\u00fcsselung, Unicode-Sprachen, Multicore-Komprimierung.<\/td>\n<td>Die fortschrittlichste Zip\/ZIPX-Engine, nur eine vollst\u00e4ndig kompatibel mit WinZip und SecureZIP. Unterst\u00fctzt voll ZIPX Standard (lzma, lzma2, PPMD, WavPack und JPEG) f\u00fcr Archive der niedrigsten Gr\u00f6\u00dfe, unbegrenzt gro\u00dfe ZIP\/ZIPX-Archive, AES-256bit-Verschl\u00fcsselung, Unicode-Sprachen, Multicore-Komprimierung.<\/td>\n<\/tr>\n<tr>\n<td>Unterst\u00fctzt das Erstellen und \u00d6ffnen von: ZIP (Multicore), ZIPX (Multicore), PA (Multicore), 7-Zip (Multicore LZMA und LZMA2), LHA, CAB, TAR \/ GZ \/ BZ2 \/ XZ-Archiven. WinRar-Komprimierung wird unterst\u00fctzt, wenn WinRar installiert ist.<\/td>\n<td>Unterst\u00fctzt das Erstellen und \u00d6ffnen von: ZIP (Multicore), ZIPX (Multicore), PA (Multicore), 7-Zip (Multicore LZMA und LZMA2), LHA, CAB, TAR \/ GZ \/ BZ2 \/ XZ-Archiven. WinRar-Komprimierung wird unterst\u00fctzt, wenn WinRar installiert ist.<\/td>\n<td>Unterst\u00fctzt das Erstellen und \u00d6ffnen von: ZIP (Multicore), ZIPX (Multicore), PA (Multicore), 7-Zip (Multicore LZMA und LZMA2), LHA, CAB, TAR \/ GZ \/ BZ2 \/ XZ-Archiven. WinRar-Komprimierung wird unterst\u00fctzt, wenn WinRar installiert ist.<\/td>\n<\/tr>\n<tr>\n<td>\u00d6ffnet und extrahiert: RAR (10% schneller als WR 4.x), ISO (ISO9660 und UDF), ACE, ARJ, MSI, NSIS, CHM, DMG, RPM, CPIO, VHD, XAR, LZMA, SquashFS, CramFS, WIM (\u00fcber 60 Formate insgesamt!).<\/td>\n<td>\u00d6ffnet und extrahiert: RAR (10% schneller als WR 4.x), ISO (ISO9660 und UDF), ACE, ARJ, MSI, NSIS, CHM, DMG, RPM, CPIO, VHD, XAR, LZMA, SquashFS, CramFS, WIM (\u00fcber 60 Formate insgesamt!).<\/td>\n<td>\u00d6ffnet und extrahiert: RAR (10% schneller als WR 4.x), ISO (ISO9660 und UDF), ACE, ARJ, MSI, NSIS, CHM, DMG, RPM, CPIO, VHD, XAR, LZMA, SquashFS, CramFS, WIM (\u00fcber 60 Formate insgesamt!).<\/td>\n<\/tr>\n<tr>\n<td>Exklusive Windows 7-, 8- und 10-Funktionen wie automatische Erh\u00f6hung \u00fcber UAC und Volume Shadow Service-Unterst\u00fctzung f\u00fcr die Komprimierung von Dateien \/ Datenbanken, die ausschlie\u00dflich vom System verwendet werden.<\/td>\n<td>Exklusive Windows 7-, 8- und 10-Funktionen wie automatische Erh\u00f6hung \u00fcber UAC und Volume Shadow Service-Unterst\u00fctzung f\u00fcr die Komprimierung von Dateien \/ Datenbanken, die ausschlie\u00dflich vom System verwendet werden.<\/td>\n<td>Exklusive Windows 7-, 8- und 10-Funktionen wie automatische Erh\u00f6hung \u00fcber UAC und Volume Shadow Service-Unterst\u00fctzung f\u00fcr die Komprimierung von Dateien \/ Datenbanken, die ausschlie\u00dflich vom System verwendet werden.<\/td>\n<\/tr>\n<tr>\n<td>FIPS 140-2 und HIPAA-Validierung \/ Einhaltung der AES-Verschl\u00fcsselung in ZIP \/ ZIPX-Formaten und mit Secure FTP-Dateiaustausch.<\/td>\n<td>FIPS 140-2 und HIPAA-Validierung \/ Einhaltung der AES-Verschl\u00fcsselung in ZIP \/ ZIPX-Formaten und mit Secure FTP-Dateiaustausch.<\/td>\n<td>FIPS 140-2 und HIPAA-Validierung \/ Einhaltung der AES-Verschl\u00fcsselung in ZIP \/ ZIPX-Formaten und mit Secure FTP-Dateiaustausch.<\/td>\n<\/tr>\n<tr>\n<td>Hat mehr als 10 verschiedene Werkzeuge, Queuing-Unterst\u00fctzung, Profile, Skins, Ribbon \/ klassische Schnittstelle Wahl, erstellt sfx-Archive (zip, 7zip, pae), automatische Updates \u00fcber 2 Sekunden Patchbeam-System und vieles, vieles mehr!<\/td>\n<td>Hat mehr als 10 verschiedene Werkzeuge, Queuing-Unterst\u00fctzung, Profile, Skins, Ribbon \/ klassische Schnittstelle Wahl, erstellt sfx-Archive (zip, 7zip, pae), automatische Updates \u00fcber 2 Sekunden Patchbeam-System und vieles, vieles mehr!<\/td>\n<td>Hat mehr als 10 verschiedene Werkzeuge, Queuing-Unterst\u00fctzung, Profile, Skins, Ribbon \/ klassische Schnittstelle Wahl, erstellt sfx-Archive (zip, 7zip, pae), automatische Updates \u00fcber 2 Sekunden Patchbeam-System und vieles, vieles mehr!<\/td>\n<\/tr>\n<tr>\n<td>Volle Unterst\u00fctzung f\u00fcr 64-Bit-Windows und Multi-Core-Prozessoren in ZIP-, 7-Zip- und PA-Formaten.<\/td>\n<td>Volle Unterst\u00fctzung f\u00fcr 64-Bit-Windows und Multi-Core-Prozessoren in ZIP-, 7-Zip- und PA-Formaten.<\/td>\n<td>Volle Unterst\u00fctzung f\u00fcr 64-Bit-Windows und Multi-Core-Prozessoren in ZIP-, 7-Zip- und PA-Formaten.<\/td>\n<\/tr>\n<tr>\n<td>Erweiterter Explorer-Modus mit Dual-Panel-Schnittstelle f\u00fcr einfachere Dateiverwaltung mit voller Vorschau-Unterst\u00fctzung und mehreren Registerkarten f\u00fcr die Archiv Bearbeitung.<\/td>\n<td>Erweiterter Explorer-Modus mit Dual-Panel-Schnittstelle f\u00fcr einfachere Dateiverwaltung mit voller Vorschau-Unterst\u00fctzung und mehreren Registerkarten f\u00fcr die Archiv Bearbeitung.<\/td>\n<td>Erweiterter Explorer-Modus mit Dual-Panel-Schnittstelle f\u00fcr einfachere Dateiverwaltung mit voller Vorschau-Unterst\u00fctzung und mehreren Registerkarten f\u00fcr die Archiv Bearbeitung.<\/td>\n<\/tr>\n<tr>\n<td>Erweiterte Schnittstelle mit vollst\u00e4ndiger Skinning-Unterst\u00fctzung. 3 Phasen Skinning: Schnittstelle, Ikonen und Akte Format Ikonen. Mit 10 verschiedenen Skins und mehr auf unserer Website erh\u00e4ltlich.<\/td>\n<td>Erweiterte Schnittstelle mit vollst\u00e4ndiger Skinning-Unterst\u00fctzung. 3 Phasen Skinning: Schnittstelle, Ikonen und Akte Format Ikonen. Mit 10 verschiedenen Skins und mehr auf unserer Website erh\u00e4ltlich.<\/td>\n<td>Erweiterte Schnittstelle mit vollst\u00e4ndiger Skinning-Unterst\u00fctzung. 3 Phasen Skinning: Schnittstelle, Ikonen und Akte Format Ikonen. Mit 10 verschiedenen Skins und mehr auf unserer Website erh\u00e4ltlich.<\/td>\n<\/tr>\n<tr>\n<td>Advanced Modern Ribbon Schnittstelle von Microsoft lizenziert. Schnell und genauso aussehend wie Ihre Windows-Multifunktionsleisten-Anwendungen (optional).<\/td>\n<td>Advanced Modern Ribbon Schnittstelle von Microsoft lizenziert. Schnell und genauso aussehend wie Ihre Windows-Multifunktionsleisten-Anwendungen (optional).<\/td>\n<td>Advanced Modern Ribbon Schnittstelle von Microsoft lizenziert. Schnell und genauso aussehend wie Ihre Windows-Multifunktionsleisten-Anwendungen (optional).<\/td>\n<\/tr>\n<tr>\n<td>Voll funktionsf\u00e4higes Vorschaufenster mit Unterst\u00fctzung f\u00fcr die Vorschau vieler verschiedener Dateitypen einschlie\u00dflich schneller nativer PDF-Vorschau. Sie brauchen keinen PDF-Viewer installiert zu haben &#8211; klicken Sie einfach auf PDF-Datei in PowerArchiver, und Sie k\u00f6nnen sie im Vorschaufenster anzeigen oder ausdrucken.<\/td>\n<td>Voll funktionsf\u00e4higes Vorschaufenster mit Unterst\u00fctzung f\u00fcr die Vorschau vieler verschiedener Dateitypen einschlie\u00dflich schneller nativer PDF-Vorschau. Sie brauchen keinen PDF-Viewer installiert zu haben &#8211; klicken Sie einfach auf PDF-Datei in PowerArchiver, und Sie k\u00f6nnen sie im Vorschaufenster anzeigen oder ausdrucken.<\/td>\n<td>Voll funktionsf\u00e4higes Vorschaufenster mit Unterst\u00fctzung f\u00fcr die Vorschau vieler verschiedener Dateitypen einschlie\u00dflich schneller nativer PDF-Vorschau. Sie brauchen keinen PDF-Viewer installiert zu haben &#8211; klicken Sie einfach auf PDF-Datei in PowerArchiver, und Sie k\u00f6nnen sie im Vorschaufenster anzeigen oder ausdrucken.<\/td>\n<\/tr>\n<tr>\n<td>Voll portable Version, die keine Installation erfordert und nichts im System \u00e4ndert (x86 und x64).<\/td>\n<td>Voll portable Version, die keine Installation erfordert und nichts im System \u00e4ndert (x86 und x64).<\/td>\n<td>Voll portable Version, die keine Installation erfordert und nichts im System \u00e4ndert (x86 und x64).<\/td>\n<\/tr>\n<\/tbody>\n<\/table>\n<p>\n\n\t\t\t<\/div>\n\t\t<\/li>\n\t<\/ul>[\/vc_column][\/vc_row]<\/p>\n","protected":false},"excerpt":{"rendered":"<p>[vc_section][vc_row][vc_column][\/vc_column][\/vc_row][vc_row css=&#8220;.vc_custom_1516850554908{margin-bottom: 10px !important;}&#8220;][vc_column width=&#8220;1\/2&#8243;][vc_row_inner][vc_column_inner][vc_btn title=&#8220;\u20ac76.92 \u20ac19.98 &#8211; JETZT KAUFEN&#8220; style=&#8220;flat&#8220; shape=&#8220;square&#8220; color=&#8220;vista-blue&#8220; size=&#8220;lg&#8220; align=&#8220;center&#8220; i_icon_fontawesome=&#8220;fa fa-shopping-cart&#8220; button_block=&#8220;true&#8220; add_icon=&#8220;true&#8220; link=&#8220;url:https%3A%2F%2Fwww.powerarchiver.com%2Fl%2Fblack-friday-pa2018-tx-int-3year-select-2|||&#8220;][\/vc_column_inner][\/vc_row_inner][\/vc_column][vc_column width=&#8220;1\/2&#8243;][vc_row_inner][vc_column_inner][vc_btn title=&#8220;\u20ac112.39&#8230;<\/p>\n","protected":false},"author":1,"featured_media":0,"parent":0,"menu_order":0,"comment_status":"closed","ping_status":"closed","template":"","meta":{"footnotes":""},"_links":{"self":[{"href":"https:\/\/www.powerarchiver.com\/de\/wp-json\/wp\/v2\/pages\/13692"}],"collection":[{"href":"https:\/\/www.powerarchiver.com\/de\/wp-json\/wp\/v2\/pages"}],"about":[{"href":"https:\/\/www.powerarchiver.com\/de\/wp-json\/wp\/v2\/types\/page"}],"author":[{"embeddable":true,"href":"https:\/\/www.powerarchiver.com\/de\/wp-json\/wp\/v2\/users\/1"}],"replies":[{"embeddable":true,"href":"https:\/\/www.powerarchiver.com\/de\/wp-json\/wp\/v2\/comments?post=13692"}],"version-history":[{"count":6,"href":"https:\/\/www.powerarchiver.com\/de\/wp-json\/wp\/v2\/pages\/13692\/revisions"}],"predecessor-version":[{"id":14950,"href":"https:\/\/www.powerarchiver.com\/de\/wp-json\/wp\/v2\/pages\/13692\/revisions\/14950"}],"wp:attachment":[{"href":"https:\/\/www.powerarchiver.com\/de\/wp-json\/wp\/v2\/media?parent=13692"}],"curies":[{"name":"wp","href":"https:\/\/api.w.org\/{rel}","templated":true}]}}