{"id":12084,"date":"2018-02-08T14:16:11","date_gmt":"2018-02-08T14:16:11","guid":{"rendered":"http:\/\/beta.powerarchiver.com\/?page_id=12084"},"modified":"2018-02-08T14:16:41","modified_gmt":"2018-02-08T14:16:41","slug":"about","status":"publish","type":"page","link":"https:\/\/www.powerarchiver.com\/de\/about\/","title":{"rendered":"Zur ConeXware"},"content":{"rendered":"<p>[vc_row][vc_column]<div class=\"  bg--secondary  boxed boxed--border\" ><div class=\"container\">[vc_column_text]<\/p>\n<h2>Zur ConeXware<\/h2>\n<p><img decoding=\"async\" loading=\"lazy\" src=\"\/\/www.powerarchiver.com\/images\/ConeXware_Logo_300.png\" width=\"200\" height=\"133\" align=\"right\" \/>Conexware wurde im Jahr 2001 in Huntington Beach, Kalifornien von Nathan Mook und Drazen Dodig gegr\u00fcndet, um die Entwicklung von PowerArchiver, des preisgekr\u00f6nten Archivierungsprogramms, das 1998 von Ivan Petrovic entwickelt wurde, zu unterst\u00fctzen. Seitdem haben wir zwei Filialen in Europa er\u00f6ffnet und die Pr\u00e4senz von PowerArchiver auch auf den europ\u00e4ischen M\u00e4rkten verst\u00e4rkt.<\/p>\n<p>Conexware ist ein global t\u00e4tiges Unternehmen. Unsere Software ist in 30 Sprachen erh\u00e4ltlich und wir bieten Unterst\u00fctzung f\u00fcr PowerArchiver in mehr als sieben Sprachen an. Durch die Kombination von leistungsstarken Funktionen und einfacher, benutzerfreundlicher Oberf\u00e4che hat PowerArchiver den Ma\u00dfstab f\u00fcr Archivierungsprogramm-Markt gesetzt. Wir bieten auch PowerArchiver Outlook Plug-In und PowerArchiver-Kommandozeile an. ConeXware Software wird von Millionen von Menschen, vielen Beh\u00f6rden, Bildungseinrichtungen und Unternehmen in mehr als 150 L\u00e4ndern verwendet.<\/p>\n<p>[\/vc_column_text]<\/div><\/div>[\/vc_column][\/vc_row]<\/p>\n","protected":false},"excerpt":{"rendered":"<p>[vc_row][vc_column][\/vc_column][\/vc_row]<\/p>\n","protected":false},"author":1,"featured_media":0,"parent":0,"menu_order":0,"comment_status":"closed","ping_status":"closed","template":"","meta":{"footnotes":""},"_links":{"self":[{"href":"https:\/\/www.powerarchiver.com\/de\/wp-json\/wp\/v2\/pages\/12084"}],"collection":[{"href":"https:\/\/www.powerarchiver.com\/de\/wp-json\/wp\/v2\/pages"}],"about":[{"href":"https:\/\/www.powerarchiver.com\/de\/wp-json\/wp\/v2\/types\/page"}],"author":[{"embeddable":true,"href":"https:\/\/www.powerarchiver.com\/de\/wp-json\/wp\/v2\/users\/1"}],"replies":[{"embeddable":true,"href":"https:\/\/www.powerarchiver.com\/de\/wp-json\/wp\/v2\/comments?post=12084"}],"version-history":[{"count":2,"href":"https:\/\/www.powerarchiver.com\/de\/wp-json\/wp\/v2\/pages\/12084\/revisions"}],"predecessor-version":[{"id":12086,"href":"https:\/\/www.powerarchiver.com\/de\/wp-json\/wp\/v2\/pages\/12084\/revisions\/12086"}],"wp:attachment":[{"href":"https:\/\/www.powerarchiver.com\/de\/wp-json\/wp\/v2\/media?parent=12084"}],"curies":[{"name":"wp","href":"https:\/\/api.w.org\/{rel}","templated":true}]}}