{"id":11778,"date":"2018-02-06T08:46:16","date_gmt":"2018-02-06T08:46:16","guid":{"rendered":"http:\/\/beta.powerarchiver.com\/?page_id=11778"},"modified":"2018-02-06T11:37:31","modified_gmt":"2018-02-06T11:37:31","slug":"contact","status":"publish","type":"page","link":"https:\/\/www.powerarchiver.com\/de\/contact\/","title":{"rendered":"Kontaktieren Sie ConeXware"},"content":{"rendered":"<p>[vc_row][vc_column width=&#8220;1\/2&#8243;]<div class=\"  bg--secondary  boxed boxed--border\" ><div class=\"container\">[vc_column_text]<\/p>\n<h2>Kontaktieren Sie ConeXware<\/h2>\n<p>Der beste Weg, um mit uns ins Kontakt zu treten, ist uns eine E-Mail zu senden. Wir werden unser Bestes tun, um Ihre Anfragen innerhalb von 24 Stunden zu beantworten. Wenn Sie uns per Telefon oder Fax erreichen m\u00f6chten, wenden Sie sich bitte per E-Mail an uns f\u00fcr weitere Kontaktinformationen.<\/p>\n<p><em>Wenn Sie die untenstehende E-Mail-Adresse kopieren und einf\u00fcgen, vergewissern Sie sich bitte, dass Sie die Leerzeichen vor und nach dem \u201c@\u201c gel\u00f6scht haben.<\/em><\/p>\n<p><strong>Fragen zur Bestellung:<\/strong> Please email <a href=\"\/email.php?email=ordering:conexware.com\">ordering @ conexware.com<br \/>\n<\/a><strong>Support-Fragen(einschlie\u00dflich Registrierungscode- und Passwort-Hilfe):<\/strong> Bitte besuchen Sie <a href=\"<?php echo get_permalink(icl_object_id(962, 'page', true)) ?>\">PowerArchiver Support<br \/>\n<\/a><strong>Alle weiteren Fragen:<\/strong> Please email: <a href=\"\/email.php?email=general:conexware.com\">general\u00a0@\u00a0conexware.com<\/a><\/p>\n<p>[\/vc_column_text]<\/div><\/div><div class=\"  bg--secondary  boxed boxed--border\" ><div class=\"container\">[vc_column_text]<\/p>\n<h2>Mengen- und Bildungsrabatt<\/h2>\n<p>Sie interesieren sich fur Mengenrabatt f\u00fcr PowerArchiver? Unternehmen und Firmen, die PowerArchiver in gro\u00dfem Umfang einsetzen m\u00f6chten, werden spezielle Lizenzpreise (f\u00fcr 1000 oder mehr Lizenzen) angeboten. F\u00fcr weitere Informationen senden Sie uns bitte eine E-Mail an  <a href=\"\/email.php?email=ordering:conexware.com\">ordering\u00a0@\u00a0conexware.com<\/a>.<\/p>\n<p>Bildungseinrichtungen wird auch ein Mengenrabatt gew\u00e4hrt. F\u00fcr weitere Details senden Sie uns bitte eine E-Mail an: <a href=\"\/email.php?email=ordering:conexware.com\">ordering\u00a0@\u00a0conexware.com<\/a>.<\/p>\n<p>[\/vc_column_text]<\/div><\/div>[\/vc_column][vc_column width=&#8220;1\/2&#8243;]<div class=\"  bg--secondary  boxed boxed--border\" ><div class=\"container\">[vc_column_text]<\/p>\n<div style=\"padding-top: 15px;\"><script type=\"text\/javascript\">\n(function(d, src, c) { var t=d.scripts[d.scripts.length - 1],s=d.createElement('script');s.id='la_x2s6df8d';s.async=true;s.src=src;s.onload=s.onreadystatechange=function(){var rs=this.readyState;if(rs&&(rs!='complete')&&(rs!='loaded')){return;}c(this);};t.parentElement.insertBefore(s,t.nextSibling);})(document,\n'https:\/\/support.powerarchiver.com\/scripts\/track.js',\nfunction(e){ LiveAgent.createForm('5afa3749', e); });\n<\/script><\/div>\n<p>[\/vc_column_text]<\/div><\/div><div class=\"  bg--secondary  boxed boxed--border\" ><div class=\"container\">[vc_column_text]<\/p>\n<h2>Sind sie ein H\u00e4ndler?<\/h2>\n<p>Softwareh\u00e4ndlern werden spezielle Rabatte einger\u00e4umt. Sie k\u00f6nnen auch an unserem Premium H\u00e4ndlerprogramm teilnehmen. Im Rahmen dieses Programms werden H\u00e4ndlern noch h\u00f6here Mengenrabatte angeboten.<\/p>\n<p>Wenn Sie ein H\u00e4ndler sind und Ihren Kunden PowerArchiver kaufen m\u00f6chten, wenden Sie sich bitte an uns: <a href=\"\/email.php?email=resellers:conexware.com\">resellers\u00a0@\u00a0conexware.com<\/a>.<\/p>\n<p>[\/vc_column_text]<\/div><\/div><div class=\"  bg--secondary  boxed boxed--border\" ><div class=\"container\">[vc_column_text]<\/p>\n<h2>B\u00fcro<\/h2>\n<p><span style=\"font-size: 1rem;\">Ihre Post k\u00f6nnen Sie uns an folgende Adresse senden:<\/span><\/p>\n<p><span style=\"font-size: 1rem;\">ConeXware, Inc.<br \/>\n<\/span><span style=\"font-size: 1rem;\">11654 Plaza America Dr. #350<br \/>\n<\/span><span style=\"font-size: 1rem;\">Reston, VA 20190<br \/>\n<\/span><span style=\"font-size: 1rem;\">USA<\/span><\/p>\n<p>[\/vc_column_text]<\/div><\/div>[\/vc_column][\/vc_row]<\/p>\n","protected":false},"excerpt":{"rendered":"<p>[vc_row][vc_column width=&#8220;1\/2&#8243;][\/vc_column][vc_column width=&#8220;1\/2&#8243;][\/vc_column][\/vc_row]<\/p>\n","protected":false},"author":1,"featured_media":0,"parent":0,"menu_order":0,"comment_status":"closed","ping_status":"closed","template":"","meta":{"footnotes":""},"_links":{"self":[{"href":"https:\/\/www.powerarchiver.com\/de\/wp-json\/wp\/v2\/pages\/11778"}],"collection":[{"href":"https:\/\/www.powerarchiver.com\/de\/wp-json\/wp\/v2\/pages"}],"about":[{"href":"https:\/\/www.powerarchiver.com\/de\/wp-json\/wp\/v2\/types\/page"}],"author":[{"embeddable":true,"href":"https:\/\/www.powerarchiver.com\/de\/wp-json\/wp\/v2\/users\/1"}],"replies":[{"embeddable":true,"href":"https:\/\/www.powerarchiver.com\/de\/wp-json\/wp\/v2\/comments?post=11778"}],"version-history":[{"count":4,"href":"https:\/\/www.powerarchiver.com\/de\/wp-json\/wp\/v2\/pages\/11778\/revisions"}],"predecessor-version":[{"id":11785,"href":"https:\/\/www.powerarchiver.com\/de\/wp-json\/wp\/v2\/pages\/11778\/revisions\/11785"}],"wp:attachment":[{"href":"https:\/\/www.powerarchiver.com\/de\/wp-json\/wp\/v2\/media?parent=11778"}],"curies":[{"name":"wp","href":"https:\/\/api.w.org\/{rel}","templated":true}]}}