{"id":11654,"date":"2018-02-05T19:37:47","date_gmt":"2018-02-05T19:37:47","guid":{"rendered":"http:\/\/beta.powerarchiver.com\/?page_id=11654"},"modified":"2018-08-30T16:08:13","modified_gmt":"2018-08-30T16:08:13","slug":"powerarchiver-select-premium-support-und-maintenance","status":"publish","type":"page","link":"https:\/\/www.powerarchiver.com\/de\/powerarchiver-select-premium-support-und-maintenance\/","title":{"rendered":"Powerarchiver Select &#8211; Premium Support und Maintenance"},"content":{"rendered":"<style>\nspan.step {\n  background: #fff;\n  border-radius: 1.2em;\n  -moz-border-radius: 1.2em;\n  -webkit-border-radius: 1.2em;\n  color: #ffffff;\n  display: inline-block;\n  font-weight: bold;\n  line-height: 1.9em;\n  margin-right: 5px;\n  text-align: center;\n  width: 1.9em;\n  background-color:#0072bc;\n  filter:  progid:DXImageTransform.Microsoft.gradient(GradientType=0,startColorstr='#00409EDB', endColorstr='#000072ab'); \n  \/* IE6 & IE7 *\/\n  -ms-filter: \"progid:DXImageTransform.Microsoft.gradient(GradientType=0,startColorstr='#00409EDB', endColorstr='#000072ab')\"; \n  \/* IE8 *\/\n  filter: progid:DXImageTransform.Microsoft.gradient(startColorstr=#00409EDB, endColorstr=#000072ab);\n  background-image: -ms-linear-gradient(top bottom, #409EDB 0%, #0072ab 100%);\n  background: -webkit-gradient(linear, left top, left bottom, from(#409EDB), to(#0072ab)); \n  \/* for webkit browsers *\/\n  background: -moz-linear-gradient(top,  #409EDB,  #0072ab);\n  \/* for firefox 3.6+ *\/\n  \/* IE10 Consumer Preview *\/ \n  background-image: -ms-linear-gradient(top, #409EDB 0%, #0072ab 100%);<\/p>\n<p>  \/* Mozilla Firefox *\/ \n  background-image: -moz-linear-gradient(top, #409EDB 0%, #0072ab 100%);<\/p>\n<p>  \/* Opera *\/ \n  background-image: -o-linear-gradient(top, #409EDB 0%, #0072ab 100%);<\/p>\n<p>  \/* Webkit (Safari\/Chrome 10) *\/ \n  background-image: -webkit-gradient(linear, left top, left bottom, color-stop(0, #409EDB), color-stop(1, #0072ab));<\/p>\n<p>  \/* Webkit (Chrome 11+) *\/ \n  background-image: -webkit-linear-gradient(top, #409EDB 0%, #0072ab 100%);<\/p>\n<p>  \/* W3C Markup, IE10 Release Preview *\/ \n  background-image: linear-gradient(to bottom, #409EDB 0%, #0072ab 100%);<\/p>\n<p>}\n<\/style>\n<h2>PowerArchiver Select &#8211; Premium Support und Maintenance<\/h2>\n<h3>Was ist PowerArchiver Select Plan?<\/h3>\n<p><img decoding=\"async\" src=\"https:\/\/conexware.com\/shop\/include\/resources\/images\/support-gold-large.png\" class=\"alignleft\" \/><br \/>\nPowerArchiver Select ist Premium Support und Maintenance Programm, das entworfen wurde, um PowerArchiver-Benutzern eine rund um die Uhr Support zu gew\u00e4hren und zus\u00e4tzliche Funktionen anzubieten. Die F\u00fclle der Funktionen in PowerArchiver Select ist beispiellos in der Softwarebranche, vor allem wenn man bedenkt, dass die meisten unserer Wettbewerber nicht einmal eine telefonische Kundenberatung anbieten, geschweige denn ihren Kunden die M\u00f6glichkeit geben, aktiv an der Produktenwicklung teilzunehmen. Wir haben uns bem\u00fcht, die Funktionen so zu gestalten, dass sie sowohl f\u00fcr Business als auch f\u00fcr Home Benutzer attraktiv sind. Derzeit umfassen alle neuen PowerArchiver-Bestellungen kostenlosen PowerArchiver Select Plan f\u00fcr einen Zeitraum von 12 Monaten.<\/p>\n<h3>PowerArchiver Select umfasst:<\/h3>\n<h3> <span class=\"step\">1<\/span> Live Registrierungssystem<\/h3>\n<p>PowerArchiver Select schlie\u00dft Live Registrierungssystem ein, das Ihnen erm\u00f6glicht, PowerArchiver mithilfe von dreistelligem Code auf dem neuesten Stand zu halten. Wird ein Major-Update f\u00fcr Powerarchiver verf\u00fcgbar, ruft unser intelligentes System die neuesten Freischaltcodes f\u00fcr PowerArchiver ab, ohne dass Sie etwas daf\u00fcr tun m\u00fcssen. Die Systemdienste werden auf mehrere Server verteilt, um die Last durch unsere gro\u00dfe Nutzergemeinde (mehr als 1 000 000 Benutzer) ordnungsgem\u00e4\u00df zu bew\u00e4ltigen.<\/p>\n<h3> <span class=\"step\">2<\/span> Upgrade Versicherung (alle Major-\/Minor-Versionen)<\/h3>\n<p>Mit einer Upgrade Versicherung k\u00f6nnen Sie auf jede zuk\u00fcnftige Version von PowerArchiver aktualisieren (Minor-Update und Major-Upgrade), solange Ihr PowerArchiver Select Plan aktiv ist. Dank dem Live Registrierungssystem muss der Benutzer keine extra Arbeit machen. Er braucht nur das Update herunterzuladen (was auch im Hintergrund durchgef\u00fchrt werden kann).<\/p>\n<h3> <span class=\"step\">3<\/span> Advanced Codec Pack \u2013 .PA format (alle Major-\/Minor-Versionen)<\/h3>\n<p>Das Advanced Codec Pack erm\u00f6glicht das .PA-Format und ist in allen PowerArchiver 2017 und dar\u00fcber hinaus enthalten. PowerArchiver-Benutzer, die PowerArchiver vor Version 2017 gekauft haben, haben die M\u00f6glichkeit, das Advanced Codec Pack als Teil des Select-Plans zu erhalten. Einmal erhalten, bleibt das Advanced Codec Pack ein Teil Ihrer Lizenz.<br \/>\nDas .PA-Format ist die Kombination der besten verf\u00fcgbaren Codecs und Filter in einem fantastischen Paket. Die meisten Codecs und Filter sind ebenfalls verf\u00fcgbar. Das PA-Format (.pa) verf\u00fcgt \u00fcber zwei unterschiedliche Modi: den optimierten starken Modus, der auf eine \u00fcberlegene Druckst\u00e4rke fokussiert, und den optimierten schnellen Modus, der sich auf die Kombination von hoher Geschwindigkeit und guter Druckst\u00e4rke konzentriert (besser als ZIP in jeder Hinsicht).<\/p>\n<h3> <span class=\"step\">4<\/span> Einstellungen aus Cloud speichern und wiederhersellen<\/h3>\n<p>Powerarchiver Select beinhaltet die M\u00f6glichkeit, Powerarchiver-Einstellungen aus Cloud zu speichern und wiederherzustellen . Sie k\u00f6nnen es jederzeit und von jedem Ort aus nutzen, um Ihre Powerarchiver- Einstellungen zu synchronisieren. Es werden keine sensiblen Informationen gespeichert und alle Daten werden mit AES 256-Bit-Verschl\u00fcsselung verschl\u00fcsselt.<\/p>\n<h3> <span class=\"step\">5<\/span> Vorrangiger Support einschlie\u00dflich telefonischer Kundenbetreuung (48 Stunden Antwortzeit)<\/h3>\n<p>PowerArchiver Select beinhaltet Priority Support mit einer Antwortzeit von 48 Stunden an Werktagen. Unsere durchschnittliche Antwortzeit ist weniger als 2 Stunden! Priority Support ist telefonisch (800-Nummer), per E-Mail (Ticketing- System) und per Web-Chat erreichbar.<\/p>\n<h3> <span class=\"step\">6<\/span> Priority Funktionsanfragen<\/h3>\n<p>Ben\u00f6tigen Sie neue Funktion in PowerArchiver? Haben Sie eine Idee, wie Sie Ihren Arbeitsablauf verbessern k\u00f6nnen? Mit Priority Funktionsanfrage k\u00f6nnen Sie uns Ihre Vorschl\u00e4ge f\u00fcr neue Funktionen von PowerArchiver senden. Solange diese vern\u00fcnftig sind, werden sie in zuk\u00fcnftige Versionen von PowerArchiver aufgenommen!<\/p>\n<h3> <span class=\"step\">7<\/span> Priority BETA-Zugang<\/h3>\n<p>Mit PowerArchiver Select haben Sie Zugang zu Beta-Ausgaben von PowerArchiver, zu denen alle anderen erst Wochen sp\u00e4ter Zugang haben werden! Sie werden die M\u00f6glichkeit haben, die neuesten PowerArchiver Versionen vor allen anderen testen und erleben.<\/p>\n","protected":false},"excerpt":{"rendered":"<p>PowerArchiver Select &#8211; Premium Support und Maintenance Was ist PowerArchiver Select Plan? PowerArchiver Select ist Premium Support und Maintenance Programm, das entworfen&#8230;<\/p>\n","protected":false},"author":1,"featured_media":0,"parent":0,"menu_order":0,"comment_status":"closed","ping_status":"closed","template":"","meta":{"footnotes":""},"_links":{"self":[{"href":"https:\/\/www.powerarchiver.com\/de\/wp-json\/wp\/v2\/pages\/11654"}],"collection":[{"href":"https:\/\/www.powerarchiver.com\/de\/wp-json\/wp\/v2\/pages"}],"about":[{"href":"https:\/\/www.powerarchiver.com\/de\/wp-json\/wp\/v2\/types\/page"}],"author":[{"embeddable":true,"href":"https:\/\/www.powerarchiver.com\/de\/wp-json\/wp\/v2\/users\/1"}],"replies":[{"embeddable":true,"href":"https:\/\/www.powerarchiver.com\/de\/wp-json\/wp\/v2\/comments?post=11654"}],"version-history":[{"count":4,"href":"https:\/\/www.powerarchiver.com\/de\/wp-json\/wp\/v2\/pages\/11654\/revisions"}],"predecessor-version":[{"id":15190,"href":"https:\/\/www.powerarchiver.com\/de\/wp-json\/wp\/v2\/pages\/11654\/revisions\/15190"}],"wp:attachment":[{"href":"https:\/\/www.powerarchiver.com\/de\/wp-json\/wp\/v2\/media?parent=11654"}],"curies":[{"name":"wp","href":"https:\/\/api.w.org\/{rel}","templated":true}]}}