{"id":11545,"date":"2018-02-05T09:30:13","date_gmt":"2018-02-05T09:30:13","guid":{"rendered":"http:\/\/beta.powerarchiver.com\/?page_id=11545"},"modified":"2019-12-10T11:42:29","modified_gmt":"2019-12-10T11:42:29","slug":"powerarchiver-for-outlook-plugin-paop","status":"publish","type":"page","link":"https:\/\/www.powerarchiver.com\/de\/powerarchiver-for-outlook-plugin-paop\/","title":{"rendered":"PowerArchiver f\u00fcr Office Add-ins (PAOP)"},"content":{"rendered":"<p>[vc_row full_width=&#8220;stretch_row&#8220;][vc_column]\n\t\t\t<section class=\"imagebg image--light cover cover-blocks bg--secondary \" >\n\t\t\t\t<div class=\"background-image-holder\"><img width=\"1430\" height=\"610\" src=\"https:\/\/www.powerarchiver.com\/wp-content\/uploads\/2019\/12\/pa-standard.jpg\" class=\"attachment-full size-full\" alt=\"\" decoding=\"async\" loading=\"lazy\" srcset=\"https:\/\/www.powerarchiver.com\/wp-content\/uploads\/2019\/12\/pa-standard.jpg 1430w, https:\/\/www.powerarchiver.com\/wp-content\/uploads\/2019\/12\/pa-standard-300x128.jpg 300w, https:\/\/www.powerarchiver.com\/wp-content\/uploads\/2019\/12\/pa-standard-768x328.jpg 768w, https:\/\/www.powerarchiver.com\/wp-content\/uploads\/2019\/12\/pa-standard-1024x437.jpg 1024w\" sizes=\"(max-width: 1430px) 100vw, 1430px\" \/><\/div>\n\t\t\t\t<div class=\"container\">\n\t\t\t\t\t<div class=\"row\">\n\t\t\t\t\t\t<div class=\"col-sm-6 col-md-5\">\n\t\t\t\t\t\t\t<div>[vc_column_text el_class=&#8220;headertext1&#8243;]<\/p>\n<h2>PowerArchiver f\u00fcr Office Add-ins (PAOP)<\/h2>\n<p>PowerArchiver f\u00fcr Office Add-ins wird als kostenloses Add-On angeboten. Es wird unter derselben Lizenz wie PowerArchiver Professionale und Toolbox verteilt. Der Evaluierungszeitraum des PAOP richtet sich nach dem Evaluierungszeitraum von PowerArchiver Professionelle und Toolbox.<\/p>\n<hr class=\"short\" \/>\n<h5>Was ist enthalten:<\/h5>\n<p><span>PowerArchiver Office Add-in 3.0 ist mit Microsoft Outlook\/Word\/Excel 2000, XP, 2003, 2007, 2010, 2013, 2016 kompatibel (32-bit und 64-bit).<\/span>[\/vc_column_text]<\/div>\n\t\t\t\t\t\t<\/div>\n\t\t\t\t\t<\/div><!--end of row-->\n\t\t\t\t<\/div><!--end of container-->\n\t\t\t\t\n\t\t\t<\/section>\n\t\t[\/vc_column][\/vc_row][vc_row][vc_column][vc_column_text]<\/p>\n<h2 class=\"type--uppercase\" style=\"text-align: center;\">PowerArchiver f\u00fcr Office Add-ins (PAOP)<i class=\"stack-down-dir\"><\/i><\/h2>\n<p>[\/vc_column_text][\/vc_column][\/vc_row][vc_section][vc_row css=&#8220;.vc_custom_1485825445121{margin-bottom: 10px !important;}&#8220;][vc_column width=&#8220;3\/4&#8243;]<div class=\"tabs-container text-center \" data-content-align=\"left\"><ul class=\"tabs section-tabs\">[vc_row_inner ebor_title=&#8220;Einzelheiten&#8220; ebor_type=&#8220;tab&#8220;][vc_column_inner][vc_column_text]<\/p>\n<h3>PowerArchiver Microsoft Outlook Add-in<\/h3>\n<p class=\"web_scren\"><a class=\"cboxElement\" title=\"PowerArchiver 2013\" href=\"\/\/www.powerarchiver.com\/images\/paop.png\" rel=\"lightbox[4421]\"><img decoding=\"async\" class=\"alignright size-full wp-image-4261\" title=\"PowerArchiver Outlook Plugin (PAOP)\" src=\"\/\/www.powerarchiver.com\/images\/paop-small.gif\" alt=\"PowerArchiver Outlook Plugin (PAOP)\" width=\"260\" \/><\/a><\/p>\n<ul style=\"list-style-type: circle;\">\n<li>Kann so konfiguriert werden, dass es automatisch und ohne Benutzereingabe arbeitet.<\/li>\n<li>Packt in verschiedene Formate (ZIP, ZIPX, PA, 7-Zip, CAB, TAR.GZ) mit unterschiedlichen Einstellungen<\/li>\n<li>Starke AES 256-bit Verschl\u00fcsselungsunterst\u00fctzung mit PAE or AES ZIP-Standarden (mit FIPS 140-2 Zertifikat)<\/li>\n<li>Ersellt SFX (selbstextrahierende) Anlagen, die in CAB or ZIP Formaten komprimiert sind<\/li>\n<li>Dateierweiterung wird automatisch umbenannt, um Mailfilter zu umgehen<\/li>\n<li>Sperrt Dateierweiterungen aufgrund der vordefinierten, am h\u00e4ufigsten verwendeten Dateierweiterungen<\/li>\n<li>Benennt Anlagen anhand der ersten Datei und filtert anhand der kleinsten Dateigr\u00f6\u00dfe<\/li>\n<li>Bietet die Option an, Hilfedatei zur Anlage hinzuf\u00fcgen<\/li>\n<li>Einfache Konfigurationsregeln f\u00fcr Administratoren.<\/li>\n<li>Windows Installer basierte Installation.<\/li>\n<li>Hervorragende Kompatibilit\u00e4t mit allen Versionen von Outlook, von Outlook 2000 zu Outlook 2016 (32-Bit und 64-Bit). Ohne Absturz oder H\u00e4ngen von Microsoft Outlook.<\/li>\n<li>Unterst\u00fctzt sowohl 32-Bit als auch 64-Bit Version von Microsoft Office \u00fcber einheitlichen Installer.<\/li>\n<\/ul>\n<h2>Neue Microsoft Word- und Excel-Funktionen<\/h2>\n<p>Seit Version 3.0 haben wir die Unterst\u00fctzung f\u00fcr Microsoft Word und Microsoft Excel hinzugef\u00fcgt. Benutzer haben jetzt PowerArchiver in diesen Programmen, die folgende Funktionen haben: Speichern als ZIP, Speichern als Sicheres ZIP, Senden als ZIP und Senden als Sicheres ZIP. ZIP, ZIPX, PA und 7-Zip-Komprimierung wird unterst\u00fctzt. Verschl\u00fcsselung ist Secure AES 256bit mit FIPS 140-2 Validierung (wenn in PowerArchiver so konfiguriert).<\/p>\n<h2>Lizenzinfos<\/h2>\n<p>PowerArchiver Office Plug-In wird als kostenloses Add-On angeboten. Es wird unter derselben Lizenz wie PowerArchiver Professionale und Toolbox verteilt. Der Evaluierungszeitraum des PAOP richtet sich nach dem Evaluierungszeitraum von PowerArchiver Professionale und Toolbox. Registrierten PowerArchiver-Benutzern steht PowerAchiver Office Plug-In v\u00f6llig kostenlos zur Verf\u00fcgung.<\/p>\n<p>[\/vc_column_text][\/vc_column_inner][\/vc_row_inner][vc_row_inner ebor_title=&#8220;Screenshots&#8220; ebor_type=&#8220;tab&#8220;][vc_column_inner][vc_gallery type=&#8220;image_grid&#8220; images=&#8220;11532,11522,11540,11517,11527&#8243;][\/vc_column_inner][\/vc_row_inner]<\/ul><\/div>[\/vc_column][vc_column width=&#8220;1\/4&#8243;][vc_column_text]<div class=\" boxed--lg bg--secondary  boxed boxed--border\" ><div class=\"container\"><\/p>\n<h3>Download<\/h3>\n<p><a class=\"btn btn--primary\" href=\"https:\/\/www.powerarchiver.com\/de\/download-powerarchiver\/\"><span class=\"btn__text\">Download<\/span><\/a><\/p>\n<h4>Erf\u00fcllung der Section 508-Vorschriften<\/h4>\n<p>Jede Version von PowerArchiver erf\u00fcllt Section 508-Vorschriften. Bitte, <a href=\"https:\/\/powerarchiverdl.cachefly.net\/download\/compliance\/powerarchiver-VPAT.pdf\">hier klicken<\/a>  um  VPAT-PDF herunterzuladen.<\/p>\n<h3>Systemanforderungen<\/h3>\n<h4>Microsoft Office-Versionen:<\/h4>\n<ul>\n<li>Microsoft Office 2016<\/li>\n<li>Microsoft Office 2013<\/li>\n<li>Microsoft Office 2010<\/li>\n<li>Microsoft Office 2007<\/li>\n<li>Microsoft Office 2003<\/li>\n<li>Microsoft Office XP<\/li>\n<li>Microsoft Office 2000<\/li>\n<\/ul>\n<h4>Betriebssysteme:<\/h4>\n<ul>\n<li>Windows 10<\/li>\n<li>Windows 8.1<\/li>\n<li>Windows 8<\/li>\n<li>Windows 7<\/li>\n<li>Windows Vista<\/li>\n<li>Windows XP<\/li>\n<li>Windows Server 2016<\/li>\n<li>Windows Server 2013<\/li>\n<li>Windows Server 2008<\/li>\n<li>Windows Server 2003<\/li>\n<\/ul>\n<h4>Festplatten-Anforderungen:<\/h4>\n<p>12 MB f\u00fcr Programmdateien und zus\u00e4tzlicher Platz f\u00fcr Backup-Dateien (Minimum).<\/p>\n<h4>Verschiedenes:<\/h4>\n<p>Mehrkernprozessoren werden unterst\u00fctzt und empfohlen.<\/p>\n<h4>\u00dcbersetzungen<\/h4>\n<p>Catalan, Croatian, Chinese (Simplified), Chinese (Traditional), Czech, Danish, Dutch, <b>Deutsche<\/b>, Estonian, English (USA), English (UK), French, Finnish, French, Hebrew, Hungarian, Indonesian, Italian, Japanese, Norwegian, Polish, Portuguese (Brasil), Portuguese (Portugal), Romanian, Russian, Serbian (Cyrillic, BiH), Serbian (Latin, Serbia), Spanish (Argentina), Spanish (Spain), Slovak, Slovenian, Swedish, Turkish, Ukrainian, Korean languages.<\/p>\n<p><\/div><\/div>[\/vc_column_text][vc_column_text]<\/p>\n<p>[vc_row][vc_column width=&#8220;1\/1&#8243;][vc_column_text]<\/p>\n<p>[\/vc_column_text][\/vc_column][\/vc_row][\/vc_section]<\/p>\n","protected":false},"excerpt":{"rendered":"<p>[vc_row full_width=&#8220;stretch_row&#8220;][vc_column][\/vc_column][\/vc_row][vc_row][vc_column][vc_column_text] PowerArchiver f\u00fcr Office Add-ins (PAOP) [\/vc_column_text][\/vc_column][\/vc_row][vc_section][vc_row css=&#8220;.vc_custom_1485825445121{margin-bottom: 10px !important;}&#8220;][vc_column width=&#8220;3\/4&#8243;][\/vc_column][vc_column width=&#8220;1\/4&#8243;][vc_column_text][\/vc_column_text][vc_column_text] [vc_row][vc_column width=&#8220;1\/1&#8243;][vc_column_text] [\/vc_column_text][\/vc_column][\/vc_row][\/vc_section]<\/p>\n","protected":false},"author":1,"featured_media":0,"parent":0,"menu_order":0,"comment_status":"closed","ping_status":"closed","template":"","meta":{"footnotes":""},"_links":{"self":[{"href":"https:\/\/www.powerarchiver.com\/de\/wp-json\/wp\/v2\/pages\/11545"}],"collection":[{"href":"https:\/\/www.powerarchiver.com\/de\/wp-json\/wp\/v2\/pages"}],"about":[{"href":"https:\/\/www.powerarchiver.com\/de\/wp-json\/wp\/v2\/types\/page"}],"author":[{"embeddable":true,"href":"https:\/\/www.powerarchiver.com\/de\/wp-json\/wp\/v2\/users\/1"}],"replies":[{"embeddable":true,"href":"https:\/\/www.powerarchiver.com\/de\/wp-json\/wp\/v2\/comments?post=11545"}],"version-history":[{"count":13,"href":"https:\/\/www.powerarchiver.com\/de\/wp-json\/wp\/v2\/pages\/11545\/revisions"}],"predecessor-version":[{"id":18249,"href":"https:\/\/www.powerarchiver.com\/de\/wp-json\/wp\/v2\/pages\/11545\/revisions\/18249"}],"wp:attachment":[{"href":"https:\/\/www.powerarchiver.com\/de\/wp-json\/wp\/v2\/media?parent=11545"}],"curies":[{"name":"wp","href":"https:\/\/api.w.org\/{rel}","templated":true}]}}