{"id":11479,"date":"2018-02-04T03:06:09","date_gmt":"2018-02-04T03:06:09","guid":{"rendered":"http:\/\/beta.powerarchiver.com\/?page_id=11479"},"modified":"2023-04-19T18:14:46","modified_gmt":"2023-04-19T18:14:46","slug":"powerarchiver-for-goverment-with-fips-140-2-data-protection-certified-for-u-s-government-use","status":"publish","type":"page","link":"https:\/\/www.powerarchiver.com\/de\/powerarchiver-for-goverment-with-fips-140-2-data-protection-certified-for-u-s-government-use\/","title":{"rendered":"PowerArchiver f\u00fcr Regierung mit FIPS 140-2 Datenschutz, zertifiziert f\u00fcr US-Regierung verwenden"},"content":{"rendered":"<p>[vc_row full_width=&#8220;stretch_row&#8220;][vc_column]\n\t\t\t<section class=\"imagebg image--light cover cover-blocks bg--secondary \" >\n\t\t\t\t<div class=\"background-image-holder\"><img width=\"1430\" height=\"610\" src=\"https:\/\/www.powerarchiver.com\/wp-content\/uploads\/2019\/12\/pa-standard.jpg?wsr\" class=\"attachment-full size-full\" alt=\"\" decoding=\"async\" loading=\"lazy\" srcset=\"https:\/\/www.powerarchiver.com\/wp-content\/uploads\/2019\/12\/pa-standard.jpg 1430w, https:\/\/www.powerarchiver.com\/wp-content\/uploads\/2019\/12\/pa-standard-300x128.jpg 300w, https:\/\/www.powerarchiver.com\/wp-content\/uploads\/2019\/12\/pa-standard-768x328.jpg 768w, https:\/\/www.powerarchiver.com\/wp-content\/uploads\/2019\/12\/pa-standard-1024x437.jpg 1024w\" sizes=\"(max-width: 1430px) 100vw, 1430px\" \/><\/div>\n\t\t\t\t<div class=\"container\">\n\t\t\t\t\t<div class=\"row\">\n\t\t\t\t\t\t<div class=\"col-sm-6 col-md-5\">\n\t\t\t\t\t\t\t<div>[vc_column_text el_class=&#8220;headertext1&#8243;]<\/p>\n<h2>PowerArchiver Professional<\/h2>\n<h1>f\u00fcr Regierung<\/h1>\n<p>PowerArchiver Professional ist f\u00fcr den Einsatz in Beh\u00f6rden\/Unternehmen erstellt.<\/p>\n<hr class=\"short\" \/>\n<h5>Whats Included:<\/h5>\n<p>PowerArchiver Professional wurde erstellt, um offenem US-Regierung Datenverkehr und Speicheranforderungen von FIPS 140-2 Datenschutz gerecht zu werden. Es komprimieren und verschl\u00fcsselt Daten in voller \u00dcbereinstimmung mit allen Anforderungen der US-Regierung.<br \/>\n[\/vc_column_text]<\/div>\n\t\t\t\t\t\t<\/div>\n\t\t\t\t\t<\/div><!--end of row-->\n\t\t\t\t<\/div><!--end of container-->\n\t\t\t\t\n\t\t\t<\/section>\n\t\t[\/vc_column][\/vc_row][vc_row][vc_column][vc_empty_space height=&#8220;20px&#8220;][vc_column_text]<\/p>\n<h2 class=\"type--uppercase\" style=\"text-align: center;\">PowerArchiver Professional (f\u00fcr Regierung)<i class=\"stack-down-dir\"><\/i><\/h2>\n<p>[\/vc_column_text][vc_empty_space height=&#8220;20px&#8220;][\/vc_column][\/vc_row][vc_section][vc_row css=&#8220;.vc_custom_1485825445121{margin-bottom: 10px !important;}&#8220;][vc_column width=&#8220;3\/4&#8243;]<div class=\"tabs-container text-center \" data-content-align=\"left\"><ul class=\"tabs section-tabs\">[vc_row_inner ebor_title=&#8220;Einzelheiten&#8220; ebor_type=&#8220;tab&#8220;][vc_column_inner][vc_column_text]<\/p>\n<div class=\"comm-main mt10 clearfix\">\n<div class=\"comm-left\">\n<div class=\"comm-left-top\">\n<p class=\"tab-title-wp\">PowerArchiver <span class=\"ml5\">2021<\/span> <span class=\"ml5\">Professional (f\u00fcr Regierung)<\/span><\/p>\n<\/div>\n<div class=\"comm-left-inner\">\n<div class=\"tab-content\">\n<div class=\"item active\">\n<!-- webpwr_btm_left --><\/p>\n<div class=\"webpwr_btm_left\">\n<!-- webpwr_btm_left_inr --><\/p>\n<div class=\"webpwr_btm_left_inr\">\n<h3 class=\"title\">PowerArchiver Professional ist f\u00fcr den Einsatz in Beh\u00f6rden\/Unternehmen erstellt.<\/h3>\n<p class=\"web_scren\"><a class=\"cboxElement\" title=\"PowerArchiver FIPS 140-2 data protection\" href=\"http:\/\/beta.powerarchiver.com\/wp-content\/uploads\/2011\/05\/FIPSlogo.gif\" rel=\"lightbox[4421]\"><img decoding=\"async\" loading=\"lazy\" class=\"alignright size-full wp-image-4261\" title=\"PowerArchiver FIPS 140-2 data protection\" src=\"https:\/\/www.powerarchiver.com\/wp-content\/uploads\/2011\/05\/FIPSlogo-266x300.gif\" alt=\"PowerArchiver - FIPS 140-2 data protection\" width=\"202\" height=\"190\" \/><\/a><\/p>\n<p class=\"mt20 mb20\">PowerArchiver Professional wurde erstellt, um offenem US-Regierung Datenverkehr und Speicheranforderungen von FIPS 140-2 Datenschutz gerecht zu werden. Es komprimieren und verschl\u00fcsselt Daten in voller \u00dcbereinstimmung mit allen Anforderungen der US-Regierung.<\/p>\n<p class=\"mt20 mb20\"><strong>Wichtige Themen zur Einhaltung von FIPS 140-2 Vorschriften<br \/>\n<\/strong><\/p>\n<ul style=\"list-style-type: circle;\">\n<li class=\"mt20 mb20\"><strong>Datensicherung und -Speicherung &#8211;<\/strong> ZIP AES 256-Verschl\u00fcsselung wird mit FIPS 140-2 verifizierten Modulen verwendet. So sind Ihre verschl\u00fcsselten Dateien in \u00dcbereinstimmung mit dem FIPS 140-2 Standard.<\/li>\n<li class=\"mt20 mb20\"><strong>Datensicherung beim Datenverkehr<\/strong> &#8211; PowerArchiver Secure FTP verwendet FIPS 140-2 verifizierte Module f\u00fcr \u00dcbereinstimmung mit dem FIPS 140-2 Standard beim Datenverkehr.<\/li>\n<\/ul>\n<h3 class=\"title\">Un\u00fcbertroffene Sicherheitsfunktionen mit FIPS 140-2 \u00dcbereinstimmung<\/h3>\n<p>Powerarchiver begeistert mit einem beispiellosen Ma\u00df an Sicherheitsfunktionen. Nicht nur, dass es den ZIP-256-Bit-AES-Standard voll und ganz unterst\u00fctzt, sondern es bietet auch einige zus\u00e4tzliche Sicherheits-Tools.<\/p>\n<ul style=\"list-style-type: circle;\">\n<li><img decoding=\"async\" loading=\"lazy\" style=\"float: right; padding-left: 20px; padding-bottom: 20px;\" src=\"\/\/www.powerarchiver.com\/images\/features\/features_encrypt.gif\" alt=\"Encrypt\" width=\"202\" height=\"133\" \/><strong>Volle Unterst\u00fctzung f\u00fcr ZIP-AES-Verschl\u00fcsselung, 128-Bit \/ 192-Bit \/ 256-Bit<\/strong> (unterst\u00fctzt: PKZip 5.1 (voll), Secure Zip 8.0 und WinZip 9.0 AE-1 &#038; AE-2). Das einzige Dienstprogramm, das vollst\u00e4ndig mit WinZip und Secure ZIP-Verschl\u00fcsselung kompatibel ist. Dies stellt sicher, dass \u00fcber Powerarchiver gesendete ZIP-\/ ZIPX-Dateien mit maximaler Anzahl von Komprimierungsprogrammen, die ZIP AES Standards unterst\u00fctzen, ge\u00f6ffnet werden k\u00f6nnen.<\/li>\n<li><strong>Passwortrichtlinien <\/strong> &#8211; Erm\u00f6glicht die Einrichtung von Mindestregeln f\u00fcr sichere Passw\u00f6rter zu setzen, die vom Benutzer verlangen, spezifische Standards (z.B. Passwortl\u00e4nge und Verwendung von Sonderzeichen) zu befolgen. Zu den Optionen geh\u00f6ren: Mindestpasswortl\u00e4nge; Nutzung von Gro\u00df- und Kleinbuchstaben, Zahlen und Sonderzeichen. <a href=\"http:\/\/www.youtube.com\/watch?list=UUPk0HB05SALqigCXJExgFAQ&amp;feature=player_detailpage&amp;v=rK-LgKtYnSg\" target=\"_blank\" rel=\"noopener noreferrer\">Hier klicken f\u00fcr Youtube-Tutorial.<\/a><\/li>\n<li><strong>Passwortprofile<\/strong> &#8211; Sie k\u00f6nnen Passwort-Profile einstellen und sie dann bei der Eingabe vom Passwort aus dem Dropdown-Men\u00fc w\u00e4hlen, was eine h\u00f6here Produktivit\u00e4t erm\u00f6glicht. Es funktioniert sowohl f\u00fcr Verschl\u00fcsselung als auch f\u00fcr Entschl\u00fcsselung und wird f\u00fcr alle Modi unterst\u00fctzt. <a href=\"http:\/\/www.youtube.com\/watch?v=h9nDGXVnyhc&amp;list=UUPk0HB05SALqigCXJExgFAQ&amp;index=3&amp;feature=plcp\" target=\"_blank\" rel=\"noopener noreferrer\">Hier klicken f\u00fcr Youtube-Tutorial<\/a>.<\/li>\n<li><strong>Datei-Wipe<\/strong> &#8211; L\u00f6scht Ihre tempor\u00e4ren Dateien mit den vom US-Verteidigungsministerium 5220.22-M vorgeschlagenen Methoden f\u00fcr sicheres und endg\u00fcltiges L\u00f6schen von Informationen auf beschreibbaren Datentr\u00e4gern. Sie k\u00f6nnen zwischen 1-Pass, 3-Pass und 7-Pass-Wipe w\u00e4hlen.. <a href=\"http:\/\/www.youtube.com\/watch?list=UUPk0HB05SALqigCXJExgFAQ&amp;feature=player_detailpage&amp;v=rK-LgKtYnSg\" target=\"_blank\" rel=\"noopener noreferrer\">Hier klicken f\u00fcr Youtube-Tutorial.<\/a><\/li>\n<\/ul>\n<p><strong>FIPS 140-2 Validierungszertifikate \u2013 Um den FIPS 140-2 Standard zu erf\u00fcllen, verwendet PowerArchiver <\/strong>Microsoft CryptoAPI\u2019s Enhanced Cryptographic Provider. Das ist Windows OS System Level Komponent von Microsoft. FIPS 140-2 Zertifikate sind:: Windows 8 (cert. <a href=\"http:\/\/csrc.nist.gov\/groups\/STM\/cmvp\/documents\/140-1\/140sp\/140sp1894.pdf\" target=\"_blank\" rel=\"noopener noreferrer\">#1894<\/a>), Windows 7 (<a href=\"http:\/\/csrc.nist.gov\/groups\/STM\/cmvp\/documents\/140-1\/140crt\/140crt1330.pdf\" target=\"_blank\" rel=\"noopener noreferrer\">cert #1330<\/a>), Windows Vista (cert. #<a href=\"http:\/\/csrc.nist.gov\/groups\/STM\/cmvp\/documents\/140-1\/140crt\/140crt1002.pdf\" target=\"_blank\" rel=\"noopener noreferrer\">1002<\/a>) Windows XP SP3 (cert. #<a href=\"http:\/\/csrc.nist.gov\/groups\/STM\/cmvp\/documents\/140-1\/140crt\/140crt989.pdf\" target=\"_blank\" rel=\"noopener noreferrer\">989<\/a>), Windows Server 2012 (cert. <a href=\"http:\/\/csrc.nist.gov\/groups\/STM\/cmvp\/documents\/140-1\/140sp\/140sp1894.pdf\" target=\"_blank\" rel=\"noopener noreferrer\">#1894<\/a>), Windows Server 2008 R2 (cert. #<a href=\"http:\/\/csrc.nist.gov\/groups\/STM\/cmvp\/documents\/140-1\/140crt\/140crt1337.pdf\" target=\"_blank\" rel=\"noopener noreferrer\">1337<\/a>), Windows Server 2008 (cert. #<a href=\"http:\/\/csrc.nist.gov\/groups\/STM\/cmvp\/documents\/140-1\/140crt\/140crt1010.pdf\" target=\"_blank\" rel=\"noopener noreferrer\">1010<\/a>), Windows Server 2003 (cert. #<a href=\"http:\/\/csrc.nist.gov\/groups\/STM\/cmvp\/documents\/140-1\/140crt\/140crt1012.pdf\" target=\"_blank\" rel=\"noopener noreferrer\">1012<\/a>). Windows 10 and Windows 2016 Server (cert. #<a href=\"https:\/\/csrc.nist.gov\/projects\/cryptographic-module-validation-program\/Certificate\/2937\" target=\"_blank\" rel=\"noopener noreferrer\">2937<\/a>).<\/p>\n<h3 class=\"title\">Einfache Installation und Benutzerverwaltung<\/h3>\n<p>Powerarchiver wird von einigen der weltweit gr\u00f6\u00dften Unternehmen f\u00fcr letzten 16 Jahren verwendet. Es ist leicht zu installieren und \u00fcber die GPO-Richtlinien zu verwalten. und fast jede m\u00f6gliche Weise f\u00fcr das Application Management auf Microsoft Windows-Betriebssystem zu installieren und zu verwalten. Sie k\u00f6nnen Powerarchiver in weniger als 5 Minuten auf Ihrem Desktop installieren mit einzelnen Registrierungsschl\u00fcssel f\u00fcr alle Benutzer. Automatische Installation und eine ausgezeichnete Schnittstellenkonfiguration, die Ihnen erm\u00f6glicht, Funktionen, die Sie nicht verwenden m\u00f6chten, zu entfernen. Jede Powerarchiver-Einstellung kann erzwungen\/gesperrt werden, wenn vom Administrator eingerichtet. <\/p>\n<p><strong>Die meistverwendeten Verwalltungseingeschaften<\/strong><\/p>\n<ul style=\"list-style-type: circle;\">\n<li><strong>Windows-Installer Installation <\/strong>&#8211; Windows-Installer basierte Installation f\u00fcr maximale Benutzerfreundlichkeit.<\/li>\n<li><strong>Einfache Anmeldung mit Registrierungsschl\u00fcssel &#8211; <\/strong>Registrierungsschl\u00fcssel kann \u00fcber Gruppenrichtlinienobjekt oder \u00fcber regsvr32 Merge vor\/nach der Installation eingesetzt werden..<\/li>\n<li><strong>Erzwingen von Einstellungen<\/strong> &#8211; Administrator kann jede Einstellung erzwingen. Zum Beispiel jede PowerArchiver Online-Funktion verbieten, ZIP AES 256 Verschl\u00fcsselung, FIPS 140-2 Modus Einhaltung von Passwortrichtlinien erzwingen, jede wichtige Funktion deaktivieren und Benutzerschnittstelle vereinfachen (FTP, Backup, Verschl\u00fcsselungssuite, Brenner).<\/li>\n<\/ul>\n<h3 class=\"title\">Beinhaltet PowerArchiver Office Add-ins<\/h3>\n<p>Beinhaltet PowerArchiver Outlook Add-ins mit folgenden Optionen:<a href=\"https:\/\/www.powerarchiver.com\/images\/paop.png\" target=\"_blank\" rel=\"noopener noreferrer\"><img decoding=\"async\" loading=\"lazy\" class=\"alignnone\" style=\"padding-left: 20px; float: right;\" src=\"\/\/www.powerarchiver.com\/images\/paop.png\" alt=\"Click for Screenshot\" width=\"240\" height=\"240\" \/><\/a><\/p>\n<ul style=\"list-style-type: circle;\">\n<li>Kann so konfiguriert werden, automatisch und ohne Benutzereingabe zu arbeiten.<\/li>\n<li>Komprimiert in verschiedene Formate (ZIP, ZIPX, 7-Zip, CAB, TAR.GZ) mit unterschiedlichen Einstellungen.<\/li>\n<li>Leistungsstarke 256-Bit Verschl\u00fcsselungsunterst\u00fctzung mit AES256bit ZIP\/ZIPX Standarden. FIPS 140-2 zertifiziert.<\/li>\n<li>Erstellen Sie SFX (ausf\u00fchrbare) Anh\u00e4nge komprimiert in CAB- oder ZIP-Formaten.<\/li>\n<li>Anlagenerweiterung umbenennen, um E-Mail-Filter umzugehen.<\/li>\n<li>Ausschlie\u00dfungen basierend auf Erweiterungen mit vordefinierten am h\u00e4ufigsten verwendeten Erweiterungen.<\/li>\n<li>Anhang basierend auf erster Datei benennen und Filter basierend auf Mindestdateigr\u00f6\u00dfe.<\/li>\n<li>Option, um Hilfedatei mit Anhang einzuschlie\u00dfen.<\/li>\n<li>Einfache Konfigurationsregeln f\u00fcr Administratoren.<\/li>\n<li>Windows-Installer basierte Installation.<\/li>\n<li>Hervorragende Kompatibilit\u00e4t mit allen Versionen von Outlook, vom Outlook 2000 bis zum Outlook 2016 (sowohl 32-Bit als auch 64-Bit). Kein Absturz oder Microsoft Outlook h\u00e4ngen.<\/li>\n<\/ul>\n<h3 class=\"title mt20\">Neue Microsoft Word- und Excel-Funktionen<\/h3>\n<p>Seit Version 3.0 haben wir die Unterst\u00fctzung f\u00fcr Microsoft Word und Microsoft Excel hinzugef\u00fcgt. Benutzer haben jetzt PowerArchiver in diesen Programmen, die folgende Funktionen haben: Speichern als ZIP, Speichern als Sicheres ZIP, Senden als ZIP und Senden als Sicheres ZIP. ZIP, ZIPX, PA und 7-Zip-Komprimierung wird unterst\u00fctzt. Verschl\u00fcsselung ist Secure AES 256bit mit FIPS 140-2 Validierung (wenn in PowerArchiver so konfiguriert).<\/p>\n<h3 class=\"title mt20\">Beinhaltet PowerArchiver Secure FTP<\/h3>\n<p>PowerArchiver beinhaltet Send To Secure FTP Funktion, die Ihnen erm\u00f6glicht, Dateien schnell und sicher auf sichere FTP-Server zu senden. Alle g\u00e4ngigen FTP-Server-Standards werden unterst\u00fctzt, einschlie\u00dflich SFTP und FTP \u00fcber SSL. Powerarchiver Secure FTP ist vollst\u00e4ndig FIPS 140-2 zertifiziert und entspricht den US-Regierung Standards f\u00fcr Datensicherheit. <strong>PowerArchiver Secure FTP verwendet FIPS 140-2 validierte Bibliothek f\u00fcr die Einhaltung des FIPS 140-2.<\/strong><\/p>\n<h3 class=\"title mt20\">Beinhaltet PowerArchiver-Kommandozeile (PACL)<\/h3>\n<p><img decoding=\"async\" class=\"ml20\" style=\"float: right;\" src=\"\/\/www.powerarchiver.com\/images\/pacl_120.gif\" alt=\"PACL\" \/>PACL ist ein erweitertes selbstst\u00e4ndiges Kommandozeile-Archivierungs-Dienstprogramm f\u00fcr Windows-Konsole-Umgebungen. Es unterst\u00fctzt vollst\u00e4ndig eine Vielzahl der beliebtesten komprimierten Dateiformaten, einschlie\u00dflich: ZIP, ZIPX, 7-ZIP, CAB, JAR, TAR, tar.gz, tar.bz2, yENC, Base64, CAB SFX und viele andere. PACL enth\u00e4lt auch 5 verschiedene Verschl\u00fcsselungsmethoden. PACL wurde entwickelt, um eine vielseitige, zuverl\u00e4ssige und skriptf\u00e4hige Anwendung zu sein, die in vielen verschiedenen Konfigurationen und Szenarien verwendet werden kann. Es ist FIPS 140-2 zertifiziert und erf\u00fcllt Anforderung der US-Regierung f\u00fcr offene Standards und Datenschutz<\/div>\n<\/div>\n<\/div>\n<div class=\"comm-left-bottom\"><\/div>\n<\/div>\n<\/div>\n<\/div>\n<\/div>\n<p>[\/vc_column_text][\/vc_column_inner][\/vc_row_inner][vc_row_inner ebor_title=&#8220;Screenshots&#8220; ebor_type=&#8220;tab&#8220;][vc_column_inner][vc_gallery type=&#8220;image_grid&#8220; images=&#8220;24983,24976,24927,24920,24913,24906,24899,24893,24886,24879,24872,24865,24858,24851,24948,24955,24962,24941,24969,24934&#8243;][\/vc_column_inner][\/vc_row_inner]<\/ul><\/div>[\/vc_column][vc_column width=&#8220;1\/4&#8243;]<div class=\"  bg--secondary  boxed boxed--border\" ><div class=\"container\">[vc_column_text]<\/p>\n<h4 class=\"web_right_hd\">Mehrere Lizenz<br \/>\n<span>(Deutsche)<\/span><\/h4>\n<div><\/div>\n<div class=\"file_rghtlist\">\n<ul>\n<li><span>1 Lizenz<\/span> \u20ac34.95<\/li>\n<li><span>2-9 Lizenz<\/span> \u20ac25.00<\/li>\n<li><span>10-24 Lizenz<\/span> \u20ac20.00<\/li>\n<li><span>25-49 Lizenz<\/span> \u20ac17.00<\/li>\n<li><span>50-99 Lizenz<\/span> \u20ac13.00<\/li>\n<li><span>100-199 Lizenz<\/span> \u20ac10.00<\/li>\n<li><span>200-499 Lizenz<\/span> \u20ac7.50<\/li>\n<li><span>500-999 Lizenz<\/span> \u20ac5.00<\/li>\n<\/ul>\n<p><a class=\"btn btn--primary\" href=\"https:\/\/www.powerarchiver.com\/l\/pa2023-pro-int\"><span class=\"btn__text\">JETZT KAUFEN<\/span><\/a><\/p>\n<h4 class=\"web_right_hd1\">Zug\u00e4nglichkeitErf\u00fcllung<\/h4>\n<h4>Erf\u00fcllung der Section 508-Vorschriften<\/h4>\n<div><\/div>\n<p>Jede Version von PowerArchiver erf\u00fcllt Section 508-Vorschriften. Bitte, <a href=\"https:\/\/powerarchiverdl.cachefly.net\/download\/compliance\/powerarchiver-VPAT.pdf\">hier klicken<\/a> um VPAT-PDF herunterzuladen.<\/p>\n<h4 class=\"web_right_hd1\">Systemanforderungen<\/h4>\n<div><\/div>\n<h4>Betriebssysteme:<\/h4>\n<ul>\n<li>Windows 10<\/li>\n<li>Windows 8.1<\/li>\n<li>Windows 8<\/li>\n<li>Windows 7<\/li>\n<li>Windows Vista<\/li>\n<li>Windows XP<\/li>\n<li>Windows Server 2016<\/li>\n<li>Windows Server 2012<\/li>\n<li>Windows Server 2008<\/li>\n<li>Windows Server 2003<\/li>\n<\/ul>\n<h4>Computer:<\/h4>\n<p>Jeder Computer, der einen von oben angef\u00fchrten Systemen in angemessener Geschwindigkeit benutzt.<\/p>\n<div><\/div>\n<h4>Festplatten-Anforderungen:<\/h4>\n<p>150 MB f\u00fcr Programmdateien und zus\u00e4tzlicher Platz f\u00fcr Backup-Dateien (Minimum).<\/p>\n<div><\/div>\n<h4>Verschiedenes:<\/h4>\n<p>Mehrkernprozessoren werden unterst\u00fctzt und empfohlen.<\/p>\n<div><\/div>\n<h4 class=\"web_right_hd1\">PowerArchiver<\/h4>\n<div><\/div>\n<p>Deutsche, Catalan, Croatian, Chinese (Simplified), Chinese (Traditional), Czech, Danish, Dutch, Estonian, English (USA), English (UK), French, Finnish, French, Hebrew, Hungarian, Indonesian, Italian, Japanese, Norwegian, Polish, Portuguese (Brasil), Portuguese (Portugal), Romanian, Russian, Serbian (Cyrillic, BiH), Serbian (Latin, Serbia), Spanish (Argentina), Spanish (Spain), Slovak, Slovenian, Swedish, Turkish, Ukrainian, Korean languages.<\/p><\/div>\n<p>[\/vc_column_text]<\/div><\/div>[\/vc_column][\/vc_row][\/vc_section][vc_row][vc_column][vc_column_text]<\/p>\n<p>[\/vc_column_text][\/vc_column][\/vc_row]<\/p>\n","protected":false},"excerpt":{"rendered":"<p>[vc_row full_width=&#8220;stretch_row&#8220;][vc_column][\/vc_column][\/vc_row][vc_row][vc_column][vc_empty_space height=&#8220;20px&#8220;][vc_column_text] PowerArchiver Professional (f\u00fcr Regierung) [\/vc_column_text][vc_empty_space height=&#8220;20px&#8220;][\/vc_column][\/vc_row][vc_section][vc_row css=&#8220;.vc_custom_1485825445121{margin-bottom: 10px !important;}&#8220;][vc_column width=&#8220;3\/4&#8243;][\/vc_column][vc_column width=&#8220;1\/4&#8243;][\/vc_column][\/vc_row][\/vc_section][vc_row][vc_column][vc_column_text] [\/vc_column_text][\/vc_column][\/vc_row]<\/p>\n","protected":false},"author":1,"featured_media":0,"parent":0,"menu_order":0,"comment_status":"closed","ping_status":"closed","template":"","meta":{"footnotes":""},"_links":{"self":[{"href":"https:\/\/www.powerarchiver.com\/de\/wp-json\/wp\/v2\/pages\/11479"}],"collection":[{"href":"https:\/\/www.powerarchiver.com\/de\/wp-json\/wp\/v2\/pages"}],"about":[{"href":"https:\/\/www.powerarchiver.com\/de\/wp-json\/wp\/v2\/types\/page"}],"author":[{"embeddable":true,"href":"https:\/\/www.powerarchiver.com\/de\/wp-json\/wp\/v2\/users\/1"}],"replies":[{"embeddable":true,"href":"https:\/\/www.powerarchiver.com\/de\/wp-json\/wp\/v2\/comments?post=11479"}],"version-history":[{"count":21,"href":"https:\/\/www.powerarchiver.com\/de\/wp-json\/wp\/v2\/pages\/11479\/revisions"}],"predecessor-version":[{"id":25010,"href":"https:\/\/www.powerarchiver.com\/de\/wp-json\/wp\/v2\/pages\/11479\/revisions\/25010"}],"wp:attachment":[{"href":"https:\/\/www.powerarchiver.com\/de\/wp-json\/wp\/v2\/media?parent=11479"}],"curies":[{"name":"wp","href":"https:\/\/api.w.org\/{rel}","templated":true}]}}